{"id":2964,"date":"2023-05-16T05:37:00","date_gmt":"2023-05-16T05:37:00","guid":{"rendered":"https:\/\/yume-silm.com\/?post_type=product&#038;p=2964"},"modified":"2024-11-08T08:57:31","modified_gmt":"2024-11-08T08:57:31","slug":"cinturon-ultimo-entrenamiento-ajustable-3-en-1-que-estimula-sudoracion","status":"publish","type":"product","link":"https:\/\/yume-silm.com\/es\/producto-2\/cinturon-ultimo-entrenamiento-ajustable-3-en-1-que-estimula-sudoracion\/","title":{"rendered":"Venda al por mayor la correa ajustable del entrenamiento del instructor de la cintura que aumenta el sudor"},"content":{"rendered":"<h5>Caracteristicas de dise\u00f1o<\/h5>\n<ul>\n<li><strong>MULTIFUNCIONALIDAD 3 EN 1:<\/strong> Este cintur\u00f3n de entrenamiento de cintura ajustable que aumenta el sudor satisface la necesidad de moldear el abdomen, la cintura y los muslos al mismo tiempo, lo que lo convierte en una herramienta imprescindible para cualquiera que busque un entrenamiento mejorado.<\/li>\n<li><strong>AJUSTE AJUSTABLE:<\/strong> La funci\u00f3n ajustable del entrenador de cintura multifuncional para yoga es muy pr\u00e1ctica. Al garantizar un ajuste c\u00f3modo para todo tipo de cuerpo, es una opci\u00f3n vers\u00e1til para todos.<\/li>\n<li><strong>FORMA DE PIERNAS:<\/strong> El entrenador adelgazante de muslos y cintura proporciona apoyo adicional durante los entrenamientos, garantiza estabilidad y aumenta la transpiraci\u00f3n.<\/li>\n<li><strong>MEJORA DEL SUDOR:<\/strong> El cintur\u00f3n de p\u00e9rdida de peso promueve la transpiraci\u00f3n para obtener m\u00e1ximos resultados de entrenamiento y es uno de los favoritos entre los entusiastas del fitness.<\/li>\n<li><strong>MATERIALES DE CALIDAD PREMIUM:<\/strong> Este cintur\u00f3n reductor para cintura y muslos est\u00e1 hecho de una mezcla de spandex y nailon, que es duradero y c\u00f3modo de usar durante largos per\u00edodos de tiempo.<\/li>\n<\/ul>\n<h6><em>Entrenador de cintura altamente eficaz para controlar la barriga, moldear la cintura y los muslos.<\/em><\/h6>\n<ul>\n<li>Nuestro cintur\u00f3n de entrenamiento de cintura ajustable 3 en 1 que aumenta el sudor es una combinaci\u00f3n de estilo, comodidad y funcionalidad.<\/li>\n<li>Para los mayoristas que buscan ofrecer productos de primer nivel que resuenen con las \u00faltimas tendencias de fitness, este cintur\u00f3n es imprescindible.<\/li>\n<li>Con opciones de personalizaci\u00f3n, una variedad de tama\u00f1os y la promesa de entrega r\u00e1pida, es una valiosa adici\u00f3n a su inventario.<\/li>\n<li>Sum\u00e9rgete en el mundo del comercio mayorista con esta pieza destacada. \u00a1Ordenar hoy!<\/li>\n<\/ul>","protected":false},"excerpt":{"rendered":"<p>Mejore sus ofertas de fitness con nuestro cintur\u00f3n de entrenamiento de cintura ajustable 3 en 1 que estimula el sudor. Dise\u00f1ado con sujeci\u00f3n para las piernas, este cintur\u00f3n mejora los entrenamientos al aumentar la producci\u00f3n de sudor, lo que garantiza resultados \u00f3ptimos. Confeccionado con una mezcla de spandex y nailon, promete durabilidad y comodidad.<\/p>","protected":false},"featured_media":2977,"comment_status":"open","ping_status":"closed","template":"","meta":{"site-sidebar-layout":"default","site-content-layout":"default","ast-site-content-layout":"default","site-content-style":"default","site-sidebar-style":"default","ast-global-header-display":"","ast-banner-title-visibility":"","ast-main-header-display":"","ast-hfb-above-header-display":"","ast-hfb-below-header-display":"","ast-hfb-mobile-header-display":"","site-post-title":"","ast-breadcrumbs-content":"","ast-featured-img":"","footer-sml-layout":"","ast-disable-related-posts":"","theme-transparent-header-meta":"default","adv-header-id-meta":"","stick-header-meta":"default","header-above-stick-meta":"","header-main-stick-meta":"","header-below-stick-meta":"","astra-migrate-meta-layouts":"set","ast-page-background-enabled":"default","ast-page-background-meta":{"desktop":{"background-color":"","background-image":"","background-repeat":"repeat","background-position":"center center","background-size":"auto","background-attachment":"scroll","background-type":"","background-media":"","overlay-type":"","overlay-color":"","overlay-opacity":"","overlay-gradient":""},"tablet":{"background-color":"","background-image":"","background-repeat":"repeat","background-position":"center center","background-size":"auto","background-attachment":"scroll","background-type":"","background-media":"","overlay-type":"","overlay-color":"","overlay-opacity":"","overlay-gradient":""},"mobile":{"background-color":"","background-image":"","background-repeat":"repeat","background-position":"center center","background-size":"auto","background-attachment":"scroll","background-type":"","background-media":"","overlay-type":"","overlay-color":"","overlay-opacity":"","overlay-gradient":""}},"ast-content-background-meta":{"desktop":{"background-color":"var(--ast-global-color-5)","background-image":"","background-repeat":"repeat","background-position":"center center","background-size":"auto","background-attachment":"scroll","background-type":"","background-media":"","overlay-type":"","overlay-color":"","overlay-opacity":"","overlay-gradient":""},"tablet":{"background-color":"var(--ast-global-color-5)","background-image":"","background-repeat":"repeat","background-position":"center center","background-size":"auto","background-attachment":"scroll","background-type":"","background-media":"","overlay-type":"","overlay-color":"","overlay-opacity":"","overlay-gradient":""},"mobile":{"background-color":"var(--ast-global-color-5)","background-image":"","background-repeat":"repeat","background-position":"center center","background-size":"auto","background-attachment":"scroll","background-type":"","background-media":"","overlay-type":"","overlay-color":"","overlay-opacity":"","overlay-gradient":""}}},"product_brand":[],"product_cat":[94,65,76,90,96,92],"product_tag":[194,200,644,500,558,185],"class_list":{"0":"post-2964","1":"product","2":"type-product","3":"status-publish","4":"has-post-thumbnail","6":"product_cat-n-in-1-waist-trainer","7":"product_cat-best-sellers","8":"product_cat-new-arrivels","9":"product_cat-wholesale-waist-trainer","10":"product_cat-sweat-waist-trainer","11":"product_cat-wholesale-waist-girdle","12":"product_tag-adjustable","13":"product_tag-latex","14":"product_tag-leg-shaping","15":"product_tag-tummy-control","16":"product_tag-weight-loss","17":"product_tag-workout","18":"pa_color-black","19":"pa_color-pink","20":"pa_color-yellow","21":"pa_size-l-xl","22":"pa_size-s-m","23":"pa_size-xxl-xxxl","24":"desktop-align-center","25":"tablet-align-left","26":"mobile-align-left","27":"ast-product-gallery-layout-horizontal-slider","28":"ast-product-single-variable","29":"ast-product-tabs-layout-horizontal","30":"ast-qv-on-image","32":"first","33":"instock","34":"shipping-taxable","35":"purchasable","36":"product-type-variable"},"tiered_pricing_type":"fixed","tiered_pricing_fixed_rules":{"2":4.39,"50":4.09,"300":3.89},"tiered_pricing_product_settings":{"layout":"default","base_unit_name":{"singular":null,"plural":null},"default_variation":{}},"tiered_pricing_minimum_quantity":null,"tiered_pricing_roles_data":[],"tiered_pricing_percentage_rules":[],"_links":{"self":[{"href":"https:\/\/yume-silm.com\/es\/wp-json\/wp\/v2\/product\/2964","targetHints":{"allow":["GET"]}}],"collection":[{"href":"https:\/\/yume-silm.com\/es\/wp-json\/wp\/v2\/product"}],"about":[{"href":"https:\/\/yume-silm.com\/es\/wp-json\/wp\/v2\/types\/product"}],"replies":[{"embeddable":true,"href":"https:\/\/yume-silm.com\/es\/wp-json\/wp\/v2\/comments?post=2964"}],"wp:featuredmedia":[{"embeddable":true,"href":"https:\/\/yume-silm.com\/es\/wp-json\/wp\/v2\/media\/2977"}],"wp:attachment":[{"href":"https:\/\/yume-silm.com\/es\/wp-json\/wp\/v2\/media?parent=2964"}],"wp:term":[{"taxonomy":"product_brand","embeddable":true,"href":"https:\/\/yume-silm.com\/es\/wp-json\/wp\/v2\/product_brand?post=2964"},{"taxonomy":"product_cat","embeddable":true,"href":"https:\/\/yume-silm.com\/es\/wp-json\/wp\/v2\/product_cat?post=2964"},{"taxonomy":"product_tag","embeddable":true,"href":"https:\/\/yume-silm.com\/es\/wp-json\/wp\/v2\/product_tag?post=2964"}],"curies":[{"name":"wp","href":"https:\/\/api.w.org\/{rel}","templated":true}]}}