{"id":2982,"date":"2023-05-16T05:52:50","date_gmt":"2023-05-16T05:52:50","guid":{"rendered":"https:\/\/yume-silm.com\/?post_type=product&#038;p=2982"},"modified":"2025-06-06T05:53:02","modified_gmt":"2025-06-06T05:53:02","slug":"cinturon-3-en-1-elastico-alto-desmontable-con-doble-refuerzo","status":"publish","type":"product","link":"https:\/\/yume-silm.com\/es\/producto-2\/cinturon-3-en-1-elastico-alto-desmontable-con-doble-refuerzo\/","title":{"rendered":"Venda al por mayor la correa alto-el\u00e1stica desmontable del instructor de la cintura de la pierna 3 en 1"},"content":{"rendered":"<h5>Caracteristicas de dise\u00f1o<\/h5>\n<ul>\n<li><strong>MULTIFUNCIONAL 3 en 1:<\/strong> El cintur\u00f3n de entrenamiento de cintura para piernas 3 en 1 desmontable y altamente el\u00e1stico puede satisfacer diversas necesidades, ampliando la cobertura del mercado y aumentando el potencial de ventas.<\/li>\n<li><strong>ALTA ELASTICIDAD:<\/strong> El cintur\u00f3n de sudor adelgazante para cintura moldeadora de gl\u00fateos est\u00e1 hecho de una mezcla de nailon y spandex para garantizar un ajuste seguro y c\u00f3modo para todo tipo de cuerpo.<\/li>\n<li><strong>DISE\u00d1O DESMONTABLE:<\/strong> El cintur\u00f3n de doble compresi\u00f3n recortador de cintura y muslos proporciona flexibilidad para satisfacer las necesidades \u00fanicas de los clientes y garantizar la satisfacci\u00f3n del cliente.<\/li>\n<li><strong>DOBLE REFUERZO:<\/strong> El entrenador de cintura con cintur\u00f3n de doble compresi\u00f3n y el levantador de gl\u00fateos con soporte para piernas brindan soporte y durabilidad superiores, mejorando su reputaci\u00f3n de productos de alta calidad.<\/li>\n<li><strong>ENTRENAMIENTO MEJORADO:<\/strong> Nuestra l\u00ednea de entrenadores de cintura 3 en 1 para muslos, gl\u00fateos y cintura para mujeres est\u00e1 dise\u00f1ada para satisfacer las necesidades cambiantes del mercado del fitness, lo que permite que su negocio aumente las ventas y las ganancias.<\/li>\n<\/ul>\n<h6><em>Cintur\u00f3n reductor de cintura y muslos 3 en 1 con banda para el sudor adelgazante para levantador de gl\u00fateos para hombres y mujeres<\/em><\/h6>\n<ul>\n<li>Nuestro cintur\u00f3n de entrenamiento de cintura para piernas 3 en 1 desmontable y altamente el\u00e1stico es una combinaci\u00f3n de estilo, comodidad y funcionalidad.<\/li>\n<li>Para los mayoristas que buscan ofrecer productos de primer nivel que resuenen con las \u00faltimas tendencias de fitness, este levantador de gl\u00fateos recortador de muslos y entrenador de cintura 3 en 1 es imprescindible.<\/li>\n<li>Con opciones de personalizaci\u00f3n, una variedad de tama\u00f1os y la promesa de entrega r\u00e1pida, es una valiosa adici\u00f3n a su inventario.<\/li>\n<li>Sum\u00e9rgete en el mundo del comercio mayorista con esta pieza destacada. \u00a1Ordenar hoy!<\/li>\n<\/ul>","protected":false},"excerpt":{"rendered":"<p>Presentamos nuestro cintur\u00f3n entrenador de cintura para piernas 3 en 1 desmontable y altamente el\u00e1stico para hombres. Con su dise\u00f1o de doble refuerzo, este cintur\u00f3n promete flexibilidad y soporte mejorado. Confeccionado con una mezcla de nailon y spandex, es el complemento perfecto para cualquier entrenamiento o rutina diaria, ya que garantiza comodidad y resultados superiores.<\/p>","protected":false},"featured_media":2990,"comment_status":"open","ping_status":"closed","template":"","meta":{"site-sidebar-layout":"default","site-content-layout":"default","ast-site-content-layout":"default","site-content-style":"default","site-sidebar-style":"default","ast-global-header-display":"","ast-banner-title-visibility":"","ast-main-header-display":"","ast-hfb-above-header-display":"","ast-hfb-below-header-display":"","ast-hfb-mobile-header-display":"","site-post-title":"","ast-breadcrumbs-content":"","ast-featured-img":"","footer-sml-layout":"","ast-disable-related-posts":"","theme-transparent-header-meta":"default","adv-header-id-meta":"","stick-header-meta":"default","header-above-stick-meta":"","header-main-stick-meta":"","header-below-stick-meta":"","astra-migrate-meta-layouts":"set","ast-page-background-enabled":"default","ast-page-background-meta":{"desktop":{"background-color":"","background-image":"","background-repeat":"repeat","background-position":"center center","background-size":"auto","background-attachment":"scroll","background-type":"","background-media":"","overlay-type":"","overlay-color":"","overlay-opacity":"","overlay-gradient":""},"tablet":{"background-color":"","background-image":"","background-repeat":"repeat","background-position":"center center","background-size":"auto","background-attachment":"scroll","background-type":"","background-media":"","overlay-type":"","overlay-color":"","overlay-opacity":"","overlay-gradient":""},"mobile":{"background-color":"","background-image":"","background-repeat":"repeat","background-position":"center center","background-size":"auto","background-attachment":"scroll","background-type":"","background-media":"","overlay-type":"","overlay-color":"","overlay-opacity":"","overlay-gradient":""}},"ast-content-background-meta":{"desktop":{"background-color":"var(--ast-global-color-5)","background-image":"","background-repeat":"repeat","background-position":"center center","background-size":"auto","background-attachment":"scroll","background-type":"","background-media":"","overlay-type":"","overlay-color":"","overlay-opacity":"","overlay-gradient":""},"tablet":{"background-color":"var(--ast-global-color-5)","background-image":"","background-repeat":"repeat","background-position":"center center","background-size":"auto","background-attachment":"scroll","background-type":"","background-media":"","overlay-type":"","overlay-color":"","overlay-opacity":"","overlay-gradient":""},"mobile":{"background-color":"var(--ast-global-color-5)","background-image":"","background-repeat":"repeat","background-position":"center center","background-size":"auto","background-attachment":"scroll","background-type":"","background-media":"","overlay-type":"","overlay-color":"","overlay-opacity":"","overlay-gradient":""}}},"product_brand":[],"product_cat":[65,76,90,94],"product_tag":[643,194,151,644,500,185],"class_list":{"0":"post-2982","1":"product","2":"type-product","3":"status-publish","4":"has-post-thumbnail","6":"product_cat-best-sellers","7":"product_cat-new-arrivels","8":"product_cat-wholesale-waist-trainer","9":"product_cat-n-in-1-waist-trainer","10":"product_tag-3-in-1","11":"product_tag-adjustable","12":"product_tag-double-compression","13":"product_tag-leg-shaping","14":"product_tag-tummy-control","15":"product_tag-workout","16":"pa_color-black","17":"pa_color-red","18":"pa_size-l-xl","19":"pa_size-s-m","20":"pa_size-xxl-xxxl","21":"desktop-align-center","22":"tablet-align-left","23":"mobile-align-left","24":"ast-product-gallery-layout-horizontal-slider","25":"ast-product-single-variable","26":"ast-product-tabs-layout-horizontal","27":"ast-qv-on-image","29":"first","30":"instock","31":"shipping-taxable","32":"purchasable","33":"product-type-variable"},"tiered_pricing_type":"fixed","tiered_pricing_fixed_rules":{"2":7.29,"50":6.79,"200":6.29},"tiered_pricing_product_settings":{"layout":"default","base_unit_name":{"singular":null,"plural":null},"default_variation":{}},"tiered_pricing_minimum_quantity":null,"tiered_pricing_roles_data":[],"tiered_pricing_percentage_rules":[],"_links":{"self":[{"href":"https:\/\/yume-silm.com\/es\/wp-json\/wp\/v2\/product\/2982","targetHints":{"allow":["GET"]}}],"collection":[{"href":"https:\/\/yume-silm.com\/es\/wp-json\/wp\/v2\/product"}],"about":[{"href":"https:\/\/yume-silm.com\/es\/wp-json\/wp\/v2\/types\/product"}],"replies":[{"embeddable":true,"href":"https:\/\/yume-silm.com\/es\/wp-json\/wp\/v2\/comments?post=2982"}],"wp:featuredmedia":[{"embeddable":true,"href":"https:\/\/yume-silm.com\/es\/wp-json\/wp\/v2\/media\/2990"}],"wp:attachment":[{"href":"https:\/\/yume-silm.com\/es\/wp-json\/wp\/v2\/media?parent=2982"}],"wp:term":[{"taxonomy":"product_brand","embeddable":true,"href":"https:\/\/yume-silm.com\/es\/wp-json\/wp\/v2\/product_brand?post=2982"},{"taxonomy":"product_cat","embeddable":true,"href":"https:\/\/yume-silm.com\/es\/wp-json\/wp\/v2\/product_cat?post=2982"},{"taxonomy":"product_tag","embeddable":true,"href":"https:\/\/yume-silm.com\/es\/wp-json\/wp\/v2\/product_tag?post=2982"}],"curies":[{"name":"wp","href":"https:\/\/api.w.org\/{rel}","templated":true}]}}