{"id":2997,"date":"2023-05-18T02:21:22","date_gmt":"2023-05-18T02:21:22","guid":{"rendered":"https:\/\/yume-silm.com\/?post_type=product&#038;p=2997"},"modified":"2024-06-18T07:53:58","modified_gmt":"2024-06-18T07:53:58","slug":"malla-elastica-alta-para-hombre-formador-de-cuerpo-completo-con-ganchos-5-capas","status":"publish","type":"product","link":"https:\/\/yume-silm.com\/es\/producto-2\/malla-elastica-alta-para-hombre-formador-de-cuerpo-completo-con-ganchos-5-capas\/","title":{"rendered":"Fajas de cuerpo completo de malla altamente el\u00e1stica para hombres al por mayor"},"content":{"rendered":"<h5>Caracteristicas de dise\u00f1o<\/h5>\n<ul>\n<li><strong>GANCHO DE 5 CAPAS:<\/strong> Proporciona un ajuste seguro y garantiza que la faja moldeadora de cuerpo completo de malla altamente el\u00e1stica para hombre permanezca en su lugar, lo que aumenta la confianza del usuario.<\/li>\n<li><strong>ALTAMENTE EL\u00c1STICO:<\/strong> Las fajas moldeadoras de compresi\u00f3n est\u00e1n hechas de una mezcla de nailon y spandex, lo que brinda flexibilidad y comodidad para todo tipo de cuerpo.<\/li>\n<li><strong>MATERIAL DE MALLA:<\/strong> La faja moldeadora de cuerpo completo para hombre es transpirable y liviana para un uso prolongado, lo que garantiza que el usuario se mantenga fresco y c\u00f3modo.<\/li>\n<li><strong>COBERTURA DE CUERPO COMPLETO:<\/strong> Las mejores fajas adelgazantes para hombres brindan soporte total, moldean el cuerpo y mejoran la silueta general.<\/li>\n<li><strong>OPCIONES PERSONALIZADAS:<\/strong> Nuestra colecci\u00f3n de fajas abdominales para hombres admite tama\u00f1os, colores, estilos, logotipos, empaques, etiquetas, etiquetas de cuidado y m\u00e1s personalizados para garantizar que usted satisfaga las diferentes necesidades de sus clientes.<\/li>\n<\/ul>\n<h6><em>Medias sin mangas para hombre con control de barriga para moldear el cuerpo.<\/em><\/h6>\n<ul>\n<li>En resumen, nuestra faja moldeadora de cuerpo completo de malla de alta elasticidad para hombre es una combinaci\u00f3n de estilo, comodidad y funcionalidad.<\/li>\n<li>Para los mayoristas que buscan ofrecer productos de primer nivel que resuenen con las \u00faltimas tendencias, esta faja moldeadora de cuerpo completo para hombre Fajas es imprescindible.<\/li>\n<li>Con opciones de personalizaci\u00f3n, una variedad de tama\u00f1os y la promesa de entrega r\u00e1pida, es una valiosa adici\u00f3n a su inventario.<\/li>\n<li>Sum\u00e9rgete en el mundo del comercio mayorista con esta destacada faja moldeadora de cuerpo completo sin mangas para hombre. \u00a1Ordenar hoy!<\/li>\n<li>Los moldeadores corporales de talla grande para hombres a\u00f1aden m\u00e1s opciones.<\/li>\n<\/ul>","protected":false},"excerpt":{"rendered":"<p>Mejora tu inventario con nuestras fajas moldeadoras de cuerpo completo de malla de alta elasticidad para hombre. Con un dise\u00f1o exclusivo de ganchos de 5 capas, esta prenda moldeadora garantiza un ajuste ce\u00f1ido y realza el f\u00edsico. Confeccionado con una mezcla de nailon y spandex, es la elecci\u00f3n perfecta para quienes buscan comodidad y estilo.<\/p>","protected":false},"featured_media":3016,"comment_status":"open","ping_status":"closed","template":"","meta":{"site-sidebar-layout":"default","site-content-layout":"default","ast-site-content-layout":"default","site-content-style":"default","site-sidebar-style":"default","ast-global-header-display":"","ast-banner-title-visibility":"","ast-main-header-display":"","ast-hfb-above-header-display":"","ast-hfb-below-header-display":"","ast-hfb-mobile-header-display":"","site-post-title":"","ast-breadcrumbs-content":"","ast-featured-img":"","footer-sml-layout":"","ast-disable-related-posts":"","theme-transparent-header-meta":"default","adv-header-id-meta":"","stick-header-meta":"default","header-above-stick-meta":"","header-main-stick-meta":"","header-below-stick-meta":"","astra-migrate-meta-layouts":"set","ast-page-background-enabled":"default","ast-page-background-meta":{"desktop":{"background-color":"","background-image":"","background-repeat":"repeat","background-position":"center center","background-size":"auto","background-attachment":"scroll","background-type":"","background-media":"","overlay-type":"","overlay-color":"","overlay-opacity":"","overlay-gradient":""},"tablet":{"background-color":"","background-image":"","background-repeat":"repeat","background-position":"center center","background-size":"auto","background-attachment":"scroll","background-type":"","background-media":"","overlay-type":"","overlay-color":"","overlay-opacity":"","overlay-gradient":""},"mobile":{"background-color":"","background-image":"","background-repeat":"repeat","background-position":"center center","background-size":"auto","background-attachment":"scroll","background-type":"","background-media":"","overlay-type":"","overlay-color":"","overlay-opacity":"","overlay-gradient":""}},"ast-content-background-meta":{"desktop":{"background-color":"var(--ast-global-color-5)","background-image":"","background-repeat":"repeat","background-position":"center center","background-size":"auto","background-attachment":"scroll","background-type":"","background-media":"","overlay-type":"","overlay-color":"","overlay-opacity":"","overlay-gradient":""},"tablet":{"background-color":"var(--ast-global-color-5)","background-image":"","background-repeat":"repeat","background-position":"center center","background-size":"auto","background-attachment":"scroll","background-type":"","background-media":"","overlay-type":"","overlay-color":"","overlay-opacity":"","overlay-gradient":""},"mobile":{"background-color":"var(--ast-global-color-5)","background-image":"","background-repeat":"repeat","background-position":"center center","background-size":"auto","background-attachment":"scroll","background-type":"","background-media":"","overlay-type":"","overlay-color":"","overlay-opacity":"","overlay-gradient":""}}},"product_brand":[],"product_cat":[76,65,85,89],"product_tag":[135,141,134,154],"class_list":{"0":"post-2997","1":"product","2":"type-product","3":"status-publish","4":"has-post-thumbnail","6":"product_cat-new-arrivels","7":"product_cat-best-sellers","8":"product_cat-wholesale-mens-shapewear","9":"product_cat-wholesale-men-full-body-shaper","10":"product_tag-all-in-one","11":"product_tag-plus-size","12":"product_tag-tummy-tucker","13":"product_tag-with-hooks","14":"pa_color-beige","15":"pa_color-black","16":"pa_size-4xl","17":"pa_size-5xl","18":"pa_size-6xl","19":"pa_size-l","20":"pa_size-m","21":"pa_size-s","22":"pa_size-xl","23":"pa_size-xxl","24":"pa_size-xxxl","25":"desktop-align-center","26":"tablet-align-left","27":"mobile-align-left","28":"ast-product-gallery-layout-horizontal-slider","29":"ast-product-single-variable","30":"ast-product-tabs-layout-horizontal","31":"ast-qv-on-image","33":"first","34":"instock","35":"shipping-taxable","36":"purchasable","37":"product-type-variable"},"tiered_pricing_type":"fixed","tiered_pricing_fixed_rules":{"2":13.69,"50":11.29,"300":10.69},"tiered_pricing_product_settings":{"layout":"default","base_unit_name":{"singular":null,"plural":null},"default_variation":{}},"tiered_pricing_minimum_quantity":null,"tiered_pricing_roles_data":[],"tiered_pricing_percentage_rules":[],"_links":{"self":[{"href":"https:\/\/yume-silm.com\/es\/wp-json\/wp\/v2\/product\/2997","targetHints":{"allow":["GET"]}}],"collection":[{"href":"https:\/\/yume-silm.com\/es\/wp-json\/wp\/v2\/product"}],"about":[{"href":"https:\/\/yume-silm.com\/es\/wp-json\/wp\/v2\/types\/product"}],"replies":[{"embeddable":true,"href":"https:\/\/yume-silm.com\/es\/wp-json\/wp\/v2\/comments?post=2997"}],"wp:featuredmedia":[{"embeddable":true,"href":"https:\/\/yume-silm.com\/es\/wp-json\/wp\/v2\/media\/3016"}],"wp:attachment":[{"href":"https:\/\/yume-silm.com\/es\/wp-json\/wp\/v2\/media?parent=2997"}],"wp:term":[{"taxonomy":"product_brand","embeddable":true,"href":"https:\/\/yume-silm.com\/es\/wp-json\/wp\/v2\/product_brand?post=2997"},{"taxonomy":"product_cat","embeddable":true,"href":"https:\/\/yume-silm.com\/es\/wp-json\/wp\/v2\/product_cat?post=2997"},{"taxonomy":"product_tag","embeddable":true,"href":"https:\/\/yume-silm.com\/es\/wp-json\/wp\/v2\/product_tag?post=2997"}],"curies":[{"name":"wp","href":"https:\/\/api.w.org\/{rel}","templated":true}]}}