{"id":3030,"date":"2023-05-18T03:37:35","date_gmt":"2023-05-18T03:37:35","guid":{"rendered":"https:\/\/yume-silm.com\/?post_type=product&#038;p=3030"},"modified":"2024-04-25T03:15:44","modified_gmt":"2024-04-25T03:15:44","slug":"malla-elastica-de-cuerpo-entero-para-hombre-con-espalda-cruzada","status":"publish","type":"product","link":"https:\/\/yume-silm.com\/es\/producto-2\/malla-elastica-de-cuerpo-entero-para-hombre-con-espalda-cruzada\/","title":{"rendered":"Venta al por mayor Fajas de cuerpo completo de malla de alta elasticidad para hombres: Dise\u00f1o cruzado en la espalda"},"content":{"rendered":"<h5>Caracteristicas de dise\u00f1o<\/h5>\n<ul>\n<li data-slate-node=\"element\"><span data-slate-node=\"text\"><span class=\"00\" data-slate-leaf=\"true\"><strong>FAJERA DE CUERPO COMPLETO:<\/strong> Body moldeador de cuerpo completo para hombre de alta elasticidad, disponible en una variedad de tallas, incluida S-6XL, para selecci\u00f3n gratuita. <\/span><\/span><span data-slate-node=\"text\"><span class=\"01\" data-slate-leaf=\"true\">El body de talla grande Fajas moldeador de cuerpo completo con control de barriga y levantamiento de cadera ofrece una soluci\u00f3n de escultura integral para ayudarlo a comprimir eficazmente su abdomen y cintura mientras aprieta los m\u00fasculos de los muslos para una apariencia general m\u00e1s elegante y segura.<\/span><\/span><\/li>\n<li data-slate-node=\"element\"><span data-slate-node=\"text\"><span class=\"21\" data-slate-leaf=\"true\"><strong>MALLA TRANSPIRABLE:<\/strong> La ropa interior adelgazante sin mangas para hombre est\u00e1 dise\u00f1ada con alta elasticidad y malla, que es c\u00f3moda y transpirable, lo que te permite relajarte en cualquier deporte, trabajo diario o citas. <\/span><\/span><span data-slate-node=\"text\"><span class=\"22\" data-slate-leaf=\"true\">Ajuste c\u00f3modo, una variedad de tama\u00f1os son perfectos para hombres atractivos de todo tipo de cuerpo.<\/span><\/span><\/li>\n<li data-slate-node=\"element\" data-slate-fragment=\"JTVCJTdCJTIydHlwZSUyMiUzQSUyMnBhcmFncmFwaCUyMiUyQyUyMmNoaWxkcmVuJTIyJTNBJTVCJTdCJTIydGV4dCUyMiUzQSUyMkZVTEwlMjBCT0RZJTIwU0hBUEVXRUFSJTNBJTIwSGlnaC1lbGFzdGljJTIwbWVuJ3MlMjBmdWxsLWJvZHklMjBzaGFwZXdlYXIlMjBib2R5c3VpdCUyQyUyMGF2YWlsYWJsZSUyMGluJTIwYSUyMHZhcmlldHklMjBvZiUyMHNpemVzJTIwaW5jbHVkaW5nJTIwUy02WEwlMjBmb3IlMjBmcmVlJTIwc2VsZWN0aW9uLiUyMCUyMiUyQyUyMnNlbnRlbmNlJTIyJTNBMCUyQyUyMmNoaWxkU2VudGVuY2UlMjIlM0EwJTdEJTJDJTdCJTIydGV4dCUyMiUzQSUyMlBsdXMlMjBzaXplJTIwZmFqYXMlMjBmdWxsJTIwYm9keSUyMHNoYXBlciUyMHR1bW15JTIwY29udHJvbCUyMGxpZnQlMjBoaXAlMjBib2R5c3VpdCUyMG9mZmVycyUyMGElMjBjb21wcmVoZW5zaXZlJTIwc2N1bHB0aW5nJTIwc29sdXRpb24lMjB0byUyMGhlbHAlMjB5b3UlMjBlZmZlY3RpdmVseSUyMGNvbXByZXNzJTIweW91ciUyMGFiZG9tZW4lMjBhbmQlMjB3YWlzdCUyMHdoaWxlJTIwdGlnaHRlbmluZyUyMHlvdXIlMjB0aGlnaCUyMG11c2NsZXMlMjBmb3IlMjBhJTIwbW9yZSUyMHN0eWxpc2glMjBhbmQlMjBjb25maWRlbnQlMjBvdmVyYWxsJTIwbG9vay4lMjIlMkMlMjJzZW50ZW5jZSUyMiUzQTAlMkMlMjJjaGlsZFNlbnRlbmNlJTIyJTNBMSU3RCU1RCU3RCUyQyU3QiUyMnR5cGUlMjIlM0ElMjJwYXJhZ3JhcGglMjIlMkMlMjJjaGlsZHJlbiUyMiUzQSU1QiU3QiUyMnRleHQlMjIlM0ElMjIlMjIlMkMlMjJzZW50ZW5jZSUyMiUzQTElMkMlMjJjaGlsZFNlbnRlbmNlJTIyJTNBMSU3RCU1RCU3RCUyQyU3QiUyMnR5cGUlMjIlM0ElMjJwYXJhZ3JhcGglMjIlMkMlMjJjaGlsZHJlbiUyMiUzQSU1QiU3QiUyMnRleHQlMjIlM0ElMjJNRVNIJTIwQlJFQVRIQUJMRSUzQSUyME1lbidzJTIwc2xlZXZlbGVzcyUyMGZ1bGwtYm9keSUyMHNoYXBlciUyMHVuZGVyd2VhciUyMHNsaW1taW5nJTIwaXMlMjBkZXNpZ25lZCUyMHdpdGglMjBoaWdoJTIwZWxhc3RpY2l0eSUyMGFuZCUyMG1lc2glMkMlMjB3aGljaCUyMGlzJTIwY29tZm9ydGFibGUlMjBhbmQlMjBicmVhdGhhYmxlJTJDJTIwYWxsb3dpbmclMjB5b3UlMjB0byUyMHJlbGF4JTIwaW4lMjBhbnklMjBzcG9ydCUyMGRhaWx5JTIwd29yayUyQyUyMG9yJTIwZGF0aW5nLiUyMCUyMiUyQyUyMnNlbnRlbmNlJTIyJTNBMiUyQyUyMmNoaWxkU2VudGVuY2UlMjIlM0ExJTdEJTJDJTdCJTIydGV4dCUyMiUzQSUyMkNvbWZvcnRhYmxlJTIwZml0JTJDJTIwYSUyMHZhcmlldHklMjBvZiUyMHNpemVzJTIwYXJlJTIwcGVyZmVjdCUyMGZvciUyMGF0dHJhY3RpdmUlMjBtZW4lMjBvZiUyMGFsbCUyMGJvZHklMjB0eXBlcy4lMjIlMkMlMjJzZW50ZW5jZSUyMiUzQTIlMkMlMjJjaGlsZFNlbnRlbmNlJTIyJTNBMiU3RCU1RCU3RCUyQyU3QiUyMnR5cGUlMjIlM0ElMjJwYXJhZ3JhcGglMjIlMkMlMjJjaGlsZHJlbiUyMiUzQSU1QiU3QiUyMnRleHQlMjIlM0ElMjIlMjIlMkMlMjJzZW50ZW5jZSUyMiUzQTMlMkMlMjJjaGlsZFNlbnRlbmNlJTIyJTNBMSU3RCU1RCU3RCUyQyU3QiUyMnR5cGUlMjIlM0ElMjJwYXJhZ3JhcGglMjIlMkMlMjJjaGlsZHJlbiUyMiUzQSU1QiU3QiUyMnRleHQlMjIlM0ElMjJDT05WRU5JRU5UJTIwWklQUEVSJTNBJTIwT3VyJTIwYmVzdCUyMHNoYXBld2VhciUyMGZvciUyMG1lbiUyMGhhcyUyMGElMjB6aXBwZXIlMjBkZXNpZ24lMjB0byUyMGVuaGFuY2UlMjBlYXNlJTIwb2YlMjB1c2UlMkMlMjBtYWtpbmclMjBpdCUyMHZlcnklMjBlYXN5JTIwdG8lMjB3ZWFyJTIwYW5kJTIwdGFrZSUyMG9mZiUyQyUyMHNhdmluZyUyMHRpbWUuJTIyJTJDJTIyc2VudGVuY2UlMjIlM0E0JTJDJTIyY2hpbGRTZW50ZW5jZSUyMiUzQTElN0QlNUQlN0QlNUQ=\"><span data-slate-node=\"text\"><span class=\"41\" data-slate-leaf=\"true\"><strong>CREMALLERA CONVENIENTE:<\/strong> Nuestras mejores prendas moldeadoras para hombres tienen un dise\u00f1o de cremallera para mejorar la facilidad de uso, lo que las hace muy f\u00e1ciles de usar y quitar, lo que ahorra tiempo.<\/span><\/span><\/li>\n<li><strong>CRUZ DE ESPALDA:<\/strong> La espalda cruzada del body de compresi\u00f3n para hombre brindar\u00e1 soporte adicional para una silueta m\u00e1s clara.<\/li>\n<li><strong>CORREA DE HOMBRO ANCHA AJUSTABLE:<\/strong> Ropa interior moldeadora de cuerpo completo sin mangas para hombres, dise\u00f1o de correa ancha para el hombro, que agrega una hebilla de gancho ajustable, no solo es f\u00e1cil de ajustar al cuerpo, reduce la presi\u00f3n de la espalda y reduce la ligadura del hombro; pero tambi\u00e9n f\u00e1cil de ajustar, usar y quitar, m\u00e1s conveniente, pr\u00e1ctico y duradero.<\/li>\n<li><strong>ENTREPIEZA ABIERTA EN FORMA DE U:<\/strong> El dise\u00f1o en forma de U de la ropa interior moldeadora ajustada para hombres proporciona un espacio muy conveniente para los hombres. El dise\u00f1o en forma de &quot;U&quot; es conveniente para la ventilaci\u00f3n y la transpirabilidad, no se sentir\u00e1 congestionado y es muy conveniente para usar en el ba\u00f1o.<\/li>\n<\/ul>\n<h6><em>Mono moldeador de cuerpo completo de alta compresi\u00f3n para hombre, fajas de talla grande<\/em><\/h6>\n<ul>\n<li>Nuestra faja moldeadora de cuerpo completo de malla de alta elasticidad para hombre es una combinaci\u00f3n de estilo, comodidad y funcionalidad. Para los mayoristas que buscan ofrecer productos de primer nivel que resuenen con las \u00faltimas tendencias, esta faja moldeadora de espalda cruzada es imprescindible.<\/li>\n<li>Con opciones de personalizaci\u00f3n, una variedad de tama\u00f1os y la promesa de entrega r\u00e1pida, es una valiosa adici\u00f3n a su inventario. Sum\u00e9rgete en el mundo del comercio mayorista con esta pieza destacada. \u00a1Ordenar hoy!<\/li>\n<\/ul>","protected":false},"excerpt":{"rendered":"<ul>\n<li>Presentamos nuestro cors\u00e9 ajustable transpirable de malla de alta elasticidad para hombre con un distintivo dise\u00f1o cruzado en la espalda.<\/li>\n<li>Confeccionada con una c\u00f3moda cremallera y refuerzo cruzado en la espalda, esta prenda moldeadora de cuerpo completo de malla de alta elasticidad para hombre garantiza comodidad y un ajuste superior.<\/li>\n<li>Hecho de una mezcla de nailon y spandex, es la mejor opci\u00f3n para quienes buscan un f\u00edsico esculpido.<\/li>\n<\/ul>","protected":false},"featured_media":3061,"comment_status":"open","ping_status":"closed","template":"","meta":{"site-sidebar-layout":"default","site-content-layout":"default","ast-site-content-layout":"default","site-content-style":"default","site-sidebar-style":"default","ast-global-header-display":"","ast-banner-title-visibility":"","ast-main-header-display":"","ast-hfb-above-header-display":"","ast-hfb-below-header-display":"","ast-hfb-mobile-header-display":"","site-post-title":"","ast-breadcrumbs-content":"","ast-featured-img":"","footer-sml-layout":"","ast-disable-related-posts":"","theme-transparent-header-meta":"default","adv-header-id-meta":"","stick-header-meta":"default","header-above-stick-meta":"","header-main-stick-meta":"","header-below-stick-meta":"","astra-migrate-meta-layouts":"set","ast-page-background-enabled":"default","ast-page-background-meta":{"desktop":{"background-color":"","background-image":"","background-repeat":"repeat","background-position":"center center","background-size":"auto","background-attachment":"scroll","background-type":"","background-media":"","overlay-type":"","overlay-color":"","overlay-opacity":"","overlay-gradient":""},"tablet":{"background-color":"","background-image":"","background-repeat":"repeat","background-position":"center center","background-size":"auto","background-attachment":"scroll","background-type":"","background-media":"","overlay-type":"","overlay-color":"","overlay-opacity":"","overlay-gradient":""},"mobile":{"background-color":"","background-image":"","background-repeat":"repeat","background-position":"center center","background-size":"auto","background-attachment":"scroll","background-type":"","background-media":"","overlay-type":"","overlay-color":"","overlay-opacity":"","overlay-gradient":""}},"ast-content-background-meta":{"desktop":{"background-color":"var(--ast-global-color-5)","background-image":"","background-repeat":"repeat","background-position":"center center","background-size":"auto","background-attachment":"scroll","background-type":"","background-media":"","overlay-type":"","overlay-color":"","overlay-opacity":"","overlay-gradient":""},"tablet":{"background-color":"var(--ast-global-color-5)","background-image":"","background-repeat":"repeat","background-position":"center center","background-size":"auto","background-attachment":"scroll","background-type":"","background-media":"","overlay-type":"","overlay-color":"","overlay-opacity":"","overlay-gradient":""},"mobile":{"background-color":"var(--ast-global-color-5)","background-image":"","background-repeat":"repeat","background-position":"center center","background-size":"auto","background-attachment":"scroll","background-type":"","background-media":"","overlay-type":"","overlay-color":"","overlay-opacity":"","overlay-gradient":""}}},"product_brand":[],"product_cat":[76,65,85,89],"product_tag":[135,137,147,498,141,184],"class_list":{"0":"post-3030","1":"product","2":"type-product","3":"status-publish","4":"has-post-thumbnail","6":"product_cat-new-arrivels","7":"product_cat-best-sellers","8":"product_cat-wholesale-mens-shapewear","9":"product_cat-wholesale-men-full-body-shaper","10":"product_tag-all-in-one","11":"product_tag-butt-lift","12":"product_tag-cross","13":"product_tag-full-body","14":"product_tag-plus-size","15":"product_tag-zipper","16":"pa_color-beige","17":"pa_color-black","18":"pa_size-4xl","19":"pa_size-5xl","20":"pa_size-6xl","21":"pa_size-l","22":"pa_size-m","23":"pa_size-s","24":"pa_size-xl","25":"pa_size-xxl","26":"pa_size-xxxl","27":"desktop-align-center","28":"tablet-align-left","29":"mobile-align-left","30":"ast-product-gallery-layout-horizontal-slider","31":"ast-product-single-variable","32":"ast-product-tabs-layout-horizontal","33":"ast-qv-on-image","35":"first","36":"instock","37":"shipping-taxable","38":"purchasable","39":"product-type-variable"},"tiered_pricing_type":"fixed","tiered_pricing_fixed_rules":{"2":16.99,"50":15.79,"300":13.19},"tiered_pricing_product_settings":{"layout":"default","base_unit_name":{"singular":null,"plural":null},"default_variation":{}},"tiered_pricing_minimum_quantity":null,"tiered_pricing_roles_data":[],"tiered_pricing_percentage_rules":[],"_links":{"self":[{"href":"https:\/\/yume-silm.com\/es\/wp-json\/wp\/v2\/product\/3030","targetHints":{"allow":["GET"]}}],"collection":[{"href":"https:\/\/yume-silm.com\/es\/wp-json\/wp\/v2\/product"}],"about":[{"href":"https:\/\/yume-silm.com\/es\/wp-json\/wp\/v2\/types\/product"}],"replies":[{"embeddable":true,"href":"https:\/\/yume-silm.com\/es\/wp-json\/wp\/v2\/comments?post=3030"}],"wp:featuredmedia":[{"embeddable":true,"href":"https:\/\/yume-silm.com\/es\/wp-json\/wp\/v2\/media\/3061"}],"wp:attachment":[{"href":"https:\/\/yume-silm.com\/es\/wp-json\/wp\/v2\/media?parent=3030"}],"wp:term":[{"taxonomy":"product_brand","embeddable":true,"href":"https:\/\/yume-silm.com\/es\/wp-json\/wp\/v2\/product_brand?post=3030"},{"taxonomy":"product_cat","embeddable":true,"href":"https:\/\/yume-silm.com\/es\/wp-json\/wp\/v2\/product_cat?post=3030"},{"taxonomy":"product_tag","embeddable":true,"href":"https:\/\/yume-silm.com\/es\/wp-json\/wp\/v2\/product_tag?post=3030"}],"curies":[{"name":"wp","href":"https:\/\/api.w.org\/{rel}","templated":true}]}}