{"id":3102,"date":"2023-05-18T11:01:13","date_gmt":"2023-05-18T11:01:13","guid":{"rendered":"https:\/\/yume-silm.com\/?post_type=product&#038;p=3102"},"modified":"2025-09-23T01:28:35","modified_gmt":"2025-09-23T01:28:35","slug":"mujer-sauna-chaqueta-y-traje-de-manga-larga-entrenamiento-body-shaper","status":"publish","type":"product","link":"https:\/\/yume-silm.com\/es\/producto-2\/mujer-sauna-chaqueta-y-traje-de-manga-larga-entrenamiento-body-shaper\/","title":{"rendered":"Tummy Tuck Sports Sauna Sweat Jackets and Pants for Women"},"content":{"rendered":"<h5>Caracteristicas de dise\u00f1o<\/h5>\n<ul>\n<li><strong>Pr\u00e1ctico dise\u00f1o de cremallera:<\/strong> El conjunto de sauna para sudor para mujer adopta el dise\u00f1o de cremallera de la ropa normal, que es muy c\u00f3modo de poner y quitar, lo que ahorra tiempo. Desabroche y use f\u00e1cilmente, r\u00e1pido y f\u00e1cil de usar, m\u00e1s conveniente que los botones tradicionales.<\/li>\n<li><strong>MATERIAL ALTAMENTE EL\u00c1STICO:<\/strong> La alta elasticidad de los trajes de sauna para bajar de peso aumenta la comodidad y la aplicabilidad de su uso. Incluso durante ejercicios prolongados o extenuantes y complejos, no se producen rasgu\u00f1os ni otros problemas, lo que mejora el rendimiento del ejercicio y la comodidad general.<\/li>\n<li><strong>ACELERAR CALOR:<\/strong> Hecho de neopreno de alta calidad, este conjunto de traje deportivo para sauna y entrenamiento puede ayudarlo a maximizar su ejercicio y aumentar su tasa de sudoraci\u00f3n 2,5 veces su nivel habitual. Acelere la quema de grasa, duplique el efecto del ejercicio y haga que su cuerpo sea m\u00e1s saludable, elegante y atractivo.<\/li>\n<li><strong>SIN COSTURAS Y C\u00d3MODO:<\/strong> El dise\u00f1o sin costuras de las chaquetas y pantalones de sauna para mujer los hace m\u00e1s c\u00f3modos de usar y no da\u00f1a la piel. Se adapta a cada cent\u00edmetro de tu piel para garantizar la m\u00e1xima comodidad y una mayor eficiencia del sudor durante el ejercicio.<\/li>\n<li><strong>IMPERMEABLE Y ANTIINCRUSTANTE:<\/strong> Los materiales de alta calidad de nuestro mejor set de sauna para mujer nos facilitan su lavado y cuidado. Este mejor traje de sauna para perder grasa permanece seco y limpio incluso en ambientes h\u00famedos o sucios, lo que mejora la comodidad del usuario mientras hace ejercicio. Despu\u00e9s de cada uso basta con una limpieza sencilla y rutinaria, lo cual resulta muy c\u00f3modo.<\/li>\n<\/ul>\n<h6><em>Ropa de deportes apretada del sudor de la sauna corriente de la yoga de la aptitud del entrenamiento de las mujeres<\/em><\/h6>\n<ul>\n<li>Nuestras chaquetas y pantalones de sauna para mujer son una combinaci\u00f3n de estilo, comodidad y funcionalidad. Para los mayoristas que buscan ofrecer productos de primer nivel que resuenen con las \u00faltimas tendencias de fitness, este traje de sauna moldeador de cuerpo es imprescindible.<\/li>\n<li>Con opciones de personalizaci\u00f3n, una variedad de tama\u00f1os y la promesa de entrega r\u00e1pida, es una valiosa adici\u00f3n a su inventario. Sum\u00e9rgete en el mundo del comercio mayorista con esta pieza destacada. \u00a1Ordenar hoy!<\/li>\n<\/ul>","protected":false},"excerpt":{"rendered":"<ul>\n<li>Tummy-control sports sauna sweat jackets and pants, Stylish patchwork style.<\/li>\n<li>Customized for intense workouts. Sweat rate increased by 2.5 times.<\/li>\n<\/ul>","protected":false},"featured_media":3109,"comment_status":"open","ping_status":"closed","template":"","meta":{"site-sidebar-layout":"default","site-content-layout":"default","ast-site-content-layout":"default","site-content-style":"default","site-sidebar-style":"default","ast-global-header-display":"","ast-banner-title-visibility":"","ast-main-header-display":"","ast-hfb-above-header-display":"","ast-hfb-below-header-display":"","ast-hfb-mobile-header-display":"","site-post-title":"","ast-breadcrumbs-content":"","ast-featured-img":"","footer-sml-layout":"","ast-disable-related-posts":"","theme-transparent-header-meta":"default","adv-header-id-meta":"","stick-header-meta":"default","header-above-stick-meta":"","header-main-stick-meta":"","header-below-stick-meta":"","astra-migrate-meta-layouts":"set","ast-page-background-enabled":"default","ast-page-background-meta":{"desktop":{"background-color":"","background-image":"","background-repeat":"repeat","background-position":"center center","background-size":"auto","background-attachment":"scroll","background-type":"","background-media":"","overlay-type":"","overlay-color":"","overlay-opacity":"","overlay-gradient":""},"tablet":{"background-color":"","background-image":"","background-repeat":"repeat","background-position":"center center","background-size":"auto","background-attachment":"scroll","background-type":"","background-media":"","overlay-type":"","overlay-color":"","overlay-opacity":"","overlay-gradient":""},"mobile":{"background-color":"","background-image":"","background-repeat":"repeat","background-position":"center center","background-size":"auto","background-attachment":"scroll","background-type":"","background-media":"","overlay-type":"","overlay-color":"","overlay-opacity":"","overlay-gradient":""}},"ast-content-background-meta":{"desktop":{"background-color":"var(--ast-global-color-5)","background-image":"","background-repeat":"repeat","background-position":"center center","background-size":"auto","background-attachment":"scroll","background-type":"","background-media":"","overlay-type":"","overlay-color":"","overlay-opacity":"","overlay-gradient":""},"tablet":{"background-color":"var(--ast-global-color-5)","background-image":"","background-repeat":"repeat","background-position":"center center","background-size":"auto","background-attachment":"scroll","background-type":"","background-media":"","overlay-type":"","overlay-color":"","overlay-opacity":"","overlay-gradient":""},"mobile":{"background-color":"var(--ast-global-color-5)","background-image":"","background-repeat":"repeat","background-position":"center center","background-size":"auto","background-attachment":"scroll","background-type":"","background-media":"","overlay-type":"","overlay-color":"","overlay-opacity":"","overlay-gradient":""}}},"product_brand":[],"product_cat":[65,97,102,98,99],"product_tag":[187,135,549,148,185,184],"class_list":{"0":"post-3102","1":"product","2":"type-product","3":"status-publish","4":"has-post-thumbnail","6":"product_cat-best-sellers","7":"product_cat-sauna-suit","8":"product_cat-full-body-sweat-suit","9":"product_cat-sauna-jacket","10":"product_cat-sauna-pants","11":"product_tag-2-in-1","12":"product_tag-all-in-one","13":"product_tag-gym","14":"product_tag-one-piece","15":"product_tag-workout","16":"product_tag-zipper","17":"pa_color-blue","18":"pa_color-silver","19":"pa_size-l","20":"pa_size-m","21":"pa_size-xl","22":"pa_size-xxl","23":"pa_size-xxxl","24":"desktop-align-center","25":"tablet-align-left","26":"mobile-align-left","27":"ast-product-gallery-layout-horizontal-slider","28":"ast-product-single-variable","29":"ast-product-tabs-layout-horizontal","30":"ast-qv-on-image","32":"first","33":"instock","34":"shipping-taxable","35":"purchasable","36":"product-type-variable"},"tiered_pricing_type":"fixed","tiered_pricing_fixed_rules":{"20":13,"100":12,"200":11},"tiered_pricing_product_settings":{"layout":"default","base_unit_name":{"singular":null,"plural":null},"default_variation":{}},"tiered_pricing_minimum_quantity":null,"tiered_pricing_roles_data":[],"tiered_pricing_percentage_rules":[],"_links":{"self":[{"href":"https:\/\/yume-silm.com\/es\/wp-json\/wp\/v2\/product\/3102","targetHints":{"allow":["GET"]}}],"collection":[{"href":"https:\/\/yume-silm.com\/es\/wp-json\/wp\/v2\/product"}],"about":[{"href":"https:\/\/yume-silm.com\/es\/wp-json\/wp\/v2\/types\/product"}],"replies":[{"embeddable":true,"href":"https:\/\/yume-silm.com\/es\/wp-json\/wp\/v2\/comments?post=3102"}],"wp:featuredmedia":[{"embeddable":true,"href":"https:\/\/yume-silm.com\/es\/wp-json\/wp\/v2\/media\/3109"}],"wp:attachment":[{"href":"https:\/\/yume-silm.com\/es\/wp-json\/wp\/v2\/media?parent=3102"}],"wp:term":[{"taxonomy":"product_brand","embeddable":true,"href":"https:\/\/yume-silm.com\/es\/wp-json\/wp\/v2\/product_brand?post=3102"},{"taxonomy":"product_cat","embeddable":true,"href":"https:\/\/yume-silm.com\/es\/wp-json\/wp\/v2\/product_cat?post=3102"},{"taxonomy":"product_tag","embeddable":true,"href":"https:\/\/yume-silm.com\/es\/wp-json\/wp\/v2\/product_tag?post=3102"}],"curies":[{"name":"wp","href":"https:\/\/api.w.org\/{rel}","templated":true}]}}