{"id":3154,"date":"2023-05-20T02:27:19","date_gmt":"2023-05-20T02:27:19","guid":{"rendered":"https:\/\/yume-silm.com\/?post_type=product&#038;p=3154"},"modified":"2024-08-27T07:38:49","modified_gmt":"2024-08-27T07:38:49","slug":"calzoncillos-moldeadores-de-cintura-alta-con-almohadillas-de-cadera-para-hombre","status":"publish","type":"product","link":"https:\/\/yume-silm.com\/es\/producto-2\/calzoncillos-moldeadores-de-cintura-alta-con-almohadillas-de-cadera-para-hombre\/","title":{"rendered":"Venta al por mayor de pantalones cortos moldeadores de cintura alta para hombres: mejorados con almohadillas para las caderas"},"content":{"rendered":"<h5>Caracteristicas de dise\u00f1o<\/h5>\n<ul>\n<li><b>Dise\u00f1o de cintura alta:<\/b> Ofrece un mejor control y modelado del abdomen, asegurando una apariencia elegante bajo cualquier vestimenta.<\/li>\n<li><b>Ganchos de 3 capas:<\/b> El sistema ajustable se adapta a distintos tipos de cuerpo, garantizando un ajuste personalizado para cada individuo.<\/li>\n<li><b>Almohadillas para la cadera:<\/b> Mejora la forma y brinda soporte adicional, enfatizando su compromiso con la calidad y los productos orientados a resultados.<\/li>\n<li><b>Material de alta elasticidad:<\/b> Confeccionado con nailon y spandex, promete flexibilidad y comodidad durante todo el d\u00eda.<\/li>\n<li><b>Potenciador de ganancias:<\/b> Un producto dise\u00f1ado para satisfacer las crecientes demandas del mercado de fajas para hombres, posicionando su negocio para aumentar las ventas.<\/li>\n<\/ul>\n<p>En resumen, nuestros shorts moldeadores de cintura alta con almohadillas para cadera para hombre combinan estilo, comodidad y funcionalidad. Para mayoristas que buscan ofrecer productos de primera calidad que se ajusten a las \u00faltimas tendencias de la moda, esta faja es imprescindible. Con opciones de personalizaci\u00f3n, variedad de tallas y la promesa de una entrega r\u00e1pida, es una valiosa adici\u00f3n a su inventario. Sum\u00e9rjase en el mundo de la venta al por mayor con esta prenda excepcional. \u00a1P\u00eddala hoy mismo!<\/p>","protected":false},"excerpt":{"rendered":"<p>Descubre nuestros shorts moldeadores de cintura alta para hombre, dise\u00f1ados para el hombre moderno. Con un sistema de ganchos de 3 capas y almohadillas para la cadera, estos shorts ofrecen una forma y comodidad superiores. Confeccionados con una mezcla de nailon y elastano, garantizan un ajuste perfecto, lo que los convierte en la opci\u00f3n ideal para quienes buscan una silueta estilizada.<\/p>","protected":false},"featured_media":3171,"comment_status":"open","ping_status":"closed","template":"","meta":{"site-sidebar-layout":"default","site-content-layout":"default","ast-site-content-layout":"default","site-content-style":"default","site-sidebar-style":"default","ast-global-header-display":"","ast-banner-title-visibility":"","ast-main-header-display":"","ast-hfb-above-header-display":"","ast-hfb-below-header-display":"","ast-hfb-mobile-header-display":"","site-post-title":"","ast-breadcrumbs-content":"","ast-featured-img":"","footer-sml-layout":"","ast-disable-related-posts":"","theme-transparent-header-meta":"default","adv-header-id-meta":"","stick-header-meta":"default","header-above-stick-meta":"","header-main-stick-meta":"","header-below-stick-meta":"","astra-migrate-meta-layouts":"set","ast-page-background-enabled":"default","ast-page-background-meta":{"desktop":{"background-color":"","background-image":"","background-repeat":"repeat","background-position":"center center","background-size":"auto","background-attachment":"scroll","background-type":"","background-media":"","overlay-type":"","overlay-color":"","overlay-opacity":"","overlay-gradient":""},"tablet":{"background-color":"","background-image":"","background-repeat":"repeat","background-position":"center center","background-size":"auto","background-attachment":"scroll","background-type":"","background-media":"","overlay-type":"","overlay-color":"","overlay-opacity":"","overlay-gradient":""},"mobile":{"background-color":"","background-image":"","background-repeat":"repeat","background-position":"center center","background-size":"auto","background-attachment":"scroll","background-type":"","background-media":"","overlay-type":"","overlay-color":"","overlay-opacity":"","overlay-gradient":""}},"ast-content-background-meta":{"desktop":{"background-color":"var(--ast-global-color-5)","background-image":"","background-repeat":"repeat","background-position":"center center","background-size":"auto","background-attachment":"scroll","background-type":"","background-media":"","overlay-type":"","overlay-color":"","overlay-opacity":"","overlay-gradient":""},"tablet":{"background-color":"var(--ast-global-color-5)","background-image":"","background-repeat":"repeat","background-position":"center center","background-size":"auto","background-attachment":"scroll","background-type":"","background-media":"","overlay-type":"","overlay-color":"","overlay-opacity":"","overlay-gradient":""},"mobile":{"background-color":"var(--ast-global-color-5)","background-image":"","background-repeat":"repeat","background-position":"center center","background-size":"auto","background-attachment":"scroll","background-type":"","background-media":"","overlay-type":"","overlay-color":"","overlay-opacity":"","overlay-gradient":""}}},"product_brand":[],"product_cat":[65,76,85,87],"product_tag":[187,699,726,139,866,134,154],"class_list":{"0":"post-3154","1":"product","2":"type-product","3":"status-publish","4":"has-post-thumbnail","6":"product_cat-best-sellers","7":"product_cat-new-arrivels","8":"product_cat-wholesale-mens-shapewear","9":"product_cat-wholesale-men-control-panties","10":"product_tag-2-in-1","11":"product_tag-comfort","12":"product_tag-fashion","13":"product_tag-high-waist","14":"product_tag-hip-pads","15":"product_tag-tummy-tucker","16":"product_tag-with-hooks","17":"pa_color-beige","18":"pa_color-black","19":"pa_size-l","20":"pa_size-m","21":"pa_size-s","22":"pa_size-xl","23":"pa_size-xxl","24":"pa_size-xxxl","25":"desktop-align-center","26":"tablet-align-left","27":"mobile-align-left","28":"ast-product-gallery-layout-horizontal-slider","29":"ast-product-single-variable","30":"ast-product-tabs-layout-horizontal","31":"ast-qv-on-image","33":"first","34":"instock","35":"shipping-taxable","36":"purchasable","37":"product-type-variable"},"tiered_pricing_type":"fixed","tiered_pricing_fixed_rules":{"2":5.09,"50":4.79,"300":3.99},"tiered_pricing_product_settings":{"layout":"default","base_unit_name":{"singular":null,"plural":null},"default_variation":{}},"tiered_pricing_minimum_quantity":null,"tiered_pricing_roles_data":[],"tiered_pricing_percentage_rules":[],"_links":{"self":[{"href":"https:\/\/yume-silm.com\/es\/wp-json\/wp\/v2\/product\/3154","targetHints":{"allow":["GET"]}}],"collection":[{"href":"https:\/\/yume-silm.com\/es\/wp-json\/wp\/v2\/product"}],"about":[{"href":"https:\/\/yume-silm.com\/es\/wp-json\/wp\/v2\/types\/product"}],"replies":[{"embeddable":true,"href":"https:\/\/yume-silm.com\/es\/wp-json\/wp\/v2\/comments?post=3154"}],"wp:featuredmedia":[{"embeddable":true,"href":"https:\/\/yume-silm.com\/es\/wp-json\/wp\/v2\/media\/3171"}],"wp:attachment":[{"href":"https:\/\/yume-silm.com\/es\/wp-json\/wp\/v2\/media?parent=3154"}],"wp:term":[{"taxonomy":"product_brand","embeddable":true,"href":"https:\/\/yume-silm.com\/es\/wp-json\/wp\/v2\/product_brand?post=3154"},{"taxonomy":"product_cat","embeddable":true,"href":"https:\/\/yume-silm.com\/es\/wp-json\/wp\/v2\/product_cat?post=3154"},{"taxonomy":"product_tag","embeddable":true,"href":"https:\/\/yume-silm.com\/es\/wp-json\/wp\/v2\/product_tag?post=3154"}],"curies":[{"name":"wp","href":"https:\/\/api.w.org\/{rel}","templated":true}]}}