{"id":3224,"date":"2023-05-22T03:49:05","date_gmt":"2023-05-22T03:49:05","guid":{"rendered":"https:\/\/yume-silm.com\/?post_type=product&#038;p=3224"},"modified":"2024-04-25T08:42:32","modified_gmt":"2024-04-25T08:42:32","slug":"camiseta-de-manga-larga-con-tirantes-para-hombre","status":"publish","type":"product","link":"https:\/\/yume-silm.com\/es\/producto-2\/camiseta-de-manga-larga-con-tirantes-para-hombre\/","title":{"rendered":"Venta al por mayor Camiseta moldeadora de manga larga para hombre: Dise\u00f1o moldeador de brazo acanalado"},"content":{"rendered":"<h5>Caracteristicas de dise\u00f1o<\/h5>\n<ul>\n<li><strong>FAJERAS DE COMPRESI\u00d3N DE MANGA LARGA:<\/strong> Nuestro moldeador corporal de manga larga y compresi\u00f3n adelgazante para hombres satisfar\u00e1 sus necesidades de compresi\u00f3n del pecho, control abdominal, ocultaci\u00f3n de la grasa de la cintura, soporte para enderezar la espalda y modelado general de los m\u00fasculos de los brazos largos, lo que lo har\u00e1 lucir muy en\u00e9rgico en general. Una incorporaci\u00f3n \u00fanica a su gama de productos para moldear el cuerpo que satisface la creciente demanda de prendas moldeadoras para hombres.<\/li>\n<li><strong>HILO EL\u00c1STICO DE NYLON 70D:<\/strong> Nuestro moldeador de abdomen y abdominales de compresi\u00f3n para hombre est\u00e1 confeccionado con material el\u00e1stico de primera calidad para garantizar durabilidad y un ajuste c\u00f3modo, mejorando su reputaci\u00f3n de productos de calidad.<\/li>\n<li><strong>DISE\u00d1O DE CUELLO CUIDADO:<\/strong> El dise\u00f1o de cuello redondo de la faja moldeadora de manga larga con compresi\u00f3n central es natural y moderno, y resalta tu atractivo rostro. Muy atractivo para invitados modernos y a la moda.<\/li>\n<li><strong>FORMA DE BRAZO ACANALADO:<\/strong> La forma mejorada del brazo distingue a este moldeador de cuerpo de entrenamiento de manga larga para hombres de otros productos est\u00e1ndar.<\/li>\n<li><strong>IMPULSOR DE GANANCIAS:<\/strong> Satisfaga la creciente demanda de camisetas de compresi\u00f3n para hombre elegantes y c\u00f3modas, camisetas interiores, camisetas de entrenamiento m\u00e1s delgadas, moldeadores corporales sin costuras y posicione su negocio para aumentar las ventas.<\/li>\n<\/ul>\n<h6><em>Top de compresi\u00f3n de manga larga para hombre con control abdominal.<\/em><\/h6>\n<ul>\n<li>Nuestra camiseta moldeadora de manga larga para hombre con brazo acanalado es una combinaci\u00f3n de estilo, comodidad y funcionalidad. Para los mayoristas que buscan ofrecer productos de primer nivel que resuenen con las \u00faltimas tendencias de la moda, esta camisa de compresi\u00f3n de manga larga para hombre es imprescindible.<\/li>\n<li>Con opciones de personalizaci\u00f3n, una variedad de tama\u00f1os y la promesa de entrega r\u00e1pida, es una valiosa adici\u00f3n a su inventario. Sum\u00e9rgete en el mundo del comercio mayorista con esta pieza destacada. \u00a1Ordenar hoy!<\/li>\n<\/ul>","protected":false},"excerpt":{"rendered":"<p>Mejora tu colecci\u00f3n con nuestra camiseta moldeadora de manga larga para hombre. Dise\u00f1ada con mangas acanaladas y confeccionada con hilo el\u00e1stico de nailon 70D, esta camiseta ofrece estilo y comodidad. El dise\u00f1o de cuello redondo a\u00f1ade un toque de estilo moderno, lo que lo convierte en la mejor opci\u00f3n para los hombres vanguardistas.<\/p>","protected":false},"featured_media":3250,"comment_status":"open","ping_status":"closed","template":"","meta":{"site-sidebar-layout":"default","site-content-layout":"default","ast-site-content-layout":"default","site-content-style":"default","site-sidebar-style":"default","ast-global-header-display":"","ast-banner-title-visibility":"","ast-main-header-display":"","ast-hfb-above-header-display":"","ast-hfb-below-header-display":"","ast-hfb-mobile-header-display":"","site-post-title":"","ast-breadcrumbs-content":"","ast-featured-img":"","footer-sml-layout":"","ast-disable-related-posts":"","theme-transparent-header-meta":"default","adv-header-id-meta":"","stick-header-meta":"default","header-above-stick-meta":"","header-main-stick-meta":"","header-below-stick-meta":"","astra-migrate-meta-layouts":"set","ast-page-background-enabled":"default","ast-page-background-meta":{"desktop":{"background-color":"","background-image":"","background-repeat":"repeat","background-position":"center center","background-size":"auto","background-attachment":"scroll","background-type":"","background-media":"","overlay-type":"","overlay-color":"","overlay-opacity":"","overlay-gradient":""},"tablet":{"background-color":"","background-image":"","background-repeat":"repeat","background-position":"center center","background-size":"auto","background-attachment":"scroll","background-type":"","background-media":"","overlay-type":"","overlay-color":"","overlay-opacity":"","overlay-gradient":""},"mobile":{"background-color":"","background-image":"","background-repeat":"repeat","background-position":"center center","background-size":"auto","background-attachment":"scroll","background-type":"","background-media":"","overlay-type":"","overlay-color":"","overlay-opacity":"","overlay-gradient":""}},"ast-content-background-meta":{"desktop":{"background-color":"var(--ast-global-color-5)","background-image":"","background-repeat":"repeat","background-position":"center center","background-size":"auto","background-attachment":"scroll","background-type":"","background-media":"","overlay-type":"","overlay-color":"","overlay-opacity":"","overlay-gradient":""},"tablet":{"background-color":"var(--ast-global-color-5)","background-image":"","background-repeat":"repeat","background-position":"center center","background-size":"auto","background-attachment":"scroll","background-type":"","background-media":"","overlay-type":"","overlay-color":"","overlay-opacity":"","overlay-gradient":""},"mobile":{"background-color":"var(--ast-global-color-5)","background-image":"","background-repeat":"repeat","background-position":"center center","background-size":"auto","background-attachment":"scroll","background-type":"","background-media":"","overlay-type":"","overlay-color":"","overlay-opacity":"","overlay-gradient":""}}},"product_brand":[],"product_cat":[65,76,85,88],"product_tag":[568,183,503,185],"class_list":{"0":"post-3224","1":"product","2":"type-product","3":"status-publish","4":"has-post-thumbnail","6":"product_cat-best-sellers","7":"product_cat-new-arrivels","8":"product_cat-wholesale-mens-shapewear","9":"product_cat-wholesale-men-t-shirt-shaper","10":"product_tag-compression-top","11":"product_tag-long-sleeve","12":"product_tag-round-neck","13":"product_tag-workout","14":"pa_color-black","15":"pa_color-blue","16":"pa_color-white","17":"pa_size-4xl","18":"pa_size-l","19":"pa_size-m","20":"pa_size-s","21":"pa_size-xl","22":"pa_size-xs","23":"pa_size-xxl","24":"pa_size-xxxl","25":"desktop-align-center","26":"tablet-align-left","27":"mobile-align-left","28":"ast-product-gallery-layout-horizontal-slider","29":"ast-product-single-variable","30":"ast-product-tabs-layout-horizontal","31":"ast-qv-on-image","33":"first","34":"instock","35":"shipping-taxable","36":"purchasable","37":"product-type-variable"},"tiered_pricing_type":"fixed","tiered_pricing_fixed_rules":{"2":5.79,"50":5.39,"300":4.49},"tiered_pricing_product_settings":{"layout":"default","base_unit_name":{"singular":null,"plural":null},"default_variation":{}},"tiered_pricing_minimum_quantity":null,"tiered_pricing_roles_data":[],"tiered_pricing_percentage_rules":[],"_links":{"self":[{"href":"https:\/\/yume-silm.com\/es\/wp-json\/wp\/v2\/product\/3224","targetHints":{"allow":["GET"]}}],"collection":[{"href":"https:\/\/yume-silm.com\/es\/wp-json\/wp\/v2\/product"}],"about":[{"href":"https:\/\/yume-silm.com\/es\/wp-json\/wp\/v2\/types\/product"}],"replies":[{"embeddable":true,"href":"https:\/\/yume-silm.com\/es\/wp-json\/wp\/v2\/comments?post=3224"}],"wp:featuredmedia":[{"embeddable":true,"href":"https:\/\/yume-silm.com\/es\/wp-json\/wp\/v2\/media\/3250"}],"wp:attachment":[{"href":"https:\/\/yume-silm.com\/es\/wp-json\/wp\/v2\/media?parent=3224"}],"wp:term":[{"taxonomy":"product_brand","embeddable":true,"href":"https:\/\/yume-silm.com\/es\/wp-json\/wp\/v2\/product_brand?post=3224"},{"taxonomy":"product_cat","embeddable":true,"href":"https:\/\/yume-silm.com\/es\/wp-json\/wp\/v2\/product_cat?post=3224"},{"taxonomy":"product_tag","embeddable":true,"href":"https:\/\/yume-silm.com\/es\/wp-json\/wp\/v2\/product_tag?post=3224"}],"curies":[{"name":"wp","href":"https:\/\/api.w.org\/{rel}","templated":true}]}}