{"id":3388,"date":"2023-05-29T04:04:48","date_gmt":"2023-05-29T04:04:48","guid":{"rendered":"https:\/\/yume-silm.com\/?post_type=product&#038;p=3388"},"modified":"2024-03-11T06:48:09","modified_gmt":"2024-03-11T06:48:09","slug":"faja-ligera-de-una-pieza-de-facil-ajuste","status":"publish","type":"product","link":"https:\/\/yume-silm.com\/es\/producto-2\/faja-ligera-de-una-pieza-de-facil-ajuste\/","title":{"rendered":"Venta al por mayor Fajas ligeras de una pieza: Control de doble capa"},"content":{"rendered":"<h5>Caracteristicas de dise\u00f1o<\/h5>\n<ol>\n<li><strong>Fajas de una pieza:<\/strong> El dise\u00f1o del body moldeador sin espalda es simple, ligero, moderno y elegante. Las correas de los hombros cuentan con la comodidad de un f\u00e1cil ajuste, lo que garantiza un ajuste perfecto para todo tipo de cuerpo y brinda comodidad y soporte personalizados.<\/li>\n<li><strong>Pantalones cortos adelgazantes de compresi\u00f3n de doble capa:<\/strong> \u00bfQuieres una figura parecida a una celebridad? Nuestro body moldeador negro cuenta con capas dobles de tela de primera calidad para mejorar la forma, proporcionando un control superior y una elasticidad duradera. Ayudarle a lograr un vientre suave, gl\u00fateos alegres, una espalda hermosa, etc.<\/li>\n<li><strong>Antideslizante de silicona:<\/strong> El body moldeador con sujetador tiene un dise\u00f1o antideslizante de silicona que garantiza que el body moldeador beige permanezca en su lugar durante todo el d\u00eda, evitando que se mueva o se sienta inc\u00f3modo.<\/li>\n<li><strong>Las tendencias del mercado:<\/strong> Nuestro body moldeador con cors\u00e9 est\u00e1 en l\u00ednea con la tendencia actual del mercado de body moldeador con espalda cruzada ligero, c\u00f3modo y eficaz, lo que garantiza que su gama se mantenga actualizada y tenga demanda. Puedes elegir esta prenda moldeadora econ\u00f3mica, f\u00e1cil de usar, c\u00f3moda y ajustada. Env\u00edalo a amigos o familiares, asiste a citas o fiestas, etc., \u00a1siempre ser\u00e1s la m\u00e1s bella y segura!<\/li>\n<\/ol>\n<h6><em>Los mejores monos fajas adelgazantes para mujeres de talla grande<\/em><\/h6>\n<p>Nuestra faja ligera de una pieza con f\u00e1cil ajuste es una incorporaci\u00f3n vers\u00e1til y esencial a su colecci\u00f3n mayorista. Ofreciendo una combinaci\u00f3n de comodidad, estilo y funcionalidad, satisface las necesidades de los consumidores de hoy, garantizando satisfacci\u00f3n y repetici\u00f3n de negocios. \u00a1Haga su pedido ahora para mejorar su gama de productos y aumentar sus ventas!<\/p>","protected":false},"excerpt":{"rendered":"<p>Descubra nuestras fajas ligeras de una sola pieza, una soluci\u00f3n sin costuras para una silueta impecable. Con f\u00e1cil ajuste, tejido de doble capa y caracter\u00edsticas antideslizantes de silicona, garantiza un ajuste perfecto y comodidad durante todo el d\u00eda. Ideal para usar debajo de cualquier atuendo, es imprescindible para tu colecci\u00f3n.<\/p>","protected":false},"featured_media":3399,"comment_status":"open","ping_status":"closed","template":"","meta":{"site-sidebar-layout":"default","site-content-layout":"default","ast-site-content-layout":"default","site-content-style":"default","site-sidebar-style":"default","ast-global-header-display":"","ast-banner-title-visibility":"","ast-main-header-display":"","ast-hfb-above-header-display":"","ast-hfb-below-header-display":"","ast-hfb-mobile-header-display":"","site-post-title":"","ast-breadcrumbs-content":"","ast-featured-img":"","footer-sml-layout":"","ast-disable-related-posts":"","theme-transparent-header-meta":"default","adv-header-id-meta":"","stick-header-meta":"default","header-above-stick-meta":"","header-main-stick-meta":"","header-below-stick-meta":"","astra-migrate-meta-layouts":"set","ast-page-background-enabled":"default","ast-page-background-meta":{"desktop":{"background-color":"","background-image":"","background-repeat":"repeat","background-position":"center center","background-size":"auto","background-attachment":"scroll","background-type":"","background-media":"","overlay-type":"","overlay-color":"","overlay-opacity":"","overlay-gradient":""},"tablet":{"background-color":"","background-image":"","background-repeat":"repeat","background-position":"center center","background-size":"auto","background-attachment":"scroll","background-type":"","background-media":"","overlay-type":"","overlay-color":"","overlay-opacity":"","overlay-gradient":""},"mobile":{"background-color":"","background-image":"","background-repeat":"repeat","background-position":"center center","background-size":"auto","background-attachment":"scroll","background-type":"","background-media":"","overlay-type":"","overlay-color":"","overlay-opacity":"","overlay-gradient":""}},"ast-content-background-meta":{"desktop":{"background-color":"var(--ast-global-color-5)","background-image":"","background-repeat":"repeat","background-position":"center center","background-size":"auto","background-attachment":"scroll","background-type":"","background-media":"","overlay-type":"","overlay-color":"","overlay-opacity":"","overlay-gradient":""},"tablet":{"background-color":"var(--ast-global-color-5)","background-image":"","background-repeat":"repeat","background-position":"center center","background-size":"auto","background-attachment":"scroll","background-type":"","background-media":"","overlay-type":"","overlay-color":"","overlay-opacity":"","overlay-gradient":""},"mobile":{"background-color":"var(--ast-global-color-5)","background-image":"","background-repeat":"repeat","background-position":"center center","background-size":"auto","background-attachment":"scroll","background-type":"","background-media":"","overlay-type":"","overlay-color":"","overlay-opacity":"","overlay-gradient":""}}},"product_brand":[],"product_cat":[65,76,77,79,78],"product_tag":[135,142,148,144],"class_list":{"0":"post-3388","1":"product","2":"type-product","3":"status-publish","4":"has-post-thumbnail","6":"product_cat-best-sellers","7":"product_cat-new-arrivels","8":"product_cat-wholesale-womens-shapewear","9":"product_cat-wholesale-seemless-shaperwear","10":"product_cat-wholesale-full-body-shaper","11":"product_tag-all-in-one","12":"product_tag-low-back","13":"product_tag-one-piece","14":"product_tag-slip","15":"pa_color-beige","16":"pa_color-black","17":"pa_size-l","18":"pa_size-m","19":"pa_size-s","20":"pa_size-xl","21":"desktop-align-center","22":"tablet-align-left","23":"mobile-align-left","24":"ast-product-gallery-layout-horizontal-slider","25":"ast-product-single-variable","26":"ast-product-tabs-layout-horizontal","27":"ast-qv-on-image","29":"first","30":"instock","31":"shipping-taxable","32":"purchasable","33":"product-type-variable"},"tiered_pricing_type":"fixed","tiered_pricing_fixed_rules":{"2":8.39,"30":7.79,"500":6.59},"tiered_pricing_product_settings":{"layout":"default","base_unit_name":{"singular":null,"plural":null},"default_variation":{}},"tiered_pricing_minimum_quantity":null,"tiered_pricing_roles_data":[],"tiered_pricing_percentage_rules":[],"_links":{"self":[{"href":"https:\/\/yume-silm.com\/es\/wp-json\/wp\/v2\/product\/3388","targetHints":{"allow":["GET"]}}],"collection":[{"href":"https:\/\/yume-silm.com\/es\/wp-json\/wp\/v2\/product"}],"about":[{"href":"https:\/\/yume-silm.com\/es\/wp-json\/wp\/v2\/types\/product"}],"replies":[{"embeddable":true,"href":"https:\/\/yume-silm.com\/es\/wp-json\/wp\/v2\/comments?post=3388"}],"wp:featuredmedia":[{"embeddable":true,"href":"https:\/\/yume-silm.com\/es\/wp-json\/wp\/v2\/media\/3399"}],"wp:attachment":[{"href":"https:\/\/yume-silm.com\/es\/wp-json\/wp\/v2\/media?parent=3388"}],"wp:term":[{"taxonomy":"product_brand","embeddable":true,"href":"https:\/\/yume-silm.com\/es\/wp-json\/wp\/v2\/product_brand?post=3388"},{"taxonomy":"product_cat","embeddable":true,"href":"https:\/\/yume-silm.com\/es\/wp-json\/wp\/v2\/product_cat?post=3388"},{"taxonomy":"product_tag","embeddable":true,"href":"https:\/\/yume-silm.com\/es\/wp-json\/wp\/v2\/product_tag?post=3388"}],"curies":[{"name":"wp","href":"https:\/\/api.w.org\/{rel}","templated":true}]}}