{"id":3403,"date":"2023-05-29T05:48:24","date_gmt":"2023-05-29T05:48:24","guid":{"rendered":"https:\/\/yume-silm.com\/?post_type=product&#038;p=3403"},"modified":"2024-11-08T08:55:04","modified_gmt":"2024-11-08T08:55:04","slug":"body-malla-de-manga-larga-transpirable-negro","status":"publish","type":"product","link":"https:\/\/yume-silm.com\/es\/producto-2\/body-malla-de-manga-larga-transpirable-negro\/","title":{"rendered":"Body moldeador de malla transpirable de manga larga negro al por mayor"},"content":{"rendered":"<h5>Caracteristicas de dise\u00f1o<\/h5>\n<ol>\n<li><strong>Body moldeador de cuerpo:<\/strong> Una pieza vers\u00e1til que puede enriquecer tu colecci\u00f3n, el body moldeador de malla transpirable de manga larga negro satisface las necesidades de diferentes clientes e impulsa las ventas.<\/li>\n<li><strong>Mangas largas negras:<\/strong> Body moldeador de tanga de encaje con control de barriga y elegantes mangas largas en un tono negro vers\u00e1til que a\u00f1ade un toque elegante y realza el atractivo del producto.<\/li>\n<li><strong>Malla transpirable:<\/strong> Body de tanga moldeador de manga larga que prioriza la comodidad y la resistencia a la abrasi\u00f3n, esta caracter\u00edstica atrae a quienes buscan prendas moldeadoras no restrictivas.<\/li>\n<li><strong>Moda vanguardista:<\/strong> Los dise\u00f1os modernos de los moldeadores de cuerpo de manga larga se alinean con las tendencias actuales, posicionando a su empresa como un proveedor consciente de las tendencias.<\/li>\n<li><strong>Versatilidad:<\/strong> Este body moldeador de manga larga combina funcionalidad y estilo, lo que lo convierte en una propuesta atractiva para los clientes y lo convierte en un \u00e9xito de ventas potencial.<\/li>\n<\/ol>\n<h6><em>Body de tanga moldeador de manga larga para uso diario para mujer<\/em><\/h6>\n<ul>\n<li>Nuestro body moldeador negro de malla transpirable de manga larga es una combinaci\u00f3n de estilo, comodidad y funcionalidad.<\/li>\n<li>Para los mayoristas que buscan ofrecer productos de primer nivel que resuenen con las \u00faltimas tendencias de la moda, este body tipo tanga es imprescindible.<\/li>\n<li>Con opciones de personalizaci\u00f3n, una variedad de tama\u00f1os y la promesa de entrega r\u00e1pida, es una valiosa adici\u00f3n a su inventario.<\/li>\n<li>Sum\u00e9rgete en el mundo del comercio mayorista con esta pieza destacada. \u00a1Ordenar hoy!<\/li>\n<\/ul>","protected":false},"excerpt":{"rendered":"<p>Presentamos nuestro body moldeador de malla transpirable de manga larga negro. Confeccionado con malla transpirable, este body ofrece un efecto moldeador integral centrado en la comodidad. Dise\u00f1ado para realzar la silueta natural, es una adici\u00f3n elegante a cualquier guardarropa.<\/p>","protected":false},"featured_media":3409,"comment_status":"open","ping_status":"closed","template":"","meta":{"site-sidebar-layout":"default","site-content-layout":"default","ast-site-content-layout":"default","site-content-style":"default","site-sidebar-style":"default","ast-global-header-display":"","ast-banner-title-visibility":"","ast-main-header-display":"","ast-hfb-above-header-display":"","ast-hfb-below-header-display":"","ast-hfb-mobile-header-display":"","site-post-title":"","ast-breadcrumbs-content":"","ast-featured-img":"","footer-sml-layout":"","ast-disable-related-posts":"","theme-transparent-header-meta":"default","adv-header-id-meta":"","stick-header-meta":"default","header-above-stick-meta":"","header-main-stick-meta":"","header-below-stick-meta":"","astra-migrate-meta-layouts":"set","ast-page-background-enabled":"default","ast-page-background-meta":{"desktop":{"background-color":"","background-image":"","background-repeat":"repeat","background-position":"center center","background-size":"auto","background-attachment":"scroll","background-type":"","background-media":"","overlay-type":"","overlay-color":"","overlay-opacity":"","overlay-gradient":""},"tablet":{"background-color":"","background-image":"","background-repeat":"repeat","background-position":"center center","background-size":"auto","background-attachment":"scroll","background-type":"","background-media":"","overlay-type":"","overlay-color":"","overlay-opacity":"","overlay-gradient":""},"mobile":{"background-color":"","background-image":"","background-repeat":"repeat","background-position":"center center","background-size":"auto","background-attachment":"scroll","background-type":"","background-media":"","overlay-type":"","overlay-color":"","overlay-opacity":"","overlay-gradient":""}},"ast-content-background-meta":{"desktop":{"background-color":"var(--ast-global-color-5)","background-image":"","background-repeat":"repeat","background-position":"center center","background-size":"auto","background-attachment":"scroll","background-type":"","background-media":"","overlay-type":"","overlay-color":"","overlay-opacity":"","overlay-gradient":""},"tablet":{"background-color":"var(--ast-global-color-5)","background-image":"","background-repeat":"repeat","background-position":"center center","background-size":"auto","background-attachment":"scroll","background-type":"","background-media":"","overlay-type":"","overlay-color":"","overlay-opacity":"","overlay-gradient":""},"mobile":{"background-color":"var(--ast-global-color-5)","background-image":"","background-repeat":"repeat","background-position":"center center","background-size":"auto","background-attachment":"scroll","background-type":"","background-media":"","overlay-type":"","overlay-color":"","overlay-opacity":"","overlay-gradient":""}}},"product_brand":[],"product_cat":[65,76,77,82],"product_tag":[136,183,142,138],"class_list":{"0":"post-3403","1":"product","2":"type-product","3":"status-publish","4":"has-post-thumbnail","6":"product_cat-best-sellers","7":"product_cat-new-arrivels","8":"product_cat-wholesale-womens-shapewear","9":"product_cat-wholesale-shapewear-bodysuit","10":"product_tag-bridal","11":"product_tag-long-sleeve","12":"product_tag-low-back","13":"product_tag-thong","14":"pa_color-black","15":"pa_size-l","16":"pa_size-m","17":"pa_size-s","18":"desktop-align-center","19":"tablet-align-left","20":"mobile-align-left","21":"ast-product-gallery-layout-horizontal-slider","22":"ast-product-single-variable","23":"ast-product-tabs-layout-horizontal","24":"ast-qv-on-image","26":"first","27":"instock","28":"shipping-taxable","29":"purchasable","30":"product-type-variable"},"tiered_pricing_type":"fixed","tiered_pricing_fixed_rules":{"2":8.35,"30":7.79,"100":6.49},"tiered_pricing_product_settings":{"layout":"default","base_unit_name":{"singular":null,"plural":null},"default_variation":{}},"tiered_pricing_minimum_quantity":null,"tiered_pricing_roles_data":[],"tiered_pricing_percentage_rules":[],"_links":{"self":[{"href":"https:\/\/yume-silm.com\/es\/wp-json\/wp\/v2\/product\/3403","targetHints":{"allow":["GET"]}}],"collection":[{"href":"https:\/\/yume-silm.com\/es\/wp-json\/wp\/v2\/product"}],"about":[{"href":"https:\/\/yume-silm.com\/es\/wp-json\/wp\/v2\/types\/product"}],"replies":[{"embeddable":true,"href":"https:\/\/yume-silm.com\/es\/wp-json\/wp\/v2\/comments?post=3403"}],"wp:featuredmedia":[{"embeddable":true,"href":"https:\/\/yume-silm.com\/es\/wp-json\/wp\/v2\/media\/3409"}],"wp:attachment":[{"href":"https:\/\/yume-silm.com\/es\/wp-json\/wp\/v2\/media?parent=3403"}],"wp:term":[{"taxonomy":"product_brand","embeddable":true,"href":"https:\/\/yume-silm.com\/es\/wp-json\/wp\/v2\/product_brand?post=3403"},{"taxonomy":"product_cat","embeddable":true,"href":"https:\/\/yume-silm.com\/es\/wp-json\/wp\/v2\/product_cat?post=3403"},{"taxonomy":"product_tag","embeddable":true,"href":"https:\/\/yume-silm.com\/es\/wp-json\/wp\/v2\/product_tag?post=3403"}],"curies":[{"name":"wp","href":"https:\/\/api.w.org\/{rel}","templated":true}]}}