{"id":3464,"date":"2023-05-30T10:28:03","date_gmt":"2023-05-30T10:28:03","guid":{"rendered":"https:\/\/yume-silm.com\/?post_type=product&#038;p=3464"},"modified":"2024-11-08T08:54:41","modified_gmt":"2024-11-08T08:54:41","slug":"sauna-sweat-shorts-exercise-waist-trainer-body-shaper-thigh","status":"publish","type":"product","link":"https:\/\/yume-silm.com\/es\/producto-2\/sauna-sweat-shorts-exercise-waist-trainer-body-shaper-thigh\/","title":{"rendered":"Venta al por mayor Pantalones cortos de sudor para sauna: Entrenador de cintura adelgazante"},"content":{"rendered":"<h5>Caracteristicas de dise\u00f1o<\/h5>\n<ul>\n<li><strong>RESISTENTE A LA ABRASI\u00d3N:<\/strong> Los pantalones cortos de sauna adelgazantes est\u00e1n hechos de material de alta calidad con un dise\u00f1o s\u00faper el\u00e1stico, especialmente las costuras, para garantizar la durabilidad.<\/li>\n<li><strong>DISE\u00d1O DE CINTURA ALTA CON GANCHOS:<\/strong> La posici\u00f3n del abdomen de los pantalones cortos adelgazantes para sauna de sudor est\u00e1 dise\u00f1ada con cierre de gancho y bucle. Los pantalones cortos de sauna envolver\u00e1n todo el abdomen y la cintura, mejorando la forma y apoyando los muslos al mismo tiempo.<\/li>\n<li><strong>RECUBRIMIENTO DE PVC:<\/strong> Estos pantalones cortos de cintura alta para sauna con barriga est\u00e1n hechos de tela de PVC que absorbe el calor y eleva la temperatura corporal. Promueve la sudoraci\u00f3n y la quema de calor\u00edas para una p\u00e9rdida de peso efectiva durante su entrenamiento intencional o sesi\u00f3n de gimnasio.<\/li>\n<li><strong>USO DIARIO:<\/strong> Combina estos pantalones cortos de sauna para mujer con otros productos de sauna o ropa deportiva para retener el sudor y liberar calor en cualquier lugar.<\/li>\n<li><strong>RECUBRIMIENTO DE PVC:<\/strong> Estos pantalones cortos est\u00e1n confeccionados con tejido de PVC que absorbe el calor para aumentar la temperatura corporal. Por supuesto, te recomendamos que lo combines con una dieta saludable y ejercicio sensato, y pronto revelar\u00e1s tu perfecto cuerpo con curvas. Use perfectamente su talla y estilo de ropa favoritos, m\u00e1s seguro y hermoso en el c\u00f3ctel o fiesta, citas y otras ocasiones.<\/li>\n<li><strong>FORMA R\u00c1PIDA:<\/strong> Esta cintura t\u00e9rmica de entrenamiento de compresi\u00f3n adelgazante est\u00e1 dise\u00f1ada para cors\u00e9s de cintura y muslos. Te llevar\u00e1 darte cuenta de la compresi\u00f3n de la cintura, reduciendo el abdomen, levantando los gl\u00fateos y presentando las curvas perfectas.<\/li>\n<\/ul>\n<h6><em>Pantalones cortos de sudor para sauna corporal moldeador para mujer para bajar de peso<\/em><\/h6>\n<p>Nuestros pantalones cortos de sauna para ejercitar la cintura y el muslo son la combinaci\u00f3n ideal de estilo, comodidad y funcionalidad. Para los mayoristas que buscan ofrecer productos de primer nivel que se alineen con las \u00faltimas tendencias de fitness, este producto es imprescindible. Con sus caracter\u00edsticas y beneficios \u00fanicos, promete ser una valiosa adici\u00f3n a su inventario. Sum\u00e9rgete en el mundo del comercio mayorista con esta pieza destacada. \u00a1Ordenar hoy!<\/p>","protected":false},"excerpt":{"rendered":"<p>Experimenta el poder transformador de nuestros pantalones cortos para sauna. Dise\u00f1ados para hacer ejercicio y entrenar la cintura, estos pantalones cortos de sauna adelgazantes no solo mejoran tu silueta sino que tambi\u00e9n aumentan la quema de grasa. Con un dise\u00f1o exclusivo de elevaci\u00f3n de cadera, son el complemento perfecto para cualquier r\u00e9gimen de ejercicios.<\/p>","protected":false},"featured_media":3465,"comment_status":"open","ping_status":"closed","template":"","meta":{"site-sidebar-layout":"default","site-content-layout":"default","ast-site-content-layout":"default","site-content-style":"default","site-sidebar-style":"default","ast-global-header-display":"","ast-banner-title-visibility":"","ast-main-header-display":"","ast-hfb-above-header-display":"","ast-hfb-below-header-display":"","ast-hfb-mobile-header-display":"","site-post-title":"","ast-breadcrumbs-content":"","ast-featured-img":"","footer-sml-layout":"","ast-disable-related-posts":"","theme-transparent-header-meta":"default","adv-header-id-meta":"","stick-header-meta":"default","header-above-stick-meta":"","header-main-stick-meta":"","header-below-stick-meta":"","astra-migrate-meta-layouts":"set","ast-page-background-enabled":"default","ast-page-background-meta":{"desktop":{"background-color":"","background-image":"","background-repeat":"repeat","background-position":"center center","background-size":"auto","background-attachment":"scroll","background-type":"","background-media":"","overlay-type":"","overlay-color":"","overlay-opacity":"","overlay-gradient":""},"tablet":{"background-color":"","background-image":"","background-repeat":"repeat","background-position":"center center","background-size":"auto","background-attachment":"scroll","background-type":"","background-media":"","overlay-type":"","overlay-color":"","overlay-opacity":"","overlay-gradient":""},"mobile":{"background-color":"","background-image":"","background-repeat":"repeat","background-position":"center center","background-size":"auto","background-attachment":"scroll","background-type":"","background-media":"","overlay-type":"","overlay-color":"","overlay-opacity":"","overlay-gradient":""}},"ast-content-background-meta":{"desktop":{"background-color":"var(--ast-global-color-5)","background-image":"","background-repeat":"repeat","background-position":"center center","background-size":"auto","background-attachment":"scroll","background-type":"","background-media":"","overlay-type":"","overlay-color":"","overlay-opacity":"","overlay-gradient":""},"tablet":{"background-color":"var(--ast-global-color-5)","background-image":"","background-repeat":"repeat","background-position":"center center","background-size":"auto","background-attachment":"scroll","background-type":"","background-media":"","overlay-type":"","overlay-color":"","overlay-opacity":"","overlay-gradient":""},"mobile":{"background-color":"var(--ast-global-color-5)","background-image":"","background-repeat":"repeat","background-position":"center center","background-size":"auto","background-attachment":"scroll","background-type":"","background-media":"","overlay-type":"","overlay-color":"","overlay-opacity":"","overlay-gradient":""}}},"product_brand":[],"product_cat":[97,99],"product_tag":[187,136,139,525,154,185],"class_list":{"0":"post-3464","1":"product","2":"type-product","3":"status-publish","4":"has-post-thumbnail","6":"product_cat-sauna-suit","7":"product_cat-sauna-pants","8":"product_tag-2-in-1","9":"product_tag-bridal","10":"product_tag-high-waist","11":"product_tag-slim","12":"product_tag-with-hooks","13":"product_tag-workout","14":"pa_color-blue","15":"pa_color-silver","16":"pa_size-l","17":"pa_size-m","18":"pa_size-s","19":"pa_size-xl","20":"pa_size-xxl","21":"pa_size-xxxl","22":"desktop-align-center","23":"tablet-align-left","24":"mobile-align-left","25":"ast-product-gallery-layout-horizontal-slider","26":"ast-product-single-variable","27":"ast-product-tabs-layout-horizontal","28":"ast-qv-on-image","30":"first","31":"instock","32":"shipping-taxable","33":"purchasable","34":"product-type-variable"},"tiered_pricing_type":"fixed","tiered_pricing_fixed_rules":{"10":4.52,"50":4.15,"200":3.74},"tiered_pricing_product_settings":{"layout":"default","base_unit_name":{"singular":null,"plural":null},"default_variation":{}},"tiered_pricing_minimum_quantity":null,"tiered_pricing_roles_data":[],"tiered_pricing_percentage_rules":[],"_links":{"self":[{"href":"https:\/\/yume-silm.com\/es\/wp-json\/wp\/v2\/product\/3464","targetHints":{"allow":["GET"]}}],"collection":[{"href":"https:\/\/yume-silm.com\/es\/wp-json\/wp\/v2\/product"}],"about":[{"href":"https:\/\/yume-silm.com\/es\/wp-json\/wp\/v2\/types\/product"}],"replies":[{"embeddable":true,"href":"https:\/\/yume-silm.com\/es\/wp-json\/wp\/v2\/comments?post=3464"}],"wp:featuredmedia":[{"embeddable":true,"href":"https:\/\/yume-silm.com\/es\/wp-json\/wp\/v2\/media\/3465"}],"wp:attachment":[{"href":"https:\/\/yume-silm.com\/es\/wp-json\/wp\/v2\/media?parent=3464"}],"wp:term":[{"taxonomy":"product_brand","embeddable":true,"href":"https:\/\/yume-silm.com\/es\/wp-json\/wp\/v2\/product_brand?post=3464"},{"taxonomy":"product_cat","embeddable":true,"href":"https:\/\/yume-silm.com\/es\/wp-json\/wp\/v2\/product_cat?post=3464"},{"taxonomy":"product_tag","embeddable":true,"href":"https:\/\/yume-silm.com\/es\/wp-json\/wp\/v2\/product_tag?post=3464"}],"curies":[{"name":"wp","href":"https:\/\/api.w.org\/{rel}","templated":true}]}}