{"id":3647,"date":"2023-06-10T03:39:58","date_gmt":"2023-06-10T03:39:58","guid":{"rendered":"https:\/\/yume-silm.com\/?post_type=product&#038;p=3647"},"modified":"2024-03-09T03:19:39","modified_gmt":"2024-03-09T03:19:39","slug":"rayas-verticales-tanque-adelgazante-con-apoyo-pecho","status":"publish","type":"product","link":"https:\/\/yume-silm.com\/es\/producto-2\/rayas-verticales-tanque-adelgazante-con-apoyo-pecho\/","title":{"rendered":"Camiseta sin mangas moldeadora de manga corta con cuello en U para mujer al por mayor"},"content":{"rendered":"<h5>Caracteristicas de dise\u00f1o<\/h5>\n<ul>\n<li><strong>TANQUE ADELGAZANTE:<\/strong> Esta camiseta de manga corta de compresi\u00f3n b\u00e1sica con control de barriga es simple, c\u00f3moda y f\u00e1cil de combinar con un efecto ce\u00f1idor en la cintura y moldeador del cuerpo. Ideal para uso diario casual, ejercicio, yoga, fitness, aer\u00f3bic, se recomienda combinar ejercicio con una dieta saludable, ser\u00e1 duradero para conseguir la forma perfecta de la cintura.<\/li>\n<li><strong>COMPRESI\u00d3N PERFECTA:<\/strong> La camiseta deportiva ajustada con cuello en U proporciona una compresi\u00f3n adecuada para todas las \u00e1reas cubiertas, recortando y tonificando la barriga. Eficaz adelgazante y moldeador, atractivo para quienes buscan una figura m\u00e1s esbelta.<\/li>\n<li><strong>ALTA ELASTICIDAD:<\/strong> El chaleco moldeador adelgazante est\u00e1 hecho de tela el\u00e1stica que no se rompe incluso bajo una fuerte tensi\u00f3n, lo que garantiza que no perder\u00e1 su elasticidad incluso despu\u00e9s de su uso. La camiseta de compresi\u00f3n adelgazante se puede usar durante todo el d\u00eda. Mientras tanto, el traje de entrenamiento de manga corta no es f\u00e1cil de frotar y enrollar los bordes, lo que aporta una sensaci\u00f3n c\u00f3moda a la piel.<\/li>\n<li><strong>DISE\u00d1O C\u00d3MODO:<\/strong> Esta camiseta sin mangas moldeadora de manga corta con cuello en U para mujer combina moda y comodidad, y seguramente se convertir\u00e1 en una de las favoritas de los clientes, impulsando compras repetidas y aumentando la lealtad de los clientes. El dise\u00f1o sin costuras de la sudadera de compresi\u00f3n adelgazante te permite usarla todo el d\u00eda sin dejar marcas. Por ejemplo, sudaderas, denim, ropa formal, etc. para adelgazar y lucir bella sin llamar la atenci\u00f3n.<\/li>\n<\/ul>\n<h6><em>Entrenamiento de busto abierto para mujer que moldea el control de la barriga superior<\/em><\/h6>\n<ul>\n<li>Nuestra camiseta sin mangas moldeadora de manga corta con cuello en U para mujer es la combinaci\u00f3n perfecta de estilo, comodidad y funcionalidad.<\/li>\n<li>Para los mayoristas que buscan ofrecer productos de primer nivel que resuenen con las \u00faltimas tendencias de la moda, esta camiseta corta sin mangas moldeadora es imprescindible.<\/li>\n<li>Con sus caracter\u00edsticas y beneficios \u00fanicos, promete ser una valiosa adici\u00f3n a su inventario. Sum\u00e9rgete en el mundo del comercio mayorista con esta pieza destacada. \u00a1Ordenar hoy!<\/li>\n<\/ul>","protected":false},"excerpt":{"rendered":"<p>Presentamos nuestra camiseta sin mangas moldeadora de manga corta con cuello en U para mujer, dise\u00f1ada para la mujer moderna. Con soporte para fruncir el pecho y rayas de compresi\u00f3n verticales, esta camiseta sin mangas ofrece estilo y funcionalidad. Su alta elasticidad garantiza un ajuste ce\u00f1ido, lo que lo convierte en un elemento esencial para cualquier guardarropa.<\/p>","protected":false},"featured_media":3660,"comment_status":"open","ping_status":"closed","template":"","meta":{"site-sidebar-layout":"default","site-content-layout":"default","ast-site-content-layout":"default","site-content-style":"default","site-sidebar-style":"default","ast-global-header-display":"","ast-banner-title-visibility":"","ast-main-header-display":"","ast-hfb-above-header-display":"","ast-hfb-below-header-display":"","ast-hfb-mobile-header-display":"","site-post-title":"","ast-breadcrumbs-content":"","ast-featured-img":"","footer-sml-layout":"","ast-disable-related-posts":"","theme-transparent-header-meta":"default","adv-header-id-meta":"","stick-header-meta":"default","header-above-stick-meta":"","header-main-stick-meta":"","header-below-stick-meta":"","astra-migrate-meta-layouts":"set","ast-page-background-enabled":"default","ast-page-background-meta":{"desktop":{"background-color":"","background-image":"","background-repeat":"repeat","background-position":"center center","background-size":"auto","background-attachment":"scroll","background-type":"","background-media":"","overlay-type":"","overlay-color":"","overlay-opacity":"","overlay-gradient":""},"tablet":{"background-color":"","background-image":"","background-repeat":"repeat","background-position":"center center","background-size":"auto","background-attachment":"scroll","background-type":"","background-media":"","overlay-type":"","overlay-color":"","overlay-opacity":"","overlay-gradient":""},"mobile":{"background-color":"","background-image":"","background-repeat":"repeat","background-position":"center center","background-size":"auto","background-attachment":"scroll","background-type":"","background-media":"","overlay-type":"","overlay-color":"","overlay-opacity":"","overlay-gradient":""}},"ast-content-background-meta":{"desktop":{"background-color":"var(--ast-global-color-5)","background-image":"","background-repeat":"repeat","background-position":"center center","background-size":"auto","background-attachment":"scroll","background-type":"","background-media":"","overlay-type":"","overlay-color":"","overlay-opacity":"","overlay-gradient":""},"tablet":{"background-color":"var(--ast-global-color-5)","background-image":"","background-repeat":"repeat","background-position":"center center","background-size":"auto","background-attachment":"scroll","background-type":"","background-media":"","overlay-type":"","overlay-color":"","overlay-opacity":"","overlay-gradient":""},"mobile":{"background-color":"var(--ast-global-color-5)","background-image":"","background-repeat":"repeat","background-position":"center center","background-size":"auto","background-attachment":"scroll","background-type":"","background-media":"","overlay-type":"","overlay-color":"","overlay-opacity":"","overlay-gradient":""}}},"product_brand":[],"product_cat":[65,76,77,79,81],"product_tag":[136,523,522,500],"class_list":{"0":"post-3647","1":"product","2":"type-product","3":"status-publish","4":"has-post-thumbnail","6":"product_cat-best-sellers","7":"product_cat-new-arrivels","8":"product_cat-wholesale-womens-shapewear","9":"product_cat-wholesale-seemless-shaperwear","10":"product_cat-wholesale-slimming-tank-top","11":"product_tag-bridal","12":"product_tag-seemless","13":"product_tag-tank-top","14":"product_tag-tummy-control","15":"pa_color-beige","16":"pa_color-black","17":"pa_size-3xl-4xl","18":"pa_size-m-l","19":"pa_size-xl-xxl","20":"pa_size-xs-s","21":"desktop-align-center","22":"tablet-align-left","23":"mobile-align-left","24":"ast-product-gallery-layout-horizontal-slider","25":"ast-product-single-variable","26":"ast-product-tabs-layout-horizontal","27":"ast-qv-on-image","29":"first","30":"instock","31":"shipping-taxable","32":"purchasable","33":"product-type-variable"},"tiered_pricing_type":"fixed","tiered_pricing_fixed_rules":{"2":4.89,"30":4.59,"500":3.79},"tiered_pricing_product_settings":{"layout":"default","base_unit_name":{"singular":null,"plural":null},"default_variation":{}},"tiered_pricing_minimum_quantity":null,"tiered_pricing_roles_data":[],"tiered_pricing_percentage_rules":[],"_links":{"self":[{"href":"https:\/\/yume-silm.com\/es\/wp-json\/wp\/v2\/product\/3647","targetHints":{"allow":["GET"]}}],"collection":[{"href":"https:\/\/yume-silm.com\/es\/wp-json\/wp\/v2\/product"}],"about":[{"href":"https:\/\/yume-silm.com\/es\/wp-json\/wp\/v2\/types\/product"}],"replies":[{"embeddable":true,"href":"https:\/\/yume-silm.com\/es\/wp-json\/wp\/v2\/comments?post=3647"}],"wp:featuredmedia":[{"embeddable":true,"href":"https:\/\/yume-silm.com\/es\/wp-json\/wp\/v2\/media\/3660"}],"wp:attachment":[{"href":"https:\/\/yume-silm.com\/es\/wp-json\/wp\/v2\/media?parent=3647"}],"wp:term":[{"taxonomy":"product_brand","embeddable":true,"href":"https:\/\/yume-silm.com\/es\/wp-json\/wp\/v2\/product_brand?post=3647"},{"taxonomy":"product_cat","embeddable":true,"href":"https:\/\/yume-silm.com\/es\/wp-json\/wp\/v2\/product_cat?post=3647"},{"taxonomy":"product_tag","embeddable":true,"href":"https:\/\/yume-silm.com\/es\/wp-json\/wp\/v2\/product_tag?post=3647"}],"curies":[{"name":"wp","href":"https:\/\/api.w.org\/{rel}","templated":true}]}}