{"id":3695,"date":"2023-06-10T07:40:36","date_gmt":"2023-06-10T07:40:36","guid":{"rendered":"https:\/\/yume-silm.com\/?post_type=product&#038;p=3695"},"modified":"2024-03-08T03:47:21","modified_gmt":"2024-03-08T03:47:21","slug":"sin-marcas-en-el-cuello-con-tirantes-anchos","status":"publish","type":"product","link":"https:\/\/yume-silm.com\/es\/producto-2\/sin-marcas-en-el-cuello-con-tirantes-anchos\/","title":{"rendered":"Camiseta Sin Mangas Con Forma De Busto Abierto para Mujer al por mayor"},"content":{"rendered":"<h5>Caracteristicas de dise\u00f1o<\/h5>\n<ul>\n<li><strong>FORMADORES SIN TIRAS:<\/strong> Nuestra camiseta sin mangas moldeadora de busto abierta para mujer que no deja marcas y que no da\u00f1a la piel es perfecta para clientas que buscan una camisola moldeadora discreta pero eficaz que realce la silueta sin dejar marcas visibles.<\/li>\n<li><strong>ALTAMENTE EL\u00c1STICO Y TRANSPIRABLE:<\/strong> Nailon, elastano. Tejido muy el\u00e1stico para una ropa interior moldeadora femenina duradera. Garantiza la combinaci\u00f3n perfecta de comodidad y ajuste, atractivo para quienes valoran el estilo y la comodidad.<\/li>\n<li><strong>Cuello en U Y BUSTO ABIERTO:<\/strong> Elige esta sencilla camiseta sin mangas con forma s\u00f3lida para mayor confianza. La parte superior moldeadora de busto abierto que no deja marcas te permite elegir tu ropa interior favorita, mientras que el gran control de la barriga te permite meter f\u00e1cilmente la cintura para una belleza juvenil instant\u00e1nea. Este dise\u00f1o es adecuado para una amplia gama de prendas, ampliando la base de clientes potenciales y es la primera opci\u00f3n para diferentes escotes.<\/li>\n<li><strong>ADHESIVO ONDULADO ANTIDESLIZANTE DOBLE FILA:<\/strong> \u00daselo con confianza. Debido a que esta parte superior de busto abierto m\u00e1s delgada con control de barriga no parece deslizarse f\u00e1cilmente, la cintura y el dobladillo del vestido est\u00e1n dise\u00f1ados con silicona para evitar resbalones.<\/li>\n<li><strong>CORREAS AMPLIADAS:<\/strong> La camiseta sin mangas abierta que moldea el busto tiene correas ensanchadas dise\u00f1adas para brindar comodidad de uso a largo plazo, evitando la compresi\u00f3n y garantizando una experiencia c\u00f3moda durante todo el d\u00eda.<\/li>\n<\/ul>\n<h6><em>Top de busto abierto m\u00e1s delgado con control de barriga y entrenador de cintura para mujer<\/em><\/h6>\n<ul>\n<li>Nuestra camiseta sin mangas abierta para mujer con tirantes anchos es una combinaci\u00f3n de elegancia, comodidad y funcionalidad. Para los mayoristas que buscan ofrecer productos de primer nivel que resuenen con las \u00faltimas tendencias de la moda, esta faja es imprescindible.<\/li>\n<li>Sus caracter\u00edsticas y beneficios \u00fanicos lo convierten en una valiosa adici\u00f3n a cualquier inventario. Sum\u00e9rgete en el mundo del comercio mayorista con esta pieza destacada. \u00a1Ordenar hoy!<\/li>\n<\/ul>","protected":false},"excerpt":{"rendered":"<p>Mejora tu inventario con nuestra camiseta sin mangas moldeadora de busto abierta para mujer. Confeccionada para la mujer exigente, esta prenda muy el\u00e1stica y transpirable cuenta con un dise\u00f1o de cuello en U y tejido en forma de rombo. Con tirantes ensanchados, promete comodidad y soporte superiores.<\/p>","protected":false},"featured_media":3705,"comment_status":"open","ping_status":"closed","template":"","meta":{"site-sidebar-layout":"default","site-content-layout":"default","ast-site-content-layout":"default","site-content-style":"default","site-sidebar-style":"default","ast-global-header-display":"","ast-banner-title-visibility":"","ast-main-header-display":"","ast-hfb-above-header-display":"","ast-hfb-below-header-display":"","ast-hfb-mobile-header-display":"","site-post-title":"","ast-breadcrumbs-content":"","ast-featured-img":"","footer-sml-layout":"","ast-disable-related-posts":"","theme-transparent-header-meta":"default","adv-header-id-meta":"","stick-header-meta":"default","header-above-stick-meta":"","header-main-stick-meta":"","header-below-stick-meta":"","astra-migrate-meta-layouts":"set","ast-page-background-enabled":"default","ast-page-background-meta":{"desktop":{"background-color":"","background-image":"","background-repeat":"repeat","background-position":"center center","background-size":"auto","background-attachment":"scroll","background-type":"","background-media":"","overlay-type":"","overlay-color":"","overlay-opacity":"","overlay-gradient":""},"tablet":{"background-color":"","background-image":"","background-repeat":"repeat","background-position":"center center","background-size":"auto","background-attachment":"scroll","background-type":"","background-media":"","overlay-type":"","overlay-color":"","overlay-opacity":"","overlay-gradient":""},"mobile":{"background-color":"","background-image":"","background-repeat":"repeat","background-position":"center center","background-size":"auto","background-attachment":"scroll","background-type":"","background-media":"","overlay-type":"","overlay-color":"","overlay-opacity":"","overlay-gradient":""}},"ast-content-background-meta":{"desktop":{"background-color":"var(--ast-global-color-5)","background-image":"","background-repeat":"repeat","background-position":"center center","background-size":"auto","background-attachment":"scroll","background-type":"","background-media":"","overlay-type":"","overlay-color":"","overlay-opacity":"","overlay-gradient":""},"tablet":{"background-color":"var(--ast-global-color-5)","background-image":"","background-repeat":"repeat","background-position":"center center","background-size":"auto","background-attachment":"scroll","background-type":"","background-media":"","overlay-type":"","overlay-color":"","overlay-opacity":"","overlay-gradient":""},"mobile":{"background-color":"var(--ast-global-color-5)","background-image":"","background-repeat":"repeat","background-position":"center center","background-size":"auto","background-attachment":"scroll","background-type":"","background-media":"","overlay-type":"","overlay-color":"","overlay-opacity":"","overlay-gradient":""}}},"product_brand":[],"product_cat":[65,76,77,79,81],"product_tag":[135,147,523,522,500],"class_list":{"0":"post-3695","1":"product","2":"type-product","3":"status-publish","4":"has-post-thumbnail","6":"product_cat-best-sellers","7":"product_cat-new-arrivels","8":"product_cat-wholesale-womens-shapewear","9":"product_cat-wholesale-seemless-shaperwear","10":"product_cat-wholesale-slimming-tank-top","11":"product_tag-all-in-one","12":"product_tag-cross","13":"product_tag-seemless","14":"product_tag-tank-top","15":"product_tag-tummy-control","16":"pa_color-beige","17":"pa_color-black","18":"pa_size-l","19":"pa_size-m","20":"pa_size-xl","21":"desktop-align-center","22":"tablet-align-left","23":"mobile-align-left","24":"ast-product-gallery-layout-horizontal-slider","25":"ast-product-single-variable","26":"ast-product-tabs-layout-horizontal","27":"ast-qv-on-image","29":"first","30":"instock","31":"shipping-taxable","32":"purchasable","33":"product-type-variable"},"tiered_pricing_type":"fixed","tiered_pricing_fixed_rules":{"2":2.29,"30":2.09,"500":1.79},"tiered_pricing_product_settings":{"layout":"default","base_unit_name":{"singular":null,"plural":null},"default_variation":{}},"tiered_pricing_minimum_quantity":null,"tiered_pricing_roles_data":[],"tiered_pricing_percentage_rules":[],"_links":{"self":[{"href":"https:\/\/yume-silm.com\/es\/wp-json\/wp\/v2\/product\/3695","targetHints":{"allow":["GET"]}}],"collection":[{"href":"https:\/\/yume-silm.com\/es\/wp-json\/wp\/v2\/product"}],"about":[{"href":"https:\/\/yume-silm.com\/es\/wp-json\/wp\/v2\/types\/product"}],"replies":[{"embeddable":true,"href":"https:\/\/yume-silm.com\/es\/wp-json\/wp\/v2\/comments?post=3695"}],"wp:featuredmedia":[{"embeddable":true,"href":"https:\/\/yume-silm.com\/es\/wp-json\/wp\/v2\/media\/3705"}],"wp:attachment":[{"href":"https:\/\/yume-silm.com\/es\/wp-json\/wp\/v2\/media?parent=3695"}],"wp:term":[{"taxonomy":"product_brand","embeddable":true,"href":"https:\/\/yume-silm.com\/es\/wp-json\/wp\/v2\/product_brand?post=3695"},{"taxonomy":"product_cat","embeddable":true,"href":"https:\/\/yume-silm.com\/es\/wp-json\/wp\/v2\/product_cat?post=3695"},{"taxonomy":"product_tag","embeddable":true,"href":"https:\/\/yume-silm.com\/es\/wp-json\/wp\/v2\/product_tag?post=3695"}],"curies":[{"name":"wp","href":"https:\/\/api.w.org\/{rel}","templated":true}]}}