{"id":3712,"date":"2023-06-10T08:27:38","date_gmt":"2023-06-10T08:27:38","guid":{"rendered":"https:\/\/yume-silm.com\/?post_type=product&#038;p=3712"},"modified":"2024-11-06T02:13:47","modified_gmt":"2024-11-06T02:13:47","slug":"faja-alta-sin-costuras-con-silicona-antideslizante","status":"publish","type":"product","link":"https:\/\/yume-silm.com\/es\/producto-2\/faja-alta-sin-costuras-con-silicona-antideslizante\/","title":{"rendered":"Venta al por mayor Tangas Fajas Sin Costuras De Cintura Alta: Silicona Antideslizante"},"content":{"rendered":"<h5>Caracteristicas de dise\u00f1o<\/h5>\n<ul>\n<li><strong>DISE\u00d1O INCONS\u00daTIL:<\/strong> Esta faja moldeadora marr\u00f3n con tanga para control de barriga tiene un dise\u00f1o sin costuras que favorece la piel de forma natural. Proporciona una silueta suave debajo de cualquier atuendo y es la primera opci\u00f3n para quienes buscan una faja moldeadora de perfil bajo.<\/li>\n<li><strong>COBERTURA DE CINTURA ALTA:<\/strong> La ropa interior tipo tanga moldeadora de cintura alta est\u00e1 dise\u00f1ada espec\u00edficamente para apuntar a la cintura y el \u00e1rea del est\u00f3mago, brindando una cobertura total y un ajuste favorecedor, ayudando a doblar la cintura y aplanar la barriga, restaurando una gran figura.<\/li>\n<li><strong>SILICONA ANTIDESLIZANTE:<\/strong> Esta tanga sexy moldeadora para mujer tiene un dise\u00f1o antideslizante de silicona agregado a la posici\u00f3n de la cintura para garantizar que los moldeadores no se caigan, brind\u00e1ndole tranquilidad y comodidad durante todo el d\u00eda.<\/li>\n<li><strong>USO VERS\u00c1TIL:<\/strong> Nuestras bragas moldeadoras para control de barriga son simples y modernas, muy adecuadas para el uso diario, como desplazamientos u ocasiones especiales como fiestas, recepciones, bodas, etc. Satisfacen las necesidades de nuestros clientes en cuanto a fajas multiusos.<\/li>\n<li><strong>C\u00d3MODO Y CONTROLABLE:<\/strong> Fabricada con tejidos de alta calidad, la tanga moldeadora para el control de la barriga es suave y no aprieta las caderas ni las piernas, es favorecedora y eficaz para dar forma, lo que la convierte en una herramienta imprescindible para quienes se preocupan por la comodidad y el control.<\/li>\n<\/ul>\n<h6><em>Tanga moldeador sin costuras de cintura alta marr\u00f3n para mujer<\/em><\/h6>\n<ul>\n<li>Nuestras tangas moldeadoras sin costuras de cintura alta con silicona antideslizante son una combinaci\u00f3n de elegancia, comodidad y funcionalidad. Para los mayoristas que buscan ofrecer productos de primer nivel que resuenen con las \u00faltimas tendencias de la moda, estas tangas moldeadoras son imprescindibles.<\/li>\n<li>Sus caracter\u00edsticas y beneficios \u00fanicos lo convierten en una valiosa adici\u00f3n a cualquier inventario. Sum\u00e9rgete en el mundo del comercio mayorista con esta pieza destacada. \u00a1Ordenar hoy!<\/li>\n<\/ul>","protected":false},"excerpt":{"rendered":"<p>Presentamos nuestras tangas moldeadoras sin costuras de cintura alta, dise\u00f1adas para la mujer contempor\u00e1nea. Esta pieza ofrece un dise\u00f1o sin costuras para una silueta suave, realzada con una caracter\u00edstica antideslizante de silicona para un ajuste seguro. Disponible en un rico tono caf\u00e9, es el ep\u00edtome del estilo y la funcionalidad.<\/p>","protected":false},"featured_media":3724,"comment_status":"open","ping_status":"closed","template":"","meta":{"site-sidebar-layout":"default","site-content-layout":"default","ast-site-content-layout":"default","site-content-style":"default","site-sidebar-style":"default","ast-global-header-display":"","ast-banner-title-visibility":"","ast-main-header-display":"","ast-hfb-above-header-display":"","ast-hfb-below-header-display":"","ast-hfb-mobile-header-display":"","site-post-title":"","ast-breadcrumbs-content":"","ast-featured-img":"","footer-sml-layout":"","ast-disable-related-posts":"","theme-transparent-header-meta":"default","adv-header-id-meta":"","stick-header-meta":"default","header-above-stick-meta":"","header-main-stick-meta":"","header-below-stick-meta":"","astra-migrate-meta-layouts":"set","ast-page-background-enabled":"default","ast-page-background-meta":{"desktop":{"background-color":"","background-image":"","background-repeat":"repeat","background-position":"center center","background-size":"auto","background-attachment":"scroll","background-type":"","background-media":"","overlay-type":"","overlay-color":"","overlay-opacity":"","overlay-gradient":""},"tablet":{"background-color":"","background-image":"","background-repeat":"repeat","background-position":"center center","background-size":"auto","background-attachment":"scroll","background-type":"","background-media":"","overlay-type":"","overlay-color":"","overlay-opacity":"","overlay-gradient":""},"mobile":{"background-color":"","background-image":"","background-repeat":"repeat","background-position":"center center","background-size":"auto","background-attachment":"scroll","background-type":"","background-media":"","overlay-type":"","overlay-color":"","overlay-opacity":"","overlay-gradient":""}},"ast-content-background-meta":{"desktop":{"background-color":"var(--ast-global-color-5)","background-image":"","background-repeat":"repeat","background-position":"center center","background-size":"auto","background-attachment":"scroll","background-type":"","background-media":"","overlay-type":"","overlay-color":"","overlay-opacity":"","overlay-gradient":""},"tablet":{"background-color":"var(--ast-global-color-5)","background-image":"","background-repeat":"repeat","background-position":"center center","background-size":"auto","background-attachment":"scroll","background-type":"","background-media":"","overlay-type":"","overlay-color":"","overlay-opacity":"","overlay-gradient":""},"mobile":{"background-color":"var(--ast-global-color-5)","background-image":"","background-repeat":"repeat","background-position":"center center","background-size":"auto","background-attachment":"scroll","background-type":"","background-media":"","overlay-type":"","overlay-color":"","overlay-opacity":"","overlay-gradient":""}}},"product_brand":[],"product_cat":[65,76,77,79,80],"product_tag":[139,470,144],"class_list":{"0":"post-3712","1":"product","2":"type-product","3":"status-publish","4":"has-post-thumbnail","6":"product_cat-best-sellers","7":"product_cat-new-arrivels","8":"product_cat-wholesale-womens-shapewear","9":"product_cat-wholesale-seemless-shaperwear","10":"product_cat-wholesale-butt-lift-underwear","11":"product_tag-high-waist","12":"product_tag-sexy-thong-underwear","13":"product_tag-slip","14":"pa_color-coffee","15":"pa_size-4xl","16":"pa_size-m-l","17":"pa_size-s","18":"pa_size-xl-xxl","19":"pa_size-xxxl","20":"desktop-align-center","21":"tablet-align-left","22":"mobile-align-left","23":"ast-product-gallery-layout-horizontal-slider","24":"ast-product-single-variable","25":"ast-product-tabs-layout-horizontal","26":"ast-qv-on-image","28":"first","29":"instock","30":"shipping-taxable","31":"purchasable","32":"product-type-variable"},"tiered_pricing_type":"fixed","tiered_pricing_fixed_rules":{"2":3.09,"30":2.89,"500":2.39},"tiered_pricing_product_settings":{"layout":"default","base_unit_name":{"singular":null,"plural":null},"default_variation":{}},"tiered_pricing_minimum_quantity":null,"tiered_pricing_roles_data":[],"tiered_pricing_percentage_rules":[],"_links":{"self":[{"href":"https:\/\/yume-silm.com\/es\/wp-json\/wp\/v2\/product\/3712","targetHints":{"allow":["GET"]}}],"collection":[{"href":"https:\/\/yume-silm.com\/es\/wp-json\/wp\/v2\/product"}],"about":[{"href":"https:\/\/yume-silm.com\/es\/wp-json\/wp\/v2\/types\/product"}],"replies":[{"embeddable":true,"href":"https:\/\/yume-silm.com\/es\/wp-json\/wp\/v2\/comments?post=3712"}],"wp:featuredmedia":[{"embeddable":true,"href":"https:\/\/yume-silm.com\/es\/wp-json\/wp\/v2\/media\/3724"}],"wp:attachment":[{"href":"https:\/\/yume-silm.com\/es\/wp-json\/wp\/v2\/media?parent=3712"}],"wp:term":[{"taxonomy":"product_brand","embeddable":true,"href":"https:\/\/yume-silm.com\/es\/wp-json\/wp\/v2\/product_brand?post=3712"},{"taxonomy":"product_cat","embeddable":true,"href":"https:\/\/yume-silm.com\/es\/wp-json\/wp\/v2\/product_cat?post=3712"},{"taxonomy":"product_tag","embeddable":true,"href":"https:\/\/yume-silm.com\/es\/wp-json\/wp\/v2\/product_tag?post=3712"}],"curies":[{"name":"wp","href":"https:\/\/api.w.org\/{rel}","templated":true}]}}