{"id":3726,"date":"2023-06-10T09:12:13","date_gmt":"2023-06-10T09:12:13","guid":{"rendered":"https:\/\/yume-silm.com\/?post_type=product&#038;p=3726"},"modified":"2025-05-29T03:34:46","modified_gmt":"2025-05-29T03:34:46","slug":"ropa-moldeadora-de-cintura-alta-sin-costuras-que-no-se-cae","status":"publish","type":"product","link":"https:\/\/yume-silm.com\/es\/producto-2\/ropa-moldeadora-de-cintura-alta-sin-costuras-que-no-se-cae\/","title":{"rendered":"Venta al por mayor Pantalones cortos moldeadores sin costuras de cintura alta: Antideslizante de silicona"},"content":{"rendered":"<h5>Caracteristicas de dise\u00f1o<\/h5>\n<ul>\n<li><strong>SUAVE SIN COSTURAS:<\/strong> La superficie lisa de la tela de los pantalones cortos moldeadores de alto control sin costuras los hace m\u00e1s agradables para la piel y naturalmente c\u00f3modos de usar. El dise\u00f1o sin costuras de los pantalones cortos moldeadores sin costuras de cintura alta se esconde bien debajo de cualquiera de tus prendas favoritas. Ideal para minoristas que buscan un producto que combine bien con cualquier atuendo y cree la silueta ideal.<\/li>\n<li><strong>FAJADORA DE CINTURA DE CINTURA ALTA:<\/strong> Nuestros pantalones cortos moldeadores de cintura alta est\u00e1n dise\u00f1ados espec\u00edficamente para apuntar al abdomen, brindando cobertura y forma completa, lo que los hace ideales para quienes buscan una apariencia renovada.<\/li>\n<li><strong>SILICONA ANTIDESLIZANTE:<\/strong> \u00bfA\u00fan tienes problemas con la ropa que se te cae de vez en cuando? Nuestros pantalones cortos moldeadores de color s\u00f3lido cuentan con la mejor pretina antideslizante de silicona para garantizar un ajuste seguro, lo que los convierte en la primera opci\u00f3n del minorista como una soluci\u00f3n confiable y pr\u00e1ctica.<\/li>\n<li><strong>CONFIANZA EN LA COMODIDAD:<\/strong> Nailon, elastano. Nuestros pantalones cortos moldeadores de cintura alta combinan comodidad con una forma efectiva para una mayor durabilidad y confianza duradera. Garantizando la m\u00e1xima satisfacci\u00f3n del usuario.<\/li>\n<li><strong>NATURALMENTE VERS\u00c1TIL:<\/strong> Use nuestros pantalones cortos moldeadores lisos y sin costuras. El efecto general de levantar los gl\u00fateos es notable, alisando la barriga con facilidad, naturalmente c\u00f3modo y agradable para la piel. Estos pantalones cortos moldeadores sin costuras de cintura alta son adecuados para el trabajo diario o para ir de compras informal, as\u00ed como para ocasiones especiales como fiestas, bodas, etc., lo que seguramente atraer\u00e1 a muchos clientes.<\/li>\n<\/ul>\n<h6><em>Pantalones cortos moldeadores de cuerpo sin costuras antideslizantes de cintura alta para mujer<\/em><\/h6>\n<ul>\n<li>En resumen, los pantalones cortos moldeadores sin costuras de cintura alta son imprescindibles para los mayoristas que buscan ofrecer soluciones moldeadoras de primera calidad. Su combinaci\u00f3n de estilo, comodidad y funcionalidad garantiza que ser\u00e1 el favorito de los clientes. \u00a1Considera agregarlo a tu colecci\u00f3n hoy!<\/li>\n<\/ul>","protected":false},"excerpt":{"rendered":"<p>Eleva tu colecci\u00f3n con nuestros pantalones cortos moldeadores sin costuras de cintura alta. Meticulosamente dise\u00f1ados con tecnolog\u00eda de elevaci\u00f3n cruzada y malla transpirable, estos pantalones cortos prometen una silueta favorecedora y una comodidad incomparable.<\/p>","protected":false},"featured_media":3746,"comment_status":"open","ping_status":"closed","template":"","meta":{"site-sidebar-layout":"default","site-content-layout":"default","ast-site-content-layout":"default","site-content-style":"default","site-sidebar-style":"default","ast-global-header-display":"","ast-banner-title-visibility":"","ast-main-header-display":"","ast-hfb-above-header-display":"","ast-hfb-below-header-display":"","ast-hfb-mobile-header-display":"","site-post-title":"","ast-breadcrumbs-content":"","ast-featured-img":"","footer-sml-layout":"","ast-disable-related-posts":"","theme-transparent-header-meta":"default","adv-header-id-meta":"","stick-header-meta":"default","header-above-stick-meta":"","header-main-stick-meta":"","header-below-stick-meta":"","astra-migrate-meta-layouts":"set","ast-page-background-enabled":"default","ast-page-background-meta":{"desktop":{"background-color":"","background-image":"","background-repeat":"repeat","background-position":"center center","background-size":"auto","background-attachment":"scroll","background-type":"","background-media":"","overlay-type":"","overlay-color":"","overlay-opacity":"","overlay-gradient":""},"tablet":{"background-color":"","background-image":"","background-repeat":"repeat","background-position":"center center","background-size":"auto","background-attachment":"scroll","background-type":"","background-media":"","overlay-type":"","overlay-color":"","overlay-opacity":"","overlay-gradient":""},"mobile":{"background-color":"","background-image":"","background-repeat":"repeat","background-position":"center center","background-size":"auto","background-attachment":"scroll","background-type":"","background-media":"","overlay-type":"","overlay-color":"","overlay-opacity":"","overlay-gradient":""}},"ast-content-background-meta":{"desktop":{"background-color":"var(--ast-global-color-5)","background-image":"","background-repeat":"repeat","background-position":"center center","background-size":"auto","background-attachment":"scroll","background-type":"","background-media":"","overlay-type":"","overlay-color":"","overlay-opacity":"","overlay-gradient":""},"tablet":{"background-color":"var(--ast-global-color-5)","background-image":"","background-repeat":"repeat","background-position":"center center","background-size":"auto","background-attachment":"scroll","background-type":"","background-media":"","overlay-type":"","overlay-color":"","overlay-opacity":"","overlay-gradient":""},"mobile":{"background-color":"var(--ast-global-color-5)","background-image":"","background-repeat":"repeat","background-position":"center center","background-size":"auto","background-attachment":"scroll","background-type":"","background-media":"","overlay-type":"","overlay-color":"","overlay-opacity":"","overlay-gradient":""}}},"product_brand":[],"product_cat":[65,76,77,79,80],"product_tag":[139,134],"class_list":{"0":"post-3726","1":"product","2":"type-product","3":"status-publish","4":"has-post-thumbnail","6":"product_cat-best-sellers","7":"product_cat-new-arrivels","8":"product_cat-wholesale-womens-shapewear","9":"product_cat-wholesale-seemless-shaperwear","10":"product_cat-wholesale-butt-lift-underwear","11":"product_tag-high-waist","12":"product_tag-tummy-tucker","13":"pa_color-beige","14":"pa_color-black","15":"pa_size-l","16":"pa_size-m","17":"pa_size-s","18":"pa_size-xl","19":"pa_size-xxl","20":"pa_size-xxxl","21":"desktop-align-center","22":"tablet-align-left","23":"mobile-align-left","24":"ast-product-gallery-layout-horizontal-slider","25":"ast-product-single-variable","26":"ast-product-tabs-layout-horizontal","27":"ast-qv-on-image","29":"first","30":"instock","31":"shipping-taxable","32":"purchasable","33":"product-type-variable"},"tiered_pricing_type":"fixed","tiered_pricing_fixed_rules":{"2":3.99,"30":3.69,"500":3.09},"tiered_pricing_product_settings":{"layout":"default","base_unit_name":{"singular":null,"plural":null},"default_variation":{}},"tiered_pricing_minimum_quantity":null,"tiered_pricing_roles_data":[],"tiered_pricing_percentage_rules":[],"_links":{"self":[{"href":"https:\/\/yume-silm.com\/es\/wp-json\/wp\/v2\/product\/3726","targetHints":{"allow":["GET"]}}],"collection":[{"href":"https:\/\/yume-silm.com\/es\/wp-json\/wp\/v2\/product"}],"about":[{"href":"https:\/\/yume-silm.com\/es\/wp-json\/wp\/v2\/types\/product"}],"replies":[{"embeddable":true,"href":"https:\/\/yume-silm.com\/es\/wp-json\/wp\/v2\/comments?post=3726"}],"wp:featuredmedia":[{"embeddable":true,"href":"https:\/\/yume-silm.com\/es\/wp-json\/wp\/v2\/media\/3746"}],"wp:attachment":[{"href":"https:\/\/yume-silm.com\/es\/wp-json\/wp\/v2\/media?parent=3726"}],"wp:term":[{"taxonomy":"product_brand","embeddable":true,"href":"https:\/\/yume-silm.com\/es\/wp-json\/wp\/v2\/product_brand?post=3726"},{"taxonomy":"product_cat","embeddable":true,"href":"https:\/\/yume-silm.com\/es\/wp-json\/wp\/v2\/product_cat?post=3726"},{"taxonomy":"product_tag","embeddable":true,"href":"https:\/\/yume-silm.com\/es\/wp-json\/wp\/v2\/product_tag?post=3726"}],"curies":[{"name":"wp","href":"https:\/\/api.w.org\/{rel}","templated":true}]}}