{"id":3748,"date":"2023-06-12T03:53:16","date_gmt":"2023-06-12T03:53:16","guid":{"rendered":"https:\/\/yume-silm.com\/?post_type=product&#038;p=3748"},"modified":"2025-06-24T05:30:07","modified_gmt":"2025-06-24T05:30:07","slug":"calzoncillos-con-control-de-abdomen-y-badana-extraible","status":"publish","type":"product","link":"https:\/\/yume-silm.com\/es\/producto-2\/calzoncillos-con-control-de-abdomen-y-badana-extraible\/","title":{"rendered":"Venta al por mayor Pantalones cortos c\u00f3modos con control de barriga: Almohadilla extra\u00edble para el trasero"},"content":{"rendered":"<h5>Caracteristicas de dise\u00f1o<\/h5>\n<ul>\n<li><strong>ALMOHADILLAS DESMONTABLES:<\/strong> Estos pantalones cortos moldeadores de nuestra parte cuentan con almohadillas removibles para un impulso instant\u00e1neo de BBL. Satisface f\u00e1cilmente las preferencias de diferentes clientes.<\/li>\n<li><strong>CONTROL DE FORMACI\u00d3N DEL CUERPO:<\/strong> Los pantalones cortos moldeadores de talle medio enfatizan el control del abdomen, complementados con ejercicio y dieta para suavizar la p\u00e9rdida de peso. Shorts moldeadores del cuerpo Ideales para quienes buscan una soluci\u00f3n moldeadora total del cuerpo.<\/li>\n<li><strong>C\u00d3MODO Y TRANSPIRABLE:<\/strong> Los pantalones cortos moldeadores de bot\u00edn est\u00e1n hechos de materiales de primera calidad con \u00e9nfasis en la calidad. La comodidad del usuario es fundamental para garantizar una experiencia de calidad.<\/li>\n<li><strong>VERS\u00c1TIL:<\/strong> La simplicidad y elegancia de los pantalones cortos moldeadores los hacen perfectos para el uso diario y ocasiones especiales. Puedes usar con confianza estos pantalones cortos moldeadores sin costuras en banquetes, c\u00f3cteles, fiestas o incluso para el trabajo, viajes diarios y compras. Hermoso y elegante, puede satisfacer las necesidades de diferentes clientes.<\/li>\n<\/ul>\n<h6><em>Pantalones cortos moldeadores para levantamiento de cadera y abdominoplastia para mujer<\/em><\/h6>\n<ul>\n<li>En resumen, los c\u00f3modos pantalones cortos con control de barriga y almohadilla removible para el trasero son una valiosa adici\u00f3n para los mayoristas que buscan ofrecer soluciones moldeadoras de alta calidad. Su combinaci\u00f3n de funcionalidad y estilo garantiza que ser\u00e1 un \u00e9xito entre los clientes. \u00a1Considera agregarlo a tu colecci\u00f3n hoy!<\/li>\n<\/ul>","protected":false},"excerpt":{"rendered":"<p>Presentamos nuestros c\u00f3modos pantalones cortos con control de barriga, dise\u00f1ados para la mujer moderna. Estos pantalones cortos vienen con una almohadilla removible en el trasero, que ofrece estilo y versatilidad. El dise\u00f1o transpirable garantiza comodidad durante todo el d\u00eda, lo que lo convierte en una prenda imprescindible en cualquier armario.<\/p>","protected":false},"featured_media":3760,"comment_status":"open","ping_status":"closed","template":"","meta":{"site-sidebar-layout":"default","site-content-layout":"default","ast-site-content-layout":"default","site-content-style":"default","site-sidebar-style":"default","ast-global-header-display":"","ast-banner-title-visibility":"","ast-main-header-display":"","ast-hfb-above-header-display":"","ast-hfb-below-header-display":"","ast-hfb-mobile-header-display":"","site-post-title":"","ast-breadcrumbs-content":"","ast-featured-img":"","footer-sml-layout":"","ast-disable-related-posts":"","theme-transparent-header-meta":"default","adv-header-id-meta":"","stick-header-meta":"default","header-above-stick-meta":"","header-main-stick-meta":"","header-below-stick-meta":"","astra-migrate-meta-layouts":"set","ast-page-background-enabled":"default","ast-page-background-meta":{"desktop":{"background-color":"","background-image":"","background-repeat":"repeat","background-position":"center center","background-size":"auto","background-attachment":"scroll","background-type":"","background-media":"","overlay-type":"","overlay-color":"","overlay-opacity":"","overlay-gradient":""},"tablet":{"background-color":"","background-image":"","background-repeat":"repeat","background-position":"center center","background-size":"auto","background-attachment":"scroll","background-type":"","background-media":"","overlay-type":"","overlay-color":"","overlay-opacity":"","overlay-gradient":""},"mobile":{"background-color":"","background-image":"","background-repeat":"repeat","background-position":"center center","background-size":"auto","background-attachment":"scroll","background-type":"","background-media":"","overlay-type":"","overlay-color":"","overlay-opacity":"","overlay-gradient":""}},"ast-content-background-meta":{"desktop":{"background-color":"var(--ast-global-color-5)","background-image":"","background-repeat":"repeat","background-position":"center center","background-size":"auto","background-attachment":"scroll","background-type":"","background-media":"","overlay-type":"","overlay-color":"","overlay-opacity":"","overlay-gradient":""},"tablet":{"background-color":"var(--ast-global-color-5)","background-image":"","background-repeat":"repeat","background-position":"center center","background-size":"auto","background-attachment":"scroll","background-type":"","background-media":"","overlay-type":"","overlay-color":"","overlay-opacity":"","overlay-gradient":""},"mobile":{"background-color":"var(--ast-global-color-5)","background-image":"","background-repeat":"repeat","background-position":"center center","background-size":"auto","background-attachment":"scroll","background-type":"","background-media":"","overlay-type":"","overlay-color":"","overlay-opacity":"","overlay-gradient":""}}},"product_brand":[],"product_cat":[77,65,76,79,80],"product_tag":[136,137,147,139,186],"class_list":{"0":"post-3748","1":"product","2":"type-product","3":"status-publish","4":"has-post-thumbnail","6":"product_cat-wholesale-womens-shapewear","7":"product_cat-best-sellers","8":"product_cat-new-arrivels","9":"product_cat-wholesale-seemless-shaperwear","10":"product_cat-wholesale-butt-lift-underwear","11":"product_tag-bridal","12":"product_tag-butt-lift","13":"product_tag-cross","14":"product_tag-high-waist","15":"product_tag-padded","16":"pa_color-beige","17":"pa_color-black","18":"pa_size-l","19":"pa_size-m","20":"pa_size-xl","21":"desktop-align-center","22":"tablet-align-left","23":"mobile-align-left","24":"ast-product-gallery-layout-horizontal-slider","25":"ast-product-single-variable","26":"ast-product-tabs-layout-horizontal","27":"ast-qv-on-image","29":"first","30":"instock","31":"shipping-taxable","32":"purchasable","33":"product-type-variable"},"tiered_pricing_type":"fixed","tiered_pricing_fixed_rules":{"2":4.49,"30":4.19,"500":3.49},"tiered_pricing_product_settings":{"layout":"default","base_unit_name":{"singular":null,"plural":null},"default_variation":{}},"tiered_pricing_minimum_quantity":null,"tiered_pricing_roles_data":[],"tiered_pricing_percentage_rules":[],"_links":{"self":[{"href":"https:\/\/yume-silm.com\/es\/wp-json\/wp\/v2\/product\/3748","targetHints":{"allow":["GET"]}}],"collection":[{"href":"https:\/\/yume-silm.com\/es\/wp-json\/wp\/v2\/product"}],"about":[{"href":"https:\/\/yume-silm.com\/es\/wp-json\/wp\/v2\/types\/product"}],"replies":[{"embeddable":true,"href":"https:\/\/yume-silm.com\/es\/wp-json\/wp\/v2\/comments?post=3748"}],"wp:featuredmedia":[{"embeddable":true,"href":"https:\/\/yume-silm.com\/es\/wp-json\/wp\/v2\/media\/3760"}],"wp:attachment":[{"href":"https:\/\/yume-silm.com\/es\/wp-json\/wp\/v2\/media?parent=3748"}],"wp:term":[{"taxonomy":"product_brand","embeddable":true,"href":"https:\/\/yume-silm.com\/es\/wp-json\/wp\/v2\/product_brand?post=3748"},{"taxonomy":"product_cat","embeddable":true,"href":"https:\/\/yume-silm.com\/es\/wp-json\/wp\/v2\/product_cat?post=3748"},{"taxonomy":"product_tag","embeddable":true,"href":"https:\/\/yume-silm.com\/es\/wp-json\/wp\/v2\/product_tag?post=3748"}],"curies":[{"name":"wp","href":"https:\/\/api.w.org\/{rel}","templated":true}]}}