{"id":3846,"date":"2023-06-12T06:51:30","date_gmt":"2023-06-12T06:51:30","guid":{"rendered":"https:\/\/yume-silm.com\/?post_type=product&#038;p=3846"},"modified":"2024-11-06T02:43:42","modified_gmt":"2024-11-06T02:43:42","slug":"body-transpirable-de-tallas-grandes-con-realce-de-caderas","status":"publish","type":"product","link":"https:\/\/yume-silm.com\/es\/producto-2\/body-transpirable-de-tallas-grandes-con-realce-de-caderas\/","title":{"rendered":"Venta al por mayor Body de una pieza con cremallera frontal y talla grande"},"content":{"rendered":"<h5>Caracteristicas de dise\u00f1o<\/h5>\n<ul>\n<li><strong>TALLA GRANDE:<\/strong> El body moldeador de talla grande con cremallera frontal de una pieza est\u00e1 disponible en varios tama\u00f1os, desde S a 6XL para satisfacer las necesidades de diferentes personas. Nos comprometemos a asegurarnos de que cada cliente encuentre el tama\u00f1o perfecto para \u00e9l.<\/li>\n<li><strong>CORREAS AJUSTABLES:<\/strong> Nuestros bodis moldeadores para mujer de talla grande est\u00e1n dise\u00f1ados con correas ajustables para mayor libertad y comodidad. Nuestra ropa interior con cremallera frontal de una pieza para levantador de gl\u00fateos ofrece la combinaci\u00f3n perfecta de comodidad y estilo personalizables, lo que permite un ajuste personalizado y una experiencia de usuario mejorada.<\/li>\n<li><strong>FUNCI\u00d3N PR\u00c1CTICA:<\/strong> El cierre de cremallera frontal del body moldeador de busto completo con control de barriga tiene una funci\u00f3n pr\u00e1ctica que simplifica el proceso de vestirse y a\u00f1ade un toque de comodidad al uso diario. La funci\u00f3n de entrepierna abierta de los monos de una pieza es muy conveniente, ya que te permite afrontar el problema de ir al ba\u00f1o sin quitarte toda la ropa.<\/li>\n<li><strong>FUNCI\u00d3N DE LEVANTAMIENTO DE Gl\u00fateos:<\/strong> Nuestro cors\u00e9 transpirable sin costuras con tirantes y cremallera de talla grande tiene un dise\u00f1o de cadera sin compresi\u00f3n que ayuda a enfatizar la curva natural de los gl\u00fateos, lo que lo convierte en la primera opci\u00f3n para quienes buscan un body color melocot\u00f3n.<\/li>\n<li><strong>TEJIDO DE MALLA TRANSPIRABLE:<\/strong> Nailon, elastano. Tejido de malla transpirable de alta calidad, c\u00f3modo y refrescante de llevar; Al mismo tiempo, este body moldeador de talla grande tiene alta elasticidad, durabilidad y durabilidad. Perfecto para usar durante mucho tiempo. Ya sea que est\u00e9 en el trabajo o de compras, asistiendo a fiestas, etc., es muy c\u00f3modo, conveniente y seguro.<\/li>\n<\/ul>\n<h6><em>Body moldeador de talla grande con abertura frontal en la entrepierna con cremallera<\/em><\/h6>\n<ul>\n<li>En resumen, el body moldeador de talla grande con cremallera frontal de una pieza es imprescindible para los mayoristas que buscan brindar soluciones moldeadoras inclusivas y de primer nivel. Sus caracter\u00edsticas y dise\u00f1o \u00fanicos prometen la satisfacci\u00f3n del cliente. Sum\u00e9rgete en el mundo del comercio mayorista con esta pieza premium. \u00a1Asegura tus pedidos hoy!<\/li>\n<\/ul>","protected":false},"excerpt":{"rendered":"<p>Eleva tu colecci\u00f3n con nuestro body moldeador de talla grande con cremallera frontal de una pieza. Dise\u00f1ado para la mujer moderna, este body de talla grande para mujer ofrece tirantes ajustables, un pr\u00e1ctico dise\u00f1o de cremallera y una caracter\u00edstica que realza la cadera para una silueta favorecedora.<\/p>","protected":false},"featured_media":3872,"comment_status":"open","ping_status":"closed","template":"","meta":{"site-sidebar-layout":"default","site-content-layout":"default","ast-site-content-layout":"default","site-content-style":"default","site-sidebar-style":"default","ast-global-header-display":"","ast-banner-title-visibility":"","ast-main-header-display":"","ast-hfb-above-header-display":"","ast-hfb-below-header-display":"","ast-hfb-mobile-header-display":"","site-post-title":"","ast-breadcrumbs-content":"","ast-featured-img":"","footer-sml-layout":"","ast-disable-related-posts":"","theme-transparent-header-meta":"default","adv-header-id-meta":"","stick-header-meta":"default","header-above-stick-meta":"","header-main-stick-meta":"","header-below-stick-meta":"","astra-migrate-meta-layouts":"set","ast-page-background-enabled":"default","ast-page-background-meta":{"desktop":{"background-color":"","background-image":"","background-repeat":"repeat","background-position":"center center","background-size":"auto","background-attachment":"scroll","background-type":"","background-media":"","overlay-type":"","overlay-color":"","overlay-opacity":"","overlay-gradient":""},"tablet":{"background-color":"","background-image":"","background-repeat":"repeat","background-position":"center center","background-size":"auto","background-attachment":"scroll","background-type":"","background-media":"","overlay-type":"","overlay-color":"","overlay-opacity":"","overlay-gradient":""},"mobile":{"background-color":"","background-image":"","background-repeat":"repeat","background-position":"center center","background-size":"auto","background-attachment":"scroll","background-type":"","background-media":"","overlay-type":"","overlay-color":"","overlay-opacity":"","overlay-gradient":""}},"ast-content-background-meta":{"desktop":{"background-color":"var(--ast-global-color-5)","background-image":"","background-repeat":"repeat","background-position":"center center","background-size":"auto","background-attachment":"scroll","background-type":"","background-media":"","overlay-type":"","overlay-color":"","overlay-opacity":"","overlay-gradient":""},"tablet":{"background-color":"var(--ast-global-color-5)","background-image":"","background-repeat":"repeat","background-position":"center center","background-size":"auto","background-attachment":"scroll","background-type":"","background-media":"","overlay-type":"","overlay-color":"","overlay-opacity":"","overlay-gradient":""},"mobile":{"background-color":"var(--ast-global-color-5)","background-image":"","background-repeat":"repeat","background-position":"center center","background-size":"auto","background-attachment":"scroll","background-type":"","background-media":"","overlay-type":"","overlay-color":"","overlay-opacity":"","overlay-gradient":""}}},"product_brand":[],"product_cat":[65,76,77,1092,82],"product_tag":[419,137,134,184],"class_list":{"0":"post-3846","1":"product","2":"type-product","3":"status-publish","4":"has-post-thumbnail","6":"product_cat-best-sellers","7":"product_cat-new-arrivels","8":"product_cat-wholesale-womens-shapewear","9":"product_cat-plus-size-shapewear","10":"product_cat-wholesale-shapewear-bodysuit","11":"product_tag-bodysuit","12":"product_tag-butt-lift","13":"product_tag-tummy-tucker","14":"product_tag-zipper","15":"pa_color-beige","16":"pa_color-black","17":"pa_size-4xl","18":"pa_size-5xl","19":"pa_size-6xl","20":"pa_size-l","21":"pa_size-m","22":"pa_size-s","23":"pa_size-xl","24":"pa_size-xxl","25":"pa_size-xxxl","26":"desktop-align-center","27":"tablet-align-left","28":"mobile-align-left","29":"ast-product-gallery-layout-horizontal-slider","30":"ast-product-single-variable","31":"ast-product-tabs-layout-horizontal","32":"ast-qv-on-image","34":"first","35":"instock","36":"shipping-taxable","37":"purchasable","38":"product-type-variable"},"tiered_pricing_type":"fixed","tiered_pricing_fixed_rules":{"2":12.59,"30":11.69,"100":9.79},"tiered_pricing_product_settings":{"layout":"default","base_unit_name":{"singular":null,"plural":null},"default_variation":{}},"tiered_pricing_minimum_quantity":null,"tiered_pricing_roles_data":[],"tiered_pricing_percentage_rules":[],"_links":{"self":[{"href":"https:\/\/yume-silm.com\/es\/wp-json\/wp\/v2\/product\/3846","targetHints":{"allow":["GET"]}}],"collection":[{"href":"https:\/\/yume-silm.com\/es\/wp-json\/wp\/v2\/product"}],"about":[{"href":"https:\/\/yume-silm.com\/es\/wp-json\/wp\/v2\/types\/product"}],"replies":[{"embeddable":true,"href":"https:\/\/yume-silm.com\/es\/wp-json\/wp\/v2\/comments?post=3846"}],"wp:featuredmedia":[{"embeddable":true,"href":"https:\/\/yume-silm.com\/es\/wp-json\/wp\/v2\/media\/3872"}],"wp:attachment":[{"href":"https:\/\/yume-silm.com\/es\/wp-json\/wp\/v2\/media?parent=3846"}],"wp:term":[{"taxonomy":"product_brand","embeddable":true,"href":"https:\/\/yume-silm.com\/es\/wp-json\/wp\/v2\/product_brand?post=3846"},{"taxonomy":"product_cat","embeddable":true,"href":"https:\/\/yume-silm.com\/es\/wp-json\/wp\/v2\/product_cat?post=3846"},{"taxonomy":"product_tag","embeddable":true,"href":"https:\/\/yume-silm.com\/es\/wp-json\/wp\/v2\/product_tag?post=3846"}],"curies":[{"name":"wp","href":"https:\/\/api.w.org\/{rel}","templated":true}]}}