{"id":3877,"date":"2023-07-04T02:17:39","date_gmt":"2023-07-04T02:17:39","guid":{"rendered":"https:\/\/yume-silm.com\/?post_type=product&#038;p=3877"},"modified":"2025-04-09T00:44:52","modified_gmt":"2025-04-09T00:44:52","slug":"cinturon-braga-negro-desmontable-para-control-y-elevacion-de-gluteos","status":"publish","type":"product","link":"https:\/\/yume-silm.com\/es\/producto-2\/cinturon-braga-negro-desmontable-para-control-y-elevacion-de-gluteos\/","title":{"rendered":"Pantalones cortos moldeadores de cuerpo con entrepierna abierta, cintura alta, compresi\u00f3n doble, barriga"},"content":{"rendered":"<h5>Caracteristicas de dise\u00f1o<\/h5>\n<ul>\n<li><strong>DISE\u00d1O DE LEVANTAMIENTO DE Gl\u00fateos:<\/strong> Estos pantalones cortos moldeadores para abdominoplastia y levantamiento de cadera levantan y dan forma a los gl\u00fateos al levantarlos y contornearlos para mejorar el contorno natural y reafirmar visiblemente los gl\u00fateos para una apariencia m\u00e1s segura.<\/li>\n<li><strong>COMPRESI\u00d3N DOBLE DE BARRIGA:<\/strong> Nuestros pantalones cortos moldeadores de entrepierna abierta para mujer a\u00f1aden una capa adicional de cintura a la barriga, compresi\u00f3n de doble capa de la barriga para una contracci\u00f3n de la cintura m\u00e1s r\u00e1pida y mejor. Con una cintura m\u00e1s delgada, es la primera opci\u00f3n para quienes buscan una soluci\u00f3n eficaz para adelgazar la cintura.<\/li>\n<li><strong>CORREAS DESMONTABLES:<\/strong> Los tirantes de esta elegante prenda moldeadora de encaje se pueden quitar y usar como pantalones cortos moldeadores. Las correas de los pantalones cortos moldeadores del cuerpo con entrepierna abierta y cintura alta de doble compresi\u00f3n tambi\u00e9n se pueden ajustar libremente, lo que se puede usar de una manera que levante los senos. Esta caracter\u00edstica \u00fanica proporciona estilo y versatilidad de ajuste, asegurando personalizaci\u00f3n y comodidad.<\/li>\n<li><strong>ENTREPIEZA ABIERTA:<\/strong> La entrepierna de los pantalones cortos moldeadores del cuerpo, altamente el\u00e1sticos y transpirables, es excepcionalmente abierta, lo que los hace f\u00e1ciles de poner y quitar, adem\u00e1s de ser modernos y est\u00e9ticamente agradables.<\/li>\n<li><strong>NEGRO CL\u00c1SICO:<\/strong> Nuestros pantalones cortos moldeadores de talla grande vienen en un color atemporal. Sabemos que el negro complementa f\u00e1cilmente una variedad de conjuntos y estilos personales, lo que lo convierte en un imprescindible en la colecci\u00f3n de fajas.<\/li>\n<\/ul>\n<h6><em>Pantalones cortos moldeadores de elevaci\u00f3n de cadera de talla grande para mujer con correa para el hombro extra\u00edble<\/em><\/h6>\n<ul>\n<li>En resumen, los pantalones cortos moldeadores de cuerpo con entrepierna abierta, cintura alta y doble compresi\u00f3n son imprescindibles para los mayoristas que buscan ofrecer soluciones moldeadoras de primer nivel. Sus caracter\u00edsticas y dise\u00f1o \u00fanicos garantizan la satisfacci\u00f3n del cliente. Sum\u00e9rgete en el mundo del comercio mayorista con esta pieza premium. \u00a1Asegura tus pedidos hoy!<\/li>\n<\/ul>","protected":false},"excerpt":{"rendered":"<p>Descubra el poder transformador de nuestros pantalones cortos moldeadores de cuerpo con entrepierna abierta, cintura alta y doble compresi\u00f3n. Dise\u00f1ado para dar forma \u00f3ptima al cuerpo, ofrece control de la barriga, un lado abierto para facilitar su uso y un enfoque en el levantamiento de gl\u00fateos. El cintur\u00f3n desmontable garantiza un ajuste perfecto y a\u00f1ade un toque de estilo irresistible.<\/p>","protected":false},"featured_media":3909,"comment_status":"open","ping_status":"closed","template":"","meta":{"site-sidebar-layout":"default","site-content-layout":"default","ast-site-content-layout":"default","site-content-style":"default","site-sidebar-style":"default","ast-global-header-display":"","ast-banner-title-visibility":"","ast-main-header-display":"","ast-hfb-above-header-display":"","ast-hfb-below-header-display":"","ast-hfb-mobile-header-display":"","site-post-title":"","ast-breadcrumbs-content":"","ast-featured-img":"","footer-sml-layout":"","ast-disable-related-posts":"","theme-transparent-header-meta":"default","adv-header-id-meta":"","stick-header-meta":"default","header-above-stick-meta":"","header-main-stick-meta":"","header-below-stick-meta":"","astra-migrate-meta-layouts":"set","ast-page-background-enabled":"default","ast-page-background-meta":{"desktop":{"background-color":"","background-image":"","background-repeat":"repeat","background-position":"center center","background-size":"auto","background-attachment":"scroll","background-type":"","background-media":"","overlay-type":"","overlay-color":"","overlay-opacity":"","overlay-gradient":""},"tablet":{"background-color":"","background-image":"","background-repeat":"repeat","background-position":"center center","background-size":"auto","background-attachment":"scroll","background-type":"","background-media":"","overlay-type":"","overlay-color":"","overlay-opacity":"","overlay-gradient":""},"mobile":{"background-color":"","background-image":"","background-repeat":"repeat","background-position":"center center","background-size":"auto","background-attachment":"scroll","background-type":"","background-media":"","overlay-type":"","overlay-color":"","overlay-opacity":"","overlay-gradient":""}},"ast-content-background-meta":{"desktop":{"background-color":"var(--ast-global-color-5)","background-image":"","background-repeat":"repeat","background-position":"center center","background-size":"auto","background-attachment":"scroll","background-type":"","background-media":"","overlay-type":"","overlay-color":"","overlay-opacity":"","overlay-gradient":""},"tablet":{"background-color":"var(--ast-global-color-5)","background-image":"","background-repeat":"repeat","background-position":"center center","background-size":"auto","background-attachment":"scroll","background-type":"","background-media":"","overlay-type":"","overlay-color":"","overlay-opacity":"","overlay-gradient":""},"mobile":{"background-color":"var(--ast-global-color-5)","background-image":"","background-repeat":"repeat","background-position":"center center","background-size":"auto","background-attachment":"scroll","background-type":"","background-media":"","overlay-type":"","overlay-color":"","overlay-opacity":"","overlay-gradient":""}}},"product_brand":[],"product_cat":[65,76,77,80],"product_tag":[137,141,134,154],"class_list":{"0":"post-3877","1":"product","2":"type-product","3":"status-publish","4":"has-post-thumbnail","6":"product_cat-best-sellers","7":"product_cat-new-arrivels","8":"product_cat-wholesale-womens-shapewear","9":"product_cat-wholesale-butt-lift-underwear","10":"product_tag-butt-lift","11":"product_tag-plus-size","12":"product_tag-tummy-tucker","13":"product_tag-with-hooks","14":"pa_color-black","15":"pa_size-4xl","16":"pa_size-5xl","17":"pa_size-6xl","18":"pa_size-l","19":"pa_size-m","20":"pa_size-s","21":"pa_size-xl","22":"pa_size-xxl","23":"pa_size-xxxl","24":"desktop-align-center","25":"tablet-align-left","26":"mobile-align-left","27":"ast-product-gallery-layout-horizontal-slider","28":"ast-product-single-variable","29":"ast-product-tabs-layout-horizontal","30":"ast-qv-on-image","32":"first","33":"instock","34":"shipping-taxable","35":"purchasable","36":"product-type-variable"},"tiered_pricing_type":"fixed","tiered_pricing_fixed_rules":{"2":14.09,"30":13.19,"500":10.99},"tiered_pricing_product_settings":{"layout":"default","base_unit_name":{"singular":null,"plural":null},"default_variation":{}},"tiered_pricing_minimum_quantity":null,"tiered_pricing_roles_data":[],"tiered_pricing_percentage_rules":[],"_links":{"self":[{"href":"https:\/\/yume-silm.com\/es\/wp-json\/wp\/v2\/product\/3877","targetHints":{"allow":["GET"]}}],"collection":[{"href":"https:\/\/yume-silm.com\/es\/wp-json\/wp\/v2\/product"}],"about":[{"href":"https:\/\/yume-silm.com\/es\/wp-json\/wp\/v2\/types\/product"}],"replies":[{"embeddable":true,"href":"https:\/\/yume-silm.com\/es\/wp-json\/wp\/v2\/comments?post=3877"}],"wp:featuredmedia":[{"embeddable":true,"href":"https:\/\/yume-silm.com\/es\/wp-json\/wp\/v2\/media\/3909"}],"wp:attachment":[{"href":"https:\/\/yume-silm.com\/es\/wp-json\/wp\/v2\/media?parent=3877"}],"wp:term":[{"taxonomy":"product_brand","embeddable":true,"href":"https:\/\/yume-silm.com\/es\/wp-json\/wp\/v2\/product_brand?post=3877"},{"taxonomy":"product_cat","embeddable":true,"href":"https:\/\/yume-silm.com\/es\/wp-json\/wp\/v2\/product_cat?post=3877"},{"taxonomy":"product_tag","embeddable":true,"href":"https:\/\/yume-silm.com\/es\/wp-json\/wp\/v2\/product_tag?post=3877"}],"curies":[{"name":"wp","href":"https:\/\/api.w.org\/{rel}","templated":true}]}}