{"id":3912,"date":"2023-07-04T02:34:09","date_gmt":"2023-07-04T02:34:09","guid":{"rendered":"https:\/\/yume-silm.com\/?post_type=product&#038;p=3912"},"modified":"2023-12-28T03:11:02","modified_gmt":"2023-12-28T03:11:02","slug":"moldeador-de-cuerpo-entero-de-malla-de-alta-elasticidad-con-hebillas-colgantes-de-cuatro-capas","status":"publish","type":"product","link":"https:\/\/yume-silm.com\/es\/producto-2\/moldeador-de-cuerpo-entero-de-malla-de-alta-elasticidad-con-hebillas-colgantes-de-cuatro-capas\/","title":{"rendered":"Body moldeador de cuerpo completo para mujer"},"content":{"rendered":"<h5>Caracter\u00edsticas detalladas<\/h5>\n<ul>\n<li><strong>POTENTE AJUSTABILIDAD:<\/strong> El cierre de velcro de 4 capas est\u00e1 dise\u00f1ado para permitir ajustes precisos y un mejor control del abdomen para un ajuste personalizado. Los pantalones cortos moldeadores de cuerpo completo sin costuras se pueden ocultar f\u00e1cilmente debajo de cualquiera de tus conjuntos.<\/li>\n<li><strong>FORMACI\u00d3N INTEGRAL:<\/strong> \u00a1Disfrute de los beneficios del aumento de senos, abdominoplastia, adelgazamiento de cintura, levantamiento de gl\u00fateos y correcci\u00f3n de espalda! Nuestros pantalones cortos moldeadores de cuerpo completo te dar\u00e1n confianza en el momento en que te los pongas. Proporciona un efecto tensor medio a fuerte para lograr un busto m\u00e1s lleno, un cuerpo m\u00e1s delgado y una figura perfecta con curvas con facilidad.<\/li>\n<li><strong>AJUSTE C\u00d3MODO:<\/strong> El cors\u00e9 debajo del busto est\u00e1 hecho de un material suave y transpirable, que no solo es bueno para dar forma, sino que tambi\u00e9n garantiza comodidad al usarlo, sin sentirse apretado o inc\u00f3modo. El tejido de alta calidad muestra buena transpirabilidad y comodidad, por lo que puedes sentirte fresco y c\u00f3modo mientras lo usas durante todo el d\u00eda.<\/li>\n<li><strong>USO MULTIFUNCIONAL:<\/strong> Estos pantalones cortos moldeadores debajo del busto son adecuados para una variedad de ocasiones, como el uso diario, soporte moldeador durante el ejercicio o incluso una herramienta adelgazante para festivales especiales como citas y fiestas, \u00faselos y aproveche su excelente efecto.<\/li>\n<li><strong>CUERPO PERFECTO:<\/strong> \u00a1S\u00e9 una mujer segura! Las correas ajustables de la ropa interior moldeadora del cuerpo se pueden ajustar al rango m\u00e1s adecuado a voluntad. La ropa corporal no solo da forma a tu cuerpo, sino que tambi\u00e9n ayuda a mejorar tu postura sentada y de pie, mejorando tu f\u00edsico en general y haci\u00e9ndote irradiar un aura m\u00e1s segura.<\/li>\n<\/ul>\n<h6><em>Faja de cuerpo completo de malla el\u00e1stica alta al por mayor: capas de malla doble<\/em><\/h6>\n<ul>\n<li data-slate-node=\"element\" data-slate-fragment=\"JTVCJTdCJTIydHlwZSUyMiUzQSUyMnBhcmFncmFwaCUyMiUyQyUyMmNoaWxkcmVuJTIyJTNBJTVCJTdCJTIydGV4dCUyMiUzQSUyMlRoZSUyMHdvbWVuJ3MlMjBmdWxsJTIwYm9keSUyMHNoYXBld2VhciUyMGJvZHlzdWl0JTIwc2hvcnRzJTIwaXMlMjBhbiUyMGluZGlzcGVuc2FibGUlMjBwaWVjZSUyMGZvciUyMHdob2xlc2FsZXJzJTIwYWltaW5nJTIwdG8lMjBwcm92aWRlJTIwdG9wLXRpZXIlMjBzaGFwaW5nJTIwc29sdXRpb25zLiUyMCUyMiUyQyUyMnNlbnRlbmNlJTIyJTNBMjAlMkMlMjJjaGlsZFNlbnRlbmNlJTIyJTNBMSU3RCUyQyU3QiUyMnRleHQlMjIlM0ElMjJJdHMlMjB1bmlxdWUlMjBmZWF0dXJlcyUyMGFuZCUyMGRlc2lnbiUyMHByb21pc2UlMjBjdXN0b21lciUyMHNhdGlzZmFjdGlvbi4lMjIlMkMlMjJzZW50ZW5jZSUyMiUzQTIwJTJDJTIyY2hpbGRTZW50ZW5jZSUyMiUzQTIlN0QlNUQlN0QlMkMlN0IlMjJ0eXBlJTIyJTNBJTIycGFyYWdyYXBoJTIyJTJDJTIyY2hpbGRyZW4lMjIlM0ElNUIlN0IlMjJ0ZXh0JTIyJTNBJTIyJTIyJTJDJTIyc2VudGVuY2UlMjIlM0EyMSUyQyUyMmNoaWxkU2VudGVuY2UlMjIlM0ExJTdEJTVEJTdEJTVE\"><span class=\"\" data-slate-node=\"text\"><span class=\"201\" data-slate-leaf=\"true\"><span data-slate-string=\"true\">Los pantalones cortos de body moldeador de cuerpo completo para mujer son una pieza indispensable para los mayoristas que buscan ofrecer soluciones moldeadoras de primer nivel. <\/span><\/span><\/span><span data-slate-node=\"text\"><span class=\"202\" data-slate-leaf=\"true\">Sus caracter\u00edsticas y dise\u00f1o \u00fanicos prometen la satisfacci\u00f3n del cliente.<\/span><\/span><\/li>\n<\/ul>","protected":false},"excerpt":{"rendered":"<p>Introduce una silueta transformadora con nuestros pantalones cortos moldeadores de cuerpo completo para mujer. Mejorada con hebillas colgantes de cuatro capas y capas dobles de malla de alta elasticidad, esta ropa interior moldeadora es el ep\u00edtome del control abdominal y la mejora de la l\u00ednea de la cadera.<\/p>","protected":false},"featured_media":3929,"comment_status":"open","ping_status":"closed","template":"","meta":{"site-sidebar-layout":"default","site-content-layout":"default","ast-site-content-layout":"default","site-content-style":"default","site-sidebar-style":"default","ast-global-header-display":"","ast-banner-title-visibility":"","ast-main-header-display":"","ast-hfb-above-header-display":"","ast-hfb-below-header-display":"","ast-hfb-mobile-header-display":"","site-post-title":"","ast-breadcrumbs-content":"","ast-featured-img":"","footer-sml-layout":"","ast-disable-related-posts":"","theme-transparent-header-meta":"default","adv-header-id-meta":"","stick-header-meta":"default","header-above-stick-meta":"","header-main-stick-meta":"","header-below-stick-meta":"","astra-migrate-meta-layouts":"set","ast-page-background-enabled":"default","ast-page-background-meta":{"desktop":{"background-color":"","background-image":"","background-repeat":"repeat","background-position":"center center","background-size":"auto","background-attachment":"scroll","background-type":"","background-media":"","overlay-type":"","overlay-color":"","overlay-opacity":"","overlay-gradient":""},"tablet":{"background-color":"","background-image":"","background-repeat":"repeat","background-position":"center center","background-size":"auto","background-attachment":"scroll","background-type":"","background-media":"","overlay-type":"","overlay-color":"","overlay-opacity":"","overlay-gradient":""},"mobile":{"background-color":"","background-image":"","background-repeat":"repeat","background-position":"center center","background-size":"auto","background-attachment":"scroll","background-type":"","background-media":"","overlay-type":"","overlay-color":"","overlay-opacity":"","overlay-gradient":""}},"ast-content-background-meta":{"desktop":{"background-color":"var(--ast-global-color-5)","background-image":"","background-repeat":"repeat","background-position":"center center","background-size":"auto","background-attachment":"scroll","background-type":"","background-media":"","overlay-type":"","overlay-color":"","overlay-opacity":"","overlay-gradient":""},"tablet":{"background-color":"var(--ast-global-color-5)","background-image":"","background-repeat":"repeat","background-position":"center center","background-size":"auto","background-attachment":"scroll","background-type":"","background-media":"","overlay-type":"","overlay-color":"","overlay-opacity":"","overlay-gradient":""},"mobile":{"background-color":"var(--ast-global-color-5)","background-image":"","background-repeat":"repeat","background-position":"center center","background-size":"auto","background-attachment":"scroll","background-type":"","background-media":"","overlay-type":"","overlay-color":"","overlay-opacity":"","overlay-gradient":""}}},"product_brand":[],"product_cat":[65,76,77,78],"product_tag":[135,497,137,498,142,148,134,154],"class_list":{"0":"post-3912","1":"product","2":"type-product","3":"status-publish","4":"has-post-thumbnail","6":"product_cat-best-sellers","7":"product_cat-new-arrivels","8":"product_cat-wholesale-womens-shapewear","9":"product_cat-wholesale-full-body-shaper","10":"product_tag-all-in-one","11":"product_tag-bodysuit-shorts","12":"product_tag-butt-lift","13":"product_tag-full-body","14":"product_tag-low-back","15":"product_tag-one-piece","16":"product_tag-tummy-tucker","17":"product_tag-with-hooks","18":"pa_color-black","19":"pa_size-l","20":"pa_size-m","21":"pa_size-s","22":"pa_size-xl","23":"pa_size-xxl","24":"pa_size-xxxl","25":"desktop-align-center","26":"tablet-align-left","27":"mobile-align-left","28":"ast-product-gallery-layout-horizontal-slider","29":"ast-product-single-variable","30":"ast-product-tabs-layout-horizontal","31":"ast-qv-on-image","33":"first","34":"instock","35":"shipping-taxable","36":"purchasable","37":"product-type-variable"},"tiered_pricing_type":"fixed","tiered_pricing_fixed_rules":{"2":14.99,"30":13.99,"500":11.69},"tiered_pricing_product_settings":{"layout":"default","base_unit_name":{"singular":null,"plural":null},"default_variation":{}},"tiered_pricing_minimum_quantity":null,"tiered_pricing_roles_data":[],"tiered_pricing_percentage_rules":[],"_links":{"self":[{"href":"https:\/\/yume-silm.com\/es\/wp-json\/wp\/v2\/product\/3912","targetHints":{"allow":["GET"]}}],"collection":[{"href":"https:\/\/yume-silm.com\/es\/wp-json\/wp\/v2\/product"}],"about":[{"href":"https:\/\/yume-silm.com\/es\/wp-json\/wp\/v2\/types\/product"}],"replies":[{"embeddable":true,"href":"https:\/\/yume-silm.com\/es\/wp-json\/wp\/v2\/comments?post=3912"}],"wp:featuredmedia":[{"embeddable":true,"href":"https:\/\/yume-silm.com\/es\/wp-json\/wp\/v2\/media\/3929"}],"wp:attachment":[{"href":"https:\/\/yume-silm.com\/es\/wp-json\/wp\/v2\/media?parent=3912"}],"wp:term":[{"taxonomy":"product_brand","embeddable":true,"href":"https:\/\/yume-silm.com\/es\/wp-json\/wp\/v2\/product_brand?post=3912"},{"taxonomy":"product_cat","embeddable":true,"href":"https:\/\/yume-silm.com\/es\/wp-json\/wp\/v2\/product_cat?post=3912"},{"taxonomy":"product_tag","embeddable":true,"href":"https:\/\/yume-silm.com\/es\/wp-json\/wp\/v2\/product_tag?post=3912"}],"curies":[{"name":"wp","href":"https:\/\/api.w.org\/{rel}","templated":true}]}}