{"id":3931,"date":"2023-07-04T02:50:09","date_gmt":"2023-07-04T02:50:09","guid":{"rendered":"https:\/\/yume-silm.com\/?post_type=product&#038;p=3931"},"modified":"2024-02-29T05:59:11","modified_gmt":"2024-02-29T05:59:11","slug":"faja-reductora-con-tirantes-anchos","status":"publish","type":"product","link":"https:\/\/yume-silm.com\/es\/producto-2\/faja-reductora-con-tirantes-anchos\/","title":{"rendered":"Venta al por mayor Faja moldeadora de cintura con huesos de acero: Malla transpirable"},"content":{"rendered":"<h5>Caracteristicas de dise\u00f1o<\/h5>\n<ul>\n<li data-slate-node=\"element\"><span data-slate-node=\"text\"><span class=\"41\" data-slate-leaf=\"true\">FORMACI\u00d3N DE CINTURA DE HUESO DE ACERO: La faja moldeadora de cuerpo completo con forma de cintura de hueso de acero se caracteriza por un refuerzo de hueso de acero, que proporciona una forma de cintura extraordinaria y una figura de reloj de arena m\u00e1s efectiva.<\/span><\/span><\/li>\n<li data-slate-node=\"element\"><span data-slate-node=\"text\"><span class=\"61\" data-slate-leaf=\"true\">CORREAS ANCHAS: Las correas anchas de esta faja moldeadora de cuerpo completo con gancho y ojo est\u00e1n dise\u00f1adas para brindar un soporte inigualable durante la experiencia de uso, garantizando comodidad sin pellizcar la piel.<\/span><\/span><\/li>\n<li data-slate-node=\"element\"><span data-slate-node=\"text\"><span class=\"81\" data-slate-leaf=\"true\">ENTREPIEZA ABIERTA: Nos alegra que la ropa interior para levantar gl\u00fateos tenga la entrepierna abierta. <\/span><\/span><span data-slate-node=\"text\"><span class=\"82\" data-slate-leaf=\"true\">Es muy c\u00f3modo porque no necesitamos quitarnos toda la ropa para ir al ba\u00f1o.<\/span><\/span><\/li>\n<li data-slate-node=\"element\"><span data-slate-node=\"text\"><span class=\"101\" data-slate-leaf=\"true\">MALLA EL\u00c1STICA TRANSPIRABLE: Poli\u00e9ster, Spandex. <\/span><\/span><span data-slate-node=\"text\"><span class=\"102\" data-slate-leaf=\"true\">Este traje de cuerpo de hueso de acero para mujer est\u00e1 hecho de malla transpirable, que mantiene una gran transpirabilidad y tambi\u00e9n es m\u00e1s c\u00f3modo contra la piel. <\/span><\/span><span data-slate-node=\"text\"><span class=\"103\" data-slate-leaf=\"true\">M\u00e1s el\u00e1stico y duradero, perfecto para usarlo durante mucho tiempo.<\/span><\/span><\/li>\n<li data-slate-node=\"element\" data-slate-fragment=\"JTVCJTdCJTIydHlwZSUyMiUzQSUyMnBhcmFncmFwaCUyMiUyQyUyMmNoaWxkcmVuJTIyJTNBJTVCJTdCJTIydGV4dCUyMiUzQSUyMlNURUVMJTIwQk9ORSUyMFdBSVNUJTIwU0hBUElORyUzQSUyMFRoZSUyMHN0ZWVsLWJvbmUlMjB3YWlzdCUyMHNoYXBpbmclMjBmdWxsJTIwYm9keSUyMHNoYXBlciUyMGlzJTIwY2hhcmFjdGVyaXplZCUyMGJ5JTIwc3RlZWwlMjBib25lJTIwcmVpbmZvcmNlbWVudCUyQyUyMHdoaWNoJTIwcHJvdmlkZXMlMjBleHRyYW9yZGluYXJ5JTIwd2Fpc3QlMjBzaGFwaW5nJTIwYW5kJTIwbW9yZSUyMGVmZmVjdGl2ZSUyMGhvdXJnbGFzcyUyMGZpZ3VyZSUyMHNoYXBpbmcuJTIyJTJDJTIyc2VudGVuY2UlMjIlM0E0JTJDJTIyY2hpbGRTZW50ZW5jZSUyMiUzQTElN0QlNUQlN0QlMkMlN0IlMjJ0eXBlJTIyJTNBJTIycGFyYWdyYXBoJTIyJTJDJTIyY2hpbGRyZW4lMjIlM0ElNUIlN0IlMjJ0ZXh0JTIyJTNBJTIyJTIyJTJDJTIyc2VudGVuY2UlMjIlM0E1JTJDJTIyY2hpbGRTZW50ZW5jZSUyMiUzQTElN0QlNUQlN0QlMkMlN0IlMjJ0eXBlJTIyJTNBJTIycGFyYWdyYXBoJTIyJTJDJTIyY2hpbGRyZW4lMjIlM0ElNUIlN0IlMjJ0ZXh0JTIyJTNBJTIyV0lERSUyMFNUUkFQUyUzQSUyMFRoZSUyMHdpZGUlMjBzdHJhcHMlMjBvZiUyMHRoaXMlMjBob29rJTIwJTI2JTIwZXllJTIwZnVsbCUyMGJvZHklMjBzaGFwZXdlYXIlMjBhcmUlMjBkZXNpZ25lZCUyMHRvJTIwcHJvdmlkZSUyMHVucml2YWxlZCUyMHN1cHBvcnQlMjBkdXJpbmclMjB0aGUlMjB3ZWFyaW5nJTIwZXhwZXJpZW5jZSUyQyUyMGVuc3VyaW5nJTIwY29tZm9ydCUyMHdpdGhvdXQlMjBwaW5jaGluZyUyMHRoZSUyMHNraW4uJTIyJTJDJTIyc2VudGVuY2UlMjIlM0E2JTJDJTIyY2hpbGRTZW50ZW5jZSUyMiUzQTElN0QlNUQlN0QlMkMlN0IlMjJ0eXBlJTIyJTNBJTIycGFyYWdyYXBoJTIyJTJDJTIyY2hpbGRyZW4lMjIlM0ElNUIlN0IlMjJ0ZXh0JTIyJTNBJTIyJTIyJTJDJTIyc2VudGVuY2UlMjIlM0E3JTJDJTIyY2hpbGRTZW50ZW5jZSUyMiUzQTElN0QlNUQlN0QlMkMlN0IlMjJ0eXBlJTIyJTNBJTIycGFyYWdyYXBoJTIyJTJDJTIyY2hpbGRyZW4lMjIlM0ElNUIlN0IlMjJ0ZXh0JTIyJTNBJTIyT3BlbiUyMENyb3RjaCUzQSUyMFdlJTIwYXJlJTIwaGFwcHklMjB0aGF0JTIwdGhlJTIwYnV0dCUyMGxpZnQlMjB1bmRlcndlYXIlMjBoYXMlMjBhbiUyMG9wZW4lMjBjcm90Y2guJTIwJTIyJTJDJTIyc2VudGVuY2UlMjIlM0E4JTJDJTIyY2hpbGRTZW50ZW5jZSUyMiUzQTElN0QlMkMlN0IlMjJ0ZXh0JTIyJTNBJTIySXQncyUyMHZlcnklMjBjb252ZW5pZW50JTIwYmVjYXVzZSUyMHdlJTIwZG9uJ3QlMjBuZWVkJTIwdG8lMjB0YWtlJTIwb2ZmJTIwYWxsJTIwb3VyJTIwY2xvdGhlcyUyMHRvJTIwZ28lMjB0byUyMHRoZSUyMHRvaWxldC4lMjIlMkMlMjJzZW50ZW5jZSUyMiUzQTglMkMlMjJjaGlsZFNlbnRlbmNlJTIyJTNBMiU3RCU1RCU3RCUyQyU3QiUyMnR5cGUlMjIlM0ElMjJwYXJhZ3JhcGglMjIlMkMlMjJjaGlsZHJlbiUyMiUzQSU1QiU3QiUyMnRleHQlMjIlM0ElMjIlMjIlMkMlMjJzZW50ZW5jZSUyMiUzQTklMkMlMjJjaGlsZFNlbnRlbmNlJTIyJTNBMSU3RCU1RCU3RCUyQyU3QiUyMnR5cGUlMjIlM0ElMjJwYXJhZ3JhcGglMjIlMkMlMjJjaGlsZHJlbiUyMiUzQSU1QiU3QiUyMnRleHQlMjIlM0ElMjJFTEFTVElDJTIwQlJFQVRIQUJMRSUyME1FU0glM0ElMjBQb2x5ZXN0ZXIlMkMlMjBTcGFuZGV4LiUyMCUyMiUyQyUyMnNlbnRlbmNlJTIyJTNBMTAlMkMlMjJjaGlsZFNlbnRlbmNlJTIyJTNBMSU3RCUyQyU3QiUyMnRleHQlMjIlM0ElMjJUaGlzJTIwd29tZW4ncyUyMHN0ZWVsJTIwYm9uZSUyMGJvZHklMjBzdWl0JTIwaXMlMjBtYWRlJTIwb2YlMjBicmVhdGhhYmxlJTIwbWVzaCUyQyUyMHdoaWNoJTIwbWFpbnRhaW5zJTIwZ3JlYXQlMjBicmVhdGhhYmlsaXR5JTIwYW5kJTIwaXMlMjBhbHNvJTIwbW9yZSUyMGNvbWZvcnRhYmxlJTIwYWdhaW5zdCUyMHRoZSUyMHNraW4uJTIwJTIyJTJDJTIyc2VudGVuY2UlMjIlM0ExMCUyQyUyMmNoaWxkU2VudGVuY2UlMjIlM0EyJTdEJTJDJTdCJTIydGV4dCUyMiUzQSUyMk1vcmUlMjBzdHJldGNoeSUyMGFuZCUyMGR1cmFibGUlMkMlMjBwZXJmZWN0JTIwZm9yJTIwbG9uZyUyMHRpbWUlMjB3ZWFyaW5nLiUyMiUyQyUyMnNlbnRlbmNlJTIyJTNBMTAlMkMlMjJjaGlsZFNlbnRlbmNlJTIyJTNBMyU3RCU1RCU3RCUyQyU3QiUyMnR5cGUlMjIlM0ElMjJwYXJhZ3JhcGglMjIlMkMlMjJjaGlsZHJlbiUyMiUzQSU1QiU3QiUyMnRleHQlMjIlM0ElMjIlMjIlMkMlMjJzZW50ZW5jZSUyMiUzQTExJTJDJTIyY2hpbGRTZW50ZW5jZSUyMiUzQTElN0QlNUQlN0QlMkMlN0IlMjJ0eXBlJTIyJTNBJTIycGFyYWdyYXBoJTIyJTJDJTIyY2hpbGRyZW4lMjIlM0ElNUIlN0IlMjJ0ZXh0JTIyJTNBJTIyRkFTSElPTkFCTEUlMjBBTkQlMjBNVUxUSUZVTkNUSU9OQUwlM0ElMjBUaGlzJTIwdGhlJTIwYmVzdCUyMGNvcnNldCUyMHNoYXBld2VhciUyMGNhbiUyMGFjaGlldmUlMjBhJTIwZnVsbCUyMGJvZHklMjBzaGFwaW5nJTIwZWZmZWN0LiUyMCUyMiUyQyUyMnNlbnRlbmNlJTIyJTNBMTIlMkMlMjJjaGlsZFNlbnRlbmNlJTIyJTNBMSU3RCUyQyU3QiUyMnRleHQlMjIlM0ElMjJXZWFyaW5nJTIwaXQlMjBjYW4lMjBtYWtlJTIwb3VyJTIwYmFjayUyMGZpcm1lciUyMGFuZCUyMG1vcmUlMjBuYXR1cmFsJTJDJTIwaGlwcyUyMG1vcmUlMjBmaXJtJTJDJTIwc21vb3RoaW5nJTIwdGhlJTIwYWJkb21lbiUyMGFzJTIwd2VsbCUyMGFzJTIwdGhpZ2glMjBzaGFwaW5nLiUyMCUyMiUyQyUyMnNlbnRlbmNlJTIyJTNBMTIlMkMlMjJjaGlsZFNlbnRlbmNlJTIyJTNBMiU3RCUyQyU3QiUyMnRleHQlMjIlM0ElMjJTdWl0YWJsZSUyMGZvciUyMGFsbCUyMG9jY2FzaW9ucyUyQyUyMGZyb20lMjBkYWlseSUyMHdlYXIlMjB0byUyMHNwZWNpYWwlMjBldmVudHMlMkMlMjBmdW5jdGlvbmFsJTIwYW5kJTIwY29tZm9ydGFibGUuJTIyJTJDJTIyc2VudGVuY2UlMjIlM0ExMiUyQyUyMmNoaWxkU2VudGVuY2UlMjIlM0EzJTdEJTVEJTdEJTVE\"><span data-slate-node=\"text\"><span class=\"121\" data-slate-leaf=\"true\">MODA Y MULTIFUNCIONAL: Esta es la mejor prenda moldeadora de cors\u00e9 que puede lograr un efecto de modelado de todo el cuerpo. <\/span><\/span><span data-slate-node=\"text\"><span class=\"122\" data-slate-leaf=\"true\">Usarlo puede hacer que nuestra espalda sea m\u00e1s firme y natural, las caderas m\u00e1s firmes, suavizando el abdomen y dando forma a los muslos. <\/span><\/span><span data-slate-node=\"text\"><span class=\"123\" data-slate-leaf=\"true\">Adecuado para todas las ocasiones, desde el uso diario hasta eventos especiales, funcional y c\u00f3modo.<\/span><\/span><\/li>\n<\/ul>\n<h6><em>Faja de cuerpo completo con gancho y ojo para mujer, dise\u00f1o de entrepierna abierta<\/em><\/h6>\n<ul>\n<li>En resumen, la faja moldeadora de cintura con huesos de acero y tirantes anchos para los hombros es un complemento esencial para los mayoristas que buscan ofrecer estilo y comodidad. Con sus caracter\u00edsticas y dise\u00f1o \u00fanicos, se convertir\u00e1 en el favorito de los clientes. Sum\u00e9rgete en el mundo del comercio mayorista con esta pieza excepcional. \u00a1Asegura tus pedidos hoy!<\/li>\n<li>Dengan tambahan strip silikon anti selip, Anda tidak perlu khawatir body moldeador de cuerpo completo para mujer Anda akan mudah terlepas, sehingga Anda bisa memakainya di luar rumah dengan penuh percaya diri.<\/li>\n<\/ul>","protected":false},"excerpt":{"rendered":"<p>Descubra la combinaci\u00f3n perfecta de soporte y estilo con nuestra faja moldeadora de cintura con huesos de acero. Con tirantes anchos para mayor comodidad y un dise\u00f1o de entrepierna abierta para mayor comodidad, esta prenda moldeadora es imprescindible para toda mujer moderna.<\/p>","protected":false},"featured_media":3955,"comment_status":"open","ping_status":"closed","template":"","meta":{"site-sidebar-layout":"default","site-content-layout":"default","ast-site-content-layout":"default","site-content-style":"default","site-sidebar-style":"default","ast-global-header-display":"","ast-banner-title-visibility":"","ast-main-header-display":"","ast-hfb-above-header-display":"","ast-hfb-below-header-display":"","ast-hfb-mobile-header-display":"","site-post-title":"","ast-breadcrumbs-content":"","ast-featured-img":"","footer-sml-layout":"","ast-disable-related-posts":"","theme-transparent-header-meta":"default","adv-header-id-meta":"","stick-header-meta":"default","header-above-stick-meta":"","header-main-stick-meta":"","header-below-stick-meta":"","astra-migrate-meta-layouts":"set","ast-page-background-enabled":"default","ast-page-background-meta":{"desktop":{"background-color":"","background-image":"","background-repeat":"repeat","background-position":"center center","background-size":"auto","background-attachment":"scroll","background-type":"","background-media":"","overlay-type":"","overlay-color":"","overlay-opacity":"","overlay-gradient":""},"tablet":{"background-color":"","background-image":"","background-repeat":"repeat","background-position":"center center","background-size":"auto","background-attachment":"scroll","background-type":"","background-media":"","overlay-type":"","overlay-color":"","overlay-opacity":"","overlay-gradient":""},"mobile":{"background-color":"","background-image":"","background-repeat":"repeat","background-position":"center center","background-size":"auto","background-attachment":"scroll","background-type":"","background-media":"","overlay-type":"","overlay-color":"","overlay-opacity":"","overlay-gradient":""}},"ast-content-background-meta":{"desktop":{"background-color":"var(--ast-global-color-5)","background-image":"","background-repeat":"repeat","background-position":"center center","background-size":"auto","background-attachment":"scroll","background-type":"","background-media":"","overlay-type":"","overlay-color":"","overlay-opacity":"","overlay-gradient":""},"tablet":{"background-color":"var(--ast-global-color-5)","background-image":"","background-repeat":"repeat","background-position":"center center","background-size":"auto","background-attachment":"scroll","background-type":"","background-media":"","overlay-type":"","overlay-color":"","overlay-opacity":"","overlay-gradient":""},"mobile":{"background-color":"var(--ast-global-color-5)","background-image":"","background-repeat":"repeat","background-position":"center center","background-size":"auto","background-attachment":"scroll","background-type":"","background-media":"","overlay-type":"","overlay-color":"","overlay-opacity":"","overlay-gradient":""}}},"product_brand":[],"product_cat":[65,76,77,78],"product_tag":[135,136,148,134,154],"class_list":{"0":"post-3931","1":"product","2":"type-product","3":"status-publish","4":"has-post-thumbnail","6":"product_cat-best-sellers","7":"product_cat-new-arrivels","8":"product_cat-wholesale-womens-shapewear","9":"product_cat-wholesale-full-body-shaper","10":"product_tag-all-in-one","11":"product_tag-bridal","12":"product_tag-one-piece","13":"product_tag-tummy-tucker","14":"product_tag-with-hooks","15":"pa_color-beige","16":"pa_color-black","17":"pa_size-l","18":"pa_size-m","19":"pa_size-s","20":"pa_size-xl","21":"pa_size-xxl","22":"pa_size-xxxl","23":"desktop-align-center","24":"tablet-align-left","25":"mobile-align-left","26":"ast-product-gallery-layout-horizontal-slider","27":"ast-product-single-variable","28":"ast-product-tabs-layout-horizontal","29":"ast-qv-on-image","31":"first","32":"instock","33":"shipping-taxable","34":"purchasable","35":"product-type-variable"},"tiered_pricing_type":"fixed","tiered_pricing_fixed_rules":{"2":16.09,"30":14.99,"500":12.49},"tiered_pricing_product_settings":{"layout":"default","base_unit_name":{"singular":null,"plural":null},"default_variation":{}},"tiered_pricing_minimum_quantity":null,"tiered_pricing_roles_data":[],"tiered_pricing_percentage_rules":[],"_links":{"self":[{"href":"https:\/\/yume-silm.com\/es\/wp-json\/wp\/v2\/product\/3931","targetHints":{"allow":["GET"]}}],"collection":[{"href":"https:\/\/yume-silm.com\/es\/wp-json\/wp\/v2\/product"}],"about":[{"href":"https:\/\/yume-silm.com\/es\/wp-json\/wp\/v2\/types\/product"}],"replies":[{"embeddable":true,"href":"https:\/\/yume-silm.com\/es\/wp-json\/wp\/v2\/comments?post=3931"}],"wp:featuredmedia":[{"embeddable":true,"href":"https:\/\/yume-silm.com\/es\/wp-json\/wp\/v2\/media\/3955"}],"wp:attachment":[{"href":"https:\/\/yume-silm.com\/es\/wp-json\/wp\/v2\/media?parent=3931"}],"wp:term":[{"taxonomy":"product_brand","embeddable":true,"href":"https:\/\/yume-silm.com\/es\/wp-json\/wp\/v2\/product_brand?post=3931"},{"taxonomy":"product_cat","embeddable":true,"href":"https:\/\/yume-silm.com\/es\/wp-json\/wp\/v2\/product_cat?post=3931"},{"taxonomy":"product_tag","embeddable":true,"href":"https:\/\/yume-silm.com\/es\/wp-json\/wp\/v2\/product_tag?post=3931"}],"curies":[{"name":"wp","href":"https:\/\/api.w.org\/{rel}","templated":true}]}}