{"id":3957,"date":"2023-07-04T03:06:56","date_gmt":"2023-07-04T03:06:56","guid":{"rendered":"https:\/\/yume-silm.com\/?post_type=product&#038;p=3957"},"modified":"2024-02-29T02:19:23","modified_gmt":"2024-02-29T02:19:23","slug":"body-ajustado-esculpido-sin-costuras-para-mujer","status":"publish","type":"product","link":"https:\/\/yume-silm.com\/es\/producto-2\/body-ajustado-esculpido-sin-costuras-para-mujer\/","title":{"rendered":"Body moldeador de busto abierto sin costuras para mujer al por mayor"},"content":{"rendered":"<h5>Caracteristicas de dise\u00f1o<\/h5>\n<ul>\n<li><strong>CORREAS AJUSTABLES:<\/strong> Las correas el\u00e1sticas ajustables de los bodis moldeadores sin costuras a\u00f1aden libertad y comodidad. Se puede ajustar seg\u00fan su altura y otros ajustes especiales para un ajuste m\u00e1s ce\u00f1ido y c\u00f3modo.<\/li>\n<li><strong>TEJIDO ALTO EL\u00c1STICO:<\/strong> Este moldeador de cuerpo de busto abierto con control de barriga est\u00e1 hecho de tela el\u00e1stica de alta calidad para una mayor durabilidad. Con esta prenda moldeadora, puedes amoldarte a los contornos de tu cuerpo, brindando comodidad y flexibilidad superiores.<\/li>\n<li><strong>TECNOLOG\u00cdA INCONS\u00daTIL:<\/strong> La lencer\u00eda moldeadora sin costuras para mujer brinda una apariencia suave e invisible debajo de cualquier prenda, lo que la convierte en una opci\u00f3n popular para quienes buscan una silueta impecable.<\/li>\n<li><strong>VERSATILIDAD CON ESTILO:<\/strong> Simple y elegante, este body moldeador de busto abierto sin costuras para mujer es perfecto para usar en capas o solo, complementando la ropa informal y formal para garantizar una amplia gama de atractivos.<\/li>\n<li><strong>MEJORA DE LA CONFIANZA EN EL CUERPO:<\/strong> Las fajas sin costuras con pecho abierto te ayudar\u00e1n a tensar el abdomen, levantar las caderas y controlar la espalda. El busto abierto tambi\u00e9n te da la libertad de combinar tu sujetador favorito. Los monos ajustados realzan las curvas naturales y la confianza en el cuerpo.<\/li>\n<\/ul>\n<h6><em>Body moldeador de abdominoplastia y levantamiento de cadera sin costuras para mujer: tirantes ajustables<\/em><\/h6>\n<ul>\n<li>En resumen, el body moldeador de busto abierto sin costuras para mujer es imprescindible para los mayoristas que buscan ofrecer una combinaci\u00f3n de estilo y comodidad. Con sus caracter\u00edsticas y dise\u00f1o \u00fanicos, se convertir\u00e1 en el favorito de los clientes. Sum\u00e9rgete en el mundo del comercio mayorista con esta pieza destacada. \u00a1Asegura tus pedidos hoy!<\/li>\n<\/ul>","protected":false},"excerpt":{"rendered":"<p>Eleva tu colecci\u00f3n con nuestro body moldeador de busto abierto sin costuras para mujer. Dise\u00f1ado con tirantes ajustables y tejido muy el\u00e1stico, este body promete una silueta impecable y una comodidad inigualable.<\/p>","protected":false},"featured_media":3977,"comment_status":"open","ping_status":"closed","template":"","meta":{"site-sidebar-layout":"default","site-content-layout":"default","ast-site-content-layout":"default","site-content-style":"default","site-sidebar-style":"default","ast-global-header-display":"","ast-banner-title-visibility":"","ast-main-header-display":"","ast-hfb-above-header-display":"","ast-hfb-below-header-display":"","ast-hfb-mobile-header-display":"","site-post-title":"","ast-breadcrumbs-content":"","ast-featured-img":"","footer-sml-layout":"","ast-disable-related-posts":"","theme-transparent-header-meta":"default","adv-header-id-meta":"","stick-header-meta":"default","header-above-stick-meta":"","header-main-stick-meta":"","header-below-stick-meta":"","astra-migrate-meta-layouts":"set","ast-page-background-enabled":"default","ast-page-background-meta":{"desktop":{"background-color":"","background-image":"","background-repeat":"repeat","background-position":"center center","background-size":"auto","background-attachment":"scroll","background-type":"","background-media":"","overlay-type":"","overlay-color":"","overlay-opacity":"","overlay-gradient":""},"tablet":{"background-color":"","background-image":"","background-repeat":"repeat","background-position":"center center","background-size":"auto","background-attachment":"scroll","background-type":"","background-media":"","overlay-type":"","overlay-color":"","overlay-opacity":"","overlay-gradient":""},"mobile":{"background-color":"","background-image":"","background-repeat":"repeat","background-position":"center center","background-size":"auto","background-attachment":"scroll","background-type":"","background-media":"","overlay-type":"","overlay-color":"","overlay-opacity":"","overlay-gradient":""}},"ast-content-background-meta":{"desktop":{"background-color":"var(--ast-global-color-5)","background-image":"","background-repeat":"repeat","background-position":"center center","background-size":"auto","background-attachment":"scroll","background-type":"","background-media":"","overlay-type":"","overlay-color":"","overlay-opacity":"","overlay-gradient":""},"tablet":{"background-color":"var(--ast-global-color-5)","background-image":"","background-repeat":"repeat","background-position":"center center","background-size":"auto","background-attachment":"scroll","background-type":"","background-media":"","overlay-type":"","overlay-color":"","overlay-opacity":"","overlay-gradient":""},"mobile":{"background-color":"var(--ast-global-color-5)","background-image":"","background-repeat":"repeat","background-position":"center center","background-size":"auto","background-attachment":"scroll","background-type":"","background-media":"","overlay-type":"","overlay-color":"","overlay-opacity":"","overlay-gradient":""}}},"product_brand":[],"product_cat":[65,76,77,79,82],"product_tag":[419,136,523],"class_list":{"0":"post-3957","1":"product","2":"type-product","3":"status-publish","4":"has-post-thumbnail","6":"product_cat-best-sellers","7":"product_cat-new-arrivels","8":"product_cat-wholesale-womens-shapewear","9":"product_cat-wholesale-seemless-shaperwear","10":"product_cat-wholesale-shapewear-bodysuit","11":"product_tag-bodysuit","12":"product_tag-bridal","13":"product_tag-seemless","14":"pa_color-beige","15":"pa_color-black","16":"pa_size-l","17":"pa_size-m","18":"pa_size-s","19":"pa_size-xl","20":"pa_size-xxl","21":"pa_size-xxxl","22":"desktop-align-center","23":"tablet-align-left","24":"mobile-align-left","25":"ast-product-gallery-layout-horizontal-slider","26":"ast-product-single-variable","27":"ast-product-tabs-layout-horizontal","28":"ast-qv-on-image","30":"first","31":"instock","32":"shipping-taxable","33":"purchasable","34":"product-type-variable"},"tiered_pricing_type":"fixed","tiered_pricing_fixed_rules":{"2":5.49,"30":5.19,"200":4.29},"tiered_pricing_product_settings":{"layout":"default","base_unit_name":{"singular":null,"plural":null},"default_variation":{}},"tiered_pricing_minimum_quantity":null,"tiered_pricing_roles_data":[],"tiered_pricing_percentage_rules":[],"_links":{"self":[{"href":"https:\/\/yume-silm.com\/es\/wp-json\/wp\/v2\/product\/3957","targetHints":{"allow":["GET"]}}],"collection":[{"href":"https:\/\/yume-silm.com\/es\/wp-json\/wp\/v2\/product"}],"about":[{"href":"https:\/\/yume-silm.com\/es\/wp-json\/wp\/v2\/types\/product"}],"replies":[{"embeddable":true,"href":"https:\/\/yume-silm.com\/es\/wp-json\/wp\/v2\/comments?post=3957"}],"wp:featuredmedia":[{"embeddable":true,"href":"https:\/\/yume-silm.com\/es\/wp-json\/wp\/v2\/media\/3977"}],"wp:attachment":[{"href":"https:\/\/yume-silm.com\/es\/wp-json\/wp\/v2\/media?parent=3957"}],"wp:term":[{"taxonomy":"product_brand","embeddable":true,"href":"https:\/\/yume-silm.com\/es\/wp-json\/wp\/v2\/product_brand?post=3957"},{"taxonomy":"product_cat","embeddable":true,"href":"https:\/\/yume-silm.com\/es\/wp-json\/wp\/v2\/product_cat?post=3957"},{"taxonomy":"product_tag","embeddable":true,"href":"https:\/\/yume-silm.com\/es\/wp-json\/wp\/v2\/product_tag?post=3957"}],"curies":[{"name":"wp","href":"https:\/\/api.w.org\/{rel}","templated":true}]}}