{"id":3982,"date":"2023-07-04T03:54:06","date_gmt":"2023-07-04T03:54:06","guid":{"rendered":"https:\/\/yume-silm.com\/?post_type=product&#038;p=3982"},"modified":"2024-11-06T02:44:23","modified_gmt":"2024-11-06T02:44:23","slug":"top-con-bordado-floral-y-espalda-cruzada","status":"publish","type":"product","link":"https:\/\/yume-silm.com\/es\/producto-2\/top-con-bordado-floral-y-espalda-cruzada\/","title":{"rendered":"Venta al por mayor Tops fajas de pecho abierto transpirables de talla grande"},"content":{"rendered":"<h5>Caracteristicas de dise\u00f1o<\/h5>\n<ul>\n<li><strong>BOTONES DE SEIS PECHOS:<\/strong> Esta camiseta moldeadora transpirable de talla grande con pecho abierto para mujer tiene seis ganchos ajustables para garantizar un ajuste personalizado para todo tipo de cuerpo, aumentando la comodidad y la comodidad de uso. Tambi\u00e9n permite dar una excelente forma al abdomen.<\/li>\n<li><strong>CORREAS AMPLIADAS:<\/strong> La camiseta moldeadora casual de malla transparente tiene tirantes ensanchados para brindar un soporte inigualable. Este dise\u00f1o de camisetas sin mangas moldeadoras con costuras de malla de talla grande ayuda a minimizar la presi\u00f3n sobre los hombros y garantiza comodidad durante todo el d\u00eda.<\/li>\n<li><strong>DISE\u00d1O DE PARCHES:<\/strong> El dise\u00f1o destacado de nuestra ropa interior moldeadora para mujer es la camiseta sin mangas de malla con retazos. Es delicado y hermoso, a\u00f1adiendo un toque de elegancia y encanto a la faja.<\/li>\n<li><strong>CRUZAR ESPALDA:<\/strong> El elegante dise\u00f1o cruzado no solo mejora la est\u00e9tica sino que tambi\u00e9n brinda m\u00e1s soporte para la espalda. La parte superior de busto abierto de compresi\u00f3n con control de barriga tiene la funci\u00f3n de ayudar a corregir la mala postura de la espalda, lo cual es muy bueno para lograr la mejora de la mala postura.<\/li>\n<li><strong>MALLA TRANSPARENTE:<\/strong> Esta camiseta sin mangas moldeadora con costuras de malla de talla grande est\u00e1 hecha de malla transpirable que garantiza un efecto refrescante, perfecta para uso prolongado y climas m\u00e1s c\u00e1lidos. Incluso despu\u00e9s de un largo entrenamiento, no te sentir\u00e1s inc\u00f3modo.<\/li>\n<\/ul>\n<h6><em>Top de busto abierto de compresi\u00f3n con control de barriga de malla transparente para mujer<\/em><\/h6>\n<ul>\n<li>Las blusas moldeadoras de pecho abierto, transpirables y de talla grande son imprescindibles para los mayoristas que buscan ofrecer estilo y comodidad. Con su dise\u00f1o \u00fanico y caracter\u00edsticas premium, se convertir\u00e1 en el favorito entre los clientes. Sum\u00e9rgete en el mundo del comercio mayorista con esta pieza excepcional. \u00a1Asegura tus pedidos hoy!<\/li>\n<\/ul>","protected":false},"excerpt":{"rendered":"<p>Presentamos nuestras blusas moldeadoras transpirables de talla grande con pecho abierto, una combinaci\u00f3n de elegancia y funcionalidad. Con sus seis corchetes para un ajuste personalizable y un elegante dise\u00f1o de espalda cruzada, es el complemento perfecto para cualquier colecci\u00f3n.<\/p>","protected":false},"featured_media":4006,"comment_status":"open","ping_status":"closed","template":"","meta":{"site-sidebar-layout":"default","site-content-layout":"default","ast-site-content-layout":"default","site-content-style":"default","site-sidebar-style":"default","ast-global-header-display":"","ast-banner-title-visibility":"","ast-main-header-display":"","ast-hfb-above-header-display":"","ast-hfb-below-header-display":"","ast-hfb-mobile-header-display":"","site-post-title":"","ast-breadcrumbs-content":"","ast-featured-img":"","footer-sml-layout":"","ast-disable-related-posts":"","theme-transparent-header-meta":"default","adv-header-id-meta":"","stick-header-meta":"default","header-above-stick-meta":"","header-main-stick-meta":"","header-below-stick-meta":"","astra-migrate-meta-layouts":"set","ast-page-background-enabled":"default","ast-page-background-meta":{"desktop":{"background-color":"","background-image":"","background-repeat":"repeat","background-position":"center center","background-size":"auto","background-attachment":"scroll","background-type":"","background-media":"","overlay-type":"","overlay-color":"","overlay-opacity":"","overlay-gradient":""},"tablet":{"background-color":"","background-image":"","background-repeat":"repeat","background-position":"center center","background-size":"auto","background-attachment":"scroll","background-type":"","background-media":"","overlay-type":"","overlay-color":"","overlay-opacity":"","overlay-gradient":""},"mobile":{"background-color":"","background-image":"","background-repeat":"repeat","background-position":"center center","background-size":"auto","background-attachment":"scroll","background-type":"","background-media":"","overlay-type":"","overlay-color":"","overlay-opacity":"","overlay-gradient":""}},"ast-content-background-meta":{"desktop":{"background-color":"var(--ast-global-color-5)","background-image":"","background-repeat":"repeat","background-position":"center center","background-size":"auto","background-attachment":"scroll","background-type":"","background-media":"","overlay-type":"","overlay-color":"","overlay-opacity":"","overlay-gradient":""},"tablet":{"background-color":"var(--ast-global-color-5)","background-image":"","background-repeat":"repeat","background-position":"center center","background-size":"auto","background-attachment":"scroll","background-type":"","background-media":"","overlay-type":"","overlay-color":"","overlay-opacity":"","overlay-gradient":""},"mobile":{"background-color":"var(--ast-global-color-5)","background-image":"","background-repeat":"repeat","background-position":"center center","background-size":"auto","background-attachment":"scroll","background-type":"","background-media":"","overlay-type":"","overlay-color":"","overlay-opacity":"","overlay-gradient":""}}},"product_brand":[],"product_cat":[65,76,77,1092,81],"product_tag":[136,147,145,522,134,154],"class_list":{"0":"post-3982","1":"product","2":"type-product","3":"status-publish","4":"has-post-thumbnail","6":"product_cat-best-sellers","7":"product_cat-new-arrivels","8":"product_cat-wholesale-womens-shapewear","9":"product_cat-plus-size-shapewear","10":"product_cat-wholesale-slimming-tank-top","11":"product_tag-bridal","12":"product_tag-cross","13":"product_tag-sexy","14":"product_tag-tank-top","15":"product_tag-tummy-tucker","16":"product_tag-with-hooks","17":"pa_color-beige","18":"pa_color-black","19":"pa_size-4xl","20":"pa_size-5xl","21":"pa_size-6xl","22":"pa_size-l","23":"pa_size-m","24":"pa_size-xl","25":"pa_size-xxl","26":"pa_size-xxxl","27":"desktop-align-center","28":"tablet-align-left","29":"mobile-align-left","30":"ast-product-gallery-layout-horizontal-slider","31":"ast-product-single-variable","32":"ast-product-tabs-layout-horizontal","33":"ast-qv-on-image","35":"first","36":"instock","37":"shipping-taxable","38":"purchasable","39":"product-type-variable"},"tiered_pricing_type":"fixed","tiered_pricing_fixed_rules":{"2":3.39,"30":3.09,"500":2.59},"tiered_pricing_product_settings":{"layout":"default","base_unit_name":{"singular":null,"plural":null},"default_variation":{}},"tiered_pricing_minimum_quantity":null,"tiered_pricing_roles_data":[],"tiered_pricing_percentage_rules":[],"_links":{"self":[{"href":"https:\/\/yume-silm.com\/es\/wp-json\/wp\/v2\/product\/3982","targetHints":{"allow":["GET"]}}],"collection":[{"href":"https:\/\/yume-silm.com\/es\/wp-json\/wp\/v2\/product"}],"about":[{"href":"https:\/\/yume-silm.com\/es\/wp-json\/wp\/v2\/types\/product"}],"replies":[{"embeddable":true,"href":"https:\/\/yume-silm.com\/es\/wp-json\/wp\/v2\/comments?post=3982"}],"wp:featuredmedia":[{"embeddable":true,"href":"https:\/\/yume-silm.com\/es\/wp-json\/wp\/v2\/media\/4006"}],"wp:attachment":[{"href":"https:\/\/yume-silm.com\/es\/wp-json\/wp\/v2\/media?parent=3982"}],"wp:term":[{"taxonomy":"product_brand","embeddable":true,"href":"https:\/\/yume-silm.com\/es\/wp-json\/wp\/v2\/product_brand?post=3982"},{"taxonomy":"product_cat","embeddable":true,"href":"https:\/\/yume-silm.com\/es\/wp-json\/wp\/v2\/product_cat?post=3982"},{"taxonomy":"product_tag","embeddable":true,"href":"https:\/\/yume-silm.com\/es\/wp-json\/wp\/v2\/product_tag?post=3982"}],"curies":[{"name":"wp","href":"https:\/\/api.w.org\/{rel}","templated":true}]}}