{"id":4011,"date":"2023-07-04T05:25:52","date_gmt":"2023-07-04T05:25:52","guid":{"rendered":"https:\/\/yume-silm.com\/?post_type=product&#038;p=4011"},"modified":"2024-02-28T03:15:43","modified_gmt":"2024-02-28T03:15:43","slug":"body-elastico-sin-costura-de-color-solido","status":"publish","type":"product","link":"https:\/\/yume-silm.com\/es\/producto-2\/body-elastico-sin-costura-de-color-solido\/","title":{"rendered":"Body sin costuras de alta elasticidad al por mayor: Dise\u00f1o de color s\u00f3lido"},"content":{"rendered":"<h5>Caracteristicas de dise\u00f1o<\/h5>\n<ul>\n<li><strong>DISE\u00d1O INCONS\u00daTIL:<\/strong> Este body de alta elasticidad sin costuras muestra una silueta suave debajo de cualquier atuendo, eliminando l\u00edneas visibles y aumentando la confianza del usuario.<\/li>\n<li><strong>TEJIDO ALTO ESTIRADO:<\/strong> Hecho de tela de alta calidad y muy el\u00e1stica, este body moldeador para mujer se puede adaptar a cualquier tipo de cuerpo, brindando una experiencia de uso vers\u00e1til para personas de todas las formas y tama\u00f1os.<\/li>\n<li><strong>COLOR S\u00d3LIDO:<\/strong> El dise\u00f1o cl\u00e1sico de color s\u00f3lido se puede combinar f\u00e1cilmente con cualquier atuendo, este moldeador de cuerpo sin entrepierna ser\u00e1 imprescindible en tu armario.<\/li>\n<li><strong>HEBILLA INFERIOR:<\/strong> La faja moldeadora sin costuras para mujer tiene una favorecedora entrepierna abierta para facilitar el acceso al ba\u00f1o. Los pantalones cortos moldeadores con control de barriga a\u00f1aden un toque de comodidad a la experiencia general.<\/li>\n<li><strong>LIGERO Y TRANSPIRABLE:<\/strong> Este body moldeador de compresi\u00f3n y control de barriga est\u00e1 confeccionado con un tejido ligero y transpirable para usarlo durante todo el d\u00eda, lo que garantiza comodidad en cualquier clima.<\/li>\n<\/ul>\n<h6><em>Body moldeador de color liso con entrepierna abierta, sin costuras, de gran elasticidad para mujer<\/em><\/h6>\n<ul>\n<li>El body de alta elasticidad y sin costuras es imprescindible para los mayoristas que buscan mejorar su colecci\u00f3n. Con su combinaci\u00f3n de comodidad y estilo, se convertir\u00e1 en la mejor opci\u00f3n entre los clientes. Sum\u00e9rgete en el mundo de los todos<\/li>\n<\/ul>","protected":false},"excerpt":{"rendered":"<p>Descubra el ep\u00edtome de la elegancia con nuestro body el\u00e1stico sin costuras. Dise\u00f1ado para la mujer moderna, este body presenta un dise\u00f1o de botones en la parte inferior de la entrepierna, lo que garantiza una combinaci\u00f3n perfecta de comodidad y estilo.<\/p>","protected":false},"featured_media":4027,"comment_status":"open","ping_status":"closed","template":"","meta":{"site-sidebar-layout":"default","site-content-layout":"default","ast-site-content-layout":"default","site-content-style":"default","site-sidebar-style":"default","ast-global-header-display":"","ast-banner-title-visibility":"","ast-main-header-display":"","ast-hfb-above-header-display":"","ast-hfb-below-header-display":"","ast-hfb-mobile-header-display":"","site-post-title":"","ast-breadcrumbs-content":"","ast-featured-img":"","footer-sml-layout":"","ast-disable-related-posts":"","theme-transparent-header-meta":"default","adv-header-id-meta":"","stick-header-meta":"default","header-above-stick-meta":"","header-main-stick-meta":"","header-below-stick-meta":"","astra-migrate-meta-layouts":"set","ast-page-background-enabled":"default","ast-page-background-meta":{"desktop":{"background-color":"","background-image":"","background-repeat":"repeat","background-position":"center center","background-size":"auto","background-attachment":"scroll","background-type":"","background-media":"","overlay-type":"","overlay-color":"","overlay-opacity":"","overlay-gradient":""},"tablet":{"background-color":"","background-image":"","background-repeat":"repeat","background-position":"center center","background-size":"auto","background-attachment":"scroll","background-type":"","background-media":"","overlay-type":"","overlay-color":"","overlay-opacity":"","overlay-gradient":""},"mobile":{"background-color":"","background-image":"","background-repeat":"repeat","background-position":"center center","background-size":"auto","background-attachment":"scroll","background-type":"","background-media":"","overlay-type":"","overlay-color":"","overlay-opacity":"","overlay-gradient":""}},"ast-content-background-meta":{"desktop":{"background-color":"var(--ast-global-color-5)","background-image":"","background-repeat":"repeat","background-position":"center center","background-size":"auto","background-attachment":"scroll","background-type":"","background-media":"","overlay-type":"","overlay-color":"","overlay-opacity":"","overlay-gradient":""},"tablet":{"background-color":"var(--ast-global-color-5)","background-image":"","background-repeat":"repeat","background-position":"center center","background-size":"auto","background-attachment":"scroll","background-type":"","background-media":"","overlay-type":"","overlay-color":"","overlay-opacity":"","overlay-gradient":""},"mobile":{"background-color":"var(--ast-global-color-5)","background-image":"","background-repeat":"repeat","background-position":"center center","background-size":"auto","background-attachment":"scroll","background-type":"","background-media":"","overlay-type":"","overlay-color":"","overlay-opacity":"","overlay-gradient":""}}},"product_brand":[],"product_cat":[77,79,82],"product_tag":[419,136,148,506],"class_list":{"0":"post-4011","1":"product","2":"type-product","3":"status-publish","4":"has-post-thumbnail","6":"product_cat-wholesale-womens-shapewear","7":"product_cat-wholesale-seemless-shaperwear","8":"product_cat-wholesale-shapewear-bodysuit","9":"product_tag-bodysuit","10":"product_tag-bridal","11":"product_tag-one-piece","12":"product_tag-seemless-shapewear","13":"pa_color-beige","14":"pa_color-black","15":"pa_size-l","16":"pa_size-m","17":"pa_size-s","18":"pa_size-xl","19":"desktop-align-center","20":"tablet-align-left","21":"mobile-align-left","22":"ast-product-gallery-layout-horizontal-slider","23":"ast-product-single-variable","24":"ast-product-tabs-layout-horizontal","25":"ast-qv-on-image","27":"first","28":"instock","29":"shipping-taxable","30":"purchasable","31":"product-type-variable"},"tiered_pricing_type":"fixed","tiered_pricing_fixed_rules":{"2":5.99,"30":5.59,"500":4.69},"tiered_pricing_product_settings":{"layout":"default","base_unit_name":{"singular":null,"plural":null},"default_variation":{}},"tiered_pricing_minimum_quantity":null,"tiered_pricing_roles_data":[],"tiered_pricing_percentage_rules":[],"_links":{"self":[{"href":"https:\/\/yume-silm.com\/es\/wp-json\/wp\/v2\/product\/4011","targetHints":{"allow":["GET"]}}],"collection":[{"href":"https:\/\/yume-silm.com\/es\/wp-json\/wp\/v2\/product"}],"about":[{"href":"https:\/\/yume-silm.com\/es\/wp-json\/wp\/v2\/types\/product"}],"replies":[{"embeddable":true,"href":"https:\/\/yume-silm.com\/es\/wp-json\/wp\/v2\/comments?post=4011"}],"wp:featuredmedia":[{"embeddable":true,"href":"https:\/\/yume-silm.com\/es\/wp-json\/wp\/v2\/media\/4027"}],"wp:attachment":[{"href":"https:\/\/yume-silm.com\/es\/wp-json\/wp\/v2\/media?parent=4011"}],"wp:term":[{"taxonomy":"product_brand","embeddable":true,"href":"https:\/\/yume-silm.com\/es\/wp-json\/wp\/v2\/product_brand?post=4011"},{"taxonomy":"product_cat","embeddable":true,"href":"https:\/\/yume-silm.com\/es\/wp-json\/wp\/v2\/product_cat?post=4011"},{"taxonomy":"product_tag","embeddable":true,"href":"https:\/\/yume-silm.com\/es\/wp-json\/wp\/v2\/product_tag?post=4011"}],"curies":[{"name":"wp","href":"https:\/\/api.w.org\/{rel}","templated":true}]}}