{"id":4058,"date":"2023-07-04T06:00:27","date_gmt":"2023-07-04T06:00:27","guid":{"rendered":"https:\/\/yume-silm.com\/?post_type=product&#038;p=4058"},"modified":"2025-10-30T00:39:45","modified_gmt":"2025-10-30T00:39:45","slug":"pantalon-de-cintura-alta-con-cintura-antideslizante","status":"publish","type":"product","link":"https:\/\/yume-silm.com\/es\/producto-2\/pantalon-de-cintura-alta-con-cintura-antideslizante\/","title":{"rendered":"Pantalones cortos de cintura alta con levantador de gl\u00fateos y entrepierna abierta de gran tama\u00f1o al por mayor"},"content":{"rendered":"<h5>Caracteristicas de dise\u00f1o<\/h5>\n<ul>\n<li data-slate-node=\"element\"><span data-slate-node=\"text\"><span class=\"00\" data-slate-leaf=\"true\">ELEGANCIA DE CINTURA ALTA: El dise\u00f1o de cintura alta de esta sexy faja de encaje para mujer ci\u00f1e la cintura, crea una silueta favorecedora y acent\u00faa las curvas naturales del cuerpo.<\/span><\/span><\/li>\n<li data-slate-node=\"element\"><span data-slate-node=\"text\"><span class=\"21\" data-slate-leaf=\"true\">Magia para levantar gl\u00fateos: la funci\u00f3n \u00fanica de levantamiento de gl\u00fateos de los pantalones cortos de encaje m\u00e1s delgados con entrepierna abierta hace que los pantalones sean m\u00e1s firmes y mejoran la confianza y el encanto.<\/span><\/span><\/li>\n<li data-slate-node=\"element\"><span data-slate-node=\"text\"><span class=\"41\" data-slate-leaf=\"true\">CREMALLERA SEGURA: La parte delantera de los pantalones cortos de cintura alta con control de barriga est\u00e1 dise\u00f1ada con un cierre de cremallera para garantizar un ajuste c\u00f3modo y facilidad de poner y quitar, lo que los convierte en la primera opci\u00f3n para quienes buscan moda y funcionalidad.<\/span><\/span><\/li>\n<li data-slate-node=\"element\"><span data-slate-node=\"text\"><span class=\"61\" data-slate-leaf=\"true\">LIBERTAD Y FLEXIBILIDAD: Las correas del cors\u00e9 moldeador de cuerpo a\u00f1aden flexibilidad y libertad. <\/span><\/span><span data-slate-node=\"text\"><span class=\"62\" data-slate-leaf=\"true\">Su funci\u00f3n extra\u00edble gratuita te ayuda a usar pantalones cortos moldeadores sin tirantes; Tambi\u00e9n puedes ajustar libremente la longitud para adaptarla a tu altura y otros niveles de comodidad.<\/span><\/span><\/li>\n<\/ul>\n<h6><em>Faja moldeadora de cuerpo con control de barriga sin entrepierna y busto abierto con ribete de encaje de talla grande<\/em><\/h6>\n<ul>\n<li data-slate-node=\"element\"><span data-slate-node=\"text\"><span class=\"81\" data-slate-leaf=\"true\">BORDE ANTIROLLO DE SILICONA: Diga adi\u00f3s a la molestia de los ajustes constantes. <\/span><\/span><span data-slate-node=\"text\"><span class=\"82\" data-slate-leaf=\"true\">El dise\u00f1o de cintura antideslizante de la faja sin costuras garantiza que los pantalones permanezcan en su lugar y proporciona una comodidad incomparable.<\/span><\/span><\/li>\n<li data-slate-node=\"element\"><span data-slate-node=\"text\"><span class=\"101\" data-slate-leaf=\"true\">C\u00f3moda apertura de entrepierna: nuestra faja de talla grande tiene una apertura de entrepierna, que es muy simple y conveniente. <\/span><\/span><span data-slate-node=\"text\"><span class=\"102\" data-slate-leaf=\"true\">Te permite ir al ba\u00f1o sin tener que ponerte o quitarte toda la ropa.<\/span><\/span><\/li>\n<li data-slate-node=\"element\" data-slate-fragment=\"JTVCJTdCJTIydHlwZSUyMiUzQSUyMnBhcmFncmFwaCUyMiUyQyUyMmNoaWxkcmVuJTIyJTNBJTVCJTdCJTIydGV4dCUyMiUzQSUyMkhJR0glMjBXQUlTVEVEJTIwRUxFR0FOQ0UlM0ElMjBUaGUlMjBoaWdoJTIwd2Fpc3QlMjBkZXNpZ24lMjBvZiUyMHRoaXMlMjB3b21lbidzJTIwc2V4eSUyMGxhY2UlMjBzaGFwZXdlYXIlMjBjaW5jaGVzJTIwdGhlJTIwd2Fpc3QlMkMlMjBjcmVhdGVzJTIwYSUyMGZsYXR0ZXJpbmclMjBzaWxob3VldHRlJTIwYW5kJTIwYWNjZW50dWF0ZXMlMjB0aGUlMjBib2R5J3MlMjBuYXR1cmFsJTIwY3VydmVzLiUyMiUyQyUyMnNlbnRlbmNlJTIyJTNBMCUyQyUyMmNoaWxkU2VudGVuY2UlMjIlM0EwJTdEJTVEJTdEJTJDJTdCJTIydHlwZSUyMiUzQSUyMnBhcmFncmFwaCUyMiUyQyUyMmNoaWxkcmVuJTIyJTNBJTVCJTdCJTIydGV4dCUyMiUzQSUyMiUyMiUyQyUyMnNlbnRlbmNlJTIyJTNBMSUyQyUyMmNoaWxkU2VudGVuY2UlMjIlM0ExJTdEJTVEJTdEJTJDJTdCJTIydHlwZSUyMiUzQSUyMnBhcmFncmFwaCUyMiUyQyUyMmNoaWxkcmVuJTIyJTNBJTVCJTdCJTIydGV4dCUyMiUzQSUyMkJVVFQlMjBMSUZUSU5HJTIwTUFHSUMlM0ElMjBUaGUlMjB1bmlxdWUlMjBidXR0JTIwbGlmdGluZyUyMGZ1bmN0aW9uJTIwb2YlMjB0aGUlMjB0aGlnaCUyMHNsaW1tZXIlMjBsYWNlJTIwb3BlbiUyMGNyb3RjaCUyMHNob3J0cyUyMG1ha2VzJTIwdGhlJTIwcGFudHMlMjBtb3JlJTIwZmlybSUyMGFuZCUyMGVuaGFuY2VzJTIwY29uZmlkZW5jZSUyMGFuZCUyMGNoYXJtLiUyMiUyQyUyMnNlbnRlbmNlJTIyJTNBMiUyQyUyMmNoaWxkU2VudGVuY2UlMjIlM0ExJTdEJTVEJTdEJTJDJTdCJTIydHlwZSUyMiUzQSUyMnBhcmFncmFwaCUyMiUyQyUyMmNoaWxkcmVuJTIyJTNBJTVCJTdCJTIydGV4dCUyMiUzQSUyMiUyMiUyQyUyMnNlbnRlbmNlJTIyJTNBMyUyQyUyMmNoaWxkU2VudGVuY2UlMjIlM0ExJTdEJTVEJTdEJTJDJTdCJTIydHlwZSUyMiUzQSUyMnBhcmFncmFwaCUyMiUyQyUyMmNoaWxkcmVuJTIyJTNBJTVCJTdCJTIydGV4dCUyMiUzQSUyMlNFQ1VSRSUyMFpJUFBFUiUzQSUyMFRoZSUyMGZyb250JTIwb2YlMjB0aGUlMjB0dW1teSUyMGNvbnRyb2wlMjBoaWdoJTIwd2Fpc3QlMjBzaG9ydHMlMjBpcyUyMGRlc2lnbmVkJTIwd2l0aCUyMGElMjB6aXBwZXIlMjBjbG9zdXJlJTIwdG8lMjBlbnN1cmUlMjBhJTIwc251ZyUyMGZpdCUyMGFuZCUyMGVhc2UlMjBvZiUyMHB1dHRpbmclMjBvbiUyMGFuZCUyMHRha2luZyUyMG9mZiUyQyUyMG1ha2luZyUyMGl0JTIwdGhlJTIwZmlyc3QlMjBjaG9pY2UlMjBmb3IlMjB0aG9zZSUyMHdobyUyMHB1cnN1ZSUyMGZhc2hpb24lMjBhbmQlMjBmdW5jdGlvbmFsaXR5LiUyMiUyQyUyMnNlbnRlbmNlJTIyJTNBNCUyQyUyMmNoaWxkU2VudGVuY2UlMjIlM0ExJTdEJTVEJTdEJTJDJTdCJTIydHlwZSUyMiUzQSUyMnBhcmFncmFwaCUyMiUyQyUyMmNoaWxkcmVuJTIyJTNBJTVCJTdCJTIydGV4dCUyMiUzQSUyMiUyMiUyQyUyMnNlbnRlbmNlJTIyJTNBNSUyQyUyMmNoaWxkU2VudGVuY2UlMjIlM0ExJTdEJTVEJTdEJTJDJTdCJTIydHlwZSUyMiUzQSUyMnBhcmFncmFwaCUyMiUyQyUyMmNoaWxkcmVuJTIyJTNBJTVCJTdCJTIydGV4dCUyMiUzQSUyMkZSRUVET00lMjBBTkQlMjBGTEVYSUJJTElUWSUzQSUyMFRoZSUyMHN0cmFwcyUyMG9mJTIwdGhlJTIwYm9keSUyMHNoYXBlciUyMGNvcnNldCUyMGFkZCUyMGZsZXhpYmlsaXR5JTIwYW5kJTIwZnJlZWRvbS4lMjAlMjIlMkMlMjJzZW50ZW5jZSUyMiUzQTYlMkMlMjJjaGlsZFNlbnRlbmNlJTIyJTNBMSU3RCUyQyU3QiUyMnRleHQlMjIlM0ElMjJJdHMlMjBmcmVlJTIwcmVtb3ZhYmxlJTIwZnVuY3Rpb24lMjBoZWxwcyUyMHlvdSUyMHRvJTIwd2VhciUyMHN0cmFwbGVzcyUyMHNoYXBld2VhciUyMHNob3J0cyUzQiUyMHlvdSUyMGNhbiUyMGFsc28lMjBmcmVlbHklMjBhZGp1c3QlMjB0aGUlMjBsZW5ndGglMjB0byUyMGZpdCUyMHlvdXIlMjBoZWlnaHQlMjBhbmQlMjBvdGhlciUyMGNvbWZvcnQlMjBsZXZlbHMuJTIyJTJDJTIyc2VudGVuY2UlMjIlM0E2JTJDJTIyY2hpbGRTZW50ZW5jZSUyMiUzQTIlN0QlNUQlN0QlMkMlN0IlMjJ0eXBlJTIyJTNBJTIycGFyYWdyYXBoJTIyJTJDJTIyY2hpbGRyZW4lMjIlM0ElNUIlN0IlMjJ0ZXh0JTIyJTNBJTIyJTIyJTJDJTIyc2VudGVuY2UlMjIlM0E3JTJDJTIyY2hpbGRTZW50ZW5jZSUyMiUzQTElN0QlNUQlN0QlMkMlN0IlMjJ0eXBlJTIyJTNBJTIycGFyYWdyYXBoJTIyJTJDJTIyY2hpbGRyZW4lMjIlM0ElNUIlN0IlMjJ0ZXh0JTIyJTNBJTIyU0lMSUNPTkUlMjBBTlRJLVJPTEwlMjBFREdFJTNBJTIwU2F5JTIwZ29vZGJ5ZSUyMHRvJTIwdGhlJTIwaGFzc2xlJTIwb2YlMjBjb25zdGFudCUyMGFkanVzdG1lbnRzLiUyMCUyMiUyQyUyMnNlbnRlbmNlJTIyJTNBOCUyQyUyMmNoaWxkU2VudGVuY2UlMjIlM0ExJTdEJTJDJTdCJTIydGV4dCUyMiUzQSUyMlRoZSUyMHNlYW1sZXNzJTIwc2hhcGV3ZWFyJ3MlMjBub24tc2xpcCUyMHdhaXN0JTIwZGVzaWduJTIwZW5zdXJlcyUyMHRoYXQlMjB0aGUlMjBwYW50cyUyMHN0YXklMjBpbiUyMHBsYWNlJTIwYW5kJTIwcHJvdmlkZXMlMjB1bnBhcmFsbGVsZWQlMjBjb21mb3J0LiUyMiUyQyUyMnNlbnRlbmNlJTIyJTNBOCUyQyUyMmNoaWxkU2VudGVuY2UlMjIlM0EyJTdEJTVEJTdEJTJDJTdCJTIydHlwZSUyMiUzQSUyMnBhcmFncmFwaCUyMiUyQyUyMmNoaWxkcmVuJTIyJTNBJTVCJTdCJTIydGV4dCUyMiUzQSUyMiUyMiUyQyUyMnNlbnRlbmNlJTIyJTNBOSUyQyUyMmNoaWxkU2VudGVuY2UlMjIlM0ExJTdEJTVEJTdEJTJDJTdCJTIydHlwZSUyMiUzQSUyMnBhcmFncmFwaCUyMiUyQyUyMmNoaWxkcmVuJTIyJTNBJTVCJTdCJTIydGV4dCUyMiUzQSUyMkNPTlZFTklFTlQlMjBDcm90Y2glMjBPcGVuaW5nJTNBJTIwT3VyJTIwcGx1cyUyMHNpemUlMjBzaGFwZXdlYXIlMjBoYXMlMjBhJTIwY3JvdGNoJTIwb3BlbmluZyUyQyUyMHdoaWNoJTIwaXMlMjB2ZXJ5JTIwc2ltcGxlJTIwYW5kJTIwY29udmVuaWVudC4lMjAlMjIlMkMlMjJzZW50ZW5jZSUyMiUzQTEwJTJDJTIyY2hpbGRTZW50ZW5jZSUyMiUzQTElN0QlMkMlN0IlMjJ0ZXh0JTIyJTNBJTIyQWxsb3dzJTIweW91JTIwdG8lMjBnbyUyMHRvJTIwdGhlJTIwcmVzdHJvb20lMjB3aXRob3V0JTIwaGF2aW5nJTIwdG8lMjBwdXQlMjBvbiUyMG9yJTIwdGFrZSUyMG9mZiUyMGFsbCUyMG9mJTIweW91ciUyMGNsb3RoZXMuJTIyJTJDJTIyc2VudGVuY2UlMjIlM0ExMCUyQyUyMmNoaWxkU2VudGVuY2UlMjIlM0EyJTdEJTVEJTdEJTJDJTdCJTIydHlwZSUyMiUzQSUyMnBhcmFncmFwaCUyMiUyQyUyMmNoaWxkcmVuJTIyJTNBJTVCJTdCJTIydGV4dCUyMiUzQSUyMiUyMiUyQyUyMnNlbnRlbmNlJTIyJTNBMTElMkMlMjJjaGlsZFNlbnRlbmNlJTIyJTNBMSU3RCU1RCU3RCUyQyU3QiUyMnR5cGUlMjIlM0ElMjJwYXJhZ3JhcGglMjIlMkMlMjJjaGlsZHJlbiUyMiUzQSU1QiU3QiUyMnRleHQlMjIlM0ElMjJGQVNISU9OQUJMRSUyMEFORCUyMFZFUlNBVElMRSUzQSUyMFRoZSUyMHNoYXBld2VhciUyMHVuZGVyd2VhciUyMGlzJTIwc2ltcGxlJTIwYW5kJTIwZ2VuZXJvdXMlMkMlMjBpbnN0YW50bHklMjByZWFsaXppbmclMjB5b3VyJTIwaG91cmdsYXNzJTIwZmlndXJlLiUyMCUyMiUyQyUyMnNlbnRlbmNlJTIyJTNBMTIlMkMlMjJjaGlsZFNlbnRlbmNlJTIyJTNBMSU3RCUyQyU3QiUyMnRleHQlMjIlM0ElMjJZb3UlMjBjYW4lMjBtYXRjaCUyMHdpdGglMjBhbnklMjBvdXRmaXQlMjB5b3UlMjBsaWtlJTJDJTIwaW5jbHVkaW5nJTIwc2tpbm55JTIwamVhbnMlMkMlMjBuaWNlJTIwZHJlc3NlcyUyQyUyMGV2ZW4lMjBzdWl0cyUyMGFuZCUyMHNvJTIwb24uJTIwJTIyJTJDJTIyc2VudGVuY2UlMjIlM0ExMiUyQyUyMmNoaWxkU2VudGVuY2UlMjIlM0EyJTdEJTJDJTdCJTIydGV4dCUyMiUzQSUyMlN1aXRhYmxlJTIwZm9yJTIwcGFydGllcyUyQyUyMHdlZGRpbmdzJTJDJTIwZGF0ZXMlMkMlMjBldGMuJTIyJTJDJTIyc2VudGVuY2UlMjIlM0ExMiUyQyUyMmNoaWxkU2VudGVuY2UlMjIlM0EzJTdEJTVEJTdEJTVE\"><span data-slate-node=\"text\"><span class=\"121\" data-slate-leaf=\"true\">A la moda y vers\u00e1til: los pantalones cortos de cintura alta con entrepierna abierta y levantador de gl\u00fateos de gran tama\u00f1o son simples y generosos, realizando al instante tu figura de reloj de arena. <\/span><\/span><span data-slate-node=\"text\"><span class=\"122\" data-slate-leaf=\"true\">Puedes combinarlo con cualquier conjunto que te guste, incluidos jeans ajustados, vestidos bonitos, incluso trajes, etc. <\/span><\/span><span data-slate-node=\"text\"><span class=\"123\" data-slate-leaf=\"true\">Adecuado para fiestas, bodas, citas, etc.<\/span><\/span><\/li>\n<\/ul>","protected":false},"excerpt":{"rendered":"<p>Los pantalones cortos de cintura alta con entrepierna abierta y levantador de gl\u00fateos de gran tama\u00f1o son imprescindibles para los mayoristas que desean ofrecer productos de primer nivel. Con su combinaci\u00f3n de elegancia y practicidad, se convertir\u00e1 en el favorito de los clientes. Sum\u00e9rgete en el mundo del comercio mayorista con esta pieza destacada. \u00a1Asegura tus pedidos hoy!<\/p>","protected":false},"featured_media":4085,"comment_status":"open","ping_status":"closed","template":"","meta":{"site-sidebar-layout":"default","site-content-layout":"default","ast-site-content-layout":"default","site-content-style":"default","site-sidebar-style":"default","ast-global-header-display":"","ast-banner-title-visibility":"","ast-main-header-display":"","ast-hfb-above-header-display":"","ast-hfb-below-header-display":"","ast-hfb-mobile-header-display":"","site-post-title":"","ast-breadcrumbs-content":"","ast-featured-img":"","footer-sml-layout":"","ast-disable-related-posts":"","theme-transparent-header-meta":"default","adv-header-id-meta":"","stick-header-meta":"default","header-above-stick-meta":"","header-main-stick-meta":"","header-below-stick-meta":"","astra-migrate-meta-layouts":"set","ast-page-background-enabled":"default","ast-page-background-meta":{"desktop":{"background-color":"","background-image":"","background-repeat":"repeat","background-position":"center center","background-size":"auto","background-attachment":"scroll","background-type":"","background-media":"","overlay-type":"","overlay-color":"","overlay-opacity":"","overlay-gradient":""},"tablet":{"background-color":"","background-image":"","background-repeat":"repeat","background-position":"center center","background-size":"auto","background-attachment":"scroll","background-type":"","background-media":"","overlay-type":"","overlay-color":"","overlay-opacity":"","overlay-gradient":""},"mobile":{"background-color":"","background-image":"","background-repeat":"repeat","background-position":"center center","background-size":"auto","background-attachment":"scroll","background-type":"","background-media":"","overlay-type":"","overlay-color":"","overlay-opacity":"","overlay-gradient":""}},"ast-content-background-meta":{"desktop":{"background-color":"var(--ast-global-color-5)","background-image":"","background-repeat":"repeat","background-position":"center center","background-size":"auto","background-attachment":"scroll","background-type":"","background-media":"","overlay-type":"","overlay-color":"","overlay-opacity":"","overlay-gradient":""},"tablet":{"background-color":"var(--ast-global-color-5)","background-image":"","background-repeat":"repeat","background-position":"center center","background-size":"auto","background-attachment":"scroll","background-type":"","background-media":"","overlay-type":"","overlay-color":"","overlay-opacity":"","overlay-gradient":""},"mobile":{"background-color":"var(--ast-global-color-5)","background-image":"","background-repeat":"repeat","background-position":"center center","background-size":"auto","background-attachment":"scroll","background-type":"","background-media":"","overlay-type":"","overlay-color":"","overlay-opacity":"","overlay-gradient":""}}},"product_brand":[],"product_cat":[65,76,77,80],"product_tag":[135,139,141,134],"class_list":{"0":"post-4058","1":"product","2":"type-product","3":"status-publish","4":"has-post-thumbnail","6":"product_cat-best-sellers","7":"product_cat-new-arrivels","8":"product_cat-wholesale-womens-shapewear","9":"product_cat-wholesale-butt-lift-underwear","10":"product_tag-all-in-one","11":"product_tag-high-waist","12":"product_tag-plus-size","13":"product_tag-tummy-tucker","14":"pa_color-beige","15":"pa_color-black","16":"pa_size-4xl","17":"pa_size-5xl","18":"pa_size-6xl","19":"pa_size-l","20":"pa_size-m","21":"pa_size-s","22":"pa_size-xl","23":"pa_size-xxl","24":"pa_size-xxxl","25":"desktop-align-center","26":"tablet-align-left","27":"mobile-align-left","28":"ast-product-gallery-layout-horizontal-slider","29":"ast-product-single-variable","30":"ast-product-tabs-layout-horizontal","31":"ast-qv-on-image","33":"first","34":"instock","35":"shipping-taxable","36":"purchasable","37":"product-type-variable"},"tiered_pricing_type":"fixed","tiered_pricing_fixed_rules":{"2":14.09,"30":13.19,"500":10.99},"tiered_pricing_product_settings":{"layout":"default","base_unit_name":{"singular":null,"plural":null},"default_variation":{}},"tiered_pricing_minimum_quantity":null,"tiered_pricing_roles_data":[],"tiered_pricing_percentage_rules":[],"_links":{"self":[{"href":"https:\/\/yume-silm.com\/es\/wp-json\/wp\/v2\/product\/4058","targetHints":{"allow":["GET"]}}],"collection":[{"href":"https:\/\/yume-silm.com\/es\/wp-json\/wp\/v2\/product"}],"about":[{"href":"https:\/\/yume-silm.com\/es\/wp-json\/wp\/v2\/types\/product"}],"replies":[{"embeddable":true,"href":"https:\/\/yume-silm.com\/es\/wp-json\/wp\/v2\/comments?post=4058"}],"wp:featuredmedia":[{"embeddable":true,"href":"https:\/\/yume-silm.com\/es\/wp-json\/wp\/v2\/media\/4085"}],"wp:attachment":[{"href":"https:\/\/yume-silm.com\/es\/wp-json\/wp\/v2\/media?parent=4058"}],"wp:term":[{"taxonomy":"product_brand","embeddable":true,"href":"https:\/\/yume-silm.com\/es\/wp-json\/wp\/v2\/product_brand?post=4058"},{"taxonomy":"product_cat","embeddable":true,"href":"https:\/\/yume-silm.com\/es\/wp-json\/wp\/v2\/product_cat?post=4058"},{"taxonomy":"product_tag","embeddable":true,"href":"https:\/\/yume-silm.com\/es\/wp-json\/wp\/v2\/product_tag?post=4058"}],"curies":[{"name":"wp","href":"https:\/\/api.w.org\/{rel}","templated":true}]}}