{"id":4093,"date":"2023-07-10T08:35:01","date_gmt":"2023-07-10T08:35:01","guid":{"rendered":"https:\/\/yume-silm.com\/?post_type=product&#038;p=4093"},"modified":"2025-05-26T00:44:22","modified_gmt":"2025-05-26T00:44:22","slug":"pantalones-de-cintura-alta-elasticos-y-comodos-para-mujer-con-entrepierna-abierta","status":"publish","type":"product","link":"https:\/\/yume-silm.com\/es\/producto-2\/pantalones-de-cintura-alta-elasticos-y-comodos-para-mujer-con-entrepierna-abierta\/","title":{"rendered":"Pantalones cortos moldeadores de talla grande con correas desmontables y ajustables"},"content":{"rendered":"<h5>Caracteristicas de dise\u00f1o<\/h5>\n<ul>\n<li data-slate-node=\"element\"><span data-slate-node=\"text\"><span class=\"00\" data-slate-leaf=\"true\"><strong>DISE\u00d1O DE CINTURA ALTA:<\/strong> El dise\u00f1o de cintura alta est\u00e1 cuidadosamente dise\u00f1ado para realzar la figura, nuestra ropa interior moldeadora suaviza la cintura para una apariencia suave y tridimensional.<\/span><\/span><\/li>\n<li data-slate-node=\"element\"><span data-slate-node=\"text\"><span class=\"21\" data-slate-leaf=\"true\"><strong>FUNCI\u00d3N DE LEVANTAMIENTO DE Gl\u00fateos:<\/strong> Puedes realzar tus curvas naturales y aumentar tu confianza en ti mismo con el notable efecto levantador de gl\u00fateos de esta ropa interior de talla grande y cintura alta.<\/span><\/span><\/li>\n<li data-slate-node=\"element\"><span data-slate-node=\"text\"><span class=\"41\" data-slate-leaf=\"true\"><strong>ESTIRAMIENTO DE LARGA DURACI\u00d3N:<\/strong> Los pantalones cortos moldeadores de alta elasticidad est\u00e1n hechos de tela el\u00e1stica con alta elasticidad para un uso duradero. <\/span><\/span><span data-slate-node=\"text\"><span class=\"42\" data-slate-leaf=\"true\">La tela se ajusta ce\u00f1ida y c\u00f3modamente, lo que garantiza comodidad durante todo el d\u00eda sin perder el sentido del estilo.<\/span><\/span><\/li>\n<li data-slate-node=\"element\"><span data-slate-node=\"text\"><span class=\"61\" data-slate-leaf=\"true\"><strong>CIERRE DE DOBLE CREMALLERA:<\/strong> Estos pantalones cortos para levantar la cadera con correa reductora del abdomen son convenientes y pr\u00e1cticos. <\/span><\/span><span data-slate-node=\"text\"><span class=\"62\" data-slate-leaf=\"true\">La parte delantera de la faja est\u00e1 confeccionada con una doble capa de cremalleras y ganchos, lo que garantiza un f\u00e1cil encendido y apagado, as\u00ed como una doble compresi\u00f3n del abdomen para un mejor efecto adelgazante.<\/span><\/span><\/li>\n<li data-slate-node=\"element\" data-slate-fragment=\"JTVCJTdCJTIydHlwZSUyMiUzQSUyMnBhcmFncmFwaCUyMiUyQyUyMmNoaWxkcmVuJTIyJTNBJTVCJTdCJTIydGV4dCUyMiUzQSUyMkhJR0glMjBXQUlTVCUyMERFU0lHTiUzQSUyMEhpZ2glMjB3YWlzdCUyMGRlc2lnbiUyMGlzJTIwY2FyZWZ1bGx5JTIwZGVzaWduZWQlMjB0byUyMGVuaGFuY2UlMjB0aGUlMjBmaWd1cmUlMkMlMjBvdXIlMjBzaGFwZXdlYXIlMjB1bmRlcndlYXIlMjBzbW9vdGhlcyUyMG91dCUyMHRoZSUyMHdhaXN0bGluZSUyMGZvciUyMGElMjBzbW9vdGglMjBhbmQlMjB0aHJlZS1kaW1lbnNpb25hbCUyMGxvb2suJTIyJTJDJTIyc2VudGVuY2UlMjIlM0EwJTJDJTIyY2hpbGRTZW50ZW5jZSUyMiUzQTAlN0QlNUQlN0QlMkMlN0IlMjJ0eXBlJTIyJTNBJTIycGFyYWdyYXBoJTIyJTJDJTIyY2hpbGRyZW4lMjIlM0ElNUIlN0IlMjJ0ZXh0JTIyJTNBJTIyJTIyJTJDJTIyc2VudGVuY2UlMjIlM0ExJTJDJTIyY2hpbGRTZW50ZW5jZSUyMiUzQTElN0QlNUQlN0QlMkMlN0IlMjJ0eXBlJTIyJTNBJTIycGFyYWdyYXBoJTIyJTJDJTIyY2hpbGRyZW4lMjIlM0ElNUIlN0IlMjJ0ZXh0JTIyJTNBJTIyQlVUVCUyMExJRlRJTkclMjBGVU5DVElPTiUzQSUyMFlvdSUyMGNhbiUyMGVuaGFuY2UlMjB5b3VyJTIwbmF0dXJhbCUyMGN1cnZlcyUyMGFuZCUyMGJvb3N0JTIweW91ciUyMHNlbGYtY29uZmlkZW5jZSUyMHdpdGglMjB0aGlzJTIwaGlnaCUyMHdhaXN0JTIwcGx1cyUyMHNpemUlMjB1bmRlcndlYXIncyUyMHJlbWFya2FibGUlMjBidXR0JTIwbGlmdGluZyUyMGVmZmVjdC4lMjIlMkMlMjJzZW50ZW5jZSUyMiUzQTIlMkMlMjJjaGlsZFNlbnRlbmNlJTIyJTNBMSU3RCU1RCU3RCUyQyU3QiUyMnR5cGUlMjIlM0ElMjJwYXJhZ3JhcGglMjIlMkMlMjJjaGlsZHJlbiUyMiUzQSU1QiU3QiUyMnRleHQlMjIlM0ElMjIlMjIlMkMlMjJzZW50ZW5jZSUyMiUzQTMlMkMlMjJjaGlsZFNlbnRlbmNlJTIyJTNBMSU3RCU1RCU3RCUyQyU3QiUyMnR5cGUlMjIlM0ElMjJwYXJhZ3JhcGglMjIlMkMlMjJjaGlsZHJlbiUyMiUzQSU1QiU3QiUyMnRleHQlMjIlM0ElMjJMT05HJTIwTEFTVElORyUyMFNUUkVUQ0glM0ElMjBUaGUlMjBoaWdoJTIwZWxhc3RpYyUyMHNoYXBpbmclMjBzaG9ydHMlMjBpcyUyMG1hZGUlMjBvZiUyMHN0cmV0Y2glMjBmYWJyaWMlMjB3aXRoJTIwaGlnaCUyMGVsYXN0aWNpdHklMjBmb3IlMjBsb25nLWxhc3RpbmclMjB3ZWFyLiUyMCUyMiUyQyUyMnNlbnRlbmNlJTIyJTNBNCUyQyUyMmNoaWxkU2VudGVuY2UlMjIlM0ExJTdEJTJDJTdCJTIydGV4dCUyMiUzQSUyMlRoZSUyMGZhYnJpYyUyMGZpdHMlMjBzbnVnbHklMjBhbmQlMjBjb21mb3J0YWJseSUyQyUyMGVuc3VyaW5nJTIwYWxsLWRheSUyMGNvbWZvcnQlMjB3aXRob3V0JTIwbG9zaW5nJTIweW91ciUyMHNlbnNlJTIwb2YlMjBzdHlsZS4lMjIlMkMlMjJzZW50ZW5jZSUyMiUzQTQlMkMlMjJjaGlsZFNlbnRlbmNlJTIyJTNBMiU3RCU1RCU3RCUyQyU3QiUyMnR5cGUlMjIlM0ElMjJwYXJhZ3JhcGglMjIlMkMlMjJjaGlsZHJlbiUyMiUzQSU1QiU3QiUyMnRleHQlMjIlM0ElMjIlMjIlMkMlMjJzZW50ZW5jZSUyMiUzQTUlMkMlMjJjaGlsZFNlbnRlbmNlJTIyJTNBMSU3RCU1RCU3RCUyQyU3QiUyMnR5cGUlMjIlM0ElMjJwYXJhZ3JhcGglMjIlMkMlMjJjaGlsZHJlbiUyMiUzQSU1QiU3QiUyMnRleHQlMjIlM0ElMjJET1VCTEUlMjBaSVBQRVIlMjBDTE9TVVJFJTNBJTIwVGhpcyUyMGJlbGx5JTIwcmVkdWNpbmclMjBzdHJhcCUyMGhpcCUyMGxpZnRpbmclMjBzaG9ydHMlMjBmcm9tJTIwdXMlMjBpcyUyMGNvbnZlbmllbnQlMjBhbmQlMjBwcmFjdGljYWwuJTIwJTIyJTJDJTIyc2VudGVuY2UlMjIlM0E2JTJDJTIyY2hpbGRTZW50ZW5jZSUyMiUzQTElN0QlMkMlN0IlMjJ0ZXh0JTIyJTNBJTIyVGhlJTIwZnJvbnQlMjBvZiUyMHRoZSUyMHNoYXBld2VhciUyMGlzJTIwbWFkZSUyMHdpdGglMjBhJTIwZG91YmxlJTIwbGF5ZXIlMjBvZiUyMHppcHBlcnMlMjBhbmQlMjBob29rcyUyQyUyMHdoaWNoJTIwZW5zdXJlcyUyMGVhc3klMjBvbiUyMGFuZCUyMG9mZiUyMGFzJTIwd2VsbCUyMGFzJTIwZG91YmxlJTIwY29tcHJlc3Npb24lMjBvZiUyMHRoZSUyMGFiZG9tZW4lMjBmb3IlMjBhJTIwYmV0dGVyJTIwc2xpbW1pbmclMjBlZmZlY3QuJTIyJTJDJTIyc2VudGVuY2UlMjIlM0E2JTJDJTIyY2hpbGRTZW50ZW5jZSUyMiUzQTIlN0QlNUQlN0QlMkMlN0IlMjJ0eXBlJTIyJTNBJTIycGFyYWdyYXBoJTIyJTJDJTIyY2hpbGRyZW4lMjIlM0ElNUIlN0IlMjJ0ZXh0JTIyJTNBJTIyJTIyJTJDJTIyc2VudGVuY2UlMjIlM0E3JTJDJTIyY2hpbGRTZW50ZW5jZSUyMiUzQTElN0QlNUQlN0QlMkMlN0IlMjJ0eXBlJTIyJTNBJTIycGFyYWdyYXBoJTIyJTJDJTIyY2hpbGRyZW4lMjIlM0ElNUIlN0IlMjJ0ZXh0JTIyJTNBJTIyQ1JPVENIJTIwT1BFTiUzQSUyMFRoZSUyMGNyb3RjaCUyMHppcHBlciUyMG9mJTIwdGhlJTIwd29tZW4lMjBib2R5JTIwc2hhcGVyJTIwc2VhbWxlc3MlMjBmaXJtJTIwY29udHJvbCUyMGlzJTIwY2xvc2VkJTJDJTIwYW5kJTIwaXQlMjBjYW4lMjBiZSUyMGVhc2lseSUyMG9wZW5lZCUyMG9yJTIwY2xvc2VkJTIwdG8lMjBzb2x2ZSUyMHRoZSUyMHByb2JsZW0lMjBvZiUyMGdvaW5nJTIwdG8lMjB0aGUlMjB0b2lsZXQlMjBhdCUyMGFueSUyMHRpbWUlMkMlMjB3aGljaCUyMGlzJTIwdmVyeSUyMHByYWN0aWNhbC4lMjIlMkMlMjJzZW50ZW5jZSUyMiUzQTglMkMlMjJjaGlsZFNlbnRlbmNlJTIyJTNBMSU3RCU1RCU3RCU1RA==\"><span data-slate-node=\"text\"><span class=\"81\" data-slate-leaf=\"true\"><strong>ENTREPIEZA ABIERTA:<\/strong> La cremallera de la entrepierna del control firme sin costuras del moldeador del cuerpo de las mujeres est\u00e1 cerrada y se puede abrir o cerrar f\u00e1cilmente para resolver el problema de ir al ba\u00f1o en cualquier momento, lo cual es muy pr\u00e1ctico.<\/span><\/span><\/li>\n<\/ul>\n<h6><em>Ropa interior moldeadora de realce de gl\u00fateos con control de barriga de encaje de talla grande para mujer<\/em><\/h6>\n<ul>\n<li data-slate-node=\"element\"><span class=\"\" data-slate-node=\"text\"><span class=\"101\" data-slate-leaf=\"true\"><span data-slate-string=\"true\"><strong>CORREAS DESMONTABLES Y AJUSTABLES:<\/strong> Las correas desmontables y ajustables de los pantalones cortos moldeadores de talla grande se pueden quitar directamente y usar como pantalones cortos; tambi\u00e9n se pueden ajustar para mayor comodidad seg\u00fan su altura, etc. <\/span><\/span><\/span><span class=\"\" data-slate-node=\"text\"><span class=\"102\" data-slate-leaf=\"true\"><span data-slate-string=\"true\">No te preocupes, los bordes tienen tiras anti-rizo y un dobladillo de encaje. <\/span><\/span><\/span><span data-slate-node=\"text\"><span class=\"103\" data-slate-leaf=\"true\">Puedes hacer lo que quieras porque las tiras de silicona proporcionan un ajuste seguro. <\/span><\/span><span data-slate-node=\"text\"><span class=\"104\" data-slate-leaf=\"true\">El encaje tambi\u00e9n resalta la elegancia y el encanto.<\/span><\/span><\/li>\n<li data-slate-node=\"element\" data-slate-fragment=\"JTVCJTdCJTIydHlwZSUyMiUzQSUyMnBhcmFncmFwaCUyMiUyQyUyMmNoaWxkcmVuJTIyJTNBJTVCJTdCJTIydGV4dCUyMiUzQSUyMlJFTU9WQUJMRSUyMEFORCUyMEFESlVTVEFCTEUlMjBTVFJBUFMlM0ElMjBUaGUlMjBkZXRhY2hhYmxlJTIwYW5kJTIwYWRqdXN0YWJsZSUyMHN0cmFwcyUyMHBsdXMlMjBzaXplJTIwc2hhcGV3ZWFyJTIwc2hvcnRzJ3MlMjBzdHJhcHMlMjBjYW4lMjBiZSUyMHJlbW92ZWQlMjBkaXJlY3RseSUyMGFuZCUyMHdvcm4lMjBhcyUyMHNob3J0cyUzQiUyMHRoZXklMjBjYW4lMjBhbHNvJTIwYmUlMjBhZGp1c3RlZCUyMGZvciUyMGNvbWZvcnQlMjBhY2NvcmRpbmclMjB0byUyMHlvdXIlMjBoZWlnaHQlMkMlMjBldGMuJTIwJTIyJTJDJTIyc2VudGVuY2UlMjIlM0ExMCUyQyUyMmNoaWxkU2VudGVuY2UlMjIlM0ExJTdEJTJDJTdCJTIydGV4dCUyMiUzQSUyMkRvbid0JTIwd29ycnklMkMlMjB0aGUlMjBlZGdlcyUyMGhhdmUlMjBhbnRpLWN1cmwlMjBzdHJpcHMlMjBhbmQlMjBhJTIwbGFjZSUyMGhlbS4lMjAlMjIlMkMlMjJzZW50ZW5jZSUyMiUzQTEwJTJDJTIyY2hpbGRTZW50ZW5jZSUyMiUzQTIlN0QlMkMlN0IlMjJ0ZXh0JTIyJTNBJTIyWW91JTIwY2FuJTIwZG8lMjB3aGF0ZXZlciUyMHlvdSUyMHdhbnQlMjBiZWNhdXNlJTIwdGhlJTIwc2lsaWNvbmUlMjBzdHJpcHMlMjBwcm92aWRlJTIwYSUyMHNlY3VyZSUyMGZpdC4lMjAlMjIlMkMlMjJzZW50ZW5jZSUyMiUzQTEwJTJDJTIyY2hpbGRTZW50ZW5jZSUyMiUzQTMlN0QlMkMlN0IlMjJ0ZXh0JTIyJTNBJTIyVGhlJTIwbGFjZSUyMGFsc28lMjBlbXBoYXNpemVzJTIwZWxlZ2FuY2UlMjBhbmQlMjBjaGFybS4lMjIlMkMlMjJzZW50ZW5jZSUyMiUzQTEwJTJDJTIyY2hpbGRTZW50ZW5jZSUyMiUzQTQlN0QlNUQlN0QlMkMlN0IlMjJ0eXBlJTIyJTNBJTIycGFyYWdyYXBoJTIyJTJDJTIyY2hpbGRyZW4lMjIlM0ElNUIlN0IlMjJ0ZXh0JTIyJTNBJTIyJTIyJTJDJTIyc2VudGVuY2UlMjIlM0ExMSUyQyUyMmNoaWxkU2VudGVuY2UlMjIlM0ExJTdEJTVEJTdEJTJDJTdCJTIydHlwZSUyMiUzQSUyMnBhcmFncmFwaCUyMiUyQyUyMmNoaWxkcmVuJTIyJTNBJTVCJTdCJTIydGV4dCUyMiUzQSUyMkZBU0hJT05BQkxFJTIwQU5EJTIwVkVSU0FUSUxFJTNBJTIwVGhpcyUyMGRldGFjaGFibGUlMjBhbmQlMjBhZGp1c3RhYmxlJTIwc3RyYXBzJTIwcGx1cyUyMHNpemUlMjBzaGFwZXdlYXIlMjBzaG9ydHMlMjBjYW4lMjBiZSUyMHNlYW1sZXNzbHklMjBzaGFwZWQlMjB1bmRlciUyMGFueSUyMGNsb3RoaW5nJTIwd2l0aCUyMGhpZ2glMjBhZGFwdGFiaWxpdHklMkMlMjB3aGljaCUyMGlzJTIwYSUyMG11c3QtaGF2ZSUyMGl0ZW0lMjBpbiUyMHlvdXIlMjBjbG9zZXQuJTIwJTIyJTJDJTIyc2VudGVuY2UlMjIlM0ExMiUyQyUyMmNoaWxkU2VudGVuY2UlMjIlM0ExJTdEJTJDJTdCJTIydGV4dCUyMiUzQSUyMlN1aXRhYmxlJTIwZm9yJTIwZGFpbHklMjB3ZWFyJTIwYW5kJTIwc29tZSUyMGZvcm1hbCUyMG9jY2FzaW9ucyUyQyUyMHN1Y2glMjBhcyUyMGdvaW5nJTIwdG8lMjB3b3JrJTJDJTIwb3V0ZG9vciUyQyUyMGRhdGluZyUyQyUyMGF0dGVuZGluZyUyMHBhcnRpZXMlMkMlMjBjb2NrdGFpbCUyMGV2ZW5pbmdzJTJDJTIwZXRjLiUyMCUyMiUyQyUyMnNlbnRlbmNlJTIyJTNBMTIlMkMlMjJjaGlsZFNlbnRlbmNlJTIyJTNBMiU3RCUyQyU3QiUyMnRleHQlMjIlM0ElMjJXaXRoJTIwaXQlMkMlMjB5b3UlMjBjYW4lMjBzaG93JTIweW91ciUyMGhvdXJnbGFzcyUyMGZpZ3VyZSUyMHdpdGglMjBjb25maWRlbmNlLiUyMiUyQyUyMnNlbnRlbmNlJTIyJTNBMTIlMkMlMjJjaGlsZFNlbnRlbmNlJTIyJTNBMyU3RCU1RCU3RCU1RA==\"><span data-slate-node=\"text\"><span class=\"121\" data-slate-leaf=\"true\"><strong>MODERNO Y VERS\u00c1TIL:<\/strong> Estos pantalones cortos moldeadores de talla grande con correas desmontables y ajustables se pueden moldear perfectamente debajo de cualquier ropa con alta adaptabilidad, lo cual es un art\u00edculo imprescindible en su armario. <\/span><\/span><span data-slate-node=\"text\"><span class=\"122\" data-slate-leaf=\"true\">Adecuado para el uso diario y algunas ocasiones formales, como ir a trabajar, al aire libre, citas, asistir a fiestas, c\u00f3cteles, etc. <\/span><\/span><span data-slate-node=\"text\"><span class=\"123\" data-slate-leaf=\"true\">Con \u00e9l, podr\u00e1s mostrar tu figura con curvas con confianza.<\/span><\/span><\/li>\n<\/ul>","protected":false},"excerpt":{"rendered":"<p>Descubra el secreto de una silueta esculpida con nuestros pantalones cortos moldeadores de talla grande con tirantes ajustables y desmontables. Con una entrepierna abierta para mayor comodidad y un dise\u00f1o centrado en la comodidad y la funcionalidad, estos pantalones redefinen la elegancia de las prendas modeladoras.<\/p>","protected":false},"featured_media":4117,"comment_status":"open","ping_status":"closed","template":"","meta":{"site-sidebar-layout":"default","site-content-layout":"default","ast-site-content-layout":"default","site-content-style":"default","site-sidebar-style":"default","ast-global-header-display":"","ast-banner-title-visibility":"","ast-main-header-display":"","ast-hfb-above-header-display":"","ast-hfb-below-header-display":"","ast-hfb-mobile-header-display":"","site-post-title":"","ast-breadcrumbs-content":"","ast-featured-img":"","footer-sml-layout":"","ast-disable-related-posts":"","theme-transparent-header-meta":"default","adv-header-id-meta":"","stick-header-meta":"default","header-above-stick-meta":"","header-main-stick-meta":"","header-below-stick-meta":"","astra-migrate-meta-layouts":"set","ast-page-background-enabled":"default","ast-page-background-meta":{"desktop":{"background-color":"","background-image":"","background-repeat":"repeat","background-position":"center center","background-size":"auto","background-attachment":"scroll","background-type":"","background-media":"","overlay-type":"","overlay-color":"","overlay-opacity":"","overlay-gradient":""},"tablet":{"background-color":"","background-image":"","background-repeat":"repeat","background-position":"center center","background-size":"auto","background-attachment":"scroll","background-type":"","background-media":"","overlay-type":"","overlay-color":"","overlay-opacity":"","overlay-gradient":""},"mobile":{"background-color":"","background-image":"","background-repeat":"repeat","background-position":"center center","background-size":"auto","background-attachment":"scroll","background-type":"","background-media":"","overlay-type":"","overlay-color":"","overlay-opacity":"","overlay-gradient":""}},"ast-content-background-meta":{"desktop":{"background-color":"var(--ast-global-color-5)","background-image":"","background-repeat":"repeat","background-position":"center center","background-size":"auto","background-attachment":"scroll","background-type":"","background-media":"","overlay-type":"","overlay-color":"","overlay-opacity":"","overlay-gradient":""},"tablet":{"background-color":"var(--ast-global-color-5)","background-image":"","background-repeat":"repeat","background-position":"center center","background-size":"auto","background-attachment":"scroll","background-type":"","background-media":"","overlay-type":"","overlay-color":"","overlay-opacity":"","overlay-gradient":""},"mobile":{"background-color":"var(--ast-global-color-5)","background-image":"","background-repeat":"repeat","background-position":"center center","background-size":"auto","background-attachment":"scroll","background-type":"","background-media":"","overlay-type":"","overlay-color":"","overlay-opacity":"","overlay-gradient":""}}},"product_brand":[],"product_cat":[65,77,80],"product_tag":[137,141,134,154,184],"class_list":{"0":"post-4093","1":"product","2":"type-product","3":"status-publish","4":"has-post-thumbnail","6":"product_cat-best-sellers","7":"product_cat-wholesale-womens-shapewear","8":"product_cat-wholesale-butt-lift-underwear","9":"product_tag-butt-lift","10":"product_tag-plus-size","11":"product_tag-tummy-tucker","12":"product_tag-with-hooks","13":"product_tag-zipper","14":"pa_color-beige","15":"pa_color-black","16":"pa_size-4xl","17":"pa_size-5xl","18":"pa_size-6xl","19":"pa_size-l","20":"pa_size-m","21":"pa_size-s","22":"pa_size-xs","23":"pa_size-xxl","24":"pa_size-xxxl","25":"desktop-align-center","26":"tablet-align-left","27":"mobile-align-left","28":"ast-product-gallery-layout-horizontal-slider","29":"ast-product-single-variable","30":"ast-product-tabs-layout-horizontal","31":"ast-qv-on-image","33":"first","34":"instock","35":"shipping-taxable","36":"purchasable","37":"product-type-variable"},"tiered_pricing_type":"fixed","tiered_pricing_fixed_rules":{"2":10.99,"30":10.29,"500":8.59},"tiered_pricing_product_settings":{"layout":"default","base_unit_name":{"singular":null,"plural":null},"default_variation":{}},"tiered_pricing_minimum_quantity":null,"tiered_pricing_roles_data":[],"tiered_pricing_percentage_rules":[],"_links":{"self":[{"href":"https:\/\/yume-silm.com\/es\/wp-json\/wp\/v2\/product\/4093","targetHints":{"allow":["GET"]}}],"collection":[{"href":"https:\/\/yume-silm.com\/es\/wp-json\/wp\/v2\/product"}],"about":[{"href":"https:\/\/yume-silm.com\/es\/wp-json\/wp\/v2\/types\/product"}],"replies":[{"embeddable":true,"href":"https:\/\/yume-silm.com\/es\/wp-json\/wp\/v2\/comments?post=4093"}],"wp:featuredmedia":[{"embeddable":true,"href":"https:\/\/yume-silm.com\/es\/wp-json\/wp\/v2\/media\/4117"}],"wp:attachment":[{"href":"https:\/\/yume-silm.com\/es\/wp-json\/wp\/v2\/media?parent=4093"}],"wp:term":[{"taxonomy":"product_brand","embeddable":true,"href":"https:\/\/yume-silm.com\/es\/wp-json\/wp\/v2\/product_brand?post=4093"},{"taxonomy":"product_cat","embeddable":true,"href":"https:\/\/yume-silm.com\/es\/wp-json\/wp\/v2\/product_cat?post=4093"},{"taxonomy":"product_tag","embeddable":true,"href":"https:\/\/yume-silm.com\/es\/wp-json\/wp\/v2\/product_tag?post=4093"}],"curies":[{"name":"wp","href":"https:\/\/api.w.org\/{rel}","templated":true}]}}