{"id":4121,"date":"2023-07-10T09:10:48","date_gmt":"2023-07-10T09:10:48","guid":{"rendered":"https:\/\/yume-silm.com\/?post_type=product&#038;p=4121"},"modified":"2024-11-08T08:36:02","modified_gmt":"2024-11-08T08:36:02","slug":"elegante-traje-con-cremallera","status":"publish","type":"product","link":"https:\/\/yume-silm.com\/es\/producto-2\/elegante-traje-con-cremallera\/","title":{"rendered":"Cors\u00e9 del mono del cord\u00f3n del busto abierto de las mujeres al por mayor"},"content":{"rendered":"<h5>Caracteristicas de dise\u00f1o<\/h5>\n<ul>\n<li><strong>C\u00d3MODO Y DURADERO:<\/strong> Este body moldeador suave est\u00e1 hecho de material el\u00e1stico que proporciona un soporte resistente y flexible. Suave y c\u00f3modo mientras usas la faja.<\/li>\n<li><strong>CREMALLERA Y GANCHO:<\/strong> Esta ropa interior moldeadora de tanga est\u00e1 dise\u00f1ada con una cremallera y un gancho en la parte delantera para un control de doble capa. Pr\u00e1ctico y elegante, f\u00e1cil de poner y quitar, mejorando la experiencia general del usuario.<\/li>\n<li><strong>DECORACI\u00d3N DE ENCAJE:<\/strong> La cadera del body moldeador de encaje sexy para mujer est\u00e1 dise\u00f1ada con detalles de encaje triangular, que a\u00f1ade un toque de feminidad y mejora la est\u00e9tica sin comprometer la funcionalidad.<\/li>\n<li><strong>ENTREPIEZA ABIERTA:<\/strong> La entrepierna del tanga de esta ropa interior abierta se puede abrir y cerrar f\u00e1cilmente. Es una buena soluci\u00f3n al problema de las irrupciones de emergencia para ir al ba\u00f1o en viajes o en la oficina al aire libre, etc.<\/li>\n<li><strong>FORMACI\u00d3N DE CUERPO COMPLETO:<\/strong> Dise\u00f1ado para moldear todo el cuerpo, este traje de una pieza brinda soporte para el busto, la cintura, las caderas y los muslos para garantizar una silueta estilizada.<\/li>\n<li><strong>VERS\u00c1TIL:<\/strong> A pesar del efecto moldeador, este cors\u00e9 moldeador adelgazante es c\u00f3modo de usar durante todo el d\u00eda y se puede usar con cualquier atuendo, lo que lo convierte en una pieza de armario vers\u00e1til. Ideal para ponerte en forma en tu trabajo, compras, bodas, citas y m\u00e1s.<\/li>\n<\/ul>\n<h6><em>Body moldeador de abdomen con busto abierto para mujer con encaje<\/em><\/h6>\n<ul>\n<li>En resumen, el cors\u00e9 tipo body de encaje con busto abierto para mujer con cremallera en el pecho es una pieza esencial para los mayoristas que buscan ofrecer productos de primer nivel. Con su combinaci\u00f3n de estilo y funcionalidad, se convertir\u00e1 en el favorito de los clientes. Sum\u00e9rgete en el mundo del comercio mayorista con esta pieza destacada. \u00a1Ordenar ahora!<\/li>\n<\/ul>","protected":false},"excerpt":{"rendered":"<p>Eleva tu colecci\u00f3n con el cors\u00e9 tipo body de encaje con busto abierto para mujer. Con una elegante cremallera en el pecho para facilitar su uso y delicados detalles de encaje triangular, este body esculpe y contornea perfectamente el cuerpo, ofreciendo elegancia y funcionalidad.<\/p>","protected":false},"featured_media":4140,"comment_status":"open","ping_status":"closed","template":"","meta":{"site-sidebar-layout":"default","site-content-layout":"default","ast-site-content-layout":"default","site-content-style":"default","site-sidebar-style":"default","ast-global-header-display":"","ast-banner-title-visibility":"","ast-main-header-display":"","ast-hfb-above-header-display":"","ast-hfb-below-header-display":"","ast-hfb-mobile-header-display":"","site-post-title":"","ast-breadcrumbs-content":"","ast-featured-img":"","footer-sml-layout":"","ast-disable-related-posts":"","theme-transparent-header-meta":"default","adv-header-id-meta":"","stick-header-meta":"default","header-above-stick-meta":"","header-main-stick-meta":"","header-below-stick-meta":"","astra-migrate-meta-layouts":"set","ast-page-background-enabled":"default","ast-page-background-meta":{"desktop":{"background-color":"","background-image":"","background-repeat":"repeat","background-position":"center center","background-size":"auto","background-attachment":"scroll","background-type":"","background-media":"","overlay-type":"","overlay-color":"","overlay-opacity":"","overlay-gradient":""},"tablet":{"background-color":"","background-image":"","background-repeat":"repeat","background-position":"center center","background-size":"auto","background-attachment":"scroll","background-type":"","background-media":"","overlay-type":"","overlay-color":"","overlay-opacity":"","overlay-gradient":""},"mobile":{"background-color":"","background-image":"","background-repeat":"repeat","background-position":"center center","background-size":"auto","background-attachment":"scroll","background-type":"","background-media":"","overlay-type":"","overlay-color":"","overlay-opacity":"","overlay-gradient":""}},"ast-content-background-meta":{"desktop":{"background-color":"var(--ast-global-color-5)","background-image":"","background-repeat":"repeat","background-position":"center center","background-size":"auto","background-attachment":"scroll","background-type":"","background-media":"","overlay-type":"","overlay-color":"","overlay-opacity":"","overlay-gradient":""},"tablet":{"background-color":"var(--ast-global-color-5)","background-image":"","background-repeat":"repeat","background-position":"center center","background-size":"auto","background-attachment":"scroll","background-type":"","background-media":"","overlay-type":"","overlay-color":"","overlay-opacity":"","overlay-gradient":""},"mobile":{"background-color":"var(--ast-global-color-5)","background-image":"","background-repeat":"repeat","background-position":"center center","background-size":"auto","background-attachment":"scroll","background-type":"","background-media":"","overlay-type":"","overlay-color":"","overlay-opacity":"","overlay-gradient":""}}},"product_brand":[],"product_cat":[65,76,77,82],"product_tag":[136,473,441,134],"class_list":{"0":"post-4121","1":"product","2":"type-product","3":"status-publish","4":"has-post-thumbnail","6":"product_cat-best-sellers","7":"product_cat-new-arrivels","8":"product_cat-wholesale-womens-shapewear","9":"product_cat-wholesale-shapewear-bodysuit","10":"product_tag-bridal","11":"product_tag-lace","12":"product_tag-shapewear-bodysuits","13":"product_tag-tummy-tucker","14":"pa_color-beige","15":"pa_color-black","16":"pa_size-l","17":"pa_size-m","18":"pa_size-s","19":"pa_size-xl","20":"pa_size-xxl","21":"pa_size-xxxl","22":"desktop-align-center","23":"tablet-align-left","24":"mobile-align-left","25":"ast-product-gallery-layout-horizontal-slider","26":"ast-product-single-variable","27":"ast-product-tabs-layout-horizontal","28":"ast-qv-on-image","30":"first","31":"instock","32":"shipping-taxable","33":"purchasable","34":"product-type-variable"},"tiered_pricing_type":"fixed","tiered_pricing_fixed_rules":{"2":10.99,"30":10.29,"500":8.59},"tiered_pricing_product_settings":{"layout":"default","base_unit_name":{"singular":null,"plural":null},"default_variation":{}},"tiered_pricing_minimum_quantity":null,"tiered_pricing_roles_data":[],"tiered_pricing_percentage_rules":[],"_links":{"self":[{"href":"https:\/\/yume-silm.com\/es\/wp-json\/wp\/v2\/product\/4121","targetHints":{"allow":["GET"]}}],"collection":[{"href":"https:\/\/yume-silm.com\/es\/wp-json\/wp\/v2\/product"}],"about":[{"href":"https:\/\/yume-silm.com\/es\/wp-json\/wp\/v2\/types\/product"}],"replies":[{"embeddable":true,"href":"https:\/\/yume-silm.com\/es\/wp-json\/wp\/v2\/comments?post=4121"}],"wp:featuredmedia":[{"embeddable":true,"href":"https:\/\/yume-silm.com\/es\/wp-json\/wp\/v2\/media\/4140"}],"wp:attachment":[{"href":"https:\/\/yume-silm.com\/es\/wp-json\/wp\/v2\/media?parent=4121"}],"wp:term":[{"taxonomy":"product_brand","embeddable":true,"href":"https:\/\/yume-silm.com\/es\/wp-json\/wp\/v2\/product_brand?post=4121"},{"taxonomy":"product_cat","embeddable":true,"href":"https:\/\/yume-silm.com\/es\/wp-json\/wp\/v2\/product_cat?post=4121"},{"taxonomy":"product_tag","embeddable":true,"href":"https:\/\/yume-silm.com\/es\/wp-json\/wp\/v2\/product_tag?post=4121"}],"curies":[{"name":"wp","href":"https:\/\/api.w.org\/{rel}","templated":true}]}}