{"id":4144,"date":"2023-07-12T06:58:10","date_gmt":"2023-07-12T06:58:10","guid":{"rendered":"https:\/\/yume-silm.com\/?post_type=product&#038;p=4144"},"modified":"2025-05-29T03:34:55","modified_gmt":"2025-05-29T03:34:55","slug":"power-flex-high-waisted-tummy-control-boxer-leggings","status":"publish","type":"product","link":"https:\/\/yume-silm.com\/es\/producto-2\/power-flex-high-waisted-tummy-control-boxer-leggings\/","title":{"rendered":"Venta al por mayor Pantalones cortos moldeadores de cuerpo de talle alto y alto estiramiento"},"content":{"rendered":"<h5>Caracteristicas de dise\u00f1o<\/h5>\n<ul>\n<li><strong>CONTROL DE BARRIGA:<\/strong> El dise\u00f1o de cintura alta de nuestros pantalones cortos moldeadores sin costuras de color s\u00f3lido proporciona un control superior del abdomen. Esta prenda interior sin costuras ayuda a definir la cintura y a encoger el abdomen al instante, y tambi\u00e9n es ideal para levantar gl\u00fateos y dar forma a los muslos. Te permite mostrar tu atractiva silueta con confianza.<\/li>\n<li><strong>ALTA ELASTICIDAD:<\/strong> Estos c\u00f3modos pantalones cortos ajustados est\u00e1n hechos de material el\u00e1stico que se ajusta a diferentes formas y tama\u00f1os del cuerpo, garantizando flexibilidad sin comprometer la comodidad. Nuestras bragas adelgazantes para muslos son resistentes a la abrasi\u00f3n y conservan su forma y elasticidad con el tiempo, lo que garantiza un ajuste duradero.<\/li>\n<li><strong>AJUSTE SIN COSTURAS:<\/strong> La tela sin costuras de nuestro moldeador corporal de cintura alta con control de barriga te har\u00e1 olvidar que est\u00e1 ah\u00ed. Esc\u00f3ndete f\u00e1cilmente debajo de tus jeans favoritos, vestidos bonitos y otras prendas.<\/li>\n<li><strong>SILICONA ANTIDESLIZANTE:<\/strong> Conf\u00ede en los pantalones cortos moldeadores para mujer con una banda de silicona de doble capa en la cintura interior para garantizar que permanezca en su lugar durante todo el d\u00eda. No ser\u00e1 f\u00e1cil rodar.<\/li>\n<li><strong>VERS\u00c1TIL Y DE MODA:<\/strong> El dise\u00f1o minimalista de estas bragas invisibles con control de barriga levantadoras de gl\u00fateos, as\u00ed como el color s\u00f3lido, te permitir\u00e1n lograr una apariencia vers\u00e1til con facilidad. Y es perfecto para el uso diario, lo que permite usar nuestros leggings con atuendos tanto informales como formales para lograr un estilo vers\u00e1til.<\/li>\n<\/ul>\n<h6><em>Fajas cortas simples sin costuras de cintura alta para control de barriga para uso diario<\/em><\/h6>\n<ul>\n<li>En resumen, los pantalones cortos moldeadores de cintura alta y el\u00e1sticos son imprescindibles para los mayoristas que buscan ofrecer productos de la m\u00e1s alta calidad. Con sus caracter\u00edsticas y beneficios \u00fanicos, se convertir\u00e1 en el favorito entre los clientes. Sum\u00e9rgete en el mundo del comercio mayorista con esta pieza destacada. \u00a1Asegura tu pedido hoy!<\/li>\n<\/ul>","protected":false},"excerpt":{"rendered":"<p>Mejora tu colecci\u00f3n con los pantalones cortos moldeadores de cintura alta y el\u00e1sticos. Dise\u00f1ados para un control \u00f3ptimo del abdomen, estos leggings combinan alta elasticidad con transpirabilidad, lo que garantiza un ajuste c\u00f3modo y favorecedor para cada uso.<\/p>","protected":false},"featured_media":4162,"comment_status":"open","ping_status":"closed","template":"","meta":{"site-sidebar-layout":"default","site-content-layout":"default","ast-site-content-layout":"default","site-content-style":"default","site-sidebar-style":"default","ast-global-header-display":"","ast-banner-title-visibility":"","ast-main-header-display":"","ast-hfb-above-header-display":"","ast-hfb-below-header-display":"","ast-hfb-mobile-header-display":"","site-post-title":"","ast-breadcrumbs-content":"","ast-featured-img":"","footer-sml-layout":"","ast-disable-related-posts":"","theme-transparent-header-meta":"default","adv-header-id-meta":"","stick-header-meta":"default","header-above-stick-meta":"","header-main-stick-meta":"","header-below-stick-meta":"","astra-migrate-meta-layouts":"set","ast-page-background-enabled":"default","ast-page-background-meta":{"desktop":{"background-color":"","background-image":"","background-repeat":"repeat","background-position":"center center","background-size":"auto","background-attachment":"scroll","background-type":"","background-media":"","overlay-type":"","overlay-color":"","overlay-opacity":"","overlay-gradient":""},"tablet":{"background-color":"","background-image":"","background-repeat":"repeat","background-position":"center center","background-size":"auto","background-attachment":"scroll","background-type":"","background-media":"","overlay-type":"","overlay-color":"","overlay-opacity":"","overlay-gradient":""},"mobile":{"background-color":"","background-image":"","background-repeat":"repeat","background-position":"center center","background-size":"auto","background-attachment":"scroll","background-type":"","background-media":"","overlay-type":"","overlay-color":"","overlay-opacity":"","overlay-gradient":""}},"ast-content-background-meta":{"desktop":{"background-color":"var(--ast-global-color-5)","background-image":"","background-repeat":"repeat","background-position":"center center","background-size":"auto","background-attachment":"scroll","background-type":"","background-media":"","overlay-type":"","overlay-color":"","overlay-opacity":"","overlay-gradient":""},"tablet":{"background-color":"var(--ast-global-color-5)","background-image":"","background-repeat":"repeat","background-position":"center center","background-size":"auto","background-attachment":"scroll","background-type":"","background-media":"","overlay-type":"","overlay-color":"","overlay-opacity":"","overlay-gradient":""},"mobile":{"background-color":"var(--ast-global-color-5)","background-image":"","background-repeat":"repeat","background-position":"center center","background-size":"auto","background-attachment":"scroll","background-type":"","background-media":"","overlay-type":"","overlay-color":"","overlay-opacity":"","overlay-gradient":""}}},"product_brand":[],"product_cat":[65,76,77,79,80],"product_tag":[136,139,500,134],"class_list":{"0":"post-4144","1":"product","2":"type-product","3":"status-publish","4":"has-post-thumbnail","6":"product_cat-best-sellers","7":"product_cat-new-arrivels","8":"product_cat-wholesale-womens-shapewear","9":"product_cat-wholesale-seemless-shaperwear","10":"product_cat-wholesale-butt-lift-underwear","11":"product_tag-bridal","12":"product_tag-high-waist","13":"product_tag-tummy-control","14":"product_tag-tummy-tucker","15":"pa_color-beige","16":"pa_color-black","17":"pa_size-4xl","18":"pa_size-m-l","19":"pa_size-s","20":"pa_size-xl-xxl","21":"pa_size-xxxl","22":"desktop-align-center","23":"tablet-align-left","24":"mobile-align-left","25":"ast-product-gallery-layout-horizontal-slider","26":"ast-product-single-variable","27":"ast-product-tabs-layout-horizontal","28":"ast-qv-on-image","30":"first","31":"instock","32":"shipping-taxable","33":"purchasable","34":"product-type-variable"},"tiered_pricing_type":"fixed","tiered_pricing_fixed_rules":{"2":4.59,"30":4.29,"500":4.19},"tiered_pricing_product_settings":{"layout":"default","base_unit_name":{"singular":null,"plural":null},"default_variation":{}},"tiered_pricing_minimum_quantity":null,"tiered_pricing_roles_data":[],"tiered_pricing_percentage_rules":[],"_links":{"self":[{"href":"https:\/\/yume-silm.com\/es\/wp-json\/wp\/v2\/product\/4144","targetHints":{"allow":["GET"]}}],"collection":[{"href":"https:\/\/yume-silm.com\/es\/wp-json\/wp\/v2\/product"}],"about":[{"href":"https:\/\/yume-silm.com\/es\/wp-json\/wp\/v2\/types\/product"}],"replies":[{"embeddable":true,"href":"https:\/\/yume-silm.com\/es\/wp-json\/wp\/v2\/comments?post=4144"}],"wp:featuredmedia":[{"embeddable":true,"href":"https:\/\/yume-silm.com\/es\/wp-json\/wp\/v2\/media\/4162"}],"wp:attachment":[{"href":"https:\/\/yume-silm.com\/es\/wp-json\/wp\/v2\/media?parent=4144"}],"wp:term":[{"taxonomy":"product_brand","embeddable":true,"href":"https:\/\/yume-silm.com\/es\/wp-json\/wp\/v2\/product_brand?post=4144"},{"taxonomy":"product_cat","embeddable":true,"href":"https:\/\/yume-silm.com\/es\/wp-json\/wp\/v2\/product_cat?post=4144"},{"taxonomy":"product_tag","embeddable":true,"href":"https:\/\/yume-silm.com\/es\/wp-json\/wp\/v2\/product_tag?post=4144"}],"curies":[{"name":"wp","href":"https:\/\/api.w.org\/{rel}","templated":true}]}}