{"id":4186,"date":"2023-07-17T02:50:03","date_gmt":"2023-07-17T02:50:03","guid":{"rendered":"https:\/\/yume-silm.com\/?post_type=product&#038;p=4186"},"modified":"2024-05-11T05:40:12","modified_gmt":"2024-05-11T05:40:12","slug":"flexifit-cinturon-elastico-ajustable-de-alta-elasticidad","status":"publish","type":"product","link":"https:\/\/yume-silm.com\/es\/producto-2\/flexifit-cinturon-elastico-ajustable-de-alta-elasticidad\/","title":{"rendered":"Entrenador De Cintura Envoltura De Vendaje Para Mujer al por mayor"},"content":{"rendered":"<h5>Caracteristicas de dise\u00f1o<\/h5>\n<ul>\n<li><strong>TALLA \u00daNICA:<\/strong> Nuestro cintur\u00f3n reductor de cintura moldeador de cuerpo est\u00e1 dise\u00f1ado para proporcionar un ajuste seguro para todo tipo de cuerpo. Es una soluci\u00f3n moldeadora personalizada para todos. El cintur\u00f3n abdominal puede reducir la grasa abdominal y crear una figura elegante.<\/li>\n<li><strong>ALTAMENTE EL\u00c1STICO Y C\u00d3MODO:<\/strong> La tela utilizada en nuestra faja es altamente el\u00e1stica y se puede envolver con total facilidad. La faja se puede ajustar a la elasticidad a voluntad, con elasticidad y durabilidad estables.<\/li>\n<li><strong>FORJADORA CUERPO MULTIFUNCIONAL:<\/strong> El vendaje de cintura envolvente puede ayudarte a lograr suavemente una barriga plana y reducir tu cintura; tambi\u00e9n puede apoyar tu espalda; Es especialmente \u00fatil para la recuperaci\u00f3n posparto. El grosor del cintur\u00f3n tambi\u00e9n es muy delgado, lo que puede resultar invisible debajo de la ropa. Ya sea para uso diario o para ocasiones especiales, elegir nuestra pretina con velcro puede tener un efecto adelgazante debajo de cualquier atuendo, aumentando la confianza y realzando las curvas naturales.<\/li>\n<li><strong>SUGERENCIA DIARIA:<\/strong> En la vida diaria se recomienda hacer ejercicio + comer de forma razonable, lo que es bueno tanto para adelgazar como para la salud. El entrenador de cintura con vendaje para mujer es perfecto para usar durante el trabajo, el ejercicio, el fitness, la recuperaci\u00f3n posparto, etc. Al usar este cintur\u00f3n nuestro, podr\u00e1 disfrutar libremente de la diversi\u00f3n que brinda el ejercicio y la belleza que brinda la vida.<\/li>\n<\/ul>\n<h6><em>Recortador de cintura con vendaje agarrable para entrenamientos f\u00edsicos<\/em><\/h6>\n<p>En resumen, el entrenador de cintura con vendaje es la combinaci\u00f3n perfecta de moda, comodidad y funcionalidad. Esta banda para el vientre es imprescindible para los mayoristas que buscan mejorar sus productos con un producto de primera l\u00ednea. Con este producto fuera de lo com\u00fan, estar\u00e1 listo para causar sensaci\u00f3n en la industria mayorista. \u00a1Ordenar ahora!<\/p>","protected":false},"excerpt":{"rendered":"<p>Descubra el entrenador de cintura con vendaje, un punto de inflexi\u00f3n en la faja moldeadora. Con una innovadora conexi\u00f3n adhesiva y un dise\u00f1o enrollado altamente el\u00e1stico, este cintur\u00f3n de entrenamiento de cintura se ajusta para adaptarse a varios tama\u00f1os, lo que lo convierte en una adici\u00f3n vers\u00e1til y esencial a cualquier colecci\u00f3n.<\/p>","protected":false},"featured_media":4196,"comment_status":"open","ping_status":"closed","template":"","meta":{"site-sidebar-layout":"default","site-content-layout":"default","ast-site-content-layout":"default","site-content-style":"default","site-sidebar-style":"default","ast-global-header-display":"","ast-banner-title-visibility":"","ast-main-header-display":"","ast-hfb-above-header-display":"","ast-hfb-below-header-display":"","ast-hfb-mobile-header-display":"","site-post-title":"","ast-breadcrumbs-content":"","ast-featured-img":"","footer-sml-layout":"","ast-disable-related-posts":"","theme-transparent-header-meta":"default","adv-header-id-meta":"","stick-header-meta":"default","header-above-stick-meta":"","header-main-stick-meta":"","header-below-stick-meta":"","astra-migrate-meta-layouts":"set","ast-page-background-enabled":"default","ast-page-background-meta":{"desktop":{"background-color":"","background-image":"","background-repeat":"repeat","background-position":"center center","background-size":"auto","background-attachment":"scroll","background-type":"","background-media":"","overlay-type":"","overlay-color":"","overlay-opacity":"","overlay-gradient":""},"tablet":{"background-color":"","background-image":"","background-repeat":"repeat","background-position":"center center","background-size":"auto","background-attachment":"scroll","background-type":"","background-media":"","overlay-type":"","overlay-color":"","overlay-opacity":"","overlay-gradient":""},"mobile":{"background-color":"","background-image":"","background-repeat":"repeat","background-position":"center center","background-size":"auto","background-attachment":"scroll","background-type":"","background-media":"","overlay-type":"","overlay-color":"","overlay-opacity":"","overlay-gradient":""}},"ast-content-background-meta":{"desktop":{"background-color":"var(--ast-global-color-5)","background-image":"","background-repeat":"repeat","background-position":"center center","background-size":"auto","background-attachment":"scroll","background-type":"","background-media":"","overlay-type":"","overlay-color":"","overlay-opacity":"","overlay-gradient":""},"tablet":{"background-color":"var(--ast-global-color-5)","background-image":"","background-repeat":"repeat","background-position":"center center","background-size":"auto","background-attachment":"scroll","background-type":"","background-media":"","overlay-type":"","overlay-color":"","overlay-opacity":"","overlay-gradient":""},"mobile":{"background-color":"var(--ast-global-color-5)","background-image":"","background-repeat":"repeat","background-position":"center center","background-size":"auto","background-attachment":"scroll","background-type":"","background-media":"","overlay-type":"","overlay-color":"","overlay-opacity":"","overlay-gradient":""}}},"product_brand":[],"product_cat":[65,76,90,92],"product_tag":[456,413,462,463,185],"class_list":{"0":"post-4186","1":"product","2":"type-product","3":"status-publish","4":"has-post-thumbnail","6":"product_cat-best-sellers","7":"product_cat-new-arrivels","8":"product_cat-wholesale-waist-trainer","9":"product_cat-wholesale-waist-girdle","10":"product_tag-cincher","11":"product_tag-fitness","12":"product_tag-girdle","13":"product_tag-wholesale","14":"product_tag-workout","15":"pa_color-black","16":"pa_color-brown","17":"pa_color-burgundy","18":"pa_size-6m","19":"desktop-align-center","20":"tablet-align-left","21":"mobile-align-left","22":"ast-product-gallery-layout-horizontal-slider","23":"ast-product-single-variable","24":"ast-product-tabs-layout-horizontal","25":"ast-qv-on-image","27":"first","28":"instock","29":"shipping-taxable","30":"purchasable","31":"product-type-variable"},"tiered_pricing_type":"fixed","tiered_pricing_fixed_rules":{"2":4.89,"30":4.19,"100":3.29},"tiered_pricing_product_settings":{"layout":"default","base_unit_name":{"singular":null,"plural":null},"default_variation":{}},"tiered_pricing_minimum_quantity":null,"tiered_pricing_roles_data":[],"tiered_pricing_percentage_rules":[],"_links":{"self":[{"href":"https:\/\/yume-silm.com\/es\/wp-json\/wp\/v2\/product\/4186","targetHints":{"allow":["GET"]}}],"collection":[{"href":"https:\/\/yume-silm.com\/es\/wp-json\/wp\/v2\/product"}],"about":[{"href":"https:\/\/yume-silm.com\/es\/wp-json\/wp\/v2\/types\/product"}],"replies":[{"embeddable":true,"href":"https:\/\/yume-silm.com\/es\/wp-json\/wp\/v2\/comments?post=4186"}],"wp:featuredmedia":[{"embeddable":true,"href":"https:\/\/yume-silm.com\/es\/wp-json\/wp\/v2\/media\/4196"}],"wp:attachment":[{"href":"https:\/\/yume-silm.com\/es\/wp-json\/wp\/v2\/media?parent=4186"}],"wp:term":[{"taxonomy":"product_brand","embeddable":true,"href":"https:\/\/yume-silm.com\/es\/wp-json\/wp\/v2\/product_brand?post=4186"},{"taxonomy":"product_cat","embeddable":true,"href":"https:\/\/yume-silm.com\/es\/wp-json\/wp\/v2\/product_cat?post=4186"},{"taxonomy":"product_tag","embeddable":true,"href":"https:\/\/yume-silm.com\/es\/wp-json\/wp\/v2\/product_tag?post=4186"}],"curies":[{"name":"wp","href":"https:\/\/api.w.org\/{rel}","templated":true}]}}