{"id":4203,"date":"2023-07-17T03:07:23","date_gmt":"2023-07-17T03:07:23","guid":{"rendered":"https:\/\/yume-silm.com\/?post_type=product&#038;p=4203"},"modified":"2024-05-11T05:41:15","modified_gmt":"2024-05-11T05:41:15","slug":"cinturon-moldeador-de-cintura-con-diseno-de-doble-botonadura","status":"publish","type":"product","link":"https:\/\/yume-silm.com\/es\/producto-2\/cinturon-moldeador-de-cintura-con-diseno-de-doble-botonadura\/","title":{"rendered":"Venta al por mayor Cintur\u00f3n moldeador de cuerpo de entrenador de cintura de gran tama\u00f1o: Doble botonadura"},"content":{"rendered":"<h5>Caracteristicas de dise\u00f1o<\/h5>\n<ul>\n<li><strong>MEJORA LA POSTURA:<\/strong> Para los trabajadores de oficina sedentarios que hacen poco ejercicio, elija este cintur\u00f3n reductor de cintura. Porque proporciona un fuerte soporte para la espalda, le ayuda a mejorar la mala postura y alivia el dolor de espalda.<\/li>\n<li><strong>CINTURA DE TRES PIEZAS:<\/strong> Nuestro cintur\u00f3n moldeador de cuerpo es \u00fanico. La exclusiva cintura de tres piezas proporciona un excelente soporte para la secci\u00f3n media. Esto lo diferencia de otros cinturones del mercado. Potencia el efecto moldeador.<\/li>\n<li><strong>AJUSTE DE ELASTICIDAD FLEXIBLE:<\/strong> La maniobrabilidad del cintur\u00f3n moldeador de cintura de gran tama\u00f1o es superior. Permitir a los usuarios establecer su elasticidad favorita mejora enormemente la flexibilidad del producto.<\/li>\n<li><strong>MODA MULTIFUNCIONAL:<\/strong> Si te gusta hacer ejercicio y estar en forma, puedes tener este cintur\u00f3n de protecci\u00f3n de soporte lumbar. Porque puede reducir el riesgo de lesiones como hernias de disco y distensiones musculares en la zona lumbar durante los ejercicios de fitness.<\/li>\n<li>Si acaba de dar a luz, puede utilizar este cintur\u00f3n moldeador adelgazante para recuperar una figura de curvas saludable y atractiva lo antes posible.<\/li>\n<li>Por supuesto, tambi\u00e9n puedes usar un cintur\u00f3n moldeador de cintura con soporte para sentadillas cuando haces ejercicio al aire libre, cuando haces yoga o incluso cuando vas a trabajar para ayudarte a lograr un cuerpo ideal m\u00e1s perfecto.<\/li>\n<\/ul>\n<h6><em>Faja moldeadora de cuerpo talla grande para mujer para posparto<\/em><\/h6>\n<ul>\n<li>Nuestro cintur\u00f3n moldeador de cintura de gran tama\u00f1o es la combinaci\u00f3n perfecta de estilo, comodidad y funcionalidad. Para los mayoristas que buscan ofrecer productos de primera categor\u00eda acordes con las \u00faltimas tendencias, este cintur\u00f3n moldeador es un complemento imprescindible. Sum\u00e9rgete en el mundo del comercio mayorista con esta pieza destacada. \u00a1Asegura tu pedido hoy!<\/li>\n<\/ul>","protected":false},"excerpt":{"rendered":"<p>Eleva tu colecci\u00f3n con nuestro cintur\u00f3n moldeador de cintura de gran tama\u00f1o. Esta innovadora pieza presenta un dise\u00f1o de doble botonadura, cierres de tres ojales y ganchos y una cintura exclusiva de tres piezas que garantiza un ajuste a medida. Dise\u00f1ado para quienes buscan control y comodidad, es un punto de inflexi\u00f3n en el contorno corporal.<\/p>","protected":false},"featured_media":4219,"comment_status":"open","ping_status":"closed","template":"","meta":{"site-sidebar-layout":"default","site-content-layout":"default","ast-site-content-layout":"default","site-content-style":"default","site-sidebar-style":"default","ast-global-header-display":"","ast-banner-title-visibility":"","ast-main-header-display":"","ast-hfb-above-header-display":"","ast-hfb-below-header-display":"","ast-hfb-mobile-header-display":"","site-post-title":"","ast-breadcrumbs-content":"","ast-featured-img":"","footer-sml-layout":"","ast-disable-related-posts":"","theme-transparent-header-meta":"default","adv-header-id-meta":"","stick-header-meta":"default","header-above-stick-meta":"","header-main-stick-meta":"","header-below-stick-meta":"","astra-migrate-meta-layouts":"set","ast-page-background-enabled":"default","ast-page-background-meta":{"desktop":{"background-color":"","background-image":"","background-repeat":"repeat","background-position":"center center","background-size":"auto","background-attachment":"scroll","background-type":"","background-media":"","overlay-type":"","overlay-color":"","overlay-opacity":"","overlay-gradient":""},"tablet":{"background-color":"","background-image":"","background-repeat":"repeat","background-position":"center center","background-size":"auto","background-attachment":"scroll","background-type":"","background-media":"","overlay-type":"","overlay-color":"","overlay-opacity":"","overlay-gradient":""},"mobile":{"background-color":"","background-image":"","background-repeat":"repeat","background-position":"center center","background-size":"auto","background-attachment":"scroll","background-type":"","background-media":"","overlay-type":"","overlay-color":"","overlay-opacity":"","overlay-gradient":""}},"ast-content-background-meta":{"desktop":{"background-color":"var(--ast-global-color-5)","background-image":"","background-repeat":"repeat","background-position":"center center","background-size":"auto","background-attachment":"scroll","background-type":"","background-media":"","overlay-type":"","overlay-color":"","overlay-opacity":"","overlay-gradient":""},"tablet":{"background-color":"var(--ast-global-color-5)","background-image":"","background-repeat":"repeat","background-position":"center center","background-size":"auto","background-attachment":"scroll","background-type":"","background-media":"","overlay-type":"","overlay-color":"","overlay-opacity":"","overlay-gradient":""},"mobile":{"background-color":"var(--ast-global-color-5)","background-image":"","background-repeat":"repeat","background-position":"center center","background-size":"auto","background-attachment":"scroll","background-type":"","background-media":"","overlay-type":"","overlay-color":"","overlay-opacity":"","overlay-gradient":""}}},"product_brand":[],"product_cat":[65,76,90,92],"product_tag":[134,154,185],"class_list":{"0":"post-4203","1":"product","2":"type-product","3":"status-publish","4":"has-post-thumbnail","6":"product_cat-best-sellers","7":"product_cat-new-arrivels","8":"product_cat-wholesale-waist-trainer","9":"product_cat-wholesale-waist-girdle","10":"product_tag-tummy-tucker","11":"product_tag-with-hooks","12":"product_tag-workout","13":"pa_color-black","14":"pa_size-4xl","15":"pa_size-5xl","16":"pa_size-6xl","17":"pa_size-l","18":"pa_size-m","19":"pa_size-s","20":"pa_size-xs","21":"pa_size-xxl","22":"pa_size-xxxl","23":"desktop-align-center","24":"tablet-align-left","25":"mobile-align-left","26":"ast-product-gallery-layout-horizontal-slider","27":"ast-product-single-variable","28":"ast-product-tabs-layout-horizontal","29":"ast-qv-on-image","31":"first","32":"instock","33":"shipping-taxable","34":"purchasable","35":"product-type-variable"},"tiered_pricing_type":"fixed","tiered_pricing_fixed_rules":{"2":6.19,"30":5.29,"100":4.19},"tiered_pricing_product_settings":{"layout":"default","base_unit_name":{"singular":null,"plural":null},"default_variation":{}},"tiered_pricing_minimum_quantity":null,"tiered_pricing_roles_data":[],"tiered_pricing_percentage_rules":[],"_links":{"self":[{"href":"https:\/\/yume-silm.com\/es\/wp-json\/wp\/v2\/product\/4203","targetHints":{"allow":["GET"]}}],"collection":[{"href":"https:\/\/yume-silm.com\/es\/wp-json\/wp\/v2\/product"}],"about":[{"href":"https:\/\/yume-silm.com\/es\/wp-json\/wp\/v2\/types\/product"}],"replies":[{"embeddable":true,"href":"https:\/\/yume-silm.com\/es\/wp-json\/wp\/v2\/comments?post=4203"}],"wp:featuredmedia":[{"embeddable":true,"href":"https:\/\/yume-silm.com\/es\/wp-json\/wp\/v2\/media\/4219"}],"wp:attachment":[{"href":"https:\/\/yume-silm.com\/es\/wp-json\/wp\/v2\/media?parent=4203"}],"wp:term":[{"taxonomy":"product_brand","embeddable":true,"href":"https:\/\/yume-silm.com\/es\/wp-json\/wp\/v2\/product_brand?post=4203"},{"taxonomy":"product_cat","embeddable":true,"href":"https:\/\/yume-silm.com\/es\/wp-json\/wp\/v2\/product_cat?post=4203"},{"taxonomy":"product_tag","embeddable":true,"href":"https:\/\/yume-silm.com\/es\/wp-json\/wp\/v2\/product_tag?post=4203"}],"curies":[{"name":"wp","href":"https:\/\/api.w.org\/{rel}","templated":true}]}}