{"id":4297,"date":"2023-07-17T03:57:26","date_gmt":"2023-07-17T03:57:26","guid":{"rendered":"https:\/\/yume-silm.com\/?post_type=product&#038;p=4297"},"modified":"2024-11-06T02:44:52","modified_gmt":"2024-11-06T02:44:52","slug":"encaje-cintura-alta-tanga-deshuesada-fajas-para-tallas-grandes-mujeres","status":"publish","type":"product","link":"https:\/\/yume-silm.com\/es\/producto-2\/encaje-cintura-alta-tanga-deshuesada-fajas-para-tallas-grandes-mujeres\/","title":{"rendered":"Fajas moldeadoras de tanga de cintura alta de encaje al por mayor con deshuesado suave"},"content":{"rendered":"<h5>Caracteristicas de dise\u00f1o<\/h5>\n<ul>\n<li><strong>DISE\u00d1O DE ENCAJE ELEGANTE:<\/strong> El tanga de cintura alta est\u00e1 dise\u00f1ado con delicados detalles de encaje, lo que a\u00f1ade un toque de lujo a tu colecci\u00f3n de lencer\u00eda.<\/li>\n<li><strong>CONTROL \u00d3PTIMO DEL ABDOMINO:<\/strong> El dise\u00f1o de cintura alta proporciona un excelente control de la barriga, lo que permite que la tanga de encaje de cintura alta cree una silueta m\u00e1s suave y definida.<\/li>\n<li><strong>ESTRUCTURA DE ESQUELETO INTEGRADA:<\/strong> La mejor parte de esta ropa interior adelgazante sin costuras de cintura alta es que tiene un deshuesado incorporado en la cintura. Para mayor soporte y forma. Tambi\u00e9n levanta el busto y evita que la faja se caiga.<\/li>\n<li><strong>DISE\u00d1ADO PARA TAMA\u00d1OS GRANDES:<\/strong> \u00bfConfundido por los tama\u00f1os peque\u00f1os? Nuestras tangas moldeadoras sin costuras de talla grande para mujer vienen en una variedad de tama\u00f1os. Personalizados para figuras m\u00e1s completas, ofrecen el equilibrio perfecto entre control y comodidad.<\/li>\n<li><strong>CONFIANZA MEJORADA:<\/strong> \u00bfPueden las tangas con forma de encaje darte una figura de curvas? Esta tanga moldeadora de cuerpo de cintura alta con control de barriga mejora la forma natural de tu cuerpo, haci\u00e9ndote sentir m\u00e1s seguro y confiado en tu apariencia.<\/li>\n<\/ul>\n<h6><em>Tangas de ropa interior moldeadora de cintura alta negra de talla grande para mujer<\/em><\/h6>\n<ul>\n<li>Nuestra tanga de encaje de cintura alta es una combinaci\u00f3n de elegancia, comodidad y funcionalidad. Para los mayoristas que buscan ofrecer soluciones moldeadoras de primera calidad, este producto es imprescindible. Sum\u00e9rgete en el mundo del comercio mayorista con esta pieza excepcional. \u00a1Ordenar hoy!<\/li>\n<\/ul>","protected":false},"excerpt":{"rendered":"<p>Experimente la elegancia y la comodidad con nuestra tanga de encaje de cintura alta dise\u00f1ada espec\u00edficamente para mujeres de talla grande. Combinando intrincados detalles de encaje con un control \u00f3ptimo del abdomen, esta prenda moldeadora es el ep\u00edtome del estilo y la funcionalidad.<\/p>","protected":false},"featured_media":4325,"comment_status":"open","ping_status":"closed","template":"","meta":{"site-sidebar-layout":"default","site-content-layout":"default","ast-site-content-layout":"default","site-content-style":"default","site-sidebar-style":"default","ast-global-header-display":"","ast-banner-title-visibility":"","ast-main-header-display":"","ast-hfb-above-header-display":"","ast-hfb-below-header-display":"","ast-hfb-mobile-header-display":"","site-post-title":"","ast-breadcrumbs-content":"","ast-featured-img":"","footer-sml-layout":"","ast-disable-related-posts":"","theme-transparent-header-meta":"default","adv-header-id-meta":"","stick-header-meta":"default","header-above-stick-meta":"","header-main-stick-meta":"","header-below-stick-meta":"","astra-migrate-meta-layouts":"set","ast-page-background-enabled":"default","ast-page-background-meta":{"desktop":{"background-color":"","background-image":"","background-repeat":"repeat","background-position":"center center","background-size":"auto","background-attachment":"scroll","background-type":"","background-media":"","overlay-type":"","overlay-color":"","overlay-opacity":"","overlay-gradient":""},"tablet":{"background-color":"","background-image":"","background-repeat":"repeat","background-position":"center center","background-size":"auto","background-attachment":"scroll","background-type":"","background-media":"","overlay-type":"","overlay-color":"","overlay-opacity":"","overlay-gradient":""},"mobile":{"background-color":"","background-image":"","background-repeat":"repeat","background-position":"center center","background-size":"auto","background-attachment":"scroll","background-type":"","background-media":"","overlay-type":"","overlay-color":"","overlay-opacity":"","overlay-gradient":""}},"ast-content-background-meta":{"desktop":{"background-color":"var(--ast-global-color-5)","background-image":"","background-repeat":"repeat","background-position":"center center","background-size":"auto","background-attachment":"scroll","background-type":"","background-media":"","overlay-type":"","overlay-color":"","overlay-opacity":"","overlay-gradient":""},"tablet":{"background-color":"var(--ast-global-color-5)","background-image":"","background-repeat":"repeat","background-position":"center center","background-size":"auto","background-attachment":"scroll","background-type":"","background-media":"","overlay-type":"","overlay-color":"","overlay-opacity":"","overlay-gradient":""},"mobile":{"background-color":"var(--ast-global-color-5)","background-image":"","background-repeat":"repeat","background-position":"center center","background-size":"auto","background-attachment":"scroll","background-type":"","background-media":"","overlay-type":"","overlay-color":"","overlay-opacity":"","overlay-gradient":""}}},"product_brand":[],"product_cat":[65,76,77,1092,80],"product_tag":[136,139,145,138,134],"class_list":{"0":"post-4297","1":"product","2":"type-product","3":"status-publish","4":"has-post-thumbnail","6":"product_cat-best-sellers","7":"product_cat-new-arrivels","8":"product_cat-wholesale-womens-shapewear","9":"product_cat-plus-size-shapewear","10":"product_cat-wholesale-butt-lift-underwear","11":"product_tag-bridal","12":"product_tag-high-waist","13":"product_tag-sexy","14":"product_tag-thong","15":"product_tag-tummy-tucker","16":"pa_color-beige","17":"pa_color-black","18":"pa_size-4xl","19":"pa_size-5xl","20":"pa_size-6xl","21":"pa_size-l","22":"pa_size-m","23":"pa_size-s","24":"pa_size-xl","25":"pa_size-xxl","26":"pa_size-xxxl","27":"desktop-align-center","28":"tablet-align-left","29":"mobile-align-left","30":"ast-product-gallery-layout-horizontal-slider","31":"ast-product-single-variable","32":"ast-product-tabs-layout-horizontal","33":"ast-qv-on-image","35":"first","36":"instock","37":"shipping-taxable","38":"purchasable","39":"product-type-variable"},"tiered_pricing_type":"fixed","tiered_pricing_fixed_rules":{"2":6.59,"30":6.19,"500":5.19},"tiered_pricing_product_settings":{"layout":"default","base_unit_name":{"singular":null,"plural":null},"default_variation":{}},"tiered_pricing_minimum_quantity":null,"tiered_pricing_roles_data":[],"tiered_pricing_percentage_rules":[],"_links":{"self":[{"href":"https:\/\/yume-silm.com\/es\/wp-json\/wp\/v2\/product\/4297","targetHints":{"allow":["GET"]}}],"collection":[{"href":"https:\/\/yume-silm.com\/es\/wp-json\/wp\/v2\/product"}],"about":[{"href":"https:\/\/yume-silm.com\/es\/wp-json\/wp\/v2\/types\/product"}],"replies":[{"embeddable":true,"href":"https:\/\/yume-silm.com\/es\/wp-json\/wp\/v2\/comments?post=4297"}],"wp:featuredmedia":[{"embeddable":true,"href":"https:\/\/yume-silm.com\/es\/wp-json\/wp\/v2\/media\/4325"}],"wp:attachment":[{"href":"https:\/\/yume-silm.com\/es\/wp-json\/wp\/v2\/media?parent=4297"}],"wp:term":[{"taxonomy":"product_brand","embeddable":true,"href":"https:\/\/yume-silm.com\/es\/wp-json\/wp\/v2\/product_brand?post=4297"},{"taxonomy":"product_cat","embeddable":true,"href":"https:\/\/yume-silm.com\/es\/wp-json\/wp\/v2\/product_cat?post=4297"},{"taxonomy":"product_tag","embeddable":true,"href":"https:\/\/yume-silm.com\/es\/wp-json\/wp\/v2\/product_tag?post=4297"}],"curies":[{"name":"wp","href":"https:\/\/api.w.org\/{rel}","templated":true}]}}