{"id":4328,"date":"2023-07-17T06:11:16","date_gmt":"2023-07-17T06:11:16","guid":{"rendered":"https:\/\/yume-silm.com\/?post_type=product&#038;p=4328"},"modified":"2024-02-23T05:32:33","modified_gmt":"2024-02-23T05:32:33","slug":"leggings-cintura-alta-detalle-encaje-control-barriga","status":"publish","type":"product","link":"https:\/\/yume-silm.com\/es\/producto-2\/leggings-cintura-alta-detalle-encaje-control-barriga\/","title":{"rendered":"Pantalones cortos con control de barriga y detalle de encaje de cintura alta al por mayor"},"content":{"rendered":"<h5>Caracteristicas de dise\u00f1o<\/h5>\n<ul>\n<li><strong>DETALLES DE ENCAJE DE MODA:<\/strong> Los pantalones cortos moldeadores con control de barriga est\u00e1n cuidadosamente dise\u00f1ados con delicados detalles de encaje. Mejora instant\u00e1neamente tu temperamento y combina perfectamente moda y funcionalidad.<\/li>\n<li><strong>CONTROL DE BARRIGA DE CINTURA ALTA:<\/strong> Experimente un control superior de la barriga con el dise\u00f1o de cintura alta. Nuestros pantalones cortos con control de barriga y detalle de encaje de cintura alta son suaves y f\u00e1ciles de usar, creando f\u00e1cilmente una silueta suave y favorecedora.<\/li>\n<li><strong>C\u00d3MODO Y DURADERO:<\/strong> Esta braga ligera de encaje suavizante est\u00e1 hecha de materiales de alta calidad. Es resistente a la abrasi\u00f3n y duradero, lo que garantiza comodidad y durabilidad incluso despu\u00e9s de muchos lavados.<\/li>\n<li><strong>VERS\u00c1TIL Y DE MODA:<\/strong> Tenga estos pantalones cortos sin costuras con control de barriga, ya que pueden agregar color a sus atuendos y mejorar su cociente de moda, ya sea ropa casual o formal.<\/li>\n<li><strong>CONFIANZA MEJORADA:<\/strong> \u00bfQuieres realzar la curva de tus gl\u00fateos? El efecto general de estos pantalones cortos moldeadores de cintura alta en el cuerpo lograr\u00e1 instant\u00e1neamente un efecto adelgazante, realzar\u00e1 tu figura natural y te har\u00e1 sentir m\u00e1s seguro.<\/li>\n<\/ul>\n<h6><em>Ropa interior de cintura alta para mujer, bragas de encaje elegantes con control de barriga<\/em><\/h6>\n<ul>\n<li>Nuestros pantalones cortos con control de barriga y detalle de encaje de cintura alta son una combinaci\u00f3n de elegancia, comodidad y funcionalidad. Para los mayoristas que buscan ofrecer soluciones de moda de primer nivel, este producto es imprescindible. Sum\u00e9rgete en el mundo del comercio mayorista con esta pieza excepcional. \u00a1Ordenar hoy!<\/li>\n<\/ul>","protected":false},"excerpt":{"rendered":"<p>Presentamos la combinaci\u00f3n perfecta de estilo y funcionalidad con nuestros pantalones cortos con control de abdomen y detalle de encaje de cintura alta. Dise\u00f1ados para un control \u00f3ptimo del abdomen con elegantes detalles de encaje, estos leggings son un complemento imprescindible para cualquier armario.<\/p>","protected":false},"featured_media":4343,"comment_status":"open","ping_status":"closed","template":"","meta":{"site-sidebar-layout":"default","site-content-layout":"default","ast-site-content-layout":"default","site-content-style":"default","site-sidebar-style":"default","ast-global-header-display":"","ast-banner-title-visibility":"","ast-main-header-display":"","ast-hfb-above-header-display":"","ast-hfb-below-header-display":"","ast-hfb-mobile-header-display":"","site-post-title":"","ast-breadcrumbs-content":"","ast-featured-img":"","footer-sml-layout":"","ast-disable-related-posts":"","theme-transparent-header-meta":"default","adv-header-id-meta":"","stick-header-meta":"default","header-above-stick-meta":"","header-main-stick-meta":"","header-below-stick-meta":"","astra-migrate-meta-layouts":"set","ast-page-background-enabled":"default","ast-page-background-meta":{"desktop":{"background-color":"","background-image":"","background-repeat":"repeat","background-position":"center center","background-size":"auto","background-attachment":"scroll","background-type":"","background-media":"","overlay-type":"","overlay-color":"","overlay-opacity":"","overlay-gradient":""},"tablet":{"background-color":"","background-image":"","background-repeat":"repeat","background-position":"center center","background-size":"auto","background-attachment":"scroll","background-type":"","background-media":"","overlay-type":"","overlay-color":"","overlay-opacity":"","overlay-gradient":""},"mobile":{"background-color":"","background-image":"","background-repeat":"repeat","background-position":"center center","background-size":"auto","background-attachment":"scroll","background-type":"","background-media":"","overlay-type":"","overlay-color":"","overlay-opacity":"","overlay-gradient":""}},"ast-content-background-meta":{"desktop":{"background-color":"var(--ast-global-color-5)","background-image":"","background-repeat":"repeat","background-position":"center center","background-size":"auto","background-attachment":"scroll","background-type":"","background-media":"","overlay-type":"","overlay-color":"","overlay-opacity":"","overlay-gradient":""},"tablet":{"background-color":"var(--ast-global-color-5)","background-image":"","background-repeat":"repeat","background-position":"center center","background-size":"auto","background-attachment":"scroll","background-type":"","background-media":"","overlay-type":"","overlay-color":"","overlay-opacity":"","overlay-gradient":""},"mobile":{"background-color":"var(--ast-global-color-5)","background-image":"","background-repeat":"repeat","background-position":"center center","background-size":"auto","background-attachment":"scroll","background-type":"","background-media":"","overlay-type":"","overlay-color":"","overlay-opacity":"","overlay-gradient":""}}},"product_brand":[],"product_cat":[65,77,80],"product_tag":[136,137,134],"class_list":{"0":"post-4328","1":"product","2":"type-product","3":"status-publish","4":"has-post-thumbnail","6":"product_cat-best-sellers","7":"product_cat-wholesale-womens-shapewear","8":"product_cat-wholesale-butt-lift-underwear","9":"product_tag-bridal","10":"product_tag-butt-lift","11":"product_tag-tummy-tucker","12":"pa_color-black","13":"pa_size-l","14":"pa_size-m","15":"pa_size-s","16":"pa_size-xs","17":"pa_size-xxl","18":"pa_size-xxxl","19":"desktop-align-center","20":"tablet-align-left","21":"mobile-align-left","22":"ast-product-gallery-layout-horizontal-slider","23":"ast-product-single-variable","24":"ast-product-tabs-layout-horizontal","25":"ast-qv-on-image","27":"first","28":"instock","29":"shipping-taxable","30":"purchasable","31":"product-type-variable"},"tiered_pricing_type":"fixed","tiered_pricing_fixed_rules":{"2":6.89,"30":6.39,"500":5.39},"tiered_pricing_product_settings":{"layout":"default","base_unit_name":{"singular":null,"plural":null},"default_variation":{}},"tiered_pricing_minimum_quantity":null,"tiered_pricing_roles_data":[],"tiered_pricing_percentage_rules":[],"_links":{"self":[{"href":"https:\/\/yume-silm.com\/es\/wp-json\/wp\/v2\/product\/4328","targetHints":{"allow":["GET"]}}],"collection":[{"href":"https:\/\/yume-silm.com\/es\/wp-json\/wp\/v2\/product"}],"about":[{"href":"https:\/\/yume-silm.com\/es\/wp-json\/wp\/v2\/types\/product"}],"replies":[{"embeddable":true,"href":"https:\/\/yume-silm.com\/es\/wp-json\/wp\/v2\/comments?post=4328"}],"wp:featuredmedia":[{"embeddable":true,"href":"https:\/\/yume-silm.com\/es\/wp-json\/wp\/v2\/media\/4343"}],"wp:attachment":[{"href":"https:\/\/yume-silm.com\/es\/wp-json\/wp\/v2\/media?parent=4328"}],"wp:term":[{"taxonomy":"product_brand","embeddable":true,"href":"https:\/\/yume-silm.com\/es\/wp-json\/wp\/v2\/product_brand?post=4328"},{"taxonomy":"product_cat","embeddable":true,"href":"https:\/\/yume-silm.com\/es\/wp-json\/wp\/v2\/product_cat?post=4328"},{"taxonomy":"product_tag","embeddable":true,"href":"https:\/\/yume-silm.com\/es\/wp-json\/wp\/v2\/product_tag?post=4328"}],"curies":[{"name":"wp","href":"https:\/\/api.w.org\/{rel}","templated":true}]}}