{"id":4441,"date":"2023-07-17T08:10:12","date_gmt":"2023-07-17T08:10:12","guid":{"rendered":"https:\/\/yume-silm.com\/?post_type=product&#038;p=4441"},"modified":"2024-02-21T03:06:45","modified_gmt":"2024-02-21T03:06:45","slug":"corse-ajustado-a-la-cadera-de-malla-muy-elastica-con-correa-desmontable","status":"publish","type":"product","link":"https:\/\/yume-silm.com\/es\/producto-2\/corse-ajustado-a-la-cadera-de-malla-muy-elastica-con-correa-desmontable\/","title":{"rendered":"Venta al por mayor pantalones cortos fajas de estiramiento alto con trasero abierto de cintura alta"},"content":{"rendered":"<h5>Caracteristicas de dise\u00f1o<\/h5>\n<ul>\n<li><strong>ALTA ELASTICIDAD:<\/strong> Nuestros pantalones cortos moldeadores de cintura alta y abiertos a la cadera son c\u00f3modos y favorecedores, mientras que el tejido de alta elasticidad utilizado los hace m\u00e1s duraderos de usar y no tienes que preocuparte por reemplazarlos con frecuencia.<\/li>\n<li><strong>LEVANTAMIENTO DE CADERA:<\/strong> El dise\u00f1o de cadera abierta del pantal\u00f3n corto moldeador de cintura alta ayuda a que las caderas tengan una mejor forma para lograr el efecto BBL.<\/li>\n<li><strong>CONTROL DE CINTURA:<\/strong> Las fajas de cintura alta hacen que el soporte de los senos sea m\u00e1s c\u00f3modo y sin estr\u00e9s. Complementado con ejercicio, permite reducir la grasa y moldear la cintura y la parte interna de los muslos.<\/li>\n<li><strong>CORREAS DESMONTABLES:<\/strong> Las correas removibles de la faja negra est\u00e1n dise\u00f1adas para ayudar a brindar m\u00faltiples opciones de uso y soporte adicional. Tambi\u00e9n ofrecemos la conveniencia de comodidad y estilo personalizables.<\/li>\n<\/ul>\n<h6><em>Silueta de compresi\u00f3n de pantalones cortos moldeadores de talla grande para mujer<\/em><\/h6>\n<ul>\n<li><strong>SEGURIDAD DOBLE:<\/strong> Los pantalones cortos moldeadores con trasero abierto tienen una cremallera doble y un cierre a presi\u00f3n en la cintura para un control seguro del rango de cintura.<\/li>\n<li><strong>ENTREPIEZA ABIERTA:<\/strong> La entrepierna de nuestras prendas moldeadoras de talla grande para mujer se puede abrir y cerrar simplemente para acceder f\u00e1cilmente al ba\u00f1o.<\/li>\n<li><strong>MULTIFUNCIONAL:<\/strong> Ideales para el uso diario u ocasiones especiales, estos pantalones cortos moldeadores de cintura alta, abiertos y el\u00e1sticos se pueden usar con cualquier atuendo y al mismo tiempo aumentan la confianza.<\/li>\n<\/ul>","protected":false},"excerpt":{"rendered":"<p>Nuestro cors\u00e9 de malla muy el\u00e1stica que se ajusta a la cadera con correa desmontable es una combinaci\u00f3n de innovaci\u00f3n, elegancia y comodidad. Para los mayoristas que buscan ofrecer soluciones moldeadoras de primer nivel, los pantalones cortos moldeadores de cintura alta y trasero abierto son imprescindibles. Sum\u00e9rgete en el mundo del comercio mayorista con esta pieza destacada. \u00a1Ordenar hoy!<\/p>","protected":false},"featured_media":4461,"comment_status":"open","ping_status":"closed","template":"","meta":{"site-sidebar-layout":"default","site-content-layout":"default","ast-site-content-layout":"default","site-content-style":"default","site-sidebar-style":"default","ast-global-header-display":"","ast-banner-title-visibility":"","ast-main-header-display":"","ast-hfb-above-header-display":"","ast-hfb-below-header-display":"","ast-hfb-mobile-header-display":"","site-post-title":"","ast-breadcrumbs-content":"","ast-featured-img":"","footer-sml-layout":"","ast-disable-related-posts":"","theme-transparent-header-meta":"default","adv-header-id-meta":"","stick-header-meta":"default","header-above-stick-meta":"","header-main-stick-meta":"","header-below-stick-meta":"","astra-migrate-meta-layouts":"set","ast-page-background-enabled":"default","ast-page-background-meta":{"desktop":{"background-color":"","background-image":"","background-repeat":"repeat","background-position":"center center","background-size":"auto","background-attachment":"scroll","background-type":"","background-media":"","overlay-type":"","overlay-color":"","overlay-opacity":"","overlay-gradient":""},"tablet":{"background-color":"","background-image":"","background-repeat":"repeat","background-position":"center center","background-size":"auto","background-attachment":"scroll","background-type":"","background-media":"","overlay-type":"","overlay-color":"","overlay-opacity":"","overlay-gradient":""},"mobile":{"background-color":"","background-image":"","background-repeat":"repeat","background-position":"center center","background-size":"auto","background-attachment":"scroll","background-type":"","background-media":"","overlay-type":"","overlay-color":"","overlay-opacity":"","overlay-gradient":""}},"ast-content-background-meta":{"desktop":{"background-color":"var(--ast-global-color-5)","background-image":"","background-repeat":"repeat","background-position":"center center","background-size":"auto","background-attachment":"scroll","background-type":"","background-media":"","overlay-type":"","overlay-color":"","overlay-opacity":"","overlay-gradient":""},"tablet":{"background-color":"var(--ast-global-color-5)","background-image":"","background-repeat":"repeat","background-position":"center center","background-size":"auto","background-attachment":"scroll","background-type":"","background-media":"","overlay-type":"","overlay-color":"","overlay-opacity":"","overlay-gradient":""},"mobile":{"background-color":"var(--ast-global-color-5)","background-image":"","background-repeat":"repeat","background-position":"center center","background-size":"auto","background-attachment":"scroll","background-type":"","background-media":"","overlay-type":"","overlay-color":"","overlay-opacity":"","overlay-gradient":""}}},"product_brand":[],"product_cat":[65,76,77,80],"product_tag":[136,137,139,134],"class_list":{"0":"post-4441","1":"product","2":"type-product","3":"status-publish","4":"has-post-thumbnail","6":"product_cat-best-sellers","7":"product_cat-new-arrivels","8":"product_cat-wholesale-womens-shapewear","9":"product_cat-wholesale-butt-lift-underwear","10":"product_tag-bridal","11":"product_tag-butt-lift","12":"product_tag-high-waist","13":"product_tag-tummy-tucker","14":"pa_color-black","15":"pa_size-4xl","16":"pa_size-5xl","17":"pa_size-6xl","18":"pa_size-l","19":"pa_size-m","20":"pa_size-s","21":"pa_size-xl","22":"pa_size-xxl","23":"pa_size-xxxl","24":"desktop-align-center","25":"tablet-align-left","26":"mobile-align-left","27":"ast-product-gallery-layout-horizontal-slider","28":"ast-product-single-variable","29":"ast-product-tabs-layout-horizontal","30":"ast-qv-on-image","32":"first","33":"instock","34":"shipping-taxable","35":"purchasable","36":"product-type-variable"},"tiered_pricing_type":"fixed","tiered_pricing_fixed_rules":{"2":9.89,"30":9.29,"500":7.69},"tiered_pricing_product_settings":{"layout":"default","base_unit_name":{"singular":null,"plural":null},"default_variation":{}},"tiered_pricing_minimum_quantity":null,"tiered_pricing_roles_data":[],"tiered_pricing_percentage_rules":[],"_links":{"self":[{"href":"https:\/\/yume-silm.com\/es\/wp-json\/wp\/v2\/product\/4441","targetHints":{"allow":["GET"]}}],"collection":[{"href":"https:\/\/yume-silm.com\/es\/wp-json\/wp\/v2\/product"}],"about":[{"href":"https:\/\/yume-silm.com\/es\/wp-json\/wp\/v2\/types\/product"}],"replies":[{"embeddable":true,"href":"https:\/\/yume-silm.com\/es\/wp-json\/wp\/v2\/comments?post=4441"}],"wp:featuredmedia":[{"embeddable":true,"href":"https:\/\/yume-silm.com\/es\/wp-json\/wp\/v2\/media\/4461"}],"wp:attachment":[{"href":"https:\/\/yume-silm.com\/es\/wp-json\/wp\/v2\/media?parent=4441"}],"wp:term":[{"taxonomy":"product_brand","embeddable":true,"href":"https:\/\/yume-silm.com\/es\/wp-json\/wp\/v2\/product_brand?post=4441"},{"taxonomy":"product_cat","embeddable":true,"href":"https:\/\/yume-silm.com\/es\/wp-json\/wp\/v2\/product_cat?post=4441"},{"taxonomy":"product_tag","embeddable":true,"href":"https:\/\/yume-silm.com\/es\/wp-json\/wp\/v2\/product_tag?post=4441"}],"curies":[{"name":"wp","href":"https:\/\/api.w.org\/{rel}","templated":true}]}}