{"id":4463,"date":"2023-07-19T07:06:26","date_gmt":"2023-07-19T07:06:26","guid":{"rendered":"https:\/\/yume-silm.com\/?post_type=product&#038;p=4463"},"modified":"2025-05-26T01:43:51","modified_gmt":"2025-05-26T01:43:51","slug":"boxer-de-cintura-alta-pantalones-de-control-de-barriga-con-almohadilla-de-esponja-potenciador-de-nalgas","status":"publish","type":"product","link":"https:\/\/yume-silm.com\/es\/producto-2\/boxer-de-cintura-alta-pantalones-de-control-de-barriga-con-almohadilla-de-esponja-potenciador-de-nalgas\/","title":{"rendered":"Pantalones De Control De Barriga Boxer De Cintura Alta al por mayor"},"content":{"rendered":"<h5>Caracteristicas de dise\u00f1o<\/h5>\n<ul>\n<li><strong>DISE\u00d1O DE CINTURA ALTA:<\/strong> Los pantalones cortos moldeadores sin costuras de cintura alta brindan un efecto suavizante en la barriga, ofreciendo control y soporte para una silueta m\u00e1s delgada. Asegure una silueta suave y fluida sin l\u00edneas ni bultos no deseados.<\/li>\n<li><strong>Potenciadores de gl\u00fateos con almohadillas de esponja:<\/strong> La faja moldeadora de ropa interior para mujer de talla grande est\u00e1 dise\u00f1ada con un dise\u00f1o acolchado de una sola pieza que proporciona un efecto de elevaci\u00f3n natural mientras se usa, realzando su figura y aumentando su confianza.<\/li>\n<li><strong>ALTA ELASTICIDAD:<\/strong> Los pantalones cortos moldeadores sin costuras de color s\u00f3lido est\u00e1n hechos de material de alta calidad con alta elasticidad, que se adapta bien a la forma de tu cuerpo y garantiza un uso c\u00f3modo durante todo el d\u00eda.<\/li>\n<li><strong>VERS\u00c1TIL Y DE MODA:<\/strong> Nuestros pantalones b\u00f3xer de cintura alta con control de barriga son perfectos tanto para el uso diario como para ocasiones especiales. Conf\u00eda en \u00e9l para realzar tus curvas y complementar cualquier conjunto.<\/li>\n<\/ul>\n<h6><em>Ropa interior moldeadora de talla grande para mujer, pantalones cortos para levantar la cadera<\/em><\/h6>\n<ul>\n<li>Nuestros pantalones b\u00f3xer de cintura alta con control de barriga con almohadilla de esponja para realzar los gl\u00fateos son una combinaci\u00f3n de estilo, comodidad e innovaci\u00f3n.<\/li>\n<li>Para los mayoristas que buscan ofrecer soluciones moldeadoras de primer nivel, este producto es imprescindible. Sum\u00e9rgete en el mundo del comercio mayorista con esta pieza destacada. \u00a1Ordenar hoy!<\/li>\n<\/ul>","protected":false},"excerpt":{"rendered":"<p>Descubre la magia de nuestros pantalones boxer con control de barriga de cintura alta. Equipados con realzadores de gl\u00fateos con almohadilla de esponja, estos pantalones ofrecen una elevaci\u00f3n deseable, un dise\u00f1o sin costuras y alta elasticidad, lo que garantiza que sus clientes irradien confianza en cada paso.<\/p>","protected":false},"featured_media":4490,"comment_status":"open","ping_status":"closed","template":"","meta":{"site-sidebar-layout":"default","site-content-layout":"default","ast-site-content-layout":"default","site-content-style":"default","site-sidebar-style":"default","ast-global-header-display":"","ast-banner-title-visibility":"","ast-main-header-display":"","ast-hfb-above-header-display":"","ast-hfb-below-header-display":"","ast-hfb-mobile-header-display":"","site-post-title":"","ast-breadcrumbs-content":"","ast-featured-img":"","footer-sml-layout":"","ast-disable-related-posts":"","theme-transparent-header-meta":"default","adv-header-id-meta":"","stick-header-meta":"default","header-above-stick-meta":"","header-main-stick-meta":"","header-below-stick-meta":"","astra-migrate-meta-layouts":"set","ast-page-background-enabled":"default","ast-page-background-meta":{"desktop":{"background-color":"","background-image":"","background-repeat":"repeat","background-position":"center center","background-size":"auto","background-attachment":"scroll","background-type":"","background-media":"","overlay-type":"","overlay-color":"","overlay-opacity":"","overlay-gradient":""},"tablet":{"background-color":"","background-image":"","background-repeat":"repeat","background-position":"center center","background-size":"auto","background-attachment":"scroll","background-type":"","background-media":"","overlay-type":"","overlay-color":"","overlay-opacity":"","overlay-gradient":""},"mobile":{"background-color":"","background-image":"","background-repeat":"repeat","background-position":"center center","background-size":"auto","background-attachment":"scroll","background-type":"","background-media":"","overlay-type":"","overlay-color":"","overlay-opacity":"","overlay-gradient":""}},"ast-content-background-meta":{"desktop":{"background-color":"var(--ast-global-color-5)","background-image":"","background-repeat":"repeat","background-position":"center center","background-size":"auto","background-attachment":"scroll","background-type":"","background-media":"","overlay-type":"","overlay-color":"","overlay-opacity":"","overlay-gradient":""},"tablet":{"background-color":"var(--ast-global-color-5)","background-image":"","background-repeat":"repeat","background-position":"center center","background-size":"auto","background-attachment":"scroll","background-type":"","background-media":"","overlay-type":"","overlay-color":"","overlay-opacity":"","overlay-gradient":""},"mobile":{"background-color":"var(--ast-global-color-5)","background-image":"","background-repeat":"repeat","background-position":"center center","background-size":"auto","background-attachment":"scroll","background-type":"","background-media":"","overlay-type":"","overlay-color":"","overlay-opacity":"","overlay-gradient":""}}},"product_brand":[],"product_cat":[65,76,77,79,80],"product_tag":[136,139,186,134],"class_list":{"0":"post-4463","1":"product","2":"type-product","3":"status-publish","4":"has-post-thumbnail","6":"product_cat-best-sellers","7":"product_cat-new-arrivels","8":"product_cat-wholesale-womens-shapewear","9":"product_cat-wholesale-seemless-shaperwear","10":"product_cat-wholesale-butt-lift-underwear","11":"product_tag-bridal","12":"product_tag-high-waist","13":"product_tag-padded","14":"product_tag-tummy-tucker","15":"pa_color-beige","16":"pa_color-black","17":"pa_size-4xl","18":"pa_size-5xl","19":"pa_size-6xl","20":"pa_size-l","21":"pa_size-m","22":"pa_size-s","23":"pa_size-xl","24":"pa_size-xxl","25":"pa_size-xxxl","26":"desktop-align-center","27":"tablet-align-left","28":"mobile-align-left","29":"ast-product-gallery-layout-horizontal-slider","30":"ast-product-single-variable","31":"ast-product-tabs-layout-horizontal","32":"ast-qv-on-image","34":"first","35":"instock","36":"shipping-taxable","37":"purchasable","38":"product-type-variable"},"tiered_pricing_type":"fixed","tiered_pricing_fixed_rules":{"2":9.89,"30":9.29,"500":7.69},"tiered_pricing_product_settings":{"layout":"default","base_unit_name":{"singular":null,"plural":null},"default_variation":{}},"tiered_pricing_minimum_quantity":null,"tiered_pricing_roles_data":[],"tiered_pricing_percentage_rules":[],"_links":{"self":[{"href":"https:\/\/yume-silm.com\/es\/wp-json\/wp\/v2\/product\/4463","targetHints":{"allow":["GET"]}}],"collection":[{"href":"https:\/\/yume-silm.com\/es\/wp-json\/wp\/v2\/product"}],"about":[{"href":"https:\/\/yume-silm.com\/es\/wp-json\/wp\/v2\/types\/product"}],"replies":[{"embeddable":true,"href":"https:\/\/yume-silm.com\/es\/wp-json\/wp\/v2\/comments?post=4463"}],"wp:featuredmedia":[{"embeddable":true,"href":"https:\/\/yume-silm.com\/es\/wp-json\/wp\/v2\/media\/4490"}],"wp:attachment":[{"href":"https:\/\/yume-silm.com\/es\/wp-json\/wp\/v2\/media?parent=4463"}],"wp:term":[{"taxonomy":"product_brand","embeddable":true,"href":"https:\/\/yume-silm.com\/es\/wp-json\/wp\/v2\/product_brand?post=4463"},{"taxonomy":"product_cat","embeddable":true,"href":"https:\/\/yume-silm.com\/es\/wp-json\/wp\/v2\/product_cat?post=4463"},{"taxonomy":"product_tag","embeddable":true,"href":"https:\/\/yume-silm.com\/es\/wp-json\/wp\/v2\/product_tag?post=4463"}],"curies":[{"name":"wp","href":"https:\/\/api.w.org\/{rel}","templated":true}]}}