{"id":4496,"date":"2023-07-21T08:55:28","date_gmt":"2023-07-21T08:55:28","guid":{"rendered":"https:\/\/yume-silm.com\/?post_type=product&#038;p=4496"},"modified":"2024-08-22T02:40:52","modified_gmt":"2024-08-22T02:40:52","slug":"moldeador-de-cuerpo-completo-sin-costuras-con-soporte-de-busto-y-levantador-de-gluteos","status":"publish","type":"product","link":"https:\/\/yume-silm.com\/es\/producto-2\/moldeador-de-cuerpo-completo-sin-costuras-con-soporte-de-busto-y-levantador-de-gluteos\/","title":{"rendered":"Mono simple modificado para requisitos particulares al por mayor de los pantalones cortos de Shapewear de los tirantes de espagueti"},"content":{"rendered":"<h5>Caracteristicas de dise\u00f1o<\/h5>\n<ul>\n<li><strong>COLOR S\u00d3LIDO SIN COSTURAS:<\/strong> Tenemos estos monos de mujer con control de barriga en negro y beige. Los colores son simples y vers\u00e1tiles, adem\u00e1s el dise\u00f1o sin costuras de la faja proporciona una silueta suave debajo de cualquier conjunto, eliminando l\u00edneas o bultos visibles.<\/li>\n<li><strong>TIRANTES DELGADOS AJUSTABLES:<\/strong> Los monos con tirantes finos, pantalones cortos y tirantes finos proporcionan un ajuste personalizable. Las correas ajustables ayudan a mantenerlo en su lugar libremente y evitan que se resbale. El material el\u00e1stico de alta calidad utilizado en la faja moldeadora de cintura adelgazante con control de barriga ayuda a que las caderas y el busto se ajusten mejor a las curvas de cuerpos de diferentes tama\u00f1os.<\/li>\n<li><strong>VERSATILIDAD:<\/strong> El mono mameluco moldeador s\u00f3lido para mujer presenta un dise\u00f1o todo en uno que levanta y da forma suavemente a las curvas de las caderas. Crea una figura elegante. Las caracter\u00edsticas integradas brindan elevaci\u00f3n y comodidad, mejoran las curvas naturales y aumentan la confianza.<\/li>\n<li><strong>SIMPLE Y CON ESTILO:<\/strong> Simple y elegante, este moldeador de cuerpo completo para adelgazar proporciona apoyo y forma debajo de cualquier atuendo. Perfectamente combinado con pantalones cortos de cintura alta, jeans, pantalones, vestidos, chaquetas tipo c\u00e1rdigan o camisas de manga larga. Adecuado para c\u00f3cteles, galas, fiestas, reuniones sociales y vacaciones, ropa casual y otros usos diarios muy adecuados.<\/li>\n<\/ul>\n<h6><em>Monos deportivos adelgazantes para correr y hacer ejercicio de yoga.<\/em><\/h6>\n<ul>\n<li>Nuestro mono corto con tirantes finos es una mezcla de elegancia, comodidad y funcionalidad.<\/li>\n<li>Para los mayoristas que buscan ofrecer soluciones moldeadoras de primer nivel, este producto es imprescindible. Sum\u00e9rgete en el mundo del comercio mayorista con esta pieza excepcional. \u00a1Ordenar hoy!<\/li>\n<\/ul>","protected":false},"excerpt":{"rendered":"<p>Introduzca elegancia y apoyo con nuestro mono corto y sencillo con tirantes finos. Con soporte de busto incorporado y levantador de gl\u00fateos, esta prenda moldeadora garantiza que sus clientas logren una silueta esculpida y segura con cada uso.<\/p>","protected":false},"featured_media":4516,"comment_status":"open","ping_status":"closed","template":"","meta":{"site-sidebar-layout":"default","site-content-layout":"default","ast-site-content-layout":"default","site-content-style":"default","site-sidebar-style":"default","ast-global-header-display":"","ast-banner-title-visibility":"","ast-main-header-display":"","ast-hfb-above-header-display":"","ast-hfb-below-header-display":"","ast-hfb-mobile-header-display":"","site-post-title":"","ast-breadcrumbs-content":"","ast-featured-img":"","footer-sml-layout":"","ast-disable-related-posts":"","theme-transparent-header-meta":"default","adv-header-id-meta":"","stick-header-meta":"default","header-above-stick-meta":"","header-main-stick-meta":"","header-below-stick-meta":"","astra-migrate-meta-layouts":"set","ast-page-background-enabled":"default","ast-page-background-meta":{"desktop":{"background-color":"","background-image":"","background-repeat":"repeat","background-position":"center center","background-size":"auto","background-attachment":"scroll","background-type":"","background-media":"","overlay-type":"","overlay-color":"","overlay-opacity":"","overlay-gradient":""},"tablet":{"background-color":"","background-image":"","background-repeat":"repeat","background-position":"center center","background-size":"auto","background-attachment":"scroll","background-type":"","background-media":"","overlay-type":"","overlay-color":"","overlay-opacity":"","overlay-gradient":""},"mobile":{"background-color":"","background-image":"","background-repeat":"repeat","background-position":"center center","background-size":"auto","background-attachment":"scroll","background-type":"","background-media":"","overlay-type":"","overlay-color":"","overlay-opacity":"","overlay-gradient":""}},"ast-content-background-meta":{"desktop":{"background-color":"var(--ast-global-color-5)","background-image":"","background-repeat":"repeat","background-position":"center center","background-size":"auto","background-attachment":"scroll","background-type":"","background-media":"","overlay-type":"","overlay-color":"","overlay-opacity":"","overlay-gradient":""},"tablet":{"background-color":"var(--ast-global-color-5)","background-image":"","background-repeat":"repeat","background-position":"center center","background-size":"auto","background-attachment":"scroll","background-type":"","background-media":"","overlay-type":"","overlay-color":"","overlay-opacity":"","overlay-gradient":""},"mobile":{"background-color":"var(--ast-global-color-5)","background-image":"","background-repeat":"repeat","background-position":"center center","background-size":"auto","background-attachment":"scroll","background-type":"","background-media":"","overlay-type":"","overlay-color":"","overlay-opacity":"","overlay-gradient":""}}},"product_brand":[],"product_cat":[77,79,78],"product_tag":[135,137,148],"class_list":{"0":"post-4496","1":"product","2":"type-product","3":"status-publish","4":"has-post-thumbnail","6":"product_cat-wholesale-womens-shapewear","7":"product_cat-wholesale-seemless-shaperwear","8":"product_cat-wholesale-full-body-shaper","9":"product_tag-all-in-one","10":"product_tag-butt-lift","11":"product_tag-one-piece","12":"pa_color-beige","13":"pa_color-black","14":"pa_size-l","15":"pa_size-m","16":"pa_size-s","17":"pa_size-xl","18":"pa_size-xxl","19":"pa_size-xxxl","20":"desktop-align-center","21":"tablet-align-left","22":"mobile-align-left","23":"ast-product-gallery-layout-horizontal-slider","24":"ast-product-single-variable","25":"ast-product-tabs-layout-horizontal","26":"ast-qv-on-image","28":"first","29":"instock","30":"shipping-taxable","31":"purchasable","32":"product-type-variable"},"tiered_pricing_type":"fixed","tiered_pricing_fixed_rules":{"2":23.99,"30":22.39,"500":18.69},"tiered_pricing_product_settings":{"layout":"default","base_unit_name":{"singular":null,"plural":null},"default_variation":{}},"tiered_pricing_minimum_quantity":null,"tiered_pricing_roles_data":[],"tiered_pricing_percentage_rules":[],"_links":{"self":[{"href":"https:\/\/yume-silm.com\/es\/wp-json\/wp\/v2\/product\/4496","targetHints":{"allow":["GET"]}}],"collection":[{"href":"https:\/\/yume-silm.com\/es\/wp-json\/wp\/v2\/product"}],"about":[{"href":"https:\/\/yume-silm.com\/es\/wp-json\/wp\/v2\/types\/product"}],"replies":[{"embeddable":true,"href":"https:\/\/yume-silm.com\/es\/wp-json\/wp\/v2\/comments?post=4496"}],"wp:featuredmedia":[{"embeddable":true,"href":"https:\/\/yume-silm.com\/es\/wp-json\/wp\/v2\/media\/4516"}],"wp:attachment":[{"href":"https:\/\/yume-silm.com\/es\/wp-json\/wp\/v2\/media?parent=4496"}],"wp:term":[{"taxonomy":"product_brand","embeddable":true,"href":"https:\/\/yume-silm.com\/es\/wp-json\/wp\/v2\/product_brand?post=4496"},{"taxonomy":"product_cat","embeddable":true,"href":"https:\/\/yume-silm.com\/es\/wp-json\/wp\/v2\/product_cat?post=4496"},{"taxonomy":"product_tag","embeddable":true,"href":"https:\/\/yume-silm.com\/es\/wp-json\/wp\/v2\/product_tag?post=4496"}],"curies":[{"name":"wp","href":"https:\/\/api.w.org\/{rel}","templated":true}]}}