{"id":4521,"date":"2023-07-21T09:19:11","date_gmt":"2023-07-21T09:19:11","guid":{"rendered":"https:\/\/yume-silm.com\/?post_type=product&#038;p=4521"},"modified":"2024-01-27T08:11:10","modified_gmt":"2024-01-27T08:11:10","slug":"fajas-body-con-control-de-barriga-y-malla-transpirable-cadera","status":"publish","type":"product","link":"https:\/\/yume-silm.com\/es\/producto-2\/fajas-body-con-control-de-barriga-y-malla-transpirable-cadera\/","title":{"rendered":"Venta al por mayor Body moldeador de busto abierto con cremallera"},"content":{"rendered":"<h5>Caracteristicas de dise\u00f1o<\/h5>\n<ul>\n<li><strong>CONTROL DE BARRIGA:<\/strong> La suavidad general del body de busto abierto maximiza el efecto de moldear la barriga para una apariencia m\u00e1s estilizada.<\/li>\n<li><strong>CADERAS DE MALLA TRANSPIRABLE:<\/strong> El tanga moldeador est\u00e1 hecho de material de alta calidad que es casi completamente transpirable para maximizar la ayuda a que la piel respire. Ideal para usar durante todo el d\u00eda y, por supuesto, tambi\u00e9n puedes usarlo para hacer ejercicio y adelgazar.<\/li>\n<li><strong>ENTREPIEZA QUE SE PUEDE ABRIR:<\/strong> La entrepierna de las mejores fajas moldeadoras para mujer tiene botones a presi\u00f3n que se pueden abrir y cerrar f\u00e1cilmente cuando se va al ba\u00f1o. Esta pr\u00e1ctica funci\u00f3n proporciona m\u00e1s comodidad para ir al ba\u00f1o.<\/li>\n<li><strong>CORREAS AJUSTABLES:<\/strong> Las correas ajustables del body moldeador de busto con entrepierna abierta le brindan un ajuste personalizable y garantizan que la prenda moldeadora se adapte perfectamente a la forma de su cuerpo.<\/li>\n<\/ul>\n<h6><em>Mono de mujer con busto abierto<\/em><\/h6>\n<ul>\n<li>Nuestro body moldeador de busto abierto con cremallera es una combinaci\u00f3n de estilo, comodidad y funcionalidad.<\/li>\n<li>Para los mayoristas que buscan ofrecer soluciones moldeadoras innovadoras, este producto es imprescindible. Sum\u00e9rgete en el mundo del comercio mayorista con esta pieza excepcional. \u00a1Ordenar hoy!<\/li>\n<\/ul>","protected":false},"excerpt":{"rendered":"<p>Eleva tu silueta con nuestro body moldeador de busto abierto con cremallera. Dise\u00f1ada con control de barriga y entrepierna que se puede abrir, esta pieza garantiza que sus clientes logren una apariencia elegante y contorneada mientras disfrutan de la m\u00e1xima comodidad.<\/p>","protected":false},"featured_media":4537,"comment_status":"open","ping_status":"closed","template":"","meta":{"site-sidebar-layout":"default","site-content-layout":"default","ast-site-content-layout":"default","site-content-style":"default","site-sidebar-style":"default","ast-global-header-display":"","ast-banner-title-visibility":"","ast-main-header-display":"","ast-hfb-above-header-display":"","ast-hfb-below-header-display":"","ast-hfb-mobile-header-display":"","site-post-title":"","ast-breadcrumbs-content":"","ast-featured-img":"","footer-sml-layout":"","ast-disable-related-posts":"","theme-transparent-header-meta":"default","adv-header-id-meta":"","stick-header-meta":"default","header-above-stick-meta":"","header-main-stick-meta":"","header-below-stick-meta":"","astra-migrate-meta-layouts":"set","ast-page-background-enabled":"default","ast-page-background-meta":{"desktop":{"background-color":"","background-image":"","background-repeat":"repeat","background-position":"center center","background-size":"auto","background-attachment":"scroll","background-type":"","background-media":"","overlay-type":"","overlay-color":"","overlay-opacity":"","overlay-gradient":""},"tablet":{"background-color":"","background-image":"","background-repeat":"repeat","background-position":"center center","background-size":"auto","background-attachment":"scroll","background-type":"","background-media":"","overlay-type":"","overlay-color":"","overlay-opacity":"","overlay-gradient":""},"mobile":{"background-color":"","background-image":"","background-repeat":"repeat","background-position":"center center","background-size":"auto","background-attachment":"scroll","background-type":"","background-media":"","overlay-type":"","overlay-color":"","overlay-opacity":"","overlay-gradient":""}},"ast-content-background-meta":{"desktop":{"background-color":"var(--ast-global-color-5)","background-image":"","background-repeat":"repeat","background-position":"center center","background-size":"auto","background-attachment":"scroll","background-type":"","background-media":"","overlay-type":"","overlay-color":"","overlay-opacity":"","overlay-gradient":""},"tablet":{"background-color":"var(--ast-global-color-5)","background-image":"","background-repeat":"repeat","background-position":"center center","background-size":"auto","background-attachment":"scroll","background-type":"","background-media":"","overlay-type":"","overlay-color":"","overlay-opacity":"","overlay-gradient":""},"mobile":{"background-color":"var(--ast-global-color-5)","background-image":"","background-repeat":"repeat","background-position":"center center","background-size":"auto","background-attachment":"scroll","background-type":"","background-media":"","overlay-type":"","overlay-color":"","overlay-opacity":"","overlay-gradient":""}}},"product_brand":[],"product_cat":[65,76,77,82],"product_tag":[152,134],"class_list":{"0":"post-4521","1":"product","2":"type-product","3":"status-publish","4":"has-post-thumbnail","6":"product_cat-best-sellers","7":"product_cat-new-arrivels","8":"product_cat-wholesale-womens-shapewear","9":"product_cat-wholesale-shapewear-bodysuit","10":"product_tag-lace-up","11":"product_tag-tummy-tucker","12":"pa_color-beige","13":"pa_color-black","14":"pa_size-l","15":"pa_size-m","16":"pa_size-s","17":"desktop-align-center","18":"tablet-align-left","19":"mobile-align-left","20":"ast-product-gallery-layout-horizontal-slider","21":"ast-product-single-variable","22":"ast-product-tabs-layout-horizontal","23":"ast-qv-on-image","25":"first","26":"instock","27":"shipping-taxable","28":"purchasable","29":"product-type-variable"},"tiered_pricing_type":"fixed","tiered_pricing_fixed_rules":{"2":8.19,"30":7.59,"500":6.39},"tiered_pricing_product_settings":{"layout":"default","base_unit_name":{"singular":null,"plural":null},"default_variation":{}},"tiered_pricing_minimum_quantity":null,"tiered_pricing_roles_data":[],"tiered_pricing_percentage_rules":[],"_links":{"self":[{"href":"https:\/\/yume-silm.com\/es\/wp-json\/wp\/v2\/product\/4521","targetHints":{"allow":["GET"]}}],"collection":[{"href":"https:\/\/yume-silm.com\/es\/wp-json\/wp\/v2\/product"}],"about":[{"href":"https:\/\/yume-silm.com\/es\/wp-json\/wp\/v2\/types\/product"}],"replies":[{"embeddable":true,"href":"https:\/\/yume-silm.com\/es\/wp-json\/wp\/v2\/comments?post=4521"}],"wp:featuredmedia":[{"embeddable":true,"href":"https:\/\/yume-silm.com\/es\/wp-json\/wp\/v2\/media\/4537"}],"wp:attachment":[{"href":"https:\/\/yume-silm.com\/es\/wp-json\/wp\/v2\/media?parent=4521"}],"wp:term":[{"taxonomy":"product_brand","embeddable":true,"href":"https:\/\/yume-silm.com\/es\/wp-json\/wp\/v2\/product_brand?post=4521"},{"taxonomy":"product_cat","embeddable":true,"href":"https:\/\/yume-silm.com\/es\/wp-json\/wp\/v2\/product_cat?post=4521"},{"taxonomy":"product_tag","embeddable":true,"href":"https:\/\/yume-silm.com\/es\/wp-json\/wp\/v2\/product_tag?post=4521"}],"curies":[{"name":"wp","href":"https:\/\/api.w.org\/{rel}","templated":true}]}}