{"id":4618,"date":"2023-07-25T03:37:46","date_gmt":"2023-07-25T03:37:46","guid":{"rendered":"https:\/\/yume-silm.com\/?post_type=product&#038;p=4618"},"modified":"2025-05-26T00:44:16","modified_gmt":"2025-05-26T00:44:16","slug":"levanta-cola-de-malla-confort-de-talla-grande-con-control-de-abdomen","status":"publish","type":"product","link":"https:\/\/yume-silm.com\/es\/producto-2\/levanta-cola-de-malla-confort-de-talla-grande-con-control-de-abdomen\/","title":{"rendered":"Fajas adelgazantes de cuerpo completo de talla grande al por mayor con cremallera"},"content":{"rendered":"<h5>Caracteristicas de dise\u00f1o<\/h5>\n<ul>\n<li><strong>PERFECCI\u00d3N DE GRAN TAMA\u00d1O:<\/strong> Siempre hay una talla para ti. Personalizado para tipos de cuerpo m\u00e1s grandes, este body moldeador sexy de talla grande para mujer mejora las curvas naturales y garantiza un ajuste perfecto.<\/li>\n<li><strong>CONTROL EFECTIVO DEL ABDOMINO:<\/strong> La faja adelgazante de cuerpo completo de talla grande con cremallera est\u00e1 dise\u00f1ada en la parte delantera, lo que le facilita las maniobras. La faja moldeadora tambi\u00e9n es superior a la hora de sujetar la espalda, dar forma a la cintura, aumentar la confianza y crear una silueta estilizada.<\/li>\n<li><strong>ENTREPIEZA ABIERTA:<\/strong> La pr\u00e1ctica abertura en la entrepierna del body moldeador sexy de talla grande garantiza facilidad de uso, especialmente al ir al ba\u00f1o.<\/li>\n<li><strong>TRANSPIRABLE Y C\u00d3MODO:<\/strong> Este body moldeador adelgazante con control de barriga sin costuras est\u00e1 hecho de material de malla de alta calidad que garantiza comodidad durante todo el d\u00eda y asegura que la piel se mantenga fresca y libre de irritaci\u00f3n.<\/li>\n<li><strong>DOBLADILLO DE ENCAJE ANTIDESLIZANTE:<\/strong> El dobladillo ribeteado de encaje de la faja moldeadora de cuerpo completo para mujer garantiza que la prenda permanezca en su lugar y evita que los dobladillos se enrollen. Agregue un toque de feminidad al tiempo que garantiza la funcionalidad.<\/li>\n<\/ul>\n<h6><em>Body moldeador sexy de talla grande para mujer, moldeador de cuerpo con control de barriga y entrenamiento de cintura<\/em><\/h6>\n<ul>\n<li>Nuestra faja adelgazante de cuerpo completo de talla grande con cremallera es un testimonio de estilo, comodidad e innovaci\u00f3n. Para los mayoristas que buscan productos de primer nivel que resuenen con las \u00faltimas tendencias, esta faja moldeadora es imprescindible agregar a su inventario. Sum\u00e9rgete en el mundo del comercio mayorista con esta pieza destacada. \u00a1Ordenar hoy!<\/li>\n<\/ul>","protected":false},"excerpt":{"rendered":"<p>Presentamos nuestra faja adelgazante de cuerpo completo de talla grande con cremallera, una combinaci\u00f3n perfecta de estilo y funcionalidad. Con control de barriga y un ribete de encaje femenino, esta prenda moldeadora ofrece un ajuste sin costuras, lo que garantiza que sus clientas irradien confianza en cada conjunto.<\/p>","protected":false},"featured_media":4642,"comment_status":"open","ping_status":"closed","template":"","meta":{"site-sidebar-layout":"default","site-content-layout":"default","ast-site-content-layout":"default","site-content-style":"default","site-sidebar-style":"default","ast-global-header-display":"","ast-banner-title-visibility":"","ast-main-header-display":"","ast-hfb-above-header-display":"","ast-hfb-below-header-display":"","ast-hfb-mobile-header-display":"","site-post-title":"","ast-breadcrumbs-content":"","ast-featured-img":"","footer-sml-layout":"","ast-disable-related-posts":"","theme-transparent-header-meta":"default","adv-header-id-meta":"","stick-header-meta":"default","header-above-stick-meta":"","header-main-stick-meta":"","header-below-stick-meta":"","astra-migrate-meta-layouts":"set","ast-page-background-enabled":"default","ast-page-background-meta":{"desktop":{"background-color":"","background-image":"","background-repeat":"repeat","background-position":"center center","background-size":"auto","background-attachment":"scroll","background-type":"","background-media":"","overlay-type":"","overlay-color":"","overlay-opacity":"","overlay-gradient":""},"tablet":{"background-color":"","background-image":"","background-repeat":"repeat","background-position":"center center","background-size":"auto","background-attachment":"scroll","background-type":"","background-media":"","overlay-type":"","overlay-color":"","overlay-opacity":"","overlay-gradient":""},"mobile":{"background-color":"","background-image":"","background-repeat":"repeat","background-position":"center center","background-size":"auto","background-attachment":"scroll","background-type":"","background-media":"","overlay-type":"","overlay-color":"","overlay-opacity":"","overlay-gradient":""}},"ast-content-background-meta":{"desktop":{"background-color":"var(--ast-global-color-5)","background-image":"","background-repeat":"repeat","background-position":"center center","background-size":"auto","background-attachment":"scroll","background-type":"","background-media":"","overlay-type":"","overlay-color":"","overlay-opacity":"","overlay-gradient":""},"tablet":{"background-color":"var(--ast-global-color-5)","background-image":"","background-repeat":"repeat","background-position":"center center","background-size":"auto","background-attachment":"scroll","background-type":"","background-media":"","overlay-type":"","overlay-color":"","overlay-opacity":"","overlay-gradient":""},"mobile":{"background-color":"var(--ast-global-color-5)","background-image":"","background-repeat":"repeat","background-position":"center center","background-size":"auto","background-attachment":"scroll","background-type":"","background-media":"","overlay-type":"","overlay-color":"","overlay-opacity":"","overlay-gradient":""}}},"product_brand":[],"product_cat":[65,76,77,1092,78],"product_tag":[137,144,134,184],"class_list":{"0":"post-4618","1":"product","2":"type-product","3":"status-publish","4":"has-post-thumbnail","6":"product_cat-best-sellers","7":"product_cat-new-arrivels","8":"product_cat-wholesale-womens-shapewear","9":"product_cat-plus-size-shapewear","10":"product_cat-wholesale-full-body-shaper","11":"product_tag-butt-lift","12":"product_tag-slip","13":"product_tag-tummy-tucker","14":"product_tag-zipper","15":"pa_color-beige","16":"pa_color-black","17":"pa_size-4xl","18":"pa_size-5xl","19":"pa_size-6xl","20":"pa_size-l","21":"pa_size-m","22":"pa_size-s","23":"pa_size-xl","24":"pa_size-xxl","25":"pa_size-xxxl","26":"desktop-align-center","27":"tablet-align-left","28":"mobile-align-left","29":"ast-product-gallery-layout-horizontal-slider","30":"ast-product-single-variable","31":"ast-product-tabs-layout-horizontal","32":"ast-qv-on-image","34":"first","35":"instock","36":"shipping-taxable","37":"purchasable","38":"product-type-variable"},"tiered_pricing_type":"fixed","tiered_pricing_fixed_rules":{"2":14.79,"30":13.79,"500":11.49},"tiered_pricing_product_settings":{"layout":"default","base_unit_name":{"singular":null,"plural":null},"default_variation":{}},"tiered_pricing_minimum_quantity":null,"tiered_pricing_roles_data":[],"tiered_pricing_percentage_rules":[],"_links":{"self":[{"href":"https:\/\/yume-silm.com\/es\/wp-json\/wp\/v2\/product\/4618","targetHints":{"allow":["GET"]}}],"collection":[{"href":"https:\/\/yume-silm.com\/es\/wp-json\/wp\/v2\/product"}],"about":[{"href":"https:\/\/yume-silm.com\/es\/wp-json\/wp\/v2\/types\/product"}],"replies":[{"embeddable":true,"href":"https:\/\/yume-silm.com\/es\/wp-json\/wp\/v2\/comments?post=4618"}],"wp:featuredmedia":[{"embeddable":true,"href":"https:\/\/yume-silm.com\/es\/wp-json\/wp\/v2\/media\/4642"}],"wp:attachment":[{"href":"https:\/\/yume-silm.com\/es\/wp-json\/wp\/v2\/media?parent=4618"}],"wp:term":[{"taxonomy":"product_brand","embeddable":true,"href":"https:\/\/yume-silm.com\/es\/wp-json\/wp\/v2\/product_brand?post=4618"},{"taxonomy":"product_cat","embeddable":true,"href":"https:\/\/yume-silm.com\/es\/wp-json\/wp\/v2\/product_cat?post=4618"},{"taxonomy":"product_tag","embeddable":true,"href":"https:\/\/yume-silm.com\/es\/wp-json\/wp\/v2\/product_tag?post=4618"}],"curies":[{"name":"wp","href":"https:\/\/api.w.org\/{rel}","templated":true}]}}