{"id":4648,"date":"2023-07-25T05:07:51","date_gmt":"2023-07-25T05:07:51","guid":{"rendered":"https:\/\/yume-silm.com\/?post_type=product&#038;p=4648"},"modified":"2024-01-24T06:16:42","modified_gmt":"2024-01-24T06:16:42","slug":"fajas-con-corte-de-encaje-con-corte-en-la-cadera","status":"publish","type":"product","link":"https:\/\/yume-silm.com\/es\/producto-2\/fajas-con-corte-de-encaje-con-corte-en-la-cadera\/","title":{"rendered":"Entrenador de cintura envolvente al por mayor con levantador de gl\u00fateos"},"content":{"rendered":"<h5>Caracteristicas de dise\u00f1o<\/h5>\n<ul>\n<li><strong>DECORACI\u00d3N DE ENCAJE:<\/strong> Los bordes de encaje de los pantalones cortos con forma de cuerpo de mujer a\u00f1aden elegancia y feminidad a la visi\u00f3n. La elegancia sensual de los pantalones cortos moldeadores para mujer permite que la prenda moldeadora favorezca mejor la l\u00ednea de la pierna para una apariencia m\u00e1s segura y hermosa.<\/li>\n<li><strong>CINTUR\u00d3N DESMONTABLE:<\/strong> Las bragas moldeadas para la cadera con cintur\u00f3n de fitness ajustable ofrecen versatilidad en el estilo y la forma, lo que permite un ajuste personalizado.<\/li>\n<li><strong>GL\u00daTEOS HUECOS:<\/strong> La faja moldeadora de cadera para mujer tiene un dise\u00f1o \u00fanico de corte de cadera. Realza la forma de tus caderas a la vez que garantiza una est\u00e9tica sexy, aportando un atractivo realce y definici\u00f3n a tu silueta.<\/li>\n<li><strong>COMODIDAD Y FLEXIBILIDAD:<\/strong> El entrenador de cintura para levantar gl\u00fateos de la parte inferior del abdomen est\u00e1 hecho de tela suave y el\u00e1stica para garantizar una elasticidad total. Se adapta c\u00f3modamente a todas las situaciones y permite libertad de movimiento.<\/li>\n<li><strong>SILUETA MEJORADA:<\/strong> Esta faja 2 en 1 nuestra es adecuada para cualquier fiesta, reuni\u00f3n, trabajo y otras ocasiones. Ya sea que se use debajo de vestidos, faldas o pantalones, este entrenador de cintura personalizado con envoltura para abdomen y levantador de gl\u00fateos ayudar\u00e1 a moldear y suavizar su figura, aumentar\u00e1 su confianza y mejorar\u00e1 su atuendo.<\/li>\n<\/ul>\n<h6><em>Pantalones cortos moldeadores de levantamiento de gl\u00fateos para tonificar la grasa abdominal inferior<\/em><\/h6>\n<ul>\n<li>Nuestro entrenador de cintura envolvente con levantador de gl\u00fateos es una combinaci\u00f3n de estilo, comodidad y funcionalidad. Para los mayoristas que buscan ofrecer soluciones moldeadoras innovadoras, este producto es imprescindible.<\/li>\n<li>Con opciones de personalizaci\u00f3n, una variedad de tama\u00f1os y la promesa de entrega r\u00e1pida, es una valiosa adici\u00f3n a su inventario. Sum\u00e9rgete en el mundo del comercio mayorista con esta pieza excepcional. \u00a1Ordenar hoy!<\/li>\n<\/ul>","protected":false},"excerpt":{"rendered":"<p>Abraza la elegancia con nuestro entrenador de cintura envolvente para abdomen con levantador de gl\u00fateos, que cuenta con un corte en la cadera y un cintur\u00f3n desmontable para un estilo vers\u00e1til. Confeccionada con un tejido suave y el\u00e1stico, esta pieza garantiza comodidad y flexibilidad, realzando tu silueta bajo cualquier atuendo.<\/p>","protected":false},"featured_media":4661,"comment_status":"open","ping_status":"closed","template":"","meta":{"site-sidebar-layout":"default","site-content-layout":"default","ast-site-content-layout":"default","site-content-style":"default","site-sidebar-style":"default","ast-global-header-display":"","ast-banner-title-visibility":"","ast-main-header-display":"","ast-hfb-above-header-display":"","ast-hfb-below-header-display":"","ast-hfb-mobile-header-display":"","site-post-title":"","ast-breadcrumbs-content":"","ast-featured-img":"","footer-sml-layout":"","ast-disable-related-posts":"","theme-transparent-header-meta":"default","adv-header-id-meta":"","stick-header-meta":"default","header-above-stick-meta":"","header-main-stick-meta":"","header-below-stick-meta":"","astra-migrate-meta-layouts":"set","ast-page-background-enabled":"default","ast-page-background-meta":{"desktop":{"background-color":"","background-image":"","background-repeat":"repeat","background-position":"center center","background-size":"auto","background-attachment":"scroll","background-type":"","background-media":"","overlay-type":"","overlay-color":"","overlay-opacity":"","overlay-gradient":""},"tablet":{"background-color":"","background-image":"","background-repeat":"repeat","background-position":"center center","background-size":"auto","background-attachment":"scroll","background-type":"","background-media":"","overlay-type":"","overlay-color":"","overlay-opacity":"","overlay-gradient":""},"mobile":{"background-color":"","background-image":"","background-repeat":"repeat","background-position":"center center","background-size":"auto","background-attachment":"scroll","background-type":"","background-media":"","overlay-type":"","overlay-color":"","overlay-opacity":"","overlay-gradient":""}},"ast-content-background-meta":{"desktop":{"background-color":"var(--ast-global-color-5)","background-image":"","background-repeat":"repeat","background-position":"center center","background-size":"auto","background-attachment":"scroll","background-type":"","background-media":"","overlay-type":"","overlay-color":"","overlay-opacity":"","overlay-gradient":""},"tablet":{"background-color":"var(--ast-global-color-5)","background-image":"","background-repeat":"repeat","background-position":"center center","background-size":"auto","background-attachment":"scroll","background-type":"","background-media":"","overlay-type":"","overlay-color":"","overlay-opacity":"","overlay-gradient":""},"mobile":{"background-color":"var(--ast-global-color-5)","background-image":"","background-repeat":"repeat","background-position":"center center","background-size":"auto","background-attachment":"scroll","background-type":"","background-media":"","overlay-type":"","overlay-color":"","overlay-opacity":"","overlay-gradient":""}}},"product_brand":[],"product_cat":[65,76,77,80],"product_tag":[187,134],"class_list":{"0":"post-4648","1":"product","2":"type-product","3":"status-publish","4":"has-post-thumbnail","6":"product_cat-best-sellers","7":"product_cat-new-arrivels","8":"product_cat-wholesale-womens-shapewear","9":"product_cat-wholesale-butt-lift-underwear","10":"product_tag-2-in-1","11":"product_tag-tummy-tucker","12":"pa_color-black","13":"pa_size-l","14":"pa_size-m","15":"pa_size-s","16":"pa_size-xl","17":"pa_size-xxl","18":"pa_size-xxxl","19":"desktop-align-center","20":"tablet-align-left","21":"mobile-align-left","22":"ast-product-gallery-layout-horizontal-slider","23":"ast-product-single-variable","24":"ast-product-tabs-layout-horizontal","25":"ast-qv-on-image","27":"first","28":"instock","29":"shipping-taxable","30":"purchasable","31":"product-type-variable"},"tiered_pricing_type":"fixed","tiered_pricing_fixed_rules":{"2":10.99,"30":10.29,"500":8.59},"tiered_pricing_product_settings":{"layout":"default","base_unit_name":{"singular":null,"plural":null},"default_variation":{}},"tiered_pricing_minimum_quantity":null,"tiered_pricing_roles_data":[],"tiered_pricing_percentage_rules":[],"_links":{"self":[{"href":"https:\/\/yume-silm.com\/es\/wp-json\/wp\/v2\/product\/4648","targetHints":{"allow":["GET"]}}],"collection":[{"href":"https:\/\/yume-silm.com\/es\/wp-json\/wp\/v2\/product"}],"about":[{"href":"https:\/\/yume-silm.com\/es\/wp-json\/wp\/v2\/types\/product"}],"replies":[{"embeddable":true,"href":"https:\/\/yume-silm.com\/es\/wp-json\/wp\/v2\/comments?post=4648"}],"wp:featuredmedia":[{"embeddable":true,"href":"https:\/\/yume-silm.com\/es\/wp-json\/wp\/v2\/media\/4661"}],"wp:attachment":[{"href":"https:\/\/yume-silm.com\/es\/wp-json\/wp\/v2\/media?parent=4648"}],"wp:term":[{"taxonomy":"product_brand","embeddable":true,"href":"https:\/\/yume-silm.com\/es\/wp-json\/wp\/v2\/product_brand?post=4648"},{"taxonomy":"product_cat","embeddable":true,"href":"https:\/\/yume-silm.com\/es\/wp-json\/wp\/v2\/product_cat?post=4648"},{"taxonomy":"product_tag","embeddable":true,"href":"https:\/\/yume-silm.com\/es\/wp-json\/wp\/v2\/product_tag?post=4648"}],"curies":[{"name":"wp","href":"https:\/\/api.w.org\/{rel}","templated":true}]}}