{"id":4666,"date":"2023-07-25T05:25:30","date_gmt":"2023-07-25T05:25:30","guid":{"rendered":"https:\/\/yume-silm.com\/?post_type=product&#038;p=4666"},"modified":"2024-11-06T02:09:00","modified_gmt":"2024-11-06T02:09:00","slug":"fajas-de-cintura-alta-con-nalga-acolchada","status":"publish","type":"product","link":"https:\/\/yume-silm.com\/es\/producto-2\/fajas-de-cintura-alta-con-nalga-acolchada\/","title":{"rendered":"Venta al por mayor Fajas de cintura alta con gl\u00fateos acolchados"},"content":{"rendered":"<h5>Caracteristicas de dise\u00f1o<\/h5>\n<ul>\n<li data-slate-node=\"element\"><span data-slate-node=\"text\"><span class=\"00\" data-slate-leaf=\"true\"><strong>CINTURA ALTA:<\/strong> Las bragas moldeadoras de cintura alta con gl\u00fateos acolchados brindan doble compresi\u00f3n para ayudar a las mujeres a adelgazar la cintura, controlar el abdomen, calmar la espalda y perder grasa en los muslos. <\/span><\/span><span data-slate-node=\"text\"><span class=\"01\" data-slate-leaf=\"true\">Los pantalones cortos moldeadores de talla grande para mujer crean una silueta elegante y estilizada que complementa cualquier conjunto.<\/span><\/span><\/li>\n<li data-slate-node=\"element\"><span data-slate-node=\"text\"><span class=\"21\" data-slate-leaf=\"true\"><strong>CADERAS LLENAS:<\/strong> Nuestros pantalones cortos bbl con control de barriga de cintura alta est\u00e1n dise\u00f1ados para mostrar tus caderas redondeadas, regordetas y sexys. <\/span><\/span><span data-slate-node=\"text\"><span class=\"22\" data-slate-leaf=\"true\">Cojines extra\u00edbles para facilitar su sustituci\u00f3n y limpieza. <\/span><\/span><span data-slate-node=\"text\"><span class=\"23\" data-slate-leaf=\"true\">Al mismo tiempo, se puede ajustar la altura adecuada para proporcionar una elevaci\u00f3n y un contorno naturales que acent\u00faen sus curvas en todos los lugares correctos.<\/span><\/span><\/li>\n<li data-slate-node=\"element\"><span data-slate-node=\"text\"><span class=\"41\" data-slate-leaf=\"true\"><strong>RED TRANSPIRABLE:<\/strong> Los pantalones cortos moldeadores para levantar gl\u00fateos con almohadillas para la cadera est\u00e1n hechos de materiales de poli\u00e9ster y spandex de alta calidad, que son el\u00e1sticos y f\u00e1ciles de promover la circulaci\u00f3n del aire, reducen la sudoraci\u00f3n y lo mantienen c\u00f3modo todo el d\u00eda.<\/span><\/span><\/li>\n<li data-slate-node=\"element\"><span data-slate-node=\"text\"><span class=\"61\" data-slate-leaf=\"true\"><strong>VERS\u00c1TIL E INVISIBLE:<\/strong> Tenga la seguridad de que estas almohadillas para las caderas para mujer se esconder\u00e1n perfectamente debajo de sus caderas, permaneciendo invisibles debajo de la prenda, proporcionando l\u00edneas suaves que complementan la forma de su cuerpo.<\/span><\/span><\/li>\n<li data-slate-node=\"element\" data-slate-fragment=\"JTVCJTdCJTIydHlwZSUyMiUzQSUyMnBhcmFncmFwaCUyMiUyQyUyMmNoaWxkcmVuJTIyJTNBJTVCJTdCJTIydGV4dCUyMiUzQSUyMkhJR0glMjBXQUlTVCUzQSUyMEhpZ2glMjB3YWlzdCUyMHNoYXBld2VhciUyMGJvdHRvbXMlMjB3aXRoJTIwcGFkZGVkJTIwYnV0dG9jayUyMHByb3ZpZGVzJTIwZG91YmxlJTIwY29tcHJlc3Npb24lMjB0byUyMGhlbHAlMjB3b21lbiUyMHNsaW0lMjB0aGVpciUyMHdhaXN0cyUyQyUyMGNvbnRyb2wlMjB0aGVpciUyMGFiZG9tZW5zJTJDJTIwc29vdGhlJTIwdGhlaXIlMjBiYWNrcyUyQyUyMGFuZCUyMGxvc2UlMjBmYXQlMjBpbiUyMHRoZWlyJTIwdGhpZ2hzLiUyMCUyMiUyQyUyMnNlbnRlbmNlJTIyJTNBMCUyQyUyMmNoaWxkU2VudGVuY2UlMjIlM0EwJTdEJTJDJTdCJTIydGV4dCUyMiUzQSUyMlBsdXMlMjBzaXplJTIwYm9keSUyMHNoYXBpbmclMjBzaG9ydHMlMjBmb3IlMjB3b21lbiUyMGNyZWF0ZXMlMjBhJTIwc2xlZWslMkMlMjBzdHJlYW1saW5lZCUyMHNpbGhvdWV0dGUlMjB0aGF0JTIwY29tcGxlbWVudHMlMjBhbnklMjBvdXRmaXQuJTIyJTJDJTIyc2VudGVuY2UlMjIlM0EwJTJDJTIyY2hpbGRTZW50ZW5jZSUyMiUzQTElN0QlNUQlN0QlMkMlN0IlMjJ0eXBlJTIyJTNBJTIycGFyYWdyYXBoJTIyJTJDJTIyY2hpbGRyZW4lMjIlM0ElNUIlN0IlMjJ0ZXh0JTIyJTNBJTIyJTIyJTJDJTIyc2VudGVuY2UlMjIlM0ExJTJDJTIyY2hpbGRTZW50ZW5jZSUyMiUzQTElN0QlNUQlN0QlMkMlN0IlMjJ0eXBlJTIyJTNBJTIycGFyYWdyYXBoJTIyJTJDJTIyY2hpbGRyZW4lMjIlM0ElNUIlN0IlMjJ0ZXh0JTIyJTNBJTIyRklMTEVEJTIwSElQUyUzQSUyME91ciUyMGhpZ2glMjB3YWlzdGVkJTIwdHVtbXklMjBjb250cm9sJTIwYmJsJTIwc2hvcnRzJTIwaXMlMjBkZXNpZ25lZCUyMHRvJTIwc2hvdyUyMG9mZiUyMHlvdXIlMjByb3VuZGVkJTJDJTIwcGx1bXAlMkMlMjBzZXh5JTIwaGlwcy4lMjAlMjIlMkMlMjJzZW50ZW5jZSUyMiUzQTIlMkMlMjJjaGlsZFNlbnRlbmNlJTIyJTNBMSU3RCUyQyU3QiUyMnRleHQlMjIlM0ElMjJSZW1vdmFibGUlMjBjdXNoaW9ucyUyMGZvciUyMGVhc2llciUyMHJlcGxhY2VtZW50JTIwYW5kJTIwY2xlYW5pbmcuJTIwJTIyJTJDJTIyc2VudGVuY2UlMjIlM0EyJTJDJTIyY2hpbGRTZW50ZW5jZSUyMiUzQTIlN0QlMkMlN0IlMjJ0ZXh0JTIyJTNBJTIyQXQlMjB0aGUlMjBzYW1lJTIwdGltZSUyQyUyMHRoZSUyMHJpZ2h0JTIwaGVpZ2h0JTIwY2FuJTIwYmUlMjBhZGp1c3RlZCUyMHRvJTIwcHJvdmlkZSUyMGElMjBuYXR1cmFsJTIwbGlmdCUyMGFuZCUyMGNvbnRvdXIlMjB0aGF0JTIwYWNjZW50dWF0ZXMlMjB5b3VyJTIwY3VydmVzJTIwaW4lMjBhbGwlMjB0aGUlMjByaWdodCUyMHBsYWNlcy4lMjIlMkMlMjJzZW50ZW5jZSUyMiUzQTIlMkMlMjJjaGlsZFNlbnRlbmNlJTIyJTNBMyU3RCU1RCU3RCUyQyU3QiUyMnR5cGUlMjIlM0ElMjJwYXJhZ3JhcGglMjIlMkMlMjJjaGlsZHJlbiUyMiUzQSU1QiU3QiUyMnRleHQlMjIlM0ElMjIlMjIlMkMlMjJzZW50ZW5jZSUyMiUzQTMlMkMlMjJjaGlsZFNlbnRlbmNlJTIyJTNBMSU3RCU1RCU3RCUyQyU3QiUyMnR5cGUlMjIlM0ElMjJwYXJhZ3JhcGglMjIlMkMlMjJjaGlsZHJlbiUyMiUzQSU1QiU3QiUyMnRleHQlMjIlM0ElMjJCUkVBVEhBQkxFJTIwTkVUJTNBJTIwQnV0dCUyMGxpZnRpbmclMjBzaGFwZXdlYXIlMjBzaG9ydHMlMjB3aXRoJTIwaGlwJTIwZGlwJTIwcGFkcyUyMGlzJTIwbWFkZSUyMG9mJTIwaGlnaC1xdWFsaXR5JTIwcG9seWVzdGVyJTIwYW5kJTIwc3BhbmRleCUyMG1hdGVyaWFscyUyQyUyMHdoaWNoJTIwYXJlJTIwZWxhc3RpYyUyMGFuZCUyMGVhc3klMjB0byUyMHByb21vdGUlMjBhaXIlMjBjaXJjdWxhdGlvbiUyQyUyMHJlZHVjZSUyMHN3ZWF0aW5nJTJDJTIwYW5kJTIwa2VlcCUyMHlvdSUyMGNvbWZvcnRhYmxlJTIwYWxsJTIwZGF5LiUyMiUyQyUyMnNlbnRlbmNlJTIyJTNBNCUyQyUyMmNoaWxkU2VudGVuY2UlMjIlM0ExJTdEJTVEJTdEJTJDJTdCJTIydHlwZSUyMiUzQSUyMnBhcmFncmFwaCUyMiUyQyUyMmNoaWxkcmVuJTIyJTNBJTVCJTdCJTIydGV4dCUyMiUzQSUyMiUyMiUyQyUyMnNlbnRlbmNlJTIyJTNBNSUyQyUyMmNoaWxkU2VudGVuY2UlMjIlM0ExJTdEJTVEJTdEJTJDJTdCJTIydHlwZSUyMiUzQSUyMnBhcmFncmFwaCUyMiUyQyUyMmNoaWxkcmVuJTIyJTNBJTVCJTdCJTIydGV4dCUyMiUzQSUyMlZFUlNBVElMRSUyMEFORCUyMElOVklTSUJMRSUzQSUyMFJlc3QlMjBhc3N1cmVkJTIwdGhhdCUyMHRoaXMlMjBoaXAlMjBwYWRzJTIwZm9yJTIwd29tZW4lMjBzaGFwZXdlYXIlMjB3aWxsJTIwcGVyZmVjdGx5JTIwaGlkZSUyMHVuZGVyJTIweW91ciUyMGhpcHMlMkMlMjByZW1haW5pbmclMjBpbnZpc2libGUlMjB1bmRlciUyMHRoZSUyMGdhcm1lbnQlMkMlMjBwcm92aWRpbmclMjBzbW9vdGglMjBsaW5lcyUyMHRoYXQlMjBjb21wbGVtZW50JTIweW91ciUyMGJvZHklMjBzaGFwZS4lMjIlMkMlMjJzZW50ZW5jZSUyMiUzQTYlMkMlMjJjaGlsZFNlbnRlbmNlJTIyJTNBMSU3RCU1RCU3RCUyQyU3QiUyMnR5cGUlMjIlM0ElMjJwYXJhZ3JhcGglMjIlMkMlMjJjaGlsZHJlbiUyMiUzQSU1QiU3QiUyMnRleHQlMjIlM0ElMjIlMjIlMkMlMjJzZW50ZW5jZSUyMiUzQTclMkMlMjJjaGlsZFNlbnRlbmNlJTIyJTNBMSU3RCU1RCU3RCUyQyU3QiUyMnR5cGUlMjIlM0ElMjJwYXJhZ3JhcGglMjIlMkMlMjJjaGlsZHJlbiUyMiUzQSU1QiU3QiUyMnRleHQlMjIlM0ElMjJDT01GT1JUJTIwQU5EJTIwRFVSQUJJTElUWSUzQSUyMEVuc3VyZSUyMGElMjBjb21mb3J0YWJsZSUyMGFuZCUyMGNvbWZvcnRhYmxlJTIwZml0JTIwdGhhdCUyMHJldGFpbnMlMjBpdHMlMjBzaGFwZSUyMGFuZCUyMGVmZmVjdGl2ZW5lc3MlMjBvdmVyJTIwdGltZS4lMjAlMjIlMkMlMjJzZW50ZW5jZSUyMiUzQTglMkMlMjJjaGlsZFNlbnRlbmNlJTIyJTNBMSU3RCUyQyU3QiUyMnRleHQlMjIlM0ElMjJPdXIlMjBoaWdoJTIwd2Fpc3QlMjBzaGFwZXdlYXIlMjBib3R0b21zJTIwd2l0aCUyMHBhZGRlZCUyMGJ1dHRvY2slMjBpcyUyMHN1aXRhYmxlJTIwZm9yJTIwYWxsJTIwb2NjYXNpb25zJTIwYW5kJTIwYWxsJTIwc2Vhc29ucy4lMjAlMjIlMkMlMjJzZW50ZW5jZSUyMiUzQTglMkMlMjJjaGlsZFNlbnRlbmNlJTIyJTNBMiU3RCUyQyU3QiUyMnRleHQlMjIlM0ElMjJXaGV0aGVyJTIwaXQncyUyMGElMjBkcmVzcyUyMG9yJTIwc2xpbS1maXQlMjBqZWFucyUyQyUyMHRoZXkncmUlMjBwZXJmZWN0JTIwdG8lMjBtYXRjaCUyMGFuZCUyMGdpdmUlMjB5b3UlMjBhbiUyMGV4dHJhJTIwY3VydnklMjBsb29rLiUyMiUyQyUyMnNlbnRlbmNlJTIyJTNBOCUyQyUyMmNoaWxkU2VudGVuY2UlMjIlM0EzJTdEJTVEJTdEJTVE\"><span data-slate-node=\"text\"><span class=\"81\" data-slate-leaf=\"true\"><strong>COMODIDAD Y DURABILIDAD:<\/strong> Garantiza un ajuste c\u00f3modo y confortable que conserve su forma y eficacia a lo largo del tiempo. <\/span><\/span><span data-slate-node=\"text\"><span class=\"82\" data-slate-leaf=\"true\">Nuestras bragas moldeadoras de cintura alta con gl\u00fateos acolchados son adecuadas para todas las ocasiones y todas las estaciones. <\/span><\/span><span data-slate-node=\"text\"><span class=\"83\" data-slate-leaf=\"true\">Ya sea un vestido o unos vaqueros ajustados, son perfectos para combinar y darte un aspecto con m\u00e1s curvas.<\/span><\/span><\/li>\n<\/ul>\n<h6><em>Pantalones cortos moldeadores acolchados de cadera de gran tama\u00f1o para mujer<\/em><\/h6>\n<ul>\n<li>Nuestras bragas moldeadoras de cintura alta con gl\u00fateos acolchados combinan estilo, comodidad y funcionalidad a la perfecci\u00f3n. Para los mayoristas que buscan ofrecer soluciones moldeadoras innovadoras, este producto es imprescindible.<\/li>\n<li>Con opciones de personalizaci\u00f3n, una variedad de tama\u00f1os y la promesa de entrega r\u00e1pida, es una valiosa adici\u00f3n a su inventario. Sum\u00e9rgete en el mundo del comercio mayorista con esta pieza excepcional. \u00a1Ordenar hoy!<\/li>\n<\/ul>","protected":false},"excerpt":{"rendered":"<p>Transforma tu silueta con nuestras bragas moldeadoras de cintura alta con gl\u00fateos acolchados, que presentan gl\u00fateos acolchados para una elevaci\u00f3n natural y un dise\u00f1o de malla transpirable para m\u00e1xima comodidad. Perfecta para cualquier conjunto, esta prenda moldeadora redefine tus curvas y garantiza que te mantengas fresca durante todo el d\u00eda.<\/p>","protected":false},"featured_media":4686,"comment_status":"open","ping_status":"closed","template":"","meta":{"site-sidebar-layout":"default","site-content-layout":"default","ast-site-content-layout":"default","site-content-style":"default","site-sidebar-style":"default","ast-global-header-display":"","ast-banner-title-visibility":"","ast-main-header-display":"","ast-hfb-above-header-display":"","ast-hfb-below-header-display":"","ast-hfb-mobile-header-display":"","site-post-title":"","ast-breadcrumbs-content":"","ast-featured-img":"","footer-sml-layout":"","ast-disable-related-posts":"","theme-transparent-header-meta":"default","adv-header-id-meta":"","stick-header-meta":"default","header-above-stick-meta":"","header-main-stick-meta":"","header-below-stick-meta":"","astra-migrate-meta-layouts":"set","ast-page-background-enabled":"default","ast-page-background-meta":{"desktop":{"background-color":"","background-image":"","background-repeat":"repeat","background-position":"center center","background-size":"auto","background-attachment":"scroll","background-type":"","background-media":"","overlay-type":"","overlay-color":"","overlay-opacity":"","overlay-gradient":""},"tablet":{"background-color":"","background-image":"","background-repeat":"repeat","background-position":"center center","background-size":"auto","background-attachment":"scroll","background-type":"","background-media":"","overlay-type":"","overlay-color":"","overlay-opacity":"","overlay-gradient":""},"mobile":{"background-color":"","background-image":"","background-repeat":"repeat","background-position":"center center","background-size":"auto","background-attachment":"scroll","background-type":"","background-media":"","overlay-type":"","overlay-color":"","overlay-opacity":"","overlay-gradient":""}},"ast-content-background-meta":{"desktop":{"background-color":"var(--ast-global-color-5)","background-image":"","background-repeat":"repeat","background-position":"center center","background-size":"auto","background-attachment":"scroll","background-type":"","background-media":"","overlay-type":"","overlay-color":"","overlay-opacity":"","overlay-gradient":""},"tablet":{"background-color":"var(--ast-global-color-5)","background-image":"","background-repeat":"repeat","background-position":"center center","background-size":"auto","background-attachment":"scroll","background-type":"","background-media":"","overlay-type":"","overlay-color":"","overlay-opacity":"","overlay-gradient":""},"mobile":{"background-color":"var(--ast-global-color-5)","background-image":"","background-repeat":"repeat","background-position":"center center","background-size":"auto","background-attachment":"scroll","background-type":"","background-media":"","overlay-type":"","overlay-color":"","overlay-opacity":"","overlay-gradient":""}}},"product_brand":[],"product_cat":[65,76,77,80],"product_tag":[508,136,137,186],"class_list":{"0":"post-4666","1":"product","2":"type-product","3":"status-publish","4":"has-post-thumbnail","6":"product_cat-best-sellers","7":"product_cat-new-arrivels","8":"product_cat-wholesale-womens-shapewear","9":"product_cat-wholesale-butt-lift-underwear","10":"product_tag-bbl-effect","11":"product_tag-bridal","12":"product_tag-butt-lift","13":"product_tag-padded","14":"pa_color-beige","15":"pa_color-black","16":"pa_size-l","17":"pa_size-m","18":"pa_size-s","19":"pa_size-xl","20":"pa_size-xxl","21":"pa_size-xxxl","22":"desktop-align-center","23":"tablet-align-left","24":"mobile-align-left","25":"ast-product-gallery-layout-horizontal-slider","26":"ast-product-single-variable","27":"ast-product-tabs-layout-horizontal","28":"ast-qv-on-image","30":"first","31":"instock","32":"shipping-taxable","33":"purchasable","34":"product-type-variable"},"tiered_pricing_type":"fixed","tiered_pricing_fixed_rules":{"2":4.39,"30":4.09,"500":3.49},"tiered_pricing_product_settings":{"layout":"default","base_unit_name":{"singular":null,"plural":null},"default_variation":{}},"tiered_pricing_minimum_quantity":null,"tiered_pricing_roles_data":[],"tiered_pricing_percentage_rules":[],"_links":{"self":[{"href":"https:\/\/yume-silm.com\/es\/wp-json\/wp\/v2\/product\/4666","targetHints":{"allow":["GET"]}}],"collection":[{"href":"https:\/\/yume-silm.com\/es\/wp-json\/wp\/v2\/product"}],"about":[{"href":"https:\/\/yume-silm.com\/es\/wp-json\/wp\/v2\/types\/product"}],"replies":[{"embeddable":true,"href":"https:\/\/yume-silm.com\/es\/wp-json\/wp\/v2\/comments?post=4666"}],"wp:featuredmedia":[{"embeddable":true,"href":"https:\/\/yume-silm.com\/es\/wp-json\/wp\/v2\/media\/4686"}],"wp:attachment":[{"href":"https:\/\/yume-silm.com\/es\/wp-json\/wp\/v2\/media?parent=4666"}],"wp:term":[{"taxonomy":"product_brand","embeddable":true,"href":"https:\/\/yume-silm.com\/es\/wp-json\/wp\/v2\/product_brand?post=4666"},{"taxonomy":"product_cat","embeddable":true,"href":"https:\/\/yume-silm.com\/es\/wp-json\/wp\/v2\/product_cat?post=4666"},{"taxonomy":"product_tag","embeddable":true,"href":"https:\/\/yume-silm.com\/es\/wp-json\/wp\/v2\/product_tag?post=4666"}],"curies":[{"name":"wp","href":"https:\/\/api.w.org\/{rel}","templated":true}]}}