{"id":4714,"date":"2023-07-25T07:20:25","date_gmt":"2023-07-25T07:20:25","guid":{"rendered":"https:\/\/yume-silm.com\/?post_type=product&#038;p=4714"},"modified":"2026-03-06T12:40:04","modified_gmt":"2026-03-06T12:40:04","slug":"fajas-sin-costuras-de-cintura-alta-entrepierna-abierta-para-comodidad-todo-el-dia","status":"publish","type":"product","link":"https:\/\/yume-silm.com\/es\/producto-2\/fajas-sin-costuras-de-cintura-alta-entrepierna-abierta-para-comodidad-todo-el-dia\/","title":{"rendered":"Pantalones moldeadores posparto de cintura alta sin costuras al por mayor: dise\u00f1o de entrepierna abierta"},"content":{"rendered":"<h5>Caracteristicas de dise\u00f1o<\/h5>\n<ul>\n<li><strong>DISE\u00d1O DE CINTURA ALTA: <\/strong>La ropa interior para levantamiento de gl\u00fateos para mujer proporciona un control total del abdomen y ci\u00f1e la cintura. Crea una silueta elegante y estilizada con facilidad.<\/li>\n<li><strong>CONSTRUCCI\u00d3N INCONS\u00daTIL:<\/strong> Nuestros pantalones cortos ajustados de cintura alta no tienen l\u00edneas visibles, lo que garantiza un ajuste suave con cualquier prenda y realza discretamente tu forma.<\/li>\n<li><strong>Comodidad sin entrepierna:<\/strong> La faja moldeadora de ropa interior para abdominoplastia sin costuras est\u00e1 dise\u00f1ada para brindar un acceso r\u00e1pido y f\u00e1cil al ba\u00f1o.<\/li>\n<li><strong>COMODIDAD TODO EL D\u00cdA:<\/strong> Los pantalones cortos moldeadores de cintura alta est\u00e1n hechos de un material suave y transpirable, lo que garantiza un uso prolongado sin molestias.<\/li>\n<li><strong>FORMA VERS\u00c1TIL:<\/strong> Las prendas moldeadoras diarias de talla grande son perfectas para crear una silueta bien proporcionada debajo de un atuendo profesional o ropa informal.<\/li>\n<\/ul>\n<h6><em>Pantalones cortos moldeadores de cuerpo sin entrepierna sin costuras de cintura alta para mujer<\/em><\/h6>\n<ul>\n<li>Nuestros pantalones moldeadores posparto de cintura alta sin costuras son una combinaci\u00f3n de estilo, comodidad y funcionalidad.<\/li>\n<li>Para los mayoristas que buscan ofrecer productos de primer nivel que resuenen con las \u00faltimas tendencias de la moda, estos pantalones cortos moldeadores de color s\u00f3lido para mujer son imprescindibles.<\/li>\n<li>Con opciones de personalizaci\u00f3n, una variedad de tama\u00f1os y la promesa de entrega r\u00e1pida, es una valiosa adici\u00f3n a su inventario. Sum\u00e9rgete en el mundo del comercio mayorista con esta pieza destacada. \u00a1Ordenar hoy!<\/li>\n<\/ul>","protected":false},"excerpt":{"rendered":"<p>Mejora tu colecci\u00f3n con nuestros pantalones moldeadores posparto de cintura alta sin costuras. Dise\u00f1ada para ofrecer una comodidad suprema y una forma de primer nivel, esta pieza suaviza y esculpe al mismo tiempo que garantiza comodidad durante todo el d\u00eda. Su dise\u00f1o inteligente garantiza una silueta impecable bajo cualquier conjunto.<\/p>","protected":false},"featured_media":4726,"comment_status":"open","ping_status":"closed","template":"","meta":{"site-sidebar-layout":"default","site-content-layout":"default","ast-site-content-layout":"default","site-content-style":"default","site-sidebar-style":"default","ast-global-header-display":"","ast-banner-title-visibility":"","ast-main-header-display":"","ast-hfb-above-header-display":"","ast-hfb-below-header-display":"","ast-hfb-mobile-header-display":"","site-post-title":"","ast-breadcrumbs-content":"","ast-featured-img":"","footer-sml-layout":"","ast-disable-related-posts":"","theme-transparent-header-meta":"default","adv-header-id-meta":"","stick-header-meta":"default","header-above-stick-meta":"","header-main-stick-meta":"","header-below-stick-meta":"","astra-migrate-meta-layouts":"set","ast-page-background-enabled":"default","ast-page-background-meta":{"desktop":{"background-color":"","background-image":"","background-repeat":"repeat","background-position":"center center","background-size":"auto","background-attachment":"scroll","background-type":"","background-media":"","overlay-type":"","overlay-color":"","overlay-opacity":"","overlay-gradient":""},"tablet":{"background-color":"","background-image":"","background-repeat":"repeat","background-position":"center center","background-size":"auto","background-attachment":"scroll","background-type":"","background-media":"","overlay-type":"","overlay-color":"","overlay-opacity":"","overlay-gradient":""},"mobile":{"background-color":"","background-image":"","background-repeat":"repeat","background-position":"center center","background-size":"auto","background-attachment":"scroll","background-type":"","background-media":"","overlay-type":"","overlay-color":"","overlay-opacity":"","overlay-gradient":""}},"ast-content-background-meta":{"desktop":{"background-color":"var(--ast-global-color-5)","background-image":"","background-repeat":"repeat","background-position":"center center","background-size":"auto","background-attachment":"scroll","background-type":"","background-media":"","overlay-type":"","overlay-color":"","overlay-opacity":"","overlay-gradient":""},"tablet":{"background-color":"var(--ast-global-color-5)","background-image":"","background-repeat":"repeat","background-position":"center center","background-size":"auto","background-attachment":"scroll","background-type":"","background-media":"","overlay-type":"","overlay-color":"","overlay-opacity":"","overlay-gradient":""},"mobile":{"background-color":"var(--ast-global-color-5)","background-image":"","background-repeat":"repeat","background-position":"center center","background-size":"auto","background-attachment":"scroll","background-type":"","background-media":"","overlay-type":"","overlay-color":"","overlay-opacity":"","overlay-gradient":""}}},"product_brand":[],"product_cat":[65,77,80],"product_tag":[508,136,139,453],"class_list":{"0":"post-4714","1":"product","2":"type-product","3":"status-publish","4":"has-post-thumbnail","6":"product_cat-best-sellers","7":"product_cat-wholesale-womens-shapewear","8":"product_cat-wholesale-butt-lift-underwear","9":"product_tag-bbl-effect","10":"product_tag-bridal","11":"product_tag-high-waist","12":"product_tag-postpartum-shapewear","13":"pa_color-beige","14":"pa_size-l","15":"pa_size-m","16":"pa_size-s","17":"pa_size-xl","18":"pa_size-xxl","19":"desktop-align-center","20":"tablet-align-left","21":"mobile-align-left","22":"ast-product-gallery-layout-horizontal-slider","23":"ast-product-single-variable","24":"ast-product-tabs-layout-horizontal","25":"ast-qv-on-image","27":"first","28":"instock","29":"shipping-taxable","30":"purchasable","31":"product-type-variable"},"tiered_pricing_type":"fixed","tiered_pricing_fixed_rules":{"2":13.35,"30":12.3,"500":11.3},"tiered_pricing_product_settings":{"layout":"default","base_unit_name":{"singular":null,"plural":null},"default_variation":{}},"tiered_pricing_minimum_quantity":null,"tiered_pricing_roles_data":[],"tiered_pricing_percentage_rules":[],"_links":{"self":[{"href":"https:\/\/yume-silm.com\/es\/wp-json\/wp\/v2\/product\/4714","targetHints":{"allow":["GET"]}}],"collection":[{"href":"https:\/\/yume-silm.com\/es\/wp-json\/wp\/v2\/product"}],"about":[{"href":"https:\/\/yume-silm.com\/es\/wp-json\/wp\/v2\/types\/product"}],"replies":[{"embeddable":true,"href":"https:\/\/yume-silm.com\/es\/wp-json\/wp\/v2\/comments?post=4714"}],"wp:featuredmedia":[{"embeddable":true,"href":"https:\/\/yume-silm.com\/es\/wp-json\/wp\/v2\/media\/4726"}],"wp:attachment":[{"href":"https:\/\/yume-silm.com\/es\/wp-json\/wp\/v2\/media?parent=4714"}],"wp:term":[{"taxonomy":"product_brand","embeddable":true,"href":"https:\/\/yume-silm.com\/es\/wp-json\/wp\/v2\/product_brand?post=4714"},{"taxonomy":"product_cat","embeddable":true,"href":"https:\/\/yume-silm.com\/es\/wp-json\/wp\/v2\/product_cat?post=4714"},{"taxonomy":"product_tag","embeddable":true,"href":"https:\/\/yume-silm.com\/es\/wp-json\/wp\/v2\/product_tag?post=4714"}],"curies":[{"name":"wp","href":"https:\/\/api.w.org\/{rel}","templated":true}]}}