{"id":4752,"date":"2023-07-26T03:10:58","date_gmt":"2023-07-26T03:10:58","guid":{"rendered":"https:\/\/yume-silm.com\/?post_type=product&#038;p=4752"},"modified":"2025-05-26T00:36:38","modified_gmt":"2025-05-26T00:36:38","slug":"pantalon-corto-sin-costuras-cintura-alta-control-barriga","status":"publish","type":"product","link":"https:\/\/yume-silm.com\/es\/producto-2\/pantalon-corto-sin-costuras-cintura-alta-control-barriga\/","title":{"rendered":"Pantal\u00f3n recortado con control de barriga de cintura alta sin costuras al por mayor"},"content":{"rendered":"<h5>Caracteristicas de dise\u00f1o<\/h5>\n<ul>\n<li><strong>CONTROL DE BARRIGA:<\/strong> El dise\u00f1o de cintura alta de la ropa interior para levantamiento de gl\u00fateos para mujer proporciona un excelente control del abdomen y garantiza una apariencia estilizada.<\/li>\n<li><strong>CONSTRUCCI\u00d3N INCONS\u00daTIL:<\/strong> Nuestros pantalones cortos ajustados de cintura alta utilizan tecnolog\u00eda avanzada sin costuras para garantizar un ajuste suave y sin costuras debajo de cualquier prenda.<\/li>\n<li><strong>MATERIAL ALTAMENTE EL\u00c1STICO:<\/strong> Esta ropa interior moldeadora de abdominoplastia sin costuras se adapta a las curvas naturales del cuerpo para garantizar un ajuste c\u00f3modo.<\/li>\n<li><strong>COLORES S\u00d3LIDOS VERS\u00c1TILES:<\/strong> Los pantalones cortos moldeadores de colores s\u00f3lidos est\u00e1n disponibles en beige y negro, y pueden combinarse sin esfuerzo con cualquier top para realzar su atractivo.<\/li>\n<li><strong>DISE\u00d1O DE CORTE FUNCIONAL:<\/strong> El largo de corte moderno proporciona transpirabilidad y libertad de movimiento, lo que hace que el pantal\u00f3n corto sin costuras con control de abdomen y cintura alta sea perfecto para uso casual y deportivo.<\/li>\n<\/ul>\n<h6><em>Leggings de ropa interior moldeadora de color s\u00f3lido de cintura alta para mujer<\/em><\/h6>\n<ul>\n<li>Nuestro pantal\u00f3n corto sin costuras con cintura alta y control de barriga es una combinaci\u00f3n de elegancia, comodidad y funcionalidad. Para los mayoristas que buscan ofrecer productos de primer nivel que resuenen con las \u00faltimas tendencias de la moda, este pantal\u00f3n es imprescindible. Sus caracter\u00edsticas y beneficios \u00fanicos lo convierten en una valiosa adici\u00f3n a cualquier inventario. Sum\u00e9rgete en el mundo del comercio mayorista con esta pieza destacada. \u00a1Ordenar hoy!<\/li>\n<\/ul>","protected":false},"excerpt":{"rendered":"<p>Descubra nuestro pantal\u00f3n corto sin costuras con control de barriga y cintura alta, el ep\u00edtome del estilo y la funcionalidad. Confeccionados con tejido muy el\u00e1stico, estos pantalones ofrecen una silueta favorecedora y una comodidad incomparable. Disponibles en colores s\u00f3lidos, son una adici\u00f3n vers\u00e1til a cualquier guardarropa.<\/p>","protected":false},"featured_media":4765,"comment_status":"open","ping_status":"closed","template":"","meta":{"site-sidebar-layout":"default","site-content-layout":"default","ast-site-content-layout":"default","site-content-style":"default","site-sidebar-style":"default","ast-global-header-display":"","ast-banner-title-visibility":"","ast-main-header-display":"","ast-hfb-above-header-display":"","ast-hfb-below-header-display":"","ast-hfb-mobile-header-display":"","site-post-title":"","ast-breadcrumbs-content":"","ast-featured-img":"","footer-sml-layout":"","ast-disable-related-posts":"","theme-transparent-header-meta":"default","adv-header-id-meta":"","stick-header-meta":"default","header-above-stick-meta":"","header-main-stick-meta":"","header-below-stick-meta":"","astra-migrate-meta-layouts":"set","ast-page-background-enabled":"default","ast-page-background-meta":{"desktop":{"background-color":"","background-image":"","background-repeat":"repeat","background-position":"center center","background-size":"auto","background-attachment":"scroll","background-type":"","background-media":"","overlay-type":"","overlay-color":"","overlay-opacity":"","overlay-gradient":""},"tablet":{"background-color":"","background-image":"","background-repeat":"repeat","background-position":"center center","background-size":"auto","background-attachment":"scroll","background-type":"","background-media":"","overlay-type":"","overlay-color":"","overlay-opacity":"","overlay-gradient":""},"mobile":{"background-color":"","background-image":"","background-repeat":"repeat","background-position":"center center","background-size":"auto","background-attachment":"scroll","background-type":"","background-media":"","overlay-type":"","overlay-color":"","overlay-opacity":"","overlay-gradient":""}},"ast-content-background-meta":{"desktop":{"background-color":"var(--ast-global-color-5)","background-image":"","background-repeat":"repeat","background-position":"center center","background-size":"auto","background-attachment":"scroll","background-type":"","background-media":"","overlay-type":"","overlay-color":"","overlay-opacity":"","overlay-gradient":""},"tablet":{"background-color":"var(--ast-global-color-5)","background-image":"","background-repeat":"repeat","background-position":"center center","background-size":"auto","background-attachment":"scroll","background-type":"","background-media":"","overlay-type":"","overlay-color":"","overlay-opacity":"","overlay-gradient":""},"mobile":{"background-color":"var(--ast-global-color-5)","background-image":"","background-repeat":"repeat","background-position":"center center","background-size":"auto","background-attachment":"scroll","background-type":"","background-media":"","overlay-type":"","overlay-color":"","overlay-opacity":"","overlay-gradient":""}}},"product_brand":[],"product_cat":[65,76,77,79,80],"product_tag":[508,151,139],"class_list":{"0":"post-4752","1":"product","2":"type-product","3":"status-publish","4":"has-post-thumbnail","6":"product_cat-best-sellers","7":"product_cat-new-arrivels","8":"product_cat-wholesale-womens-shapewear","9":"product_cat-wholesale-seemless-shaperwear","10":"product_cat-wholesale-butt-lift-underwear","11":"product_tag-bbl-effect","12":"product_tag-double-compression","13":"product_tag-high-waist","14":"pa_color-beige","15":"pa_color-black","16":"pa_size-m-l","17":"pa_size-xl-xxl","18":"desktop-align-center","19":"tablet-align-left","20":"mobile-align-left","21":"ast-product-gallery-layout-horizontal-slider","22":"ast-product-single-variable","23":"ast-product-tabs-layout-horizontal","24":"ast-qv-on-image","26":"first","27":"instock","28":"shipping-taxable","29":"purchasable","30":"product-type-variable"},"tiered_pricing_type":"fixed","tiered_pricing_fixed_rules":{"2":4.49,"30":4.09,"500":3.49},"tiered_pricing_product_settings":{"layout":"default","base_unit_name":{"singular":null,"plural":null},"default_variation":{}},"tiered_pricing_minimum_quantity":null,"tiered_pricing_roles_data":[],"tiered_pricing_percentage_rules":[],"_links":{"self":[{"href":"https:\/\/yume-silm.com\/es\/wp-json\/wp\/v2\/product\/4752","targetHints":{"allow":["GET"]}}],"collection":[{"href":"https:\/\/yume-silm.com\/es\/wp-json\/wp\/v2\/product"}],"about":[{"href":"https:\/\/yume-silm.com\/es\/wp-json\/wp\/v2\/types\/product"}],"replies":[{"embeddable":true,"href":"https:\/\/yume-silm.com\/es\/wp-json\/wp\/v2\/comments?post=4752"}],"wp:featuredmedia":[{"embeddable":true,"href":"https:\/\/yume-silm.com\/es\/wp-json\/wp\/v2\/media\/4765"}],"wp:attachment":[{"href":"https:\/\/yume-silm.com\/es\/wp-json\/wp\/v2\/media?parent=4752"}],"wp:term":[{"taxonomy":"product_brand","embeddable":true,"href":"https:\/\/yume-silm.com\/es\/wp-json\/wp\/v2\/product_brand?post=4752"},{"taxonomy":"product_cat","embeddable":true,"href":"https:\/\/yume-silm.com\/es\/wp-json\/wp\/v2\/product_cat?post=4752"},{"taxonomy":"product_tag","embeddable":true,"href":"https:\/\/yume-silm.com\/es\/wp-json\/wp\/v2\/product_tag?post=4752"}],"curies":[{"name":"wp","href":"https:\/\/api.w.org\/{rel}","templated":true}]}}