{"id":4767,"date":"2023-07-26T03:39:23","date_gmt":"2023-07-26T03:39:23","guid":{"rendered":"https:\/\/yume-silm.com\/?post_type=product&#038;p=4767"},"modified":"2024-11-06T02:07:36","modified_gmt":"2024-11-06T02:07:36","slug":"shorts-pantalones-cortos-con-malla-transpirable-de-cintura-alta-de-levantamiento-cruzado","status":"publish","type":"product","link":"https:\/\/yume-silm.com\/es\/producto-2\/shorts-pantalones-cortos-con-malla-transpirable-de-cintura-alta-de-levantamiento-cruzado\/","title":{"rendered":"Pantalones cortos moldeadores de cintura alta al por mayor: Dise\u00f1o de elevaci\u00f3n cruzada"},"content":{"rendered":"<h5>Caracteristicas de dise\u00f1o<\/h5>\n<ul>\n<li><strong>EFECTO BBL:<\/strong> La silueta estilizada de los pantalones cortos moldeadores proporciona un excelente control del abdomen, realza la cadera y moldea las piernas.<\/li>\n<li><strong>TECNOLOG\u00cdA DE ELEVACI\u00d3N CRUZADA:<\/strong> El dise\u00f1o cruzado de la ropa interior para levantamiento de gl\u00fateos para mujer con compresi\u00f3n eficiente acelera el logro de un efecto adelgazante, levantando y dando forma efectiva a los gl\u00fateos para revelar una figura m\u00e1s atractiva.<\/li>\n<li><strong>CADERAS DE MALLA TRANSPIRABLE:<\/strong> El dise\u00f1o acogedor de los pantalones cortos de cintura alta que ajustan la barriga en las caderas proporciona una transpirabilidad \u00f3ptima y garantiza comodidad durante todo el d\u00eda, incluso en climas m\u00e1s c\u00e1lidos.<\/li>\n<li><strong>COMODIDAD Y MOVIMIENTO:<\/strong> La faja moldeadora de ropa interior para abdominoplastia sin costuras ofrece triple compresi\u00f3n para obtener resultados BBL instant\u00e1neos. Al mismo tiempo, logra el equilibrio perfecto entre compresi\u00f3n y comodidad, permitiendo libertad de movimiento sin comprometer el efecto moldeador.<\/li>\n<li><strong>MODA Y VERS\u00c1TIL:<\/strong> Los pantalones cortos moldeadores de cintura alta combinan f\u00e1cilmente con jeans, vestidos bonitos y m\u00e1s. Cualquier viaje al aire libre o traslado en la rutina de trabajo o para participar en una variedad de fiestas, reuniones, etc. Todo te har\u00e1 sentir lleno de confianza y comodidad incomparable.<\/li>\n<\/ul>\n<h6><em>Shorts moldeadores de malla de talle alto para mujer con dise\u00f1o cruzado<\/em><\/h6>\n<ul>\n<li>Nuestros pantalones cortos moldeadores de cintura alta con elevaci\u00f3n cruzada son una combinaci\u00f3n de innovaci\u00f3n, estilo y comodidad. Para los mayoristas que buscan ofrecer soluciones moldeadoras de primer nivel, este producto es imprescindible. Sum\u00e9rgete en el mundo del comercio mayorista con esta pieza destacada. \u00a1Ordenar hoy!<\/li>\n<\/ul>","protected":false},"excerpt":{"rendered":"<p>Gana confianza con nuestros pantalones cortos moldeadores de cintura alta. Meticulosamente dise\u00f1ado con tecnolog\u00eda cross-lift y malla transpirable.<br \/>\nEstos pantalones cortos moldeadores de cintura alta con elevaci\u00f3n cruzada brindan comodidad y al mismo tiempo brindan a sus clientas una silueta esculpida.<\/p>","protected":false},"featured_media":4806,"comment_status":"open","ping_status":"closed","template":"","meta":{"site-sidebar-layout":"default","site-content-layout":"default","ast-site-content-layout":"default","site-content-style":"default","site-sidebar-style":"default","ast-global-header-display":"","ast-banner-title-visibility":"","ast-main-header-display":"","ast-hfb-above-header-display":"","ast-hfb-below-header-display":"","ast-hfb-mobile-header-display":"","site-post-title":"","ast-breadcrumbs-content":"","ast-featured-img":"","footer-sml-layout":"","ast-disable-related-posts":"","theme-transparent-header-meta":"default","adv-header-id-meta":"","stick-header-meta":"default","header-above-stick-meta":"","header-main-stick-meta":"","header-below-stick-meta":"","astra-migrate-meta-layouts":"set","ast-page-background-enabled":"default","ast-page-background-meta":{"desktop":{"background-color":"","background-image":"","background-repeat":"repeat","background-position":"center center","background-size":"auto","background-attachment":"scroll","background-type":"","background-media":"","overlay-type":"","overlay-color":"","overlay-opacity":"","overlay-gradient":""},"tablet":{"background-color":"","background-image":"","background-repeat":"repeat","background-position":"center center","background-size":"auto","background-attachment":"scroll","background-type":"","background-media":"","overlay-type":"","overlay-color":"","overlay-opacity":"","overlay-gradient":""},"mobile":{"background-color":"","background-image":"","background-repeat":"repeat","background-position":"center center","background-size":"auto","background-attachment":"scroll","background-type":"","background-media":"","overlay-type":"","overlay-color":"","overlay-opacity":"","overlay-gradient":""}},"ast-content-background-meta":{"desktop":{"background-color":"var(--ast-global-color-5)","background-image":"","background-repeat":"repeat","background-position":"center center","background-size":"auto","background-attachment":"scroll","background-type":"","background-media":"","overlay-type":"","overlay-color":"","overlay-opacity":"","overlay-gradient":""},"tablet":{"background-color":"var(--ast-global-color-5)","background-image":"","background-repeat":"repeat","background-position":"center center","background-size":"auto","background-attachment":"scroll","background-type":"","background-media":"","overlay-type":"","overlay-color":"","overlay-opacity":"","overlay-gradient":""},"mobile":{"background-color":"var(--ast-global-color-5)","background-image":"","background-repeat":"repeat","background-position":"center center","background-size":"auto","background-attachment":"scroll","background-type":"","background-media":"","overlay-type":"","overlay-color":"","overlay-opacity":"","overlay-gradient":""}}},"product_brand":[],"product_cat":[65,76,77,80],"product_tag":[508,136,151,139],"class_list":{"0":"post-4767","1":"product","2":"type-product","3":"status-publish","4":"has-post-thumbnail","6":"product_cat-best-sellers","7":"product_cat-new-arrivels","8":"product_cat-wholesale-womens-shapewear","9":"product_cat-wholesale-butt-lift-underwear","10":"product_tag-bbl-effect","11":"product_tag-bridal","12":"product_tag-double-compression","13":"product_tag-high-waist","14":"pa_color-beige","15":"pa_color-beige-with-lace","16":"pa_color-black","17":"pa_color-black-with-lace","18":"pa_size-l","19":"pa_size-m","20":"pa_size-s","21":"pa_size-xl","22":"desktop-align-center","23":"tablet-align-left","24":"mobile-align-left","25":"ast-product-gallery-layout-horizontal-slider","26":"ast-product-single-variable","27":"ast-product-tabs-layout-horizontal","28":"ast-qv-on-image","30":"first","31":"instock","32":"shipping-taxable","33":"purchasable","34":"product-type-variable"},"tiered_pricing_type":"fixed","tiered_pricing_fixed_rules":{"2":4.69,"30":4.39,"100":3.59},"tiered_pricing_product_settings":{"layout":"default","base_unit_name":{"singular":null,"plural":null},"default_variation":{}},"tiered_pricing_minimum_quantity":null,"tiered_pricing_roles_data":[],"tiered_pricing_percentage_rules":[],"_links":{"self":[{"href":"https:\/\/yume-silm.com\/es\/wp-json\/wp\/v2\/product\/4767","targetHints":{"allow":["GET"]}}],"collection":[{"href":"https:\/\/yume-silm.com\/es\/wp-json\/wp\/v2\/product"}],"about":[{"href":"https:\/\/yume-silm.com\/es\/wp-json\/wp\/v2\/types\/product"}],"replies":[{"embeddable":true,"href":"https:\/\/yume-silm.com\/es\/wp-json\/wp\/v2\/comments?post=4767"}],"wp:featuredmedia":[{"embeddable":true,"href":"https:\/\/yume-silm.com\/es\/wp-json\/wp\/v2\/media\/4806"}],"wp:attachment":[{"href":"https:\/\/yume-silm.com\/es\/wp-json\/wp\/v2\/media?parent=4767"}],"wp:term":[{"taxonomy":"product_brand","embeddable":true,"href":"https:\/\/yume-silm.com\/es\/wp-json\/wp\/v2\/product_brand?post=4767"},{"taxonomy":"product_cat","embeddable":true,"href":"https:\/\/yume-silm.com\/es\/wp-json\/wp\/v2\/product_cat?post=4767"},{"taxonomy":"product_tag","embeddable":true,"href":"https:\/\/yume-silm.com\/es\/wp-json\/wp\/v2\/product_tag?post=4767"}],"curies":[{"name":"wp","href":"https:\/\/api.w.org\/{rel}","templated":true}]}}