{"id":4813,"date":"2023-07-29T06:24:46","date_gmt":"2023-07-29T06:24:46","guid":{"rendered":"https:\/\/yume-silm.com\/?post_type=product&#038;p=4813"},"modified":"2024-11-06T02:07:28","modified_gmt":"2024-11-06T02:07:28","slug":"pantalon-moldeador-boxer-sin-costuras-de-cintura-alta","status":"publish","type":"product","link":"https:\/\/yume-silm.com\/es\/producto-2\/pantalon-moldeador-boxer-sin-costuras-de-cintura-alta\/","title":{"rendered":"Fajas Boxer Sin Costuras De Cintura Alta al por mayor"},"content":{"rendered":"<h5>Caracteristicas de dise\u00f1o<\/h5>\n<ul>\n<li><strong>DISE\u00d1O DEL CONTROLADOR DE TUMMY DE CINTURA ALTA:<\/strong> El dise\u00f1o de cintura alta de los pantalones cortos ajustados de barriga de cintura alta puede controlar eficazmente la curva de la barriga y crear una silueta perfecta de la barriga.<\/li>\n<li><strong>DISE\u00d1O INCONS\u00daTIL:<\/strong> La ropa interior moldeadora de abdominoplastia sin costuras garantiza una apariencia suave debajo de cualquier atuendo, eliminando las antiest\u00e9ticas l\u00edneas de los pantalones y aumentando la confianza.<\/li>\n<li><strong>ALTA ELASTICIDAD:<\/strong> Esta ropa interior para levantamiento de gl\u00fateos para mujer est\u00e1 hecha de tela muy el\u00e1stica con elasticidad y adaptabilidad c\u00f3moda para garantizar comodidad durante todo el d\u00eda.<\/li>\n<li><strong>TEJIDO TRANSPIRABLE:<\/strong> Nuestro calzoncillo b\u00f3xer adelgazante est\u00e1 fabricado con materiales que promueven la circulaci\u00f3n del aire para mantenerte fresco y seco. Proporciona comodidad incluso cuando haces ejercicio.<\/li>\n<li><strong>FORMA DIARIA:<\/strong> Perfecto para el uso diario, este pantal\u00f3n b\u00f3xer moldeador sin costuras de cintura alta logra el equilibrio perfecto entre comodidad y control. Ya sea que est\u00e9 en un viaje diario, en el trabajo o asistiendo a una fiesta, se sentir\u00e1 seguro.<\/li>\n<\/ul>\n<h6><em>Pantalones cortos ajustados abdominales de cintura alta sin costuras para mujer<\/em><\/h6>\n<ul>\n<li>Nuestro pantal\u00f3n b\u00f3xer moldeador sin costuras de cintura alta es una combinaci\u00f3n de estilo, comodidad y funcionalidad. Para los mayoristas que buscan ofrecer soluciones moldeadoras de primer nivel, este producto es imprescindible. Sum\u00e9rgete en el mundo del comercio mayorista con esta pieza excepcional. \u00a1Ordenar hoy!<\/li>\n<\/ul>","protected":false},"excerpt":{"rendered":"<p>Entre en confianza con nuestro pantal\u00f3n b\u00f3xer sin costuras de cintura alta. Meticulosamente elaborado para el control de la barriga y la transpirabilidad, este pantal\u00f3n moldeador ofrece una silueta sin costuras, lo que garantiza que sus clientas se sientan y luzcan lo mejor posible.<\/p>","protected":false},"featured_media":4818,"comment_status":"open","ping_status":"closed","template":"","meta":{"site-sidebar-layout":"default","site-content-layout":"default","ast-site-content-layout":"default","site-content-style":"default","site-sidebar-style":"default","ast-global-header-display":"","ast-banner-title-visibility":"","ast-main-header-display":"","ast-hfb-above-header-display":"","ast-hfb-below-header-display":"","ast-hfb-mobile-header-display":"","site-post-title":"","ast-breadcrumbs-content":"","ast-featured-img":"","footer-sml-layout":"","ast-disable-related-posts":"","theme-transparent-header-meta":"default","adv-header-id-meta":"","stick-header-meta":"default","header-above-stick-meta":"","header-main-stick-meta":"","header-below-stick-meta":"","astra-migrate-meta-layouts":"set","ast-page-background-enabled":"default","ast-page-background-meta":{"desktop":{"background-color":"","background-image":"","background-repeat":"repeat","background-position":"center center","background-size":"auto","background-attachment":"scroll","background-type":"","background-media":"","overlay-type":"","overlay-color":"","overlay-opacity":"","overlay-gradient":""},"tablet":{"background-color":"","background-image":"","background-repeat":"repeat","background-position":"center center","background-size":"auto","background-attachment":"scroll","background-type":"","background-media":"","overlay-type":"","overlay-color":"","overlay-opacity":"","overlay-gradient":""},"mobile":{"background-color":"","background-image":"","background-repeat":"repeat","background-position":"center center","background-size":"auto","background-attachment":"scroll","background-type":"","background-media":"","overlay-type":"","overlay-color":"","overlay-opacity":"","overlay-gradient":""}},"ast-content-background-meta":{"desktop":{"background-color":"var(--ast-global-color-5)","background-image":"","background-repeat":"repeat","background-position":"center center","background-size":"auto","background-attachment":"scroll","background-type":"","background-media":"","overlay-type":"","overlay-color":"","overlay-opacity":"","overlay-gradient":""},"tablet":{"background-color":"var(--ast-global-color-5)","background-image":"","background-repeat":"repeat","background-position":"center center","background-size":"auto","background-attachment":"scroll","background-type":"","background-media":"","overlay-type":"","overlay-color":"","overlay-opacity":"","overlay-gradient":""},"mobile":{"background-color":"var(--ast-global-color-5)","background-image":"","background-repeat":"repeat","background-position":"center center","background-size":"auto","background-attachment":"scroll","background-type":"","background-media":"","overlay-type":"","overlay-color":"","overlay-opacity":"","overlay-gradient":""}}},"product_brand":[],"product_cat":[65,76,77,80],"product_tag":[153,136,137,139],"class_list":{"0":"post-4813","1":"product","2":"type-product","3":"status-publish","4":"has-post-thumbnail","6":"product_cat-best-sellers","7":"product_cat-new-arrivels","8":"product_cat-wholesale-womens-shapewear","9":"product_cat-wholesale-butt-lift-underwear","10":"product_tag-boned","11":"product_tag-bridal","12":"product_tag-butt-lift","13":"product_tag-high-waist","14":"pa_color-black","15":"pa_size-m","16":"pa_size-s","17":"desktop-align-center","18":"tablet-align-left","19":"mobile-align-left","20":"ast-product-gallery-layout-horizontal-slider","21":"ast-product-single-variable","22":"ast-product-tabs-layout-horizontal","23":"ast-qv-on-image","25":"first","26":"instock","27":"shipping-taxable","28":"purchasable","29":"product-type-variable"},"tiered_pricing_type":"fixed","tiered_pricing_fixed_rules":{"2":3.39,"30":3.09,"500":2.59},"tiered_pricing_product_settings":{"layout":"default","base_unit_name":{"singular":null,"plural":null},"default_variation":{}},"tiered_pricing_minimum_quantity":null,"tiered_pricing_roles_data":[],"tiered_pricing_percentage_rules":[],"_links":{"self":[{"href":"https:\/\/yume-silm.com\/es\/wp-json\/wp\/v2\/product\/4813","targetHints":{"allow":["GET"]}}],"collection":[{"href":"https:\/\/yume-silm.com\/es\/wp-json\/wp\/v2\/product"}],"about":[{"href":"https:\/\/yume-silm.com\/es\/wp-json\/wp\/v2\/types\/product"}],"replies":[{"embeddable":true,"href":"https:\/\/yume-silm.com\/es\/wp-json\/wp\/v2\/comments?post=4813"}],"wp:featuredmedia":[{"embeddable":true,"href":"https:\/\/yume-silm.com\/es\/wp-json\/wp\/v2\/media\/4818"}],"wp:attachment":[{"href":"https:\/\/yume-silm.com\/es\/wp-json\/wp\/v2\/media?parent=4813"}],"wp:term":[{"taxonomy":"product_brand","embeddable":true,"href":"https:\/\/yume-silm.com\/es\/wp-json\/wp\/v2\/product_brand?post=4813"},{"taxonomy":"product_cat","embeddable":true,"href":"https:\/\/yume-silm.com\/es\/wp-json\/wp\/v2\/product_cat?post=4813"},{"taxonomy":"product_tag","embeddable":true,"href":"https:\/\/yume-silm.com\/es\/wp-json\/wp\/v2\/product_tag?post=4813"}],"curies":[{"name":"wp","href":"https:\/\/api.w.org\/{rel}","templated":true}]}}