{"id":4825,"date":"2023-07-29T06:45:34","date_gmt":"2023-07-29T06:45:34","guid":{"rendered":"https:\/\/yume-silm.com\/?post_type=product&#038;p=4825"},"modified":"2025-05-26T00:36:25","modified_gmt":"2025-05-26T00:36:25","slug":"boxer-con-control-de-barriga","status":"publish","type":"product","link":"https:\/\/yume-silm.com\/es\/producto-2\/boxer-con-control-de-barriga\/","title":{"rendered":"Pantalones cortos moldeadores de cintura alta al por mayor: Ultimate Tummy Control"},"content":{"rendered":"<h5>Caracteristicas de dise\u00f1o<\/h5>\n<ul>\n<li><strong>TOMA DE BARRIGA DE CINTURA ALTA:<\/strong> La cintura alta de los elegantes pantalones cortos tipo leggings de color s\u00f3lido realza las curvas naturales para una silueta favorecedora debajo de cualquier atuendo.<\/li>\n<li><strong>COMPRESI\u00d3N ROSCADA:<\/strong> Nuestra faja moldeadora de muslos de cintura alta sin costuras utiliza una innovadora tecnolog\u00eda de compresi\u00f3n roscada. Esculpe el cuerpo de forma natural y garantiza una apariencia estilizada.<\/li>\n<li><strong>TELA SEDOSA DE LUJO:<\/strong> El tejido sedoso de esta ropa interior moldeadora de vientre de cintura alta proporciona una comodidad incomparable, amold\u00e1ndose suavemente a la piel sin comprometer la forma.<\/li>\n<li><strong>CAMISA FORMA VERS\u00c1TIL:<\/strong> Desde hermosos vestidos hasta jeans y ropa casual, elige este cors\u00e9 con control de barriga sin miedo a la talla, con una amplia gama de tallas para elegir. Obtenga una confianza natural y hermosa con facilidad.<\/li>\n<li><strong>DE LARGA DURACI\u00d3N:<\/strong> Nuestros pantalones cortos moldeadores y control de barriga de talla grande se mantienen en forma incluso con el uso regular, lo que los convierte en una excelente adici\u00f3n a su armario. \u00a1Comience su viaje al por mayor de fajas diarias!<\/li>\n<\/ul>\n<h6><em>Faja moldeadora de cintura alta para mujer, levantador de gl\u00fateos, ropa moldeadora diaria<\/em><\/h6>\n<ul>\n<li>Nuestros pantalones cortos moldeadores de cintura alta son una combinaci\u00f3n de lujo, comodidad y funcionalidad. Para los mayoristas que buscan ofrecer soluciones moldeadoras de primera calidad, este producto es imprescindible. Sum\u00e9rgete en el mundo del comercio mayorista con esta pieza excepcional. \u00a1Ordenar hoy!<\/li>\n<\/ul>","protected":false},"excerpt":{"rendered":"<p>Mejora tu colecci\u00f3n de prendas moldeadoras con nuestros pantalones cortos moldeadores de cintura alta. Dise\u00f1ado con un control superior del abdomen y compresi\u00f3n de hilos, este b\u00f3xer garantiza una silueta sin costuras y al mismo tiempo ofrece el lujo de una tela sedosa para comodidad durante todo el d\u00eda.<\/p>","protected":false},"featured_media":4842,"comment_status":"open","ping_status":"closed","template":"","meta":{"site-sidebar-layout":"default","site-content-layout":"default","ast-site-content-layout":"default","site-content-style":"default","site-sidebar-style":"default","ast-global-header-display":"","ast-banner-title-visibility":"","ast-main-header-display":"","ast-hfb-above-header-display":"","ast-hfb-below-header-display":"","ast-hfb-mobile-header-display":"","site-post-title":"","ast-breadcrumbs-content":"","ast-featured-img":"","footer-sml-layout":"","ast-disable-related-posts":"","theme-transparent-header-meta":"default","adv-header-id-meta":"","stick-header-meta":"default","header-above-stick-meta":"","header-main-stick-meta":"","header-below-stick-meta":"","astra-migrate-meta-layouts":"set","ast-page-background-enabled":"default","ast-page-background-meta":{"desktop":{"background-color":"","background-image":"","background-repeat":"repeat","background-position":"center center","background-size":"auto","background-attachment":"scroll","background-type":"","background-media":"","overlay-type":"","overlay-color":"","overlay-opacity":"","overlay-gradient":""},"tablet":{"background-color":"","background-image":"","background-repeat":"repeat","background-position":"center center","background-size":"auto","background-attachment":"scroll","background-type":"","background-media":"","overlay-type":"","overlay-color":"","overlay-opacity":"","overlay-gradient":""},"mobile":{"background-color":"","background-image":"","background-repeat":"repeat","background-position":"center center","background-size":"auto","background-attachment":"scroll","background-type":"","background-media":"","overlay-type":"","overlay-color":"","overlay-opacity":"","overlay-gradient":""}},"ast-content-background-meta":{"desktop":{"background-color":"var(--ast-global-color-5)","background-image":"","background-repeat":"repeat","background-position":"center center","background-size":"auto","background-attachment":"scroll","background-type":"","background-media":"","overlay-type":"","overlay-color":"","overlay-opacity":"","overlay-gradient":""},"tablet":{"background-color":"var(--ast-global-color-5)","background-image":"","background-repeat":"repeat","background-position":"center center","background-size":"auto","background-attachment":"scroll","background-type":"","background-media":"","overlay-type":"","overlay-color":"","overlay-opacity":"","overlay-gradient":""},"mobile":{"background-color":"var(--ast-global-color-5)","background-image":"","background-repeat":"repeat","background-position":"center center","background-size":"auto","background-attachment":"scroll","background-type":"","background-media":"","overlay-type":"","overlay-color":"","overlay-opacity":"","overlay-gradient":""}}},"product_brand":[],"product_cat":[65,77,79,80],"product_tag":[136,137,514,151,139,513],"class_list":{"0":"post-4825","1":"product","2":"type-product","3":"status-publish","4":"has-post-thumbnail","6":"product_cat-best-sellers","7":"product_cat-wholesale-womens-shapewear","8":"product_cat-wholesale-seemless-shaperwear","9":"product_cat-wholesale-butt-lift-underwear","10":"product_tag-bridal","11":"product_tag-butt-lift","12":"product_tag-daily","13":"product_tag-double-compression","14":"product_tag-high-waist","15":"product_tag-short","16":"pa_color-beige","17":"pa_color-black","18":"pa_size-3xl-4xl","19":"pa_size-m-l","20":"pa_size-s","21":"pa_size-xl-xxl","22":"desktop-align-center","23":"tablet-align-left","24":"mobile-align-left","25":"ast-product-gallery-layout-horizontal-slider","26":"ast-product-single-variable","27":"ast-product-tabs-layout-horizontal","28":"ast-qv-on-image","30":"first","31":"instock","32":"shipping-taxable","33":"purchasable","34":"product-type-variable"},"tiered_pricing_type":"fixed","tiered_pricing_fixed_rules":{"2":3.59,"30":3.29,"500":2.79},"tiered_pricing_product_settings":{"layout":"default","base_unit_name":{"singular":null,"plural":null},"default_variation":{}},"tiered_pricing_minimum_quantity":null,"tiered_pricing_roles_data":[],"tiered_pricing_percentage_rules":[],"_links":{"self":[{"href":"https:\/\/yume-silm.com\/es\/wp-json\/wp\/v2\/product\/4825","targetHints":{"allow":["GET"]}}],"collection":[{"href":"https:\/\/yume-silm.com\/es\/wp-json\/wp\/v2\/product"}],"about":[{"href":"https:\/\/yume-silm.com\/es\/wp-json\/wp\/v2\/types\/product"}],"replies":[{"embeddable":true,"href":"https:\/\/yume-silm.com\/es\/wp-json\/wp\/v2\/comments?post=4825"}],"wp:featuredmedia":[{"embeddable":true,"href":"https:\/\/yume-silm.com\/es\/wp-json\/wp\/v2\/media\/4842"}],"wp:attachment":[{"href":"https:\/\/yume-silm.com\/es\/wp-json\/wp\/v2\/media?parent=4825"}],"wp:term":[{"taxonomy":"product_brand","embeddable":true,"href":"https:\/\/yume-silm.com\/es\/wp-json\/wp\/v2\/product_brand?post=4825"},{"taxonomy":"product_cat","embeddable":true,"href":"https:\/\/yume-silm.com\/es\/wp-json\/wp\/v2\/product_cat?post=4825"},{"taxonomy":"product_tag","embeddable":true,"href":"https:\/\/yume-silm.com\/es\/wp-json\/wp\/v2\/product_tag?post=4825"}],"curies":[{"name":"wp","href":"https:\/\/api.w.org\/{rel}","templated":true}]}}