{"id":4845,"date":"2023-07-30T03:39:26","date_gmt":"2023-07-30T03:39:26","guid":{"rendered":"https:\/\/yume-silm.com\/?post_type=product&#038;p=4845"},"modified":"2025-06-06T05:48:24","modified_gmt":"2025-06-06T05:48:24","slug":"mono-de-cuerpo-entero-elegante-con-puntillas-con-control-de-barriga","status":"publish","type":"product","link":"https:\/\/yume-silm.com\/es\/producto-2\/mono-de-cuerpo-entero-elegante-con-puntillas-con-control-de-barriga\/","title":{"rendered":"Venta al por mayor elegante mono corto con forma de cuerpo completo con cremallera"},"content":{"rendered":"<h5><span data-slate-fragment=\"JTVCJTdCJTIydHlwZSUyMiUzQSUyMnBhcmFncmFwaCUyMiUyQyUyMmNoaWxkcmVuJTIyJTNBJTVCJTdCJTIydGV4dCUyMiUzQSUyMkRlc2lnbiUyMGZlYXR1cmVzJTIyJTJDJTIyc2VudGVuY2UlMjIlM0ExJTJDJTIyY2hpbGRTZW50ZW5jZSUyMiUzQTElN0QlNUQlN0QlNUQ=\">Caracteristicas de dise\u00f1o<\/span><\/h5>\n<ul>\n<li><strong>DISE\u00d1O DE CREMALLERA DE TRES PECHOS:<\/strong> El mono moldeador de cuerpo con cremallera abierta en la entrepierna adopta un dise\u00f1o avanzado de cremallera de tres botonadura. Convenientemente le permite ajustar seg\u00fan su nivel de comodidad. Garantiza un ajuste personalizado, perfecto para todo tipo de cuerpo.<\/li>\n<li><strong>LEVANTAMIENTO DE ABDOMINALES Y CADERA:<\/strong> Cree que estos pantalones de cadera con control de cintura te ayudan a promover el ejercicio y sudar m\u00e1s para lograr tus curvas ideales. Porque nuestro cors\u00e9 de talla grande ayuda a aplanar el abdomen, encoger la cintura, sostener la espalda, mejorar la postura y ayudar en la recuperaci\u00f3n posparto.<\/li>\n<li><strong>CONVENIENCIA EN LA ENTREPIEZA:<\/strong> Abordar la conveniencia f\u00edsica de las mujeres. Hemos dise\u00f1ado cuidadosamente este body moldeador con entrepierna abierta. Garantizando la practicidad de uso prolongado.<\/li>\n<li><strong>CORREAS ANCHAS DE UNA PIEZA:<\/strong> Nuestras fajas de tirantes anchos brindan un fuerte soporte sin sacrificar la comodidad y garantizan una apariencia perfecta. Llevar el mono de compresi\u00f3n m\u00e1s delgado que moldea el cuerpo para todo tipo de entrenamientos es completamente libre de estr\u00e9s. Tambi\u00e9n se puede llevar debajo de una falda o unos vaqueros, sin costuras y muy c\u00f3modo.<\/li>\n<li><strong>ELEGANCIA CON TIEMPO DE ENCAJE:<\/strong> Los delicados pu\u00f1os adornados con encaje a\u00f1aden un toque de elegancia y feminidad. \u00a1Enriquece tu armario con este vers\u00e1til body con forma de cuerpo completo!<\/li>\n<li><strong>S\u00daPER EL\u00c1STICO Y MULTIFUNCIONAL:<\/strong> Este mono corto moldeador de cuerpo completo con cremallera est\u00e1 hecho de tela s\u00faper el\u00e1stica, que tiene una elasticidad estable, no es f\u00e1cil de deformar y es duradero. Ayuda a eliminar todo el exceso de grasa y previene la hinchaz\u00f3n. Perfecto para el trabajo diario, correr, hacer ejercicio, recuperaci\u00f3n posparto y m\u00e1s.<\/li>\n<\/ul>\n<h6><em>Pantalones cortos de mono con forma de cuerpo completo de talla grande con entrepierna abierta y cremallera<\/em><\/h6>\n<ul>\n<li>Nuestros pantalones cortos de cuerpo completo con cremallera son una mezcla de elegancia, comodidad y funcionalidad. Para los mayoristas que buscan ofrecer soluciones moldeadoras de primera calidad, este producto es imprescindible. Sum\u00e9rgete en el mundo del comercio mayorista con esta pieza excepcional. \u00a1Ordenar hoy!<\/li>\n<\/ul>","protected":false},"excerpt":{"rendered":"<p>Presentamos nuestros monos cortos moldeadores de cuerpo completo con cremallera, la combinaci\u00f3n perfecta de estilo y funcionalidad. Con control de barriga, levantamiento de cadera y pu\u00f1os con ribete de encaje, este mono es el ep\u00edtome de la prenda moldeadora elegante para la mujer moderna.<\/p>","protected":false},"featured_media":4864,"comment_status":"open","ping_status":"closed","template":"","meta":{"site-sidebar-layout":"default","site-content-layout":"default","ast-site-content-layout":"default","site-content-style":"default","site-sidebar-style":"default","ast-global-header-display":"","ast-banner-title-visibility":"","ast-main-header-display":"","ast-hfb-above-header-display":"","ast-hfb-below-header-display":"","ast-hfb-mobile-header-display":"","site-post-title":"","ast-breadcrumbs-content":"","ast-featured-img":"","footer-sml-layout":"","ast-disable-related-posts":"","theme-transparent-header-meta":"default","adv-header-id-meta":"","stick-header-meta":"default","header-above-stick-meta":"","header-main-stick-meta":"","header-below-stick-meta":"","astra-migrate-meta-layouts":"set","ast-page-background-enabled":"default","ast-page-background-meta":{"desktop":{"background-color":"","background-image":"","background-repeat":"repeat","background-position":"center center","background-size":"auto","background-attachment":"scroll","background-type":"","background-media":"","overlay-type":"","overlay-color":"","overlay-opacity":"","overlay-gradient":""},"tablet":{"background-color":"","background-image":"","background-repeat":"repeat","background-position":"center center","background-size":"auto","background-attachment":"scroll","background-type":"","background-media":"","overlay-type":"","overlay-color":"","overlay-opacity":"","overlay-gradient":""},"mobile":{"background-color":"","background-image":"","background-repeat":"repeat","background-position":"center center","background-size":"auto","background-attachment":"scroll","background-type":"","background-media":"","overlay-type":"","overlay-color":"","overlay-opacity":"","overlay-gradient":""}},"ast-content-background-meta":{"desktop":{"background-color":"var(--ast-global-color-5)","background-image":"","background-repeat":"repeat","background-position":"center center","background-size":"auto","background-attachment":"scroll","background-type":"","background-media":"","overlay-type":"","overlay-color":"","overlay-opacity":"","overlay-gradient":""},"tablet":{"background-color":"var(--ast-global-color-5)","background-image":"","background-repeat":"repeat","background-position":"center center","background-size":"auto","background-attachment":"scroll","background-type":"","background-media":"","overlay-type":"","overlay-color":"","overlay-opacity":"","overlay-gradient":""},"mobile":{"background-color":"var(--ast-global-color-5)","background-image":"","background-repeat":"repeat","background-position":"center center","background-size":"auto","background-attachment":"scroll","background-type":"","background-media":"","overlay-type":"","overlay-color":"","overlay-opacity":"","overlay-gradient":""}}},"product_brand":[],"product_cat":[65,76,77,78],"product_tag":[135,136,137,151,148,213,154],"class_list":{"0":"post-4845","1":"product","2":"type-product","3":"status-publish","4":"has-post-thumbnail","6":"product_cat-best-sellers","7":"product_cat-new-arrivels","8":"product_cat-wholesale-womens-shapewear","9":"product_cat-wholesale-full-body-shaper","10":"product_tag-all-in-one","11":"product_tag-bridal","12":"product_tag-butt-lift","13":"product_tag-double-compression","14":"product_tag-one-piece","15":"product_tag-sleeveless","16":"product_tag-with-hooks","17":"pa_color-beige","18":"pa_color-black","19":"pa_size-l","20":"pa_size-m","21":"pa_size-s","22":"pa_size-xl","23":"pa_size-xxl","24":"pa_size-xxxl","25":"desktop-align-center","26":"tablet-align-left","27":"mobile-align-left","28":"ast-product-gallery-layout-horizontal-slider","29":"ast-product-single-variable","30":"ast-product-tabs-layout-horizontal","31":"ast-qv-on-image","33":"first","34":"instock","35":"shipping-taxable","36":"purchasable","37":"product-type-variable"},"tiered_pricing_type":"fixed","tiered_pricing_fixed_rules":{"2":14.29,"30":13.39,"500":11.19},"tiered_pricing_product_settings":{"layout":"default","base_unit_name":{"singular":null,"plural":null},"default_variation":{}},"tiered_pricing_minimum_quantity":null,"tiered_pricing_roles_data":[],"tiered_pricing_percentage_rules":[],"_links":{"self":[{"href":"https:\/\/yume-silm.com\/es\/wp-json\/wp\/v2\/product\/4845","targetHints":{"allow":["GET"]}}],"collection":[{"href":"https:\/\/yume-silm.com\/es\/wp-json\/wp\/v2\/product"}],"about":[{"href":"https:\/\/yume-silm.com\/es\/wp-json\/wp\/v2\/types\/product"}],"replies":[{"embeddable":true,"href":"https:\/\/yume-silm.com\/es\/wp-json\/wp\/v2\/comments?post=4845"}],"wp:featuredmedia":[{"embeddable":true,"href":"https:\/\/yume-silm.com\/es\/wp-json\/wp\/v2\/media\/4864"}],"wp:attachment":[{"href":"https:\/\/yume-silm.com\/es\/wp-json\/wp\/v2\/media?parent=4845"}],"wp:term":[{"taxonomy":"product_brand","embeddable":true,"href":"https:\/\/yume-silm.com\/es\/wp-json\/wp\/v2\/product_brand?post=4845"},{"taxonomy":"product_cat","embeddable":true,"href":"https:\/\/yume-silm.com\/es\/wp-json\/wp\/v2\/product_cat?post=4845"},{"taxonomy":"product_tag","embeddable":true,"href":"https:\/\/yume-silm.com\/es\/wp-json\/wp\/v2\/product_tag?post=4845"}],"curies":[{"name":"wp","href":"https:\/\/api.w.org\/{rel}","templated":true}]}}