{"id":4868,"date":"2023-07-30T03:57:50","date_gmt":"2023-07-30T03:57:50","guid":{"rendered":"https:\/\/yume-silm.com\/?post_type=product&#038;p=4868"},"modified":"2024-01-10T07:36:06","modified_gmt":"2024-01-10T07:36:06","slug":"body-elegante-en-forma-de-t-sin-costuras","status":"publish","type":"product","link":"https:\/\/yume-silm.com\/es\/producto-2\/body-elegante-en-forma-de-t-sin-costuras\/","title":{"rendered":"Body moldeador sin costuras elegante en forma de T al por mayor"},"content":{"rendered":"<h5><span data-slate-fragment=\"JTVCJTdCJTIydHlwZSUyMiUzQSUyMnBhcmFncmFwaCUyMiUyQyUyMmNoaWxkcmVuJTIyJTNBJTVCJTdCJTIydGV4dCUyMiUzQSUyMkRlc2lnbiUyMGZlYXR1cmVzJTIyJTJDJTIyc2VudGVuY2UlMjIlM0EyJTJDJTIyY2hpbGRTZW50ZW5jZSUyMiUzQTElN0QlNUQlN0QlNUQ=\">Caracteristicas de dise\u00f1o<\/span><\/h5>\n<ul>\n<li><strong>DISE\u00d1O SIN COSTURAS EN FORMA DE T:<\/strong> El tanga moldeador sin costuras elimina l\u00edneas y bultos para una apariencia suave debajo de cualquier atuendo, y se oculta f\u00e1cilmente debajo de tus hermosas prendas.<\/li>\n<li><strong>CORREA DE HOMBRO DE UNA PIEZA:<\/strong> El body moldeador de cuerpo de talla grande para mujer exhibe un soporte superior y una apariencia elegante y estilizada. Shapewear garantiza un ajuste c\u00f3modo.<\/li>\n<li><strong>ENTREPIEZA DESMONTABLE:<\/strong> Los mejores monos moldeadores ofrecen una comodidad inigualable para el uso diario. Buen control de la barriga, dando forma a tu figura de curvas con confianza.<\/li>\n<li><strong>C\u00d3MODO Y CON ESTILO:<\/strong> El dise\u00f1o sencillo del tanga sin mangas en forma de T combina est\u00e9tica y comodidad. Con este sencillo y elegante body adelgazante podr\u00e1s trabajar c\u00f3modamente, ir a una cita o ir de fiesta maravillosamente.<\/li>\n<li><strong>DESATA LA VERSATILIDAD:<\/strong> Las prendas moldeadoras Maidenform son una pieza de armario vers\u00e1til para todas las estaciones, que brindan soporte y realzan tus curvas naturales.<\/li>\n<\/ul>\n<h6><em>Body sin mangas con control de barriga y tanga sin costuras para mujer<\/em><\/h6>\n<ul>\n<li>Nuestro elegante body moldeador sin costuras en forma de T es una combinaci\u00f3n de elegancia, comodidad y funcionalidad. Para los mayoristas que buscan ofrecer soluciones moldeadoras de primera calidad, este producto es imprescindible. Sum\u00e9rgete en el mundo del comercio mayorista con esta pieza excepcional. \u00a1Ordenar hoy!<\/li>\n<\/ul>","protected":false},"excerpt":{"rendered":"<p>Eleva tu oferta de prendas moldeadoras con nuestro elegante body moldeador sin costuras en forma de T. Dise\u00f1ado con tirantes finos integrados y entrepierna desmontable, este body ofrece una silueta sin costuras, lo que garantiza que sus clientes irradien confianza y estilo.<\/p>","protected":false},"featured_media":4891,"comment_status":"open","ping_status":"closed","template":"","meta":{"site-sidebar-layout":"default","site-content-layout":"default","ast-site-content-layout":"default","site-content-style":"default","site-sidebar-style":"default","ast-global-header-display":"","ast-banner-title-visibility":"","ast-main-header-display":"","ast-hfb-above-header-display":"","ast-hfb-below-header-display":"","ast-hfb-mobile-header-display":"","site-post-title":"","ast-breadcrumbs-content":"","ast-featured-img":"","footer-sml-layout":"","ast-disable-related-posts":"","theme-transparent-header-meta":"default","adv-header-id-meta":"","stick-header-meta":"default","header-above-stick-meta":"","header-main-stick-meta":"","header-below-stick-meta":"","astra-migrate-meta-layouts":"set","ast-page-background-enabled":"default","ast-page-background-meta":{"desktop":{"background-color":"","background-image":"","background-repeat":"repeat","background-position":"center center","background-size":"auto","background-attachment":"scroll","background-type":"","background-media":"","overlay-type":"","overlay-color":"","overlay-opacity":"","overlay-gradient":""},"tablet":{"background-color":"","background-image":"","background-repeat":"repeat","background-position":"center center","background-size":"auto","background-attachment":"scroll","background-type":"","background-media":"","overlay-type":"","overlay-color":"","overlay-opacity":"","overlay-gradient":""},"mobile":{"background-color":"","background-image":"","background-repeat":"repeat","background-position":"center center","background-size":"auto","background-attachment":"scroll","background-type":"","background-media":"","overlay-type":"","overlay-color":"","overlay-opacity":"","overlay-gradient":""}},"ast-content-background-meta":{"desktop":{"background-color":"var(--ast-global-color-5)","background-image":"","background-repeat":"repeat","background-position":"center center","background-size":"auto","background-attachment":"scroll","background-type":"","background-media":"","overlay-type":"","overlay-color":"","overlay-opacity":"","overlay-gradient":""},"tablet":{"background-color":"var(--ast-global-color-5)","background-image":"","background-repeat":"repeat","background-position":"center center","background-size":"auto","background-attachment":"scroll","background-type":"","background-media":"","overlay-type":"","overlay-color":"","overlay-opacity":"","overlay-gradient":""},"mobile":{"background-color":"var(--ast-global-color-5)","background-image":"","background-repeat":"repeat","background-position":"center center","background-size":"auto","background-attachment":"scroll","background-type":"","background-media":"","overlay-type":"","overlay-color":"","overlay-opacity":"","overlay-gradient":""}}},"product_brand":[],"product_cat":[65,76,77,79,82],"product_tag":[511,419,136,510,141,491,509,138,500,512],"class_list":{"0":"post-4868","1":"product","2":"type-product","3":"status-publish","4":"has-post-thumbnail","6":"product_cat-best-sellers","7":"product_cat-new-arrivels","8":"product_cat-wholesale-womens-shapewear","9":"product_cat-wholesale-seemless-shaperwear","10":"product_cat-wholesale-shapewear-bodysuit","11":"product_tag-black","12":"product_tag-bodysuit","13":"product_tag-bridal","14":"product_tag-maidenform","15":"product_tag-plus-size","16":"product_tag-seamless","17":"product_tag-spanx","18":"product_tag-thong","19":"product_tag-tummy-control","20":"product_tag-yellow","21":"pa_color-beige","22":"pa_color-black","23":"pa_color-yellow","24":"pa_size-l","25":"pa_size-m","26":"pa_size-s","27":"pa_size-xl","28":"pa_size-xxl","29":"pa_size-xxxl","30":"desktop-align-center","31":"tablet-align-left","32":"mobile-align-left","33":"ast-product-gallery-layout-horizontal-slider","34":"ast-product-single-variable","35":"ast-product-tabs-layout-horizontal","36":"ast-qv-on-image","38":"first","39":"instock","40":"shipping-taxable","41":"purchasable","42":"product-type-variable"},"tiered_pricing_type":"fixed","tiered_pricing_fixed_rules":{"2":4.69,"30":4.39,"500":3.59},"tiered_pricing_product_settings":{"layout":"default","base_unit_name":{"singular":null,"plural":null},"default_variation":{}},"tiered_pricing_minimum_quantity":null,"tiered_pricing_roles_data":[],"tiered_pricing_percentage_rules":[],"_links":{"self":[{"href":"https:\/\/yume-silm.com\/es\/wp-json\/wp\/v2\/product\/4868","targetHints":{"allow":["GET"]}}],"collection":[{"href":"https:\/\/yume-silm.com\/es\/wp-json\/wp\/v2\/product"}],"about":[{"href":"https:\/\/yume-silm.com\/es\/wp-json\/wp\/v2\/types\/product"}],"replies":[{"embeddable":true,"href":"https:\/\/yume-silm.com\/es\/wp-json\/wp\/v2\/comments?post=4868"}],"wp:featuredmedia":[{"embeddable":true,"href":"https:\/\/yume-silm.com\/es\/wp-json\/wp\/v2\/media\/4891"}],"wp:attachment":[{"href":"https:\/\/yume-silm.com\/es\/wp-json\/wp\/v2\/media?parent=4868"}],"wp:term":[{"taxonomy":"product_brand","embeddable":true,"href":"https:\/\/yume-silm.com\/es\/wp-json\/wp\/v2\/product_brand?post=4868"},{"taxonomy":"product_cat","embeddable":true,"href":"https:\/\/yume-silm.com\/es\/wp-json\/wp\/v2\/product_cat?post=4868"},{"taxonomy":"product_tag","embeddable":true,"href":"https:\/\/yume-silm.com\/es\/wp-json\/wp\/v2\/product_tag?post=4868"}],"curies":[{"name":"wp","href":"https:\/\/api.w.org\/{rel}","templated":true}]}}