{"id":4899,"date":"2023-07-30T05:45:15","date_gmt":"2023-07-30T05:45:15","guid":{"rendered":"https:\/\/yume-silm.com\/?post_type=product&#038;p=4899"},"modified":"2024-01-06T02:19:55","modified_gmt":"2024-01-06T02:19:55","slug":"elegante-manga-larga-tejido-alta-elastico-fajas-body","status":"publish","type":"product","link":"https:\/\/yume-silm.com\/es\/producto-2\/elegante-manga-larga-tejido-alta-elastico-fajas-body\/","title":{"rendered":"Venta al por mayor Body elegante de manga larga y fajas de alto estiramiento"},"content":{"rendered":"<h5>Caracteristicas de dise\u00f1o<\/h5>\n<ul>\n<li><strong>SIMPLE Y CON ESTILO:<\/strong> Color s\u00f3lido, mangas largas, escote redondo y corte entallado son las caracter\u00edsticas de dise\u00f1o que ves. Feliz de ir a una fiesta o una cita con este delicado y elegante body moldeador de tanga para mujer, muy plus.<\/li>\n<li><strong>TEJIDO ALTO EL\u00c1STICO:<\/strong> Nuestras medias de body moldeador de manga larga de color s\u00f3lido est\u00e1n hechas de tela de alta calidad que es agradable para tu piel suave. Da forma a las hermosas curvas de tu cuerpo y garantiza comodidad y movilidad.<\/li>\n<li><strong>VERS\u00c1TIL VERS\u00c1TIL:<\/strong> La blusa el\u00e1stica sexy y ajustada es f\u00e1cil de poner y quitar, por lo que puedes usarla sola para hacer yoga o con cualquier jeans o vestido bonito que te guste. Con esta ropa interior moldeadora de gl\u00fateos con control de barriga, lucir\u00e1s hermosa y segura en el trabajo o en una cita, en un viaje diario y m\u00e1s.<\/li>\n<li><strong>AJUSTE Y EXCELENTE:<\/strong> La tela altamente el\u00e1stica proporciona un gran ajuste y una apariencia excelente. Conf\u00eda en la suavidad y sedosidad del mono moldeador de cuello redondo que no da\u00f1a la piel para adelgazar tu figura con curvas. Con el proceso perfecto de un body casual ajustado, no tienes que preocuparte por bultos o rizos. Ll\u00e9valo con la confianza de que eres realmente hermosa.<\/li>\n<li><strong>CUIDADO FACIL:<\/strong> Nuestro elegante body moldeador de manga larga y alta elasticidad es f\u00e1cil de usar y f\u00e1cil de cuidar. Lavar a m\u00e1quina con confianza, sin distorsiones despu\u00e9s del lavado, lo que garantiza elegancia y funcionalidad duraderas.<\/li>\n<\/ul>\n<h6><em>Body de tanga de manga larga para mujer de talla grande<\/em><\/h6>\n<ul>\n<li>Nuestro elegante body moldeador de manga larga y alta elasticidad es una combinaci\u00f3n de elegancia, comodidad y funcionalidad. Para los mayoristas que buscan ofrecer soluciones moldeadoras de primera calidad, esta prenda moldeadora de manga larga es imprescindible. Sum\u00e9rgete en el mundo del comercio mayorista con esta pieza excepcional. \u00a1Ordenar hoy!<\/li>\n<\/ul>","protected":false},"excerpt":{"rendered":"<p>Nuestro elegante body moldeador de manga larga y alta elasticidad es una combinaci\u00f3n de elegancia, comodidad y funcionalidad. Para los mayoristas que buscan ofrecer soluciones moldeadoras de primera calidad, este body es imprescindible. Sum\u00e9rgete en el mundo del comercio mayorista con esta pieza excepcional. \u00a1Ordenar hoy!<\/p>","protected":false},"featured_media":4921,"comment_status":"open","ping_status":"closed","template":"","meta":{"site-sidebar-layout":"default","site-content-layout":"default","ast-site-content-layout":"default","site-content-style":"default","site-sidebar-style":"default","ast-global-header-display":"","ast-banner-title-visibility":"","ast-main-header-display":"","ast-hfb-above-header-display":"","ast-hfb-below-header-display":"","ast-hfb-mobile-header-display":"","site-post-title":"","ast-breadcrumbs-content":"","ast-featured-img":"","footer-sml-layout":"","ast-disable-related-posts":"","theme-transparent-header-meta":"default","adv-header-id-meta":"","stick-header-meta":"default","header-above-stick-meta":"","header-main-stick-meta":"","header-below-stick-meta":"","astra-migrate-meta-layouts":"set","ast-page-background-enabled":"default","ast-page-background-meta":{"desktop":{"background-color":"","background-image":"","background-repeat":"repeat","background-position":"center center","background-size":"auto","background-attachment":"scroll","background-type":"","background-media":"","overlay-type":"","overlay-color":"","overlay-opacity":"","overlay-gradient":""},"tablet":{"background-color":"","background-image":"","background-repeat":"repeat","background-position":"center center","background-size":"auto","background-attachment":"scroll","background-type":"","background-media":"","overlay-type":"","overlay-color":"","overlay-opacity":"","overlay-gradient":""},"mobile":{"background-color":"","background-image":"","background-repeat":"repeat","background-position":"center center","background-size":"auto","background-attachment":"scroll","background-type":"","background-media":"","overlay-type":"","overlay-color":"","overlay-opacity":"","overlay-gradient":""}},"ast-content-background-meta":{"desktop":{"background-color":"var(--ast-global-color-5)","background-image":"","background-repeat":"repeat","background-position":"center center","background-size":"auto","background-attachment":"scroll","background-type":"","background-media":"","overlay-type":"","overlay-color":"","overlay-opacity":"","overlay-gradient":""},"tablet":{"background-color":"var(--ast-global-color-5)","background-image":"","background-repeat":"repeat","background-position":"center center","background-size":"auto","background-attachment":"scroll","background-type":"","background-media":"","overlay-type":"","overlay-color":"","overlay-opacity":"","overlay-gradient":""},"mobile":{"background-color":"var(--ast-global-color-5)","background-image":"","background-repeat":"repeat","background-position":"center center","background-size":"auto","background-attachment":"scroll","background-type":"","background-media":"","overlay-type":"","overlay-color":"","overlay-opacity":"","overlay-gradient":""}}},"product_brand":[],"product_cat":[76,77,79,82],"product_tag":[508,419,136,505,507,183,506],"class_list":{"0":"post-4899","1":"product","2":"type-product","3":"status-publish","4":"has-post-thumbnail","6":"product_cat-new-arrivels","7":"product_cat-wholesale-womens-shapewear","8":"product_cat-wholesale-seemless-shaperwear","9":"product_cat-wholesale-shapewear-bodysuit","10":"product_tag-bbl-effect","11":"product_tag-bodysuit","12":"product_tag-bridal","13":"product_tag-casual","14":"product_tag-everyday-work","15":"product_tag-long-sleeve","16":"product_tag-seemless-shapewear","17":"pa_color-beige","18":"pa_color-black","19":"pa_color-white","20":"pa_size-l","21":"pa_size-m","22":"pa_size-s","23":"pa_size-xl","24":"pa_size-xxl","25":"pa_size-xxxl","26":"desktop-align-center","27":"tablet-align-left","28":"mobile-align-left","29":"ast-product-gallery-layout-horizontal-slider","30":"ast-product-single-variable","31":"ast-product-tabs-layout-horizontal","32":"ast-qv-on-image","34":"first","35":"instock","36":"shipping-taxable","37":"purchasable","38":"product-type-variable"},"tiered_pricing_type":"fixed","tiered_pricing_fixed_rules":{"2":5.99,"30":5.59,"500":4.69},"tiered_pricing_product_settings":{"layout":"default","base_unit_name":{"singular":null,"plural":null},"default_variation":{}},"tiered_pricing_minimum_quantity":null,"tiered_pricing_roles_data":[],"tiered_pricing_percentage_rules":[],"_links":{"self":[{"href":"https:\/\/yume-silm.com\/es\/wp-json\/wp\/v2\/product\/4899","targetHints":{"allow":["GET"]}}],"collection":[{"href":"https:\/\/yume-silm.com\/es\/wp-json\/wp\/v2\/product"}],"about":[{"href":"https:\/\/yume-silm.com\/es\/wp-json\/wp\/v2\/types\/product"}],"replies":[{"embeddable":true,"href":"https:\/\/yume-silm.com\/es\/wp-json\/wp\/v2\/comments?post=4899"}],"wp:featuredmedia":[{"embeddable":true,"href":"https:\/\/yume-silm.com\/es\/wp-json\/wp\/v2\/media\/4921"}],"wp:attachment":[{"href":"https:\/\/yume-silm.com\/es\/wp-json\/wp\/v2\/media?parent=4899"}],"wp:term":[{"taxonomy":"product_brand","embeddable":true,"href":"https:\/\/yume-silm.com\/es\/wp-json\/wp\/v2\/product_brand?post=4899"},{"taxonomy":"product_cat","embeddable":true,"href":"https:\/\/yume-silm.com\/es\/wp-json\/wp\/v2\/product_cat?post=4899"},{"taxonomy":"product_tag","embeddable":true,"href":"https:\/\/yume-silm.com\/es\/wp-json\/wp\/v2\/product_tag?post=4899"}],"curies":[{"name":"wp","href":"https:\/\/api.w.org\/{rel}","templated":true}]}}