{"id":4931,"date":"2023-07-30T06:09:38","date_gmt":"2023-07-30T06:09:38","guid":{"rendered":"https:\/\/yume-silm.com\/?post_type=product&#038;p=4931"},"modified":"2024-01-05T01:28:16","modified_gmt":"2024-01-05T01:28:16","slug":"versatil-cuello-redondo-color-liso-cuerpo-esculpir-body","status":"publish","type":"product","link":"https:\/\/yume-silm.com\/es\/producto-2\/versatil-cuello-redondo-color-liso-cuerpo-esculpir-body\/","title":{"rendered":"Body esculpidor del cuerpo del color s\u00f3lido del cuello redondo vers\u00e1til al por mayor"},"content":{"rendered":"<h5>Caracteristicas de dise\u00f1o<\/h5>\n<ul>\n<li><strong>CUELLO REDONDO AVANZADO:<\/strong> El dise\u00f1o de cuello redondo del body moldeador de tanga de manga corta no solo irradia elegancia y simplicidad, sino tambi\u00e9n algo de alegr\u00eda y ternura, lo que agrega muchas posibilidades a tu atuendo.<\/li>\n<li><strong>MODA DE COLOR LISO:<\/strong> Elija este body de color liso con cuello redondo y bajo para mujer para una apariencia elegante y vers\u00e1til. Se puede combinar sin esfuerzo con diferentes accesorios y conjuntos para lograr infinitas combinaciones de moda. El mono elegante y moderno se puede combinar perfectamente con trajes, jeans, faldas y m\u00e1s.<\/li>\n<li><strong>EXCELENCIA EN FORMA CORPORAL:<\/strong> Los monos casuales de moda se usan para acentuar las curvas naturales y dar forma instant\u00e1neamente a tu figura curvil\u00ednea. Una hermosa figura de reloj de arena te brinda una confianza inigualable. \u00a1S\u00e9 la m\u00e1s bella t\u00fa!<\/li>\n<li><strong>TELA DE CALIDAD PREMIUM:<\/strong> Esta camiseta de manga corta de color s\u00f3lido est\u00e1 hecha de tela de alta calidad para garantizar la m\u00e1xima comodidad, es suave y c\u00f3moda de usar en la piel, adecuada para usar durante todo el d\u00eda.<\/li>\n<li><strong>EL ARMARIO MODERNO DEBE TENER:<\/strong> Perfectas tanto para ocasiones informales como formales, la versatilidad y elegancia de las medias ajustadas son una pieza imprescindible para la mujer moderna. \u00a1Te lo mereces!<\/li>\n<\/ul>\n<h6><em>Body moldeador de manga corta con cuello redondo y color liso para mujer<\/em><\/h6>\n<ul>\n<li>Nuestro vers\u00e1til body esculpidor de cuerpo de color s\u00f3lido con cuello redondo es una combinaci\u00f3n de elegancia, comodidad y funcionalidad. Para los mayoristas que buscan ofrecer soluciones moldeadoras de primera calidad, este producto moldeador es imprescindible. Sum\u00e9rgete en el mundo del comercio mayorista con esta pieza excepcional. \u00a1Ordenar hoy!<\/li>\n<\/ul>","protected":false},"excerpt":{"rendered":"<p>Descubra el encanto de nuestro vers\u00e1til body esculpidor de color liso con cuello redondo. Meticulosamente dise\u00f1ado para un ajuste favorecedor, este body elegante y c\u00f3modo no solo realza las curvas naturales sino que tambi\u00e9n ofrece la versatilidad del estilo de color s\u00f3lido, lo que lo convierte en un elemento b\u00e1sico para cualquier guardarropa sofisticado.<\/p>","protected":false},"featured_media":4951,"comment_status":"open","ping_status":"closed","template":"","meta":{"site-sidebar-layout":"default","site-content-layout":"default","ast-site-content-layout":"default","site-content-style":"default","site-sidebar-style":"default","ast-global-header-display":"","ast-banner-title-visibility":"","ast-main-header-display":"","ast-hfb-above-header-display":"","ast-hfb-below-header-display":"","ast-hfb-mobile-header-display":"","site-post-title":"","ast-breadcrumbs-content":"","ast-featured-img":"","footer-sml-layout":"","ast-disable-related-posts":"","theme-transparent-header-meta":"default","adv-header-id-meta":"","stick-header-meta":"default","header-above-stick-meta":"","header-main-stick-meta":"","header-below-stick-meta":"","astra-migrate-meta-layouts":"set","ast-page-background-enabled":"default","ast-page-background-meta":{"desktop":{"background-color":"","background-image":"","background-repeat":"repeat","background-position":"center center","background-size":"auto","background-attachment":"scroll","background-type":"","background-media":"","overlay-type":"","overlay-color":"","overlay-opacity":"","overlay-gradient":""},"tablet":{"background-color":"","background-image":"","background-repeat":"repeat","background-position":"center center","background-size":"auto","background-attachment":"scroll","background-type":"","background-media":"","overlay-type":"","overlay-color":"","overlay-opacity":"","overlay-gradient":""},"mobile":{"background-color":"","background-image":"","background-repeat":"repeat","background-position":"center center","background-size":"auto","background-attachment":"scroll","background-type":"","background-media":"","overlay-type":"","overlay-color":"","overlay-opacity":"","overlay-gradient":""}},"ast-content-background-meta":{"desktop":{"background-color":"var(--ast-global-color-5)","background-image":"","background-repeat":"repeat","background-position":"center center","background-size":"auto","background-attachment":"scroll","background-type":"","background-media":"","overlay-type":"","overlay-color":"","overlay-opacity":"","overlay-gradient":""},"tablet":{"background-color":"var(--ast-global-color-5)","background-image":"","background-repeat":"repeat","background-position":"center center","background-size":"auto","background-attachment":"scroll","background-type":"","background-media":"","overlay-type":"","overlay-color":"","overlay-opacity":"","overlay-gradient":""},"mobile":{"background-color":"var(--ast-global-color-5)","background-image":"","background-repeat":"repeat","background-position":"center center","background-size":"auto","background-attachment":"scroll","background-type":"","background-media":"","overlay-type":"","overlay-color":"","overlay-opacity":"","overlay-gradient":""}}},"product_brand":[],"product_cat":[65,76,77,82],"product_tag":[419,136,505,504,503,502,138],"class_list":{"0":"post-4931","1":"product","2":"type-product","3":"status-publish","4":"has-post-thumbnail","6":"product_cat-best-sellers","7":"product_cat-new-arrivels","8":"product_cat-wholesale-womens-shapewear","9":"product_cat-wholesale-shapewear-bodysuit","10":"product_tag-bodysuit","11":"product_tag-bridal","12":"product_tag-casual","13":"product_tag-curvy-figure","14":"product_tag-round-neck","15":"product_tag-solid-color","16":"product_tag-thong","17":"pa_color-black","18":"pa_color-white","19":"pa_size-l","20":"pa_size-m","21":"pa_size-s","22":"pa_size-xl","23":"pa_size-xxl","24":"pa_size-xxxl","25":"desktop-align-center","26":"tablet-align-left","27":"mobile-align-left","28":"ast-product-gallery-layout-horizontal-slider","29":"ast-product-single-variable","30":"ast-product-tabs-layout-horizontal","31":"ast-qv-on-image","33":"first","34":"instock","35":"shipping-taxable","36":"purchasable","37":"product-type-variable"},"tiered_pricing_type":"fixed","tiered_pricing_fixed_rules":{"2":4.339,"30":4.09,"500":3.49},"tiered_pricing_product_settings":{"layout":"default","base_unit_name":{"singular":null,"plural":null},"default_variation":{}},"tiered_pricing_minimum_quantity":null,"tiered_pricing_roles_data":[],"tiered_pricing_percentage_rules":[],"_links":{"self":[{"href":"https:\/\/yume-silm.com\/es\/wp-json\/wp\/v2\/product\/4931","targetHints":{"allow":["GET"]}}],"collection":[{"href":"https:\/\/yume-silm.com\/es\/wp-json\/wp\/v2\/product"}],"about":[{"href":"https:\/\/yume-silm.com\/es\/wp-json\/wp\/v2\/types\/product"}],"replies":[{"embeddable":true,"href":"https:\/\/yume-silm.com\/es\/wp-json\/wp\/v2\/comments?post=4931"}],"wp:featuredmedia":[{"embeddable":true,"href":"https:\/\/yume-silm.com\/es\/wp-json\/wp\/v2\/media\/4951"}],"wp:attachment":[{"href":"https:\/\/yume-silm.com\/es\/wp-json\/wp\/v2\/media?parent=4931"}],"wp:term":[{"taxonomy":"product_brand","embeddable":true,"href":"https:\/\/yume-silm.com\/es\/wp-json\/wp\/v2\/product_brand?post=4931"},{"taxonomy":"product_cat","embeddable":true,"href":"https:\/\/yume-silm.com\/es\/wp-json\/wp\/v2\/product_cat?post=4931"},{"taxonomy":"product_tag","embeddable":true,"href":"https:\/\/yume-silm.com\/es\/wp-json\/wp\/v2\/product_tag?post=4931"}],"curies":[{"name":"wp","href":"https:\/\/api.w.org\/{rel}","templated":true}]}}