{"id":4955,"date":"2023-07-30T06:41:10","date_gmt":"2023-07-30T06:41:10","guid":{"rendered":"https:\/\/yume-silm.com\/?post_type=product&#038;p=4955"},"modified":"2025-05-26T00:44:11","modified_gmt":"2025-05-26T00:44:11","slug":"boxer-cintura-alta-sin-costuras","status":"publish","type":"product","link":"https:\/\/yume-silm.com\/es\/producto-2\/boxer-cintura-alta-sin-costuras\/","title":{"rendered":"Boxeador Fajas Sin Costuras De Talle Alto al por mayor"},"content":{"rendered":"<h5>Caracteristicas de dise\u00f1o<\/h5>\n<ul>\n<li><strong>DISE\u00d1O INCONS\u00daTIL:<\/strong> Los mejores pantalones cortos moldeadores sin costuras para mujer ofrecen una experiencia de sensaci\u00f3n suave. No se pueden ver l\u00edneas visibles debajo de la ropa, bien escondidas debajo de cualquiera de tus conjuntos favoritos, perfectas para tus conjuntos ajustados.<\/li>\n<li><strong>FORMACI\u00d3N DEL CUERPO DE CINTURA ALTA:<\/strong> La cintura alta de apoyo de los pantalones cortos adelgazantes suaviza y controla el abdomen. aplan\u00e1ndolo f\u00e1cilmente y realzando las curvas naturales.<\/li>\n<li><strong>LIGERO Y TRANSPIRABLE:<\/strong> La ropa interior con control de barriga est\u00e1 hecha de un tejido agradable para la piel que cubre suavemente la cintura, el abdomen y las caderas. El b\u00f3xer moldeador sin costuras de cintura alta garantiza un uso c\u00f3modo durante todo el d\u00eda sin sentirse apretado. Incluso para la recuperaci\u00f3n posparto, es f\u00e1cil lograr los resultados deseados.<\/li>\n<li><strong>EL ARMARIO MULTIFUNCIONAL DEBE TENER:<\/strong> Las bragas tipo boyshorts sin costuras para mujer son adecuadas para todas las ocasiones, ya sea para el uso diario, citas, trabajo, etc. Puedes usar con confianza tus jeans favoritos o tu vestido m\u00e1s bonito para una cita, asegurando una apariencia pulida y segura.<\/li>\n<li><strong>DURADERO Y F\u00c1CIL DE CUIDAR:<\/strong> Los pantalones cortos moldeadores antifricci\u00f3n est\u00e1n fabricados con materiales de alta calidad que conservan su forma incluso despu\u00e9s de muchos lavados, lo que garantiza una elegancia duradera.<\/li>\n<\/ul>\n<h6><em>Pantalones cortos moldeadores para mujer para debajo de los vestidos.<\/em><\/h6>\n<ul>\n<li>Nuestro Boxer moldeador sin costuras de cintura alta es una combinaci\u00f3n de elegancia, comodidad y funcionalidad. Para los mayoristas que buscan ofrecer soluciones moldeadoras de primera calidad, este producto es imprescindible. Sum\u00e9rgete en el mundo del comercio mayorista con esta pieza excepcional. \u00a1Ordenar hoy!<\/li>\n<\/ul>","protected":false},"excerpt":{"rendered":"<p>Ad\u00e9ntrate en la elegancia con nuestro b\u00f3xer moldeador sin costuras de cintura alta. Dise\u00f1ado por expertos para el control de la barriga, este b\u00f3xer ligero y transpirable garantiza una silueta esculpida, lo que lo convierte en un elemento esencial para cualquier guardarropa moderno.<\/p>","protected":false},"featured_media":4975,"comment_status":"open","ping_status":"closed","template":"","meta":{"site-sidebar-layout":"default","site-content-layout":"default","ast-site-content-layout":"default","site-content-style":"default","site-sidebar-style":"default","ast-global-header-display":"","ast-banner-title-visibility":"","ast-main-header-display":"","ast-hfb-above-header-display":"","ast-hfb-below-header-display":"","ast-hfb-mobile-header-display":"","site-post-title":"","ast-breadcrumbs-content":"","ast-featured-img":"","footer-sml-layout":"","ast-disable-related-posts":"","theme-transparent-header-meta":"default","adv-header-id-meta":"","stick-header-meta":"default","header-above-stick-meta":"","header-main-stick-meta":"","header-below-stick-meta":"","astra-migrate-meta-layouts":"set","ast-page-background-enabled":"default","ast-page-background-meta":{"desktop":{"background-color":"","background-image":"","background-repeat":"repeat","background-position":"center center","background-size":"auto","background-attachment":"scroll","background-type":"","background-media":"","overlay-type":"","overlay-color":"","overlay-opacity":"","overlay-gradient":""},"tablet":{"background-color":"","background-image":"","background-repeat":"repeat","background-position":"center center","background-size":"auto","background-attachment":"scroll","background-type":"","background-media":"","overlay-type":"","overlay-color":"","overlay-opacity":"","overlay-gradient":""},"mobile":{"background-color":"","background-image":"","background-repeat":"repeat","background-position":"center center","background-size":"auto","background-attachment":"scroll","background-type":"","background-media":"","overlay-type":"","overlay-color":"","overlay-opacity":"","overlay-gradient":""}},"ast-content-background-meta":{"desktop":{"background-color":"var(--ast-global-color-5)","background-image":"","background-repeat":"repeat","background-position":"center center","background-size":"auto","background-attachment":"scroll","background-type":"","background-media":"","overlay-type":"","overlay-color":"","overlay-opacity":"","overlay-gradient":""},"tablet":{"background-color":"var(--ast-global-color-5)","background-image":"","background-repeat":"repeat","background-position":"center center","background-size":"auto","background-attachment":"scroll","background-type":"","background-media":"","overlay-type":"","overlay-color":"","overlay-opacity":"","overlay-gradient":""},"mobile":{"background-color":"var(--ast-global-color-5)","background-image":"","background-repeat":"repeat","background-position":"center center","background-size":"auto","background-attachment":"scroll","background-type":"","background-media":"","overlay-type":"","overlay-color":"","overlay-opacity":"","overlay-gradient":""}}},"product_brand":[],"product_cat":[65,77,79,80],"product_tag":[136,499,139,148,491,134],"class_list":{"0":"post-4955","1":"product","2":"type-product","3":"status-publish","4":"has-post-thumbnail","6":"product_cat-best-sellers","7":"product_cat-wholesale-womens-shapewear","8":"product_cat-wholesale-seemless-shaperwear","9":"product_cat-wholesale-butt-lift-underwear","10":"product_tag-bridal","11":"product_tag-confidence","12":"product_tag-high-waist","13":"product_tag-one-piece","14":"product_tag-seamless","15":"product_tag-tummy-tucker","16":"pa_color-beige","17":"pa_color-black","18":"pa_size-l","19":"pa_size-m","20":"pa_size-s","21":"pa_size-xl","22":"pa_size-xxl","23":"desktop-align-center","24":"tablet-align-left","25":"mobile-align-left","26":"ast-product-gallery-layout-horizontal-slider","27":"ast-product-single-variable","28":"ast-product-tabs-layout-horizontal","29":"ast-qv-on-image","31":"first","32":"instock","33":"shipping-taxable","34":"purchasable","35":"product-type-variable"},"tiered_pricing_type":"fixed","tiered_pricing_fixed_rules":{"2":6.19,"30":5.79,"500":4.79},"tiered_pricing_product_settings":{"layout":"default","base_unit_name":{"singular":null,"plural":null},"default_variation":{}},"tiered_pricing_minimum_quantity":null,"tiered_pricing_roles_data":[],"tiered_pricing_percentage_rules":[],"_links":{"self":[{"href":"https:\/\/yume-silm.com\/es\/wp-json\/wp\/v2\/product\/4955","targetHints":{"allow":["GET"]}}],"collection":[{"href":"https:\/\/yume-silm.com\/es\/wp-json\/wp\/v2\/product"}],"about":[{"href":"https:\/\/yume-silm.com\/es\/wp-json\/wp\/v2\/types\/product"}],"replies":[{"embeddable":true,"href":"https:\/\/yume-silm.com\/es\/wp-json\/wp\/v2\/comments?post=4955"}],"wp:featuredmedia":[{"embeddable":true,"href":"https:\/\/yume-silm.com\/es\/wp-json\/wp\/v2\/media\/4975"}],"wp:attachment":[{"href":"https:\/\/yume-silm.com\/es\/wp-json\/wp\/v2\/media?parent=4955"}],"wp:term":[{"taxonomy":"product_brand","embeddable":true,"href":"https:\/\/yume-silm.com\/es\/wp-json\/wp\/v2\/product_brand?post=4955"},{"taxonomy":"product_cat","embeddable":true,"href":"https:\/\/yume-silm.com\/es\/wp-json\/wp\/v2\/product_cat?post=4955"},{"taxonomy":"product_tag","embeddable":true,"href":"https:\/\/yume-silm.com\/es\/wp-json\/wp\/v2\/product_tag?post=4955"}],"curies":[{"name":"wp","href":"https:\/\/api.w.org\/{rel}","templated":true}]}}