{"id":4978,"date":"2023-07-30T07:01:32","date_gmt":"2023-07-30T07:01:32","guid":{"rendered":"https:\/\/yume-silm.com\/?post_type=product&#038;p=4978"},"modified":"2024-11-08T08:36:32","modified_gmt":"2024-11-08T08:36:32","slug":"faja-modeladora-de-latex-con-reloj-de-arena","status":"publish","type":"product","link":"https:\/\/yume-silm.com\/es\/producto-2\/faja-modeladora-de-latex-con-reloj-de-arena\/","title":{"rendered":"Cintur\u00f3n Cincher de cintura moldeador de cuerpo de l\u00e1tex de reloj de arena al por mayor"},"content":{"rendered":"<h5>Caracteristicas de dise\u00f1o<\/h5>\n<ul>\n<li><strong>FORMA DE CINTURA DE RELOJ DE ARENA:<\/strong> El entrenador de cintura para mujer bajo el busto te ayuda a realizar la forma de curvas de tus sue\u00f1os, apretar tu cintura y resaltar las curvas naturales de tu cuerpo.<\/li>\n<li><strong>PUERTOS TRANSPIRABLES:<\/strong> Nuestro cintur\u00f3n moldeador de cintura de l\u00e1tex con forma de reloj de arena tiene poros transpirables bien dise\u00f1ados. Garantiza comodidad durante todo el d\u00eda sin sobrecalentamiento.<\/li>\n<li><strong>SOPORTE 25 HUESOS DE ACERO:<\/strong> El cors\u00e9 ce\u00f1idor de cintura proporciona un dise\u00f1o \u00f3seo r\u00edgido que funciona bien para brindar soporte y dar forma. Aseg\u00farese de que la cintura mantenga su forma para un efecto adelgazante sostenido.<\/li>\n<li><strong>MATERIAL DE L\u00c1TEX DE ALTA CALIDAD:<\/strong> La faja deportiva moldeadora de cuerpo con forma de reloj de arena est\u00e1 hecha de material de l\u00e1tex de alta calidad. Es resistente y duradero, incluso si lo usas con frecuencia.<\/li>\n<li><strong>ESTILO VERS\u00c1TIL:<\/strong> Elija nuestros cors\u00e9s de cintura para combinar f\u00e1cilmente con una variedad de estilos, adecuados tanto para ocasiones informales como formales.<\/li>\n<\/ul>\n<h6><em>Entrenador de cintura para mujer, faja adelgazante con curvas<\/em><\/h6>\n<ul>\n<li>En resumen, nuestro cintur\u00f3n reductor de cintura de l\u00e1tex con forma de reloj de arena es una combinaci\u00f3n de elegancia, comodidad y funcionalidad. Para los mayoristas que buscan ofrecer soluciones moldeadoras de primera calidad, este producto es imprescindible. Sum\u00e9rgete en el mundo del comercio mayorista con esta pieza excepcional. \u00a1Ordenar hoy!<\/li>\n<\/ul>","protected":false},"excerpt":{"rendered":"<p>Presentamos el cintur\u00f3n reductor de cintura de l\u00e1tex con forma de reloj de arena, una combinaci\u00f3n perfecta de estilo y funcionalidad. Elaborado por expertos con orificios de ventilaci\u00f3n y soporte de 25 huesos de acero, este cintur\u00f3n est\u00e1 dise\u00f1ado para ce\u00f1ir la cintura y acentuar las curvas, asegurando una impresionante figura de curvas.<\/p>","protected":false},"featured_media":5000,"comment_status":"open","ping_status":"closed","template":"","meta":{"site-sidebar-layout":"default","site-content-layout":"default","ast-site-content-layout":"default","site-content-style":"default","site-sidebar-style":"default","ast-global-header-display":"","ast-banner-title-visibility":"","ast-main-header-display":"","ast-hfb-above-header-display":"","ast-hfb-below-header-display":"","ast-hfb-mobile-header-display":"","site-post-title":"","ast-breadcrumbs-content":"","ast-featured-img":"","footer-sml-layout":"","ast-disable-related-posts":"","theme-transparent-header-meta":"default","adv-header-id-meta":"","stick-header-meta":"default","header-above-stick-meta":"","header-main-stick-meta":"","header-below-stick-meta":"","astra-migrate-meta-layouts":"set","ast-page-background-enabled":"default","ast-page-background-meta":{"desktop":{"background-color":"","background-image":"","background-repeat":"repeat","background-position":"center center","background-size":"auto","background-attachment":"scroll","background-type":"","background-media":"","overlay-type":"","overlay-color":"","overlay-opacity":"","overlay-gradient":""},"tablet":{"background-color":"","background-image":"","background-repeat":"repeat","background-position":"center center","background-size":"auto","background-attachment":"scroll","background-type":"","background-media":"","overlay-type":"","overlay-color":"","overlay-opacity":"","overlay-gradient":""},"mobile":{"background-color":"","background-image":"","background-repeat":"repeat","background-position":"center center","background-size":"auto","background-attachment":"scroll","background-type":"","background-media":"","overlay-type":"","overlay-color":"","overlay-opacity":"","overlay-gradient":""}},"ast-content-background-meta":{"desktop":{"background-color":"var(--ast-global-color-5)","background-image":"","background-repeat":"repeat","background-position":"center center","background-size":"auto","background-attachment":"scroll","background-type":"","background-media":"","overlay-type":"","overlay-color":"","overlay-opacity":"","overlay-gradient":""},"tablet":{"background-color":"var(--ast-global-color-5)","background-image":"","background-repeat":"repeat","background-position":"center center","background-size":"auto","background-attachment":"scroll","background-type":"","background-media":"","overlay-type":"","overlay-color":"","overlay-opacity":"","overlay-gradient":""},"mobile":{"background-color":"var(--ast-global-color-5)","background-image":"","background-repeat":"repeat","background-position":"center center","background-size":"auto","background-attachment":"scroll","background-type":"","background-media":"","overlay-type":"","overlay-color":"","overlay-opacity":"","overlay-gradient":""}}},"product_brand":[],"product_cat":[76,90,93,95,92],"product_tag":[153,198,149,141,214,154],"class_list":{"0":"post-4978","1":"product","2":"type-product","3":"status-publish","4":"has-post-thumbnail","6":"product_cat-new-arrivels","7":"product_cat-wholesale-waist-trainer","8":"product_cat-wholesale-plus-size-waist-trainer","9":"product_cat-waist-cincher","10":"product_cat-wholesale-waist-girdle","11":"product_tag-boned","12":"product_tag-hourglass","13":"product_tag-long-torso","14":"product_tag-plus-size","15":"product_tag-waist-trainer","16":"product_tag-with-hooks","17":"pa_color-beige","18":"pa_color-black","19":"pa_size-l","20":"pa_size-m","21":"pa_size-s","22":"pa_size-xl","23":"pa_size-xs","24":"pa_size-xxl","25":"pa_size-xxs","26":"pa_size-xxxl","27":"desktop-align-center","28":"tablet-align-left","29":"mobile-align-left","30":"ast-product-gallery-layout-horizontal-slider","31":"ast-product-single-variable","32":"ast-product-tabs-layout-horizontal","33":"ast-qv-on-image","35":"first","36":"instock","37":"shipping-taxable","38":"purchasable","39":"product-type-variable"},"tiered_pricing_type":"fixed","tiered_pricing_fixed_rules":{"2":13.89,"50":12.99,"100":10.79},"tiered_pricing_product_settings":{"layout":"default","base_unit_name":{"singular":null,"plural":null},"default_variation":{}},"tiered_pricing_minimum_quantity":null,"tiered_pricing_roles_data":[],"tiered_pricing_percentage_rules":[],"_links":{"self":[{"href":"https:\/\/yume-silm.com\/es\/wp-json\/wp\/v2\/product\/4978","targetHints":{"allow":["GET"]}}],"collection":[{"href":"https:\/\/yume-silm.com\/es\/wp-json\/wp\/v2\/product"}],"about":[{"href":"https:\/\/yume-silm.com\/es\/wp-json\/wp\/v2\/types\/product"}],"replies":[{"embeddable":true,"href":"https:\/\/yume-silm.com\/es\/wp-json\/wp\/v2\/comments?post=4978"}],"wp:featuredmedia":[{"embeddable":true,"href":"https:\/\/yume-silm.com\/es\/wp-json\/wp\/v2\/media\/5000"}],"wp:attachment":[{"href":"https:\/\/yume-silm.com\/es\/wp-json\/wp\/v2\/media?parent=4978"}],"wp:term":[{"taxonomy":"product_brand","embeddable":true,"href":"https:\/\/yume-silm.com\/es\/wp-json\/wp\/v2\/product_brand?post=4978"},{"taxonomy":"product_cat","embeddable":true,"href":"https:\/\/yume-silm.com\/es\/wp-json\/wp\/v2\/product_cat?post=4978"},{"taxonomy":"product_tag","embeddable":true,"href":"https:\/\/yume-silm.com\/es\/wp-json\/wp\/v2\/product_tag?post=4978"}],"curies":[{"name":"wp","href":"https:\/\/api.w.org\/{rel}","templated":true}]}}