{"id":5004,"date":"2023-07-31T09:17:36","date_gmt":"2023-07-31T09:17:36","guid":{"rendered":"https:\/\/yume-silm.com\/?post_type=product&#038;p=5004"},"modified":"2024-05-11T05:47:27","modified_gmt":"2024-05-11T05:47:27","slug":"faja-protectora-deportiva-de-alta-elasticidad","status":"publish","type":"product","link":"https:\/\/yume-silm.com\/es\/producto-2\/faja-protectora-deportiva-de-alta-elasticidad\/","title":{"rendered":"Cintur\u00f3n De Sudor Del Abrigo Del Recortador De La Cintura al por mayor"},"content":{"rendered":"<h5>Caracteristicas de dise\u00f1o<\/h5>\n<ul>\n<li><strong>FORMA ABDOMINAL Y SOPORTE DE ESPALDA:<\/strong> El cintur\u00f3n reductor de cintura, con 5 huesos adjuntos, garantiza soporte y protecci\u00f3n para la zona lumbar durante el ejercicio, mejorando la forma de su abdomen. Tambi\u00e9n ayuda a corregir la postura y aliviar las molestias del dolor de espalda.<\/li>\n<li><strong>PROMUEVE LA P\u00c9RDIDA DE PESO Y LA RECUPERACI\u00d3N POSTPRODUCCI\u00d3N:<\/strong> Siga usando esta banda para el sudor para bajar de peso todos los d\u00edas para correr, hacer ejercicio, hacer yoga y otros ejercicios para acelerar la promoci\u00f3n de la quema de grasa abdominal. El cintur\u00f3n reductor de cintura tiene una funci\u00f3n antideslizante, puede estar seguro de que no se deslizar\u00e1 f\u00e1cilmente durante el ejercicio. La envoltura abdominal con banda tambi\u00e9n ayuda a las mujeres a restaurar la forma de su cuerpo que se ha deformado debido al parto, reafirmando la piel y controlando el abdomen para un contorno ideal. Por supuesto, puedes usarlo en cualquier ocasi\u00f3n, incluido el trabajo, el d\u00eda a d\u00eda, el ejercicio, el fitness o el yoga.<\/li>\n<li><strong>EXCELENTE CALIDAD Y AJUSTE C\u00d3MODO:<\/strong> El recortador de cintura para sauna adelgazante est\u00e1 hecho de material de neopreno de alta calidad, c\u00f3modo y el\u00e1stico, tambi\u00e9n aumentar\u00e1 el sudor y perder\u00e1 peso m\u00e1s r\u00e1pido. Faja deportiva con cintur\u00f3n de malla peque\u00f1a distribuida uniformemente para garantizar la transpirabilidad. Puede aumentar la respiraci\u00f3n de la piel abdominal cuando sudas profusamente.<\/li>\n<li><strong>EJERCICIO FELIZ Y MAYOR CONFIANZA:<\/strong> El uso de esta recortadora de cintura para sauna adelgazante le permite hacer muchos ejercicios con alegr\u00eda y satisface una amplia gama de opciones para los entusiastas del deporte. Incluyendo levantamiento de pesas, ciclismo, carrera, yoga y otros deportes. Puedes aprovechar el uso de nuestro cintur\u00f3n de sudor envolvente para hacer todo tipo de ejercicios y dar forma a tu curva de reloj de arena lo antes posible. Encuentra tu propia belleza.<\/li>\n<\/ul>\n<h6><em>Recortador de cintura para mujeres y hombres para perder peso y apoyar la espalda<\/em><\/h6>\n<ul>\n<li>Nuestros cinturones de sudor envolventes para cintura combinan comodidad, protecci\u00f3n y funcionalidad. Este producto es imprescindible para los mayoristas que buscan ofrecer soluciones de equipos deportivos de calidad. Ingrese al mundo de la venta al por mayor con este producto excepcional. \u00a1Ordenar ahora!<\/li>\n<\/ul>","protected":false},"excerpt":{"rendered":"<p>Mejora tu colecci\u00f3n de equipo deportivo con nuestro cintur\u00f3n envolvente para el sudor. Dise\u00f1ado con siete soportes de acero y tejido transpirable, este cintur\u00f3n garantiza un rendimiento, comodidad y protecci\u00f3n \u00f3ptimos durante actividades f\u00edsicas intensas.<\/p>","protected":false},"featured_media":5036,"comment_status":"open","ping_status":"closed","template":"","meta":{"site-sidebar-layout":"default","site-content-layout":"default","ast-site-content-layout":"default","site-content-style":"default","site-sidebar-style":"default","ast-global-header-display":"","ast-banner-title-visibility":"","ast-main-header-display":"","ast-hfb-above-header-display":"","ast-hfb-below-header-display":"","ast-hfb-mobile-header-display":"","site-post-title":"","ast-breadcrumbs-content":"","ast-featured-img":"","footer-sml-layout":"","ast-disable-related-posts":"","theme-transparent-header-meta":"default","adv-header-id-meta":"","stick-header-meta":"default","header-above-stick-meta":"","header-main-stick-meta":"","header-below-stick-meta":"","astra-migrate-meta-layouts":"set","ast-page-background-enabled":"default","ast-page-background-meta":{"desktop":{"background-color":"","background-image":"","background-repeat":"repeat","background-position":"center center","background-size":"auto","background-attachment":"scroll","background-type":"","background-media":"","overlay-type":"","overlay-color":"","overlay-opacity":"","overlay-gradient":""},"tablet":{"background-color":"","background-image":"","background-repeat":"repeat","background-position":"center center","background-size":"auto","background-attachment":"scroll","background-type":"","background-media":"","overlay-type":"","overlay-color":"","overlay-opacity":"","overlay-gradient":""},"mobile":{"background-color":"","background-image":"","background-repeat":"repeat","background-position":"center center","background-size":"auto","background-attachment":"scroll","background-type":"","background-media":"","overlay-type":"","overlay-color":"","overlay-opacity":"","overlay-gradient":""}},"ast-content-background-meta":{"desktop":{"background-color":"var(--ast-global-color-5)","background-image":"","background-repeat":"repeat","background-position":"center center","background-size":"auto","background-attachment":"scroll","background-type":"","background-media":"","overlay-type":"","overlay-color":"","overlay-opacity":"","overlay-gradient":""},"tablet":{"background-color":"var(--ast-global-color-5)","background-image":"","background-repeat":"repeat","background-position":"center center","background-size":"auto","background-attachment":"scroll","background-type":"","background-media":"","overlay-type":"","overlay-color":"","overlay-opacity":"","overlay-gradient":""},"mobile":{"background-color":"var(--ast-global-color-5)","background-image":"","background-repeat":"repeat","background-position":"center center","background-size":"auto","background-attachment":"scroll","background-type":"","background-media":"","overlay-type":"","overlay-color":"","overlay-opacity":"","overlay-gradient":""}}},"product_brand":[],"product_cat":[65,76,90,96,92],"product_tag":[424,415,140,214,191],"class_list":{"0":"post-5004","1":"product","2":"type-product","3":"status-publish","4":"has-post-thumbnail","6":"product_cat-best-sellers","7":"product_cat-new-arrivels","8":"product_cat-wholesale-waist-trainer","9":"product_cat-sweat-waist-trainer","10":"product_cat-wholesale-waist-girdle","11":"product_tag-customizable-logos","12":"product_tag-lose-weight","13":"product_tag-strapless","14":"product_tag-waist-trainer","15":"product_tag-waist-trainer-with-straps","16":"pa_color-black","17":"pa_color-blue","18":"pa_color-pink","19":"pa_color-yellow","20":"pa_size-l","21":"pa_size-m","22":"pa_size-s","23":"pa_size-xl","24":"pa_size-xxl","25":"desktop-align-center","26":"tablet-align-left","27":"mobile-align-left","28":"ast-product-gallery-layout-horizontal-slider","29":"ast-product-single-variable","30":"ast-product-tabs-layout-horizontal","31":"ast-qv-on-image","33":"first","34":"instock","35":"shipping-taxable","36":"purchasable","37":"product-type-variable"},"tiered_pricing_type":"fixed","tiered_pricing_fixed_rules":{"2":6.19,"30":5.79,"100":4.79},"tiered_pricing_product_settings":{"layout":"default","base_unit_name":{"singular":null,"plural":null},"default_variation":{}},"tiered_pricing_minimum_quantity":null,"tiered_pricing_roles_data":[],"tiered_pricing_percentage_rules":[],"_links":{"self":[{"href":"https:\/\/yume-silm.com\/es\/wp-json\/wp\/v2\/product\/5004","targetHints":{"allow":["GET"]}}],"collection":[{"href":"https:\/\/yume-silm.com\/es\/wp-json\/wp\/v2\/product"}],"about":[{"href":"https:\/\/yume-silm.com\/es\/wp-json\/wp\/v2\/types\/product"}],"replies":[{"embeddable":true,"href":"https:\/\/yume-silm.com\/es\/wp-json\/wp\/v2\/comments?post=5004"}],"wp:featuredmedia":[{"embeddable":true,"href":"https:\/\/yume-silm.com\/es\/wp-json\/wp\/v2\/media\/5036"}],"wp:attachment":[{"href":"https:\/\/yume-silm.com\/es\/wp-json\/wp\/v2\/media?parent=5004"}],"wp:term":[{"taxonomy":"product_brand","embeddable":true,"href":"https:\/\/yume-silm.com\/es\/wp-json\/wp\/v2\/product_brand?post=5004"},{"taxonomy":"product_cat","embeddable":true,"href":"https:\/\/yume-silm.com\/es\/wp-json\/wp\/v2\/product_cat?post=5004"},{"taxonomy":"product_tag","embeddable":true,"href":"https:\/\/yume-silm.com\/es\/wp-json\/wp\/v2\/product_tag?post=5004"}],"curies":[{"name":"wp","href":"https:\/\/api.w.org\/{rel}","templated":true}]}}