{"id":5039,"date":"2023-08-02T01:41:52","date_gmt":"2023-08-02T01:41:52","guid":{"rendered":"https:\/\/yume-silm.com\/?post_type=product&#038;p=5039"},"modified":"2024-05-11T05:51:29","modified_gmt":"2024-05-11T05:51:29","slug":"cinturon-de-sudor-de-neopreno-ajustable-engrosado-para-control-de-la-barriga","status":"publish","type":"product","link":"https:\/\/yume-silm.com\/es\/producto-2\/cinturon-de-sudor-de-neopreno-ajustable-engrosado-para-control-de-la-barriga\/","title":{"rendered":"Venta al por mayor Cintur\u00f3n de sudor para entrenador de cintura de neopreno: soporte mejorado"},"content":{"rendered":"<h5>Caracteristicas de dise\u00f1o<\/h5>\n<ul>\n<li><strong>AJUSTE AJUSTABLE:<\/strong> El recortador de cintura sudorosa ofrece una experiencia de comodidad personalizada, dise\u00f1ada para garantizar un soporte \u00f3ptimo durante entrenamientos intensos o actividades diarias.<\/li>\n<li><strong>ESPESADO PARA EL CONTROL DE LA BARRIGA:<\/strong> El dise\u00f1o de compresi\u00f3n suave contornea la cintura, y nuestro cintur\u00f3n para mejorar el sudor te har\u00e1 lucir m\u00e1s delgada y tonificada cuando lo uses.<\/li>\n<li><strong>MATERIAL DE NEOPRENO QUE ABSORBE EL SUDOR:<\/strong> Nuestro cintur\u00f3n de sudoraci\u00f3n para mujer promueve la transpiraci\u00f3n en \u00e1reas espec\u00edficas para ayudar con la p\u00e9rdida de peso y la desintoxicaci\u00f3n.<\/li>\n<li><strong>DISE\u00d1O UNIFORME VERS\u00c1TIL:<\/strong> Nuestro cintur\u00f3n de neopreno para entrenamiento de cintura para hombres y mujeres es adecuado para todo tipo de cuerpo y necesidades f\u00edsicas.<\/li>\n<li><strong>SOPORTE MEJORADO PARA UNA VARIEDAD DE ACTIVIDADES:<\/strong> El cintur\u00f3n adelgazante entrenador de cintura proporciona estabilidad al \u00e1rea central, asegurando una postura y alineaci\u00f3n adecuadas durante los entrenamientos o las rutinas diarias.<\/li>\n<\/ul>\n<h6><em>Control de barriga de la correa del sudor del neopreno del condensador de ajuste de la cintura de la p\u00e9rdida de peso<\/em><\/h6>\n<ul>\n<li>En resumen, nuestro cintur\u00f3n de neopreno para entrenamiento de cintura es m\u00e1s que un simple controlador de barriga; Es un accesorio funcional y elegante que ofrece comodidad y apoyo personalizados. Para los mayoristas que buscan ofrecer equipos de fitness de primera calidad, este producto es imprescindible. Sum\u00e9rgete en el mundo del comercio mayorista con esta pieza excepcional. \u00a1Ordenar hoy!<\/li>\n<\/ul>","protected":false},"excerpt":{"rendered":"<p>Mejore su equipo de fitness con nuestro cintur\u00f3n de neopreno para entrenamiento de cintura, ajustable y engrosado para un control superior del abdomen. Dise\u00f1ado para realzar la cintura y al mismo tiempo favorecer la sudoraci\u00f3n, es perfecto para hacer ejercicio o para el uso diario, asegurando una apariencia m\u00e1s estilizada.<\/p>","protected":false},"featured_media":5052,"comment_status":"open","ping_status":"closed","template":"","meta":{"site-sidebar-layout":"default","site-content-layout":"default","ast-site-content-layout":"default","site-content-style":"default","site-sidebar-style":"default","ast-global-header-display":"","ast-banner-title-visibility":"","ast-main-header-display":"","ast-hfb-above-header-display":"","ast-hfb-below-header-display":"","ast-hfb-mobile-header-display":"","site-post-title":"","ast-breadcrumbs-content":"","ast-featured-img":"","footer-sml-layout":"","ast-disable-related-posts":"","theme-transparent-header-meta":"default","adv-header-id-meta":"","stick-header-meta":"default","header-above-stick-meta":"","header-main-stick-meta":"","header-below-stick-meta":"","astra-migrate-meta-layouts":"set","ast-page-background-enabled":"default","ast-page-background-meta":{"desktop":{"background-color":"","background-image":"","background-repeat":"repeat","background-position":"center center","background-size":"auto","background-attachment":"scroll","background-type":"","background-media":"","overlay-type":"","overlay-color":"","overlay-opacity":"","overlay-gradient":""},"tablet":{"background-color":"","background-image":"","background-repeat":"repeat","background-position":"center center","background-size":"auto","background-attachment":"scroll","background-type":"","background-media":"","overlay-type":"","overlay-color":"","overlay-opacity":"","overlay-gradient":""},"mobile":{"background-color":"","background-image":"","background-repeat":"repeat","background-position":"center center","background-size":"auto","background-attachment":"scroll","background-type":"","background-media":"","overlay-type":"","overlay-color":"","overlay-opacity":"","overlay-gradient":""}},"ast-content-background-meta":{"desktop":{"background-color":"var(--ast-global-color-5)","background-image":"","background-repeat":"repeat","background-position":"center center","background-size":"auto","background-attachment":"scroll","background-type":"","background-media":"","overlay-type":"","overlay-color":"","overlay-opacity":"","overlay-gradient":""},"tablet":{"background-color":"var(--ast-global-color-5)","background-image":"","background-repeat":"repeat","background-position":"center center","background-size":"auto","background-attachment":"scroll","background-type":"","background-media":"","overlay-type":"","overlay-color":"","overlay-opacity":"","overlay-gradient":""},"mobile":{"background-color":"var(--ast-global-color-5)","background-image":"","background-repeat":"repeat","background-position":"center center","background-size":"auto","background-attachment":"scroll","background-type":"","background-media":"","overlay-type":"","overlay-color":"","overlay-opacity":"","overlay-gradient":""}}},"product_brand":[],"product_cat":[76,90,92],"product_tag":[136,198,148,191],"class_list":{"0":"post-5039","1":"product","2":"type-product","3":"status-publish","4":"has-post-thumbnail","6":"product_cat-new-arrivels","7":"product_cat-wholesale-waist-trainer","8":"product_cat-wholesale-waist-girdle","9":"product_tag-bridal","10":"product_tag-hourglass","11":"product_tag-one-piece","12":"product_tag-waist-trainer-with-straps","13":"pa_color-black","14":"pa_color-orange","15":"pa_color-pink","16":"pa_size-free","17":"desktop-align-center","18":"tablet-align-left","19":"mobile-align-left","20":"ast-product-gallery-layout-horizontal-slider","21":"ast-product-single-variable","22":"ast-product-tabs-layout-horizontal","23":"ast-qv-on-image","25":"first","26":"instock","27":"shipping-taxable","28":"purchasable","29":"product-type-variable"},"tiered_pricing_type":"fixed","tiered_pricing_fixed_rules":{"2":5.29,"30":4.99,"100":4.09},"tiered_pricing_product_settings":{"layout":"default","base_unit_name":{"singular":null,"plural":null},"default_variation":{}},"tiered_pricing_minimum_quantity":null,"tiered_pricing_roles_data":[],"tiered_pricing_percentage_rules":[],"_links":{"self":[{"href":"https:\/\/yume-silm.com\/es\/wp-json\/wp\/v2\/product\/5039","targetHints":{"allow":["GET"]}}],"collection":[{"href":"https:\/\/yume-silm.com\/es\/wp-json\/wp\/v2\/product"}],"about":[{"href":"https:\/\/yume-silm.com\/es\/wp-json\/wp\/v2\/types\/product"}],"replies":[{"embeddable":true,"href":"https:\/\/yume-silm.com\/es\/wp-json\/wp\/v2\/comments?post=5039"}],"wp:featuredmedia":[{"embeddable":true,"href":"https:\/\/yume-silm.com\/es\/wp-json\/wp\/v2\/media\/5052"}],"wp:attachment":[{"href":"https:\/\/yume-silm.com\/es\/wp-json\/wp\/v2\/media?parent=5039"}],"wp:term":[{"taxonomy":"product_brand","embeddable":true,"href":"https:\/\/yume-silm.com\/es\/wp-json\/wp\/v2\/product_brand?post=5039"},{"taxonomy":"product_cat","embeddable":true,"href":"https:\/\/yume-silm.com\/es\/wp-json\/wp\/v2\/product_cat?post=5039"},{"taxonomy":"product_tag","embeddable":true,"href":"https:\/\/yume-silm.com\/es\/wp-json\/wp\/v2\/product_tag?post=5039"}],"curies":[{"name":"wp","href":"https:\/\/api.w.org\/{rel}","templated":true}]}}